{"id":13679,"date":"2019-03-26T11:27:02","date_gmt":"2019-03-26T11:27:02","guid":{"rendered":"http:\/\/192.168.0.42\/?page_id=13679"},"modified":"2024-04-08T12:35:44","modified_gmt":"2024-04-08T11:35:44","slug":"biblioteca-publica-municipal-de-mijas-pueblo","status":"publish","type":"page","link":"https:\/\/www.mijas.es\/portal\/cultura\/biblioteca-publica-municipal-de-mijas-pueblo\/","title":{"rendered":"Biblioteca P\u00fablica Municipal de Mijas Pueblo"},"content":{"rendered":"<div class=\"wp-block-image\">\n<figure class=\"alignright\"><img decoding=\"async\" width=\"220\" height=\"147\" src=\"https:\/\/www.mijas.es\/wp-content\/uploads\/2019\/05\/a4_5_3_a-1.jpg\" alt=\"\" class=\"wp-image-22209\"\/><\/figure><\/div>\n\n\n<p> Est\u00e1 situada al NE del casco urbano, concretamente entre la Avda. de  M\u00e9xico y la Avda. Virgen de la Pe\u00f1a. Tiene una superficie \u00fatil destinada  a actividades propias de la biblioteca de 233,63 metros cuadrados, y <strong><strong>17.244 vol\u00famenes a 30 de junio de 2023<\/strong>.<\/strong> Fue inaugurada oficialmente en 1961.<\/p>\n\n\n\n<p> <strong>Cuenta con tres salas:<\/strong><\/p>\n\n\n\n<ul>\n<li> Una sala de consulta, juvenil- adultos con 21 puestos de lectura y 3 puestos para internet fijos<\/li>\n\n\n\n<li>Una infantil con 12 puestos.<\/li>\n\n\n\n<li> Una sala de estudio anexa a la biblioteca con 10 puestos.<\/li>\n<\/ul>\n\n\n\n<p> <strong>Servicios espec\u00edficos de la biblioteca:<\/strong><\/p>\n\n\n\n<ul>\n<li> Secci\u00f3n de idiomas adultos (ingl\u00e9s, holand\u00e9s, franc\u00e9s y alem\u00e1n).<\/li>\n\n\n\n<li> \u00c1rea Wifi.<\/li>\n\n\n\n<li> Secci\u00f3n de libros sobre El Quijote.<\/li>\n\n\n\n<li> Secci\u00f3n libros que componen la gu\u00eda de lectura: \u00abLeo, luego existo: Libros que hacen lectores\u00bb.<\/li>\n\n\n\n<li> Secci\u00f3n de libros de inform\u00e1tica.<\/li>\n\n\n\n<li> Secci\u00f3n Andalus\u00ed.<\/li>\n\n\n\n<li> Secci\u00f3n \u00abespacio violeta\u00bb.<\/li>\n\n\n\n<li> Secci\u00f3n de libros sobre malague\u00f1os universales.<\/li>\n\n\n\n<li> Servicio multimedia.<\/li>\n\n\n\n<li> Secci\u00f3n de fondo local.<\/li>\n\n\n\n<li> Secci\u00f3n infantil&nbsp; y juvenil de idiomas (ingl\u00e9s).<\/li>\n\n\n\n<li> Secci\u00f3n de trabajos manuales.<\/li>\n\n\n\n<li> Secci\u00f3n de libros letra XL.<\/li>\n\n\n\n<li>Servicio de Internet.<\/li>\n\n\n\n<li>Sala de estudio.<\/li>\n\n\n\n<li>Ebiblio Andaluc\u00eda.<\/li>\n<\/ul>\n\n\n\n<p><strong>Donde estamos:<\/strong><\/p>\n\n\n\n<ul>\n<li> <strong>Direcci\u00f3n:&nbsp;<\/strong>Avda. Virgen de la Pe\u00f1a, Edificio Mijas Paraiso s\/n, 29650, Mijas, M\u00e1laga<\/li>\n\n\n\n<li> <strong>Tel\u00e9fono:<\/strong>&nbsp;952 48 55 44<\/li>\n\n\n\n<li> <strong>Correo electr\u00f3nico:<\/strong>&nbsp;<a href=\"mailto:biblioteca.mijas@mijas.es\">biblioteca.mijas@mijas.es<\/a><\/li>\n\n\n\n<li> <strong><a rel=\"noreferrer noopener\" href=\"https:\/\/www.juntadeandalucia.es\/cultura\/rbpa\/abnetcl.cgi?.&amp;SUBC=MA\/MA17\/740\" data-type=\"URL\" data-id=\"https:\/\/www.juntadeandalucia.es\/cultura\/rbpa\/abnetcl.cgi?.&amp;SUBC=MA\/MA17\/740\" target=\"_blank\">Cat\u00e1logo de la Biblioteca P\u00fablica Municipal de Mijas-Pueblo<\/a><\/strong><\/li>\n<\/ul>\n","protected":false},"excerpt":{"rendered":"<p>Est\u00e1 situada al NE del casco urbano, concretamente entre la Avda. de M\u00e9xico y la Avda. Virgen de la Pe\u00f1a. Tiene una superficie \u00fatil destinada a actividades propias de la biblioteca de 233,63 metros cuadrados, y 17.244 vol\u00famenes a 30 de junio de 2023. Fue inaugurada oficialmente en 1961. Cuenta con tres salas: Servicios espec\u00edficos [&hellip;]<\/p>\n","protected":false},"author":4,"featured_media":13353,"parent":13352,"menu_order":0,"comment_status":"closed","ping_status":"closed","template":"page-departamental.php","meta":[],"_links":{"self":[{"href":"https:\/\/www.mijas.es\/portal\/wp-json\/wp\/v2\/pages\/13679"}],"collection":[{"href":"https:\/\/www.mijas.es\/portal\/wp-json\/wp\/v2\/pages"}],"about":[{"href":"https:\/\/www.mijas.es\/portal\/wp-json\/wp\/v2\/types\/page"}],"author":[{"embeddable":true,"href":"https:\/\/www.mijas.es\/portal\/wp-json\/wp\/v2\/users\/4"}],"replies":[{"embeddable":true,"href":"https:\/\/www.mijas.es\/portal\/wp-json\/wp\/v2\/comments?post=13679"}],"version-history":[{"count":21,"href":"https:\/\/www.mijas.es\/portal\/wp-json\/wp\/v2\/pages\/13679\/revisions"}],"predecessor-version":[{"id":55620,"href":"https:\/\/www.mijas.es\/portal\/wp-json\/wp\/v2\/pages\/13679\/revisions\/55620"}],"up":[{"embeddable":true,"href":"https:\/\/www.mijas.es\/portal\/wp-json\/wp\/v2\/pages\/13352"}],"wp:featuredmedia":[{"embeddable":true,"href":"https:\/\/www.mijas.es\/portal\/wp-json\/wp\/v2\/media\/13353"}],"wp:attachment":[{"href":"https:\/\/www.mijas.es\/portal\/wp-json\/wp\/v2\/media?parent=13679"}],"curies":[{"name":"wp","href":"https:\/\/api.w.org\/{rel}","templated":true}]}}