{"id":13670,"date":"2019-03-26T11:11:06","date_gmt":"2019-03-26T11:11:06","guid":{"rendered":"http:\/\/192.168.0.42\/?page_id=13670"},"modified":"2019-03-26T11:14:04","modified_gmt":"2019-03-26T11:14:04","slug":"bibliotecas","status":"publish","type":"page","link":"https:\/\/www.mijas.es\/portal\/cultura\/bibliotecas\/","title":{"rendered":"Bibliotecas"},"content":{"rendered":"\n<p>\n\tUna Instituci\u00f3n Cultural al servicio de nuestros ciudadanos.<\/p>\n\n\n\n<p>\n\tLas Bibliotecas P\u00fablicas Municipales de Mijas, forman parte de la Red de Bibliotecas P\u00fablicas de Andaluc\u00eda.<br>\n\t<br>\n\tLa misi\u00f3n de las bibliotecas mije\u00f1as es:<\/p>\n\n\n\n<ul><li>\n\t\tAsegurar el acceso a la informaci\u00f3n y la formaci\u00f3n.<\/li><li>\n\t\tFomentar la lectura.<\/li><li>\n\t\tPromover un ocio cultural alternativo a todos nuestros ciudadanos.<\/li><\/ul>\n\n\n\n<p>\n\tDesde los primeros d\u00edas, la Biblioteca se ha esforzado por desarrollar \nsus servicios de manera que pudiera contribuir a mejorar la calidad de \nvida de los vecinos del t\u00e9rmino de Mijas.<\/p>\n\n\n\n<p>\n\tPara ello, ha tomado como base el Manifiesto de la UNESCO sobre la \nbiblioteca p\u00fablica, seg\u00fan el cual, sus servicios deben configurarse en \nfunci\u00f3n de un conjunto de misiones clave, referentes a la informaci\u00f3n, \nla alfabetizaci\u00f3n, la educaci\u00f3n y la cultura. Estas son las siguientes:<\/p>\n\n\n\n<ul><li> Crear y consolidar el h\u00e1bito de la lectura en los ni\u00f1os desde los primeros a\u00f1os.<\/li><li> Prestar apoyo a la autoeducaci\u00f3n y la educaci\u00f3n formal de todos los niveles.<\/li><li> Brindar posibilidades para un desarrollo personal creativo.<\/li><li> Estimular la imaginaci\u00f3n y creatividad de ni\u00f1os y j\u00f3venes.<\/li><li> Sensibilizar respecto del patrimonio cultural y el aprecio de las artes y las innovaciones y logros cient\u00edficos.<\/li><li> Facilitar el acceso a la expresi\u00f3n cultural de todas las artes del espect\u00e1culo.<\/li><li> Fomentar el di\u00e1logo intercultural y favorecer la diversidad cultural.<\/li><li> Prestar apoyo a la tradici\u00f3n oral.<\/li><li> Garantizar a todos los ciudadanos el acceso a la informaci\u00f3n comunitaria.<\/li><li> Prestar servicios adecuados de informaci\u00f3n a empresas, asociaciones y agrupaciones.<\/li><\/ul>\n","protected":false},"excerpt":{"rendered":"<p>Una Instituci\u00f3n Cultural al servicio de nuestros ciudadanos. Las Bibliotecas P\u00fablicas Municipales de Mijas, forman parte de la Red de Bibliotecas P\u00fablicas de Andaluc\u00eda. La misi\u00f3n de las bibliotecas mije\u00f1as es: Asegurar el acceso a la informaci\u00f3n y la formaci\u00f3n. Fomentar la lectura. Promover un ocio cultural alternativo a todos nuestros ciudadanos. Desde los primeros [&hellip;]<\/p>\n","protected":false},"author":4,"featured_media":13353,"parent":13352,"menu_order":0,"comment_status":"closed","ping_status":"closed","template":"page-departamental.php","meta":[],"_links":{"self":[{"href":"https:\/\/www.mijas.es\/portal\/wp-json\/wp\/v2\/pages\/13670"}],"collection":[{"href":"https:\/\/www.mijas.es\/portal\/wp-json\/wp\/v2\/pages"}],"about":[{"href":"https:\/\/www.mijas.es\/portal\/wp-json\/wp\/v2\/types\/page"}],"author":[{"embeddable":true,"href":"https:\/\/www.mijas.es\/portal\/wp-json\/wp\/v2\/users\/4"}],"replies":[{"embeddable":true,"href":"https:\/\/www.mijas.es\/portal\/wp-json\/wp\/v2\/comments?post=13670"}],"version-history":[{"count":3,"href":"https:\/\/www.mijas.es\/portal\/wp-json\/wp\/v2\/pages\/13670\/revisions"}],"predecessor-version":[{"id":13675,"href":"https:\/\/www.mijas.es\/portal\/wp-json\/wp\/v2\/pages\/13670\/revisions\/13675"}],"up":[{"embeddable":true,"href":"https:\/\/www.mijas.es\/portal\/wp-json\/wp\/v2\/pages\/13352"}],"wp:featuredmedia":[{"embeddable":true,"href":"https:\/\/www.mijas.es\/portal\/wp-json\/wp\/v2\/media\/13353"}],"wp:attachment":[{"href":"https:\/\/www.mijas.es\/portal\/wp-json\/wp\/v2\/media?parent=13670"}],"curies":[{"name":"wp","href":"https:\/\/api.w.org\/{rel}","templated":true}]}}