{"id":13645,"date":"2019-03-26T10:39:00","date_gmt":"2019-03-26T10:39:00","guid":{"rendered":"http:\/\/192.168.0.42\/?page_id=13645"},"modified":"2020-05-18T14:59:53","modified_gmt":"2020-05-18T14:59:53","slug":"museo-historico-etnologico","status":"publish","type":"page","link":"https:\/\/www.mijas.es\/portal\/cultura\/museo-historico-etnologico\/","title":{"rendered":"Museo Hist\u00f3rico &#8211; Etnol\u00f3gico"},"content":{"rendered":"\n<p>\n\nD\u00eda Internacional de los museos &#8211; <a href=\"https:\/\/www.facebook.com\/cultura.mijas\/videos\/2942269945871750\/\">Ver video<\/a><\/p>\n\n\n\n<figure class=\"wp-block-image is-resized\"><img decoding=\"async\" src=\"https:\/\/www.mijas.es\/files\/imagen\/servicios\/museo\/etnologico\/6e6b736f77dd07b0a373e582bb4b1e3c_L.jpg\" alt=\"Casa Museo\" width=\"459\" height=\"298\"\/><\/figure>\n\n\n\n<p style=\"text-align:left\"><strong>Casa Museo   <\/strong>                         <\/p>\n\n\n\n<table class=\"wp-block-table\"><tbody><tr><td>\n\t\t\t\t<strong>Direcci\u00f3n:&nbsp;<\/strong><\/td><td>\n\t\t\t\tPlaza de la Libertad, Mijas<\/td><\/tr><tr><td>\n\t\t\t\t<strong>Horario:&nbsp;<\/strong><\/td><td>\n\t\t\t\tTodos los d\u00edas de 10:00 a 19:00 h<\/td><\/tr><tr><td>\n\t\t\t\t<strong>Entrada:&nbsp;<\/strong><\/td><td>\n\t\t\t\t1 \u20ac<\/td><\/tr><tr><td>\n\t\t\t\t<strong>Contacto:&nbsp;<\/strong><\/td><td>\n\t\t\t\t952 59 03 80<\/td><\/tr><\/tbody><\/table>\n\n\n\n<p>\n\tUbicada en el antiguo Ayuntamiento e inaugurada en 1995, recrea el \nMijas de ayer. Utensilios de labranza, de pesca, molinos de aceite, una \nbodega, t\u00edpica cocina mije\u00f1a, etc. Tambi\u00e9n se exponen colecciones de \narte itinerantes y artesan\u00eda local. En este museo tambi\u00e9n encontraremos \nla replica del dormitorio donde estuvo escondido durante 30 a\u00f1os&nbsp;<strong>Manuel Cort\u00e9s Quero, El Topo de Mijas<\/strong>.<\/p>\n\n\n\n<p>\n\t<em>Entrar en la Casa Museo es dar un paseo por el pasado etnogr\u00e1fico e\n hist\u00f3rico de este pueblo, hemos pretendido que el viajero navegue por \nel campo y la sierra mije\u00f1a, que huela a romero y tomillo, que conozca \nlos secretos de la elaboraci\u00f3n de la cal que le da color y protecci\u00f3n a \nlas casas de este pueblo, que sepa las utilidades del esparto, de las \ncualidades de su miel, de la importancia de sus canteras de m\u00e1rmol desde\n \u00e9poca romana, que toque las herramientas con las que nuestros \nantepasados labraron esta tierra a fuerza de sudor y a cambio de muy \npoco, que descubra la perfecci\u00f3n de las antiguas maquinarias utilizadas \npara la elaboraci\u00f3n del vino y del aceite, en definitiva, que se sienta \nun mije\u00f1o m\u00e1s en su viaje por esta tierra, ese es nuestro deseo, quiz\u00e1s \nheredado de un pueblo que hace siglos, antes de la invenci\u00f3n del \nturismo, anduvo por estos pagos.<\/em><\/p>\n\n\n\n<p>\n\t<strong>Creaci\u00f3n del Museo<\/strong><\/p>\n\n\n\n<p>\n\tEl Ayuntamiento de Mijas, a trav\u00e9s de su Delegaci\u00f3n de Cultura, \npromovi\u00f3 durante los a\u00f1os 1994-1995 la creaci\u00f3n de un Museo de car\u00e1cter \netnogr\u00e1fico donde se recogiera el pasado hist\u00f3rico \u2013 etnogr\u00e1fico de esta\n Villa, el resultado de aquellas gestiones se culmin\u00f3 en junio de 1.995 \ncon la apertura de la&nbsp;<strong>Casa Museo de la Villa<\/strong>&nbsp;en el edificio del Antiguo Ayuntamiento, en la Plaza de la Libertad de este municipio.<br>\n\t<br>\n\tDesde entonces hasta el d\u00eda de hoy se ha seguido trabajando no s\u00f3lo en \nel mantenimiento de los fondos y las instalaciones sino tambi\u00e9n en el \nenriquecimiento de los contenidos, muestra de ello es la creaci\u00f3n en \n1997 de una nueva sala dedicada a la panader\u00eda tradicional (<strong>Horno de la Villa<\/strong>) y en 1999 la inauguraci\u00f3n de un espacio dedicado al aceite (<strong>Molinos de aceite<\/strong>) y otro a la elaboraci\u00f3n del vino (<strong>Bodega<\/strong>), tambi\u00e9n en este mismo a\u00f1o se reorganizaron los contenidos cre\u00e1ndose la&nbsp;<strong>Sala Sierra<\/strong>&nbsp;y la&nbsp;<strong>Sala Campo<\/strong>.<\/p>\n\n\n\n<p>\n\t<strong>Programa Museol\u00f3gico<\/strong><\/p>\n\n\n\n<p>\n\tEl pueblo de Mijas, eminentemente agr\u00edcola en sus or\u00edgenes, sufre un \ngran cambio en la d\u00e9cada de los a\u00f1os 60 debido al desarrollo tur\u00edstico \nque se da en la Costa del Sol, esos cambios se hacen notar en todos los \naspectos de la vida del municipio, pero es el aspecto antropol\u00f3gico \ndonde m\u00e1s mella hace, a ra\u00edz de esta fecha cambian los modos de vida y \nde producci\u00f3n de gran parte de los mije\u00f1os de entonces, las labores \nagr\u00edcolas y artesanales van perdiendo protagonismo en beneficio de otras\n actividades encaminadas a cubrir las demandas que el \u201cboom tur\u00edstico\u201d \nexige, tales como la construcci\u00f3n (alba\u00f1iler\u00eda), la jardiner\u00eda, etc.<br>\n\t<br>\n\tDesde la d\u00e9cada de los mencionados a\u00f1os 60 hasta los 90 y de manera \nprogresiva y relativamente r\u00e1pida se van perdiendo oficios artesanales y\n la estrecha vinculaci\u00f3n con la sierra y el campo como generadores de \nmedios de vida, esto unido al desconocimiento que la poblaci\u00f3n joven \ntiene sobre el pasado hist\u00f3rico-etnogr\u00e1fico de su propio pueblo origina \nen el Ayuntamiento una cierta preocupaci\u00f3n que se materializa con la \ngestaci\u00f3n de un espacio donde recoger nuestro pasado, de esta forma nace\n en junio de 1995 la Casa Museo de la Villa, museo etnogr\u00e1fico que sirva\n como testigo del pasado laboral y de la historia cotidiana de nuestros \nantepasados.<br>\n\t<br>\n\tComo se deduce de lo anterior, la Casa Museo es un museo \nhist\u00f3rico-etnogr\u00e1fico de \u00e1mbito local y los contenidos expositivos est\u00e1n\n relacionados con las labores agr\u00edcolas, artesanales y de transformaci\u00f3n\n de productos realizadas en Mijas a lo largo de su dilatada historia.<\/p>\n\n\n\n<p>\n\tLos contenidos est\u00e1n divididos en las siguientes salas:<\/p>\n\n\n\n<ul><li>\n\t\t<strong>Sala Campo<\/strong><\/li><li>\n\t\t<strong>Sala Sierra<\/strong><\/li><li>\n\t\t<strong>Molinos de Aceite<\/strong><\/li><li>\n\t\t<strong>La Bodega<\/strong><\/li><li>\n\t\t<strong>La Panader\u00eda<\/strong><\/li><li>\n\t\t<strong>La Carpinter\u00eda<\/strong><\/li><li>\n\t\t<strong>El Telar<\/strong><\/li><li>\n\t\t<strong>La Casa Tradicional de Campo<\/strong><\/li><li>\n\t\t<strong>Sala Manuel Cort\u00e9s Quero<\/strong><\/li><\/ul>\n\n\n\n<p>\n\tAdem\u00e1s de las Salas de car\u00e1cter eminentemente etnogr\u00e1ficas que se han \ncitado y cuyos contenidos expositivos son permanentes existen otras \ndependencias que se citan a continuaci\u00f3n:<\/p>\n\n\n\n<p>\n\t<strong>Sala de Proyecciones<\/strong><\/p>\n\n\n\n<p>\n\tEn ella centramos las actividades pedg\u00f3gicas, de difusi\u00f3n y otras de \ncar\u00e1cter cultural con proyecciones de v\u00eddeos etnogr\u00e1ficos de \u00e1mbito \nlocal y nacional, cursos relacionados con los contenidos del Museo, \npresentaciones de trabajos, libros, &#8230;<\/p>\n\n\n\n<p>\n\t<strong>Sala de Exposiciones<\/strong><\/p>\n\n\n\n<p>\n\tDedicada a exposiciones temporales de arte, mantenemos en ella una \nprogramaci\u00f3n estable con una media de doce exposiciones anuales.<\/p>\n\n\n\n<p>\n\t<strong>El Patio<\/strong><\/p>\n\n\n\n<div class=\"wp-block-image\"><figure class=\"aligncenter\"><img decoding=\"async\" src=\"https:\/\/www.mijas.es\/files\/imagen\/servicios\/museo\/etnologico\/aFT_Casa_Museo_a.jpg\" alt=\"Casa Museo. Museo Hist\u00f3rico-Etnol\u00f3gico de Mijas\"\/><\/figure><\/div>\n\n\n\n<div class=\"wp-block-image\"><figure class=\"aligncenter\"><img decoding=\"async\" src=\"https:\/\/www.mijas.es\/files\/imagen\/servicios\/museo\/etnologico\/afot_4_18_1_p.jpg\" alt=\"Sala Campo\"\/><\/figure><\/div>\n\n\n\n<div class=\"wp-block-image\"><figure class=\"aligncenter\"><img decoding=\"async\" src=\"https:\/\/www.mijas.es\/files\/imagen\/servicios\/museo\/etnologico\/afot_4_18_2_p.jpg\" alt=\"Sala Sierra\"\/><\/figure><\/div>\n\n\n\n<p>\n\tPatio de la casa donde organizamos en los meses de verano ciclos de conciertos flamencos bajo el nombre de&nbsp;<strong>\u00abDamos el Cante\u00bb<\/strong>&nbsp;con la participaci\u00f3n de j\u00f3venes guitarristas y cantaores as\u00ed como otras figuras ya consagradas del flamenco.<\/p>\n\n\n\n<div class=\"wp-block-image\"><figure class=\"aligncenter\"><img decoding=\"async\" src=\"https:\/\/www.mijas.es\/files\/imagen\/servicios\/museo\/etnologico\/afot_4_18_4_p.jpg\" alt=\"Empiedro del Molino de Aceite\"\/><\/figure><\/div>\n\n\n\n<div class=\"wp-block-image\"><figure class=\"aligncenter\"><img decoding=\"async\" src=\"https:\/\/www.mijas.es\/files\/imagen\/servicios\/museo\/etnologico\/afot_4_18_5_p.jpg\" alt=\"Molino de Aceite\"\/><\/figure><\/div>\n\n\n\n<div class=\"wp-block-image\"><figure class=\"aligncenter\"><img decoding=\"async\" src=\"https:\/\/www.mijas.es\/files\/imagen\/servicios\/museo\/etnologico\/afot_4_18_6_p.jpg\" alt=\"Cocina - Comedor, Casa de Campo\"\/><\/figure><\/div>\n\n\n\n<div class=\"wp-block-image\"><figure class=\"aligncenter\"><img decoding=\"async\" src=\"https:\/\/www.mijas.es\/files\/imagen\/servicios\/museo\/etnologico\/afot_4_18_7_p.jpg\" alt=\"Sala Sierra, La miel\"\/><\/figure><\/div>\n\n\n\n<div class=\"wp-block-image\"><figure class=\"aligncenter\"><img decoding=\"async\" src=\"https:\/\/www.mijas.es\/files\/imagen\/servicios\/museo\/etnologico\/afot_4_18_8_p.jpg\" alt=\"Comedor - Sala de Estar, Casa del Pueblo\"\/><\/figure><\/div>\n\n\n\n<div class=\"wp-block-image\"><figure class=\"aligncenter\"><img decoding=\"async\" src=\"https:\/\/www.mijas.es\/files\/imagen\/servicios\/museo\/etnologico\/afot_4_18_14_p.jpg\" alt=\"La Panader\u00eda\"\/><\/figure><\/div>\n","protected":false},"excerpt":{"rendered":"<p>D\u00eda Internacional de los museos &#8211; Ver video Casa Museo Direcci\u00f3n:&nbsp; Plaza de la Libertad, Mijas Horario:&nbsp; Todos los d\u00edas de 10:00 a 19:00 h Entrada:&nbsp; 1 \u20ac Contacto:&nbsp; 952 59 03 80 Ubicada en el antiguo Ayuntamiento e inaugurada en 1995, recrea el Mijas de ayer. Utensilios de labranza, de pesca, molinos de aceite, [&hellip;]<\/p>\n","protected":false},"author":4,"featured_media":13353,"parent":13352,"menu_order":0,"comment_status":"closed","ping_status":"closed","template":"page-departamental.php","meta":[],"_links":{"self":[{"href":"https:\/\/www.mijas.es\/portal\/wp-json\/wp\/v2\/pages\/13645"}],"collection":[{"href":"https:\/\/www.mijas.es\/portal\/wp-json\/wp\/v2\/pages"}],"about":[{"href":"https:\/\/www.mijas.es\/portal\/wp-json\/wp\/v2\/types\/page"}],"author":[{"embeddable":true,"href":"https:\/\/www.mijas.es\/portal\/wp-json\/wp\/v2\/users\/4"}],"replies":[{"embeddable":true,"href":"https:\/\/www.mijas.es\/portal\/wp-json\/wp\/v2\/comments?post=13645"}],"version-history":[{"count":13,"href":"https:\/\/www.mijas.es\/portal\/wp-json\/wp\/v2\/pages\/13645\/revisions"}],"predecessor-version":[{"id":31155,"href":"https:\/\/www.mijas.es\/portal\/wp-json\/wp\/v2\/pages\/13645\/revisions\/31155"}],"up":[{"embeddable":true,"href":"https:\/\/www.mijas.es\/portal\/wp-json\/wp\/v2\/pages\/13352"}],"wp:featuredmedia":[{"embeddable":true,"href":"https:\/\/www.mijas.es\/portal\/wp-json\/wp\/v2\/media\/13353"}],"wp:attachment":[{"href":"https:\/\/www.mijas.es\/portal\/wp-json\/wp\/v2\/media?parent=13645"}],"curies":[{"name":"wp","href":"https:\/\/api.w.org\/{rel}","templated":true}]}}