{"id":13633,"date":"2019-03-26T10:22:12","date_gmt":"2019-03-26T10:22:12","guid":{"rendered":"http:\/\/192.168.0.42\/?page_id=13633"},"modified":"2019-05-28T14:40:58","modified_gmt":"2019-05-28T14:40:58","slug":"centro-de-interpretacion-de-las-torres-vigia","status":"publish","type":"page","link":"https:\/\/www.mijas.es\/portal\/cultura\/centro-de-interpretacion-de-las-torres-vigia\/","title":{"rendered":"Centro de Interpretaci\u00f3n de las Torres Vig\u00eda"},"content":{"rendered":"\n<table class=\"wp-block-table\"><tbody><tr><td>\n\t\t\t\t<strong>Direcci\u00f3n:<\/strong><\/td><td>  C\/ Torre\u00f3n, s\/n. 29649 La Cala (Mijas Costa)<\/td><\/tr><tr><td>\n\t\t\t\t<strong>Tel\u00e9fono:<\/strong><\/td><td>  952 59 03 80 (Departamento de Cultura)<\/td><\/tr><tr><td>\n\t\t\t\t<strong>Horario:<\/strong><\/td><td>\n\t\t\t\tAbierto todos los d\u00edas\n\t\t\t\t\n\t\t\t\t\t\n\t\t\t\t\t\tInvierno: desde las 11 hasta las 15 horas\n\t\t\t\t\t\n\t\t\t\t\t\tVerano (Julio y Agosto):\n\t\t\t\t\t\t\n\t\t\t\t\t\t\t\n\t\t\t\t\t\t\t\tMa\u00f1anas&nbsp;desde las 11 hasta las 14 horas\n\t\t\t\t\t\t\t\n\t\t\t\t\t\t\t\tTardes&nbsp;desde las 18 hasta las 22 horas\n\t\t\t\t\t\t\n\t\t\t\t\t\n\t\t\t\t\n\t\t\t<\/td><\/tr><tr><td>\n\t\t\t\t<strong>Entrada:<\/strong><\/td><td>\n\t\t\t\t1\u20ac<\/td><\/tr><\/tbody><\/table>\n\n\n\n<div class=\"wp-block-image\"><figure class=\"alignleft is-resized\"><img decoding=\"async\" src=\"https:\/\/www.mijas.es\/wp-content\/uploads\/2019\/05\/aTorre_n_de_La_Cala.jpg\" alt=\"\" class=\"wp-image-22221\" width=\"252\" height=\"375\" srcset=\"https:\/\/www.mijas.es\/wp-content\/uploads\/2019\/05\/aTorre_n_de_La_Cala.jpg 567w, https:\/\/www.mijas.es\/wp-content\/uploads\/2019\/05\/aTorre_n_de_La_Cala-202x300.jpg 202w\" sizes=\"(max-width: 252px) 100vw, 252px\" \/><\/figure><\/div>\n\n\n\n<p>\n\tEs sede de la Oficina de Turismo de La Cala y del Centro de Interpretaci\u00f3n de las torres vig\u00edas del litoral mije\u00f1o.<\/p>\n\n\n\n<p>\n\tEl proyecto para la creaci\u00f3n de un museo de car\u00e1cter \netnogr\u00e1fico-hist\u00f3rico dedicado al mar y a las torres vig\u00edas en la costa \nde Mijas viene motivado por un inter\u00e9s cultural y tur\u00edstico de este \nAyuntamiento en una zona eminentemente tur\u00edstica, ello supone fuertes y \ngrandes dependencias sociales y econ\u00f3micas de la poblaci\u00f3n con respecto \nal sector turismo y entre otros objetivos se pretende dar utilidad a un \nedificio hist\u00f3rico y emblem\u00e1tico que actualmente est\u00e1 cerrado al \np\u00fablico. La \u00abrentabilidad social\u00bb supone logros positivos no s\u00f3lo en el \napartado cultural y tur\u00edstico sino tambi\u00e9n desde el punto de vista \neducativo, econ\u00f3mico y social de La Cala de Mijas.<\/p>\n\n\n\n<div class=\"wp-block-image\"><figure class=\"alignright\"><img decoding=\"async\" width=\"150\" height=\"200\" src=\"https:\/\/www.mijas.es\/wp-content\/uploads\/2019\/05\/amijas_servicios_91_a.jpg\" alt=\"\" class=\"wp-image-22224\"\/><\/figure><\/div>\n\n\n\n<p>\n\tCon\n la creaci\u00f3n de este Centro de Interpretaci\u00f3n en la Torre Bater\u00eda de La \nCala cumplimos dos objetivos culturales de gran importancia y \ntrascendencia en el municipio:<\/p>\n\n\n\n<p>\n\tEn primer lugar vamos a darle vida a la Torre Bater\u00eda de La Cala \nconocida popularmente como Torre\u00f3n de La Cala, tras una cuidadosa y \nrespetuosa intervenci\u00f3n en ella para adaptarla a las necesidades de un \nCentro de estas caracter\u00edsticas, va a cobrar el protagonismo que un \nedificio hist\u00f3rico merece y va a ser punto de visita de inter\u00e9s cultural\n y tur\u00edstico no s\u00f3lo de los escolares y estudiantes mije\u00f1os sino de \ntodos los sectores de la poblaci\u00f3n y de los turistas de la Costa del \nSol.<\/p>\n\n\n\n<p> En segundo lugar vamos a recuperar y difundir un patrimonio hist\u00f3rico  de nuestro pueblo, para ello, en el dise\u00f1o muse\u00edstico y expositivo de  este Centro de Interpretaci\u00f3n se han tenido en cuenta dos hechos  hist\u00f3ricos y uno etnogr\u00e1fico y conforme a estos se han dise\u00f1ado tres  espacios o salas expositivas:<\/p>\n\n\n\n<h4 class=\"wp-block-heading\"><strong> Sala de las Torres<\/strong><\/h4>\n\n\n\n<div class=\"wp-block-image\"><figure class=\"alignleft\"><img decoding=\"async\" width=\"200\" height=\"150\" src=\"https:\/\/www.mijas.es\/wp-content\/uploads\/2019\/05\/amijas_servicios_95_a.jpg\" alt=\"\" class=\"wp-image-22226\"\/><\/figure><\/div>\n\n\n\n<p style=\"text-align:left\"> En este espacio se presenta una  muestra general sobre el origen de la vigilancia del litoral y en  particular el caso de la costa mije\u00f1a, los recursos utilizados, entre  otros, son las reproducciones a escala de las 4 torres que tenemos en el  municipio, la reproducci\u00f3n de textos hist\u00f3ricos, un documental sobre  las caracter\u00edsticas de este sistema de defensa y de las torres de Mijas y  en un futuro la creaci\u00f3n de un archivo inform\u00e1tico. <\/p>\n\n\n\n<h4 class=\"wp-block-heading\"><strong> Sala Torrijos<\/strong><\/h4>\n\n\n\n<div class=\"wp-block-image\"><figure class=\"alignleft\"><img decoding=\"async\" width=\"200\" height=\"150\" src=\"https:\/\/www.mijas.es\/wp-content\/uploads\/2019\/05\/amijas_servicios_93_a.jpg\" alt=\"\" class=\"wp-image-22227\"\/><\/figure><\/div>\n\n\n\n<p>En esta sala queremos rendir un homenaje a la libertad y la defensa del  orden constitucional, el pretexto es el desembarco del General Torrijos  en la Playa del Charc\u00f3n y el personaje el propio General Torrijos.<\/p>\n\n\n\n<p> Por medio de textos y l\u00e1minas originales se narra el desembarco de  Torrijos en las playas de Mijas y el itinerario de \u00e9l y sus hombres a  trav\u00e9s del t\u00e9rmino municipal hasta llegar a la Alquer\u00eda de Alhaur\u00edn de  la Torre donde son apresado y posteriormente fusilados sin juicio previo  en la malague\u00f1a playa de San Andr\u00e9s.<\/p>\n\n\n\n<div class=\"wp-block-image\"><figure class=\"alignright\"><img decoding=\"async\" src=\"https:\/\/www.mijas.es\/files\/imagen\/servicios\/museo\/interpretacion\/amijas_servicios_94_a.jpg\" alt=\"Sala de la Pesca Tradicional\"\/><\/figure><\/div>\n\n\n\n<h4 class=\"wp-block-heading\"><strong> Sala de la pesca tradicional<\/strong><\/h4>\n\n\n\n<p>\n\n\tEl pasado pesquero de La Cala va a \nser el protagonista de este espacio, barcas de pesca como la trai\u00f1a, la \nj\u00e1bega, el sardinal y la patera junto a otros enseres tradicionales de \npesca nos sirven de recursos para explicar las formas de vida y otros \naspectos relacionados con esta actividad en La Cala.\n\t  \n\n<\/p>\n","protected":false},"excerpt":{"rendered":"<p>Direcci\u00f3n: C\/ Torre\u00f3n, s\/n. 29649 La Cala (Mijas Costa) Tel\u00e9fono: 952 59 03 80 (Departamento de Cultura) Horario: Abierto todos los d\u00edas Invierno: desde las 11 hasta las 15 horas Verano (Julio y Agosto): Ma\u00f1anas&nbsp;desde las 11 hasta las 14 horas Tardes&nbsp;desde las 18 hasta las 22 horas Entrada: 1\u20ac Es sede de la Oficina [&hellip;]<\/p>\n","protected":false},"author":4,"featured_media":13353,"parent":13352,"menu_order":0,"comment_status":"closed","ping_status":"closed","template":"page-departamental.php","meta":[],"_links":{"self":[{"href":"https:\/\/www.mijas.es\/portal\/wp-json\/wp\/v2\/pages\/13633"}],"collection":[{"href":"https:\/\/www.mijas.es\/portal\/wp-json\/wp\/v2\/pages"}],"about":[{"href":"https:\/\/www.mijas.es\/portal\/wp-json\/wp\/v2\/types\/page"}],"author":[{"embeddable":true,"href":"https:\/\/www.mijas.es\/portal\/wp-json\/wp\/v2\/users\/4"}],"replies":[{"embeddable":true,"href":"https:\/\/www.mijas.es\/portal\/wp-json\/wp\/v2\/comments?post=13633"}],"version-history":[{"count":13,"href":"https:\/\/www.mijas.es\/portal\/wp-json\/wp\/v2\/pages\/13633\/revisions"}],"predecessor-version":[{"id":24144,"href":"https:\/\/www.mijas.es\/portal\/wp-json\/wp\/v2\/pages\/13633\/revisions\/24144"}],"up":[{"embeddable":true,"href":"https:\/\/www.mijas.es\/portal\/wp-json\/wp\/v2\/pages\/13352"}],"wp:featuredmedia":[{"embeddable":true,"href":"https:\/\/www.mijas.es\/portal\/wp-json\/wp\/v2\/media\/13353"}],"wp:attachment":[{"href":"https:\/\/www.mijas.es\/portal\/wp-json\/wp\/v2\/media?parent=13633"}],"curies":[{"name":"wp","href":"https:\/\/api.w.org\/{rel}","templated":true}]}}