{"id":13586,"date":"2019-03-26T10:06:27","date_gmt":"2019-03-26T10:06:27","guid":{"rendered":"http:\/\/192.168.0.42\/?page_id=13586"},"modified":"2020-05-18T14:59:31","modified_gmt":"2020-05-18T14:59:31","slug":"museos","status":"publish","type":"page","link":"https:\/\/www.mijas.es\/portal\/cultura\/museos\/","title":{"rendered":"Museo de Miniaturas"},"content":{"rendered":"\n<div class=\"wp-block-image\"><figure class=\"aligncenter is-resized\"><img decoding=\"async\" src=\"https:\/\/www.mijas.es\/files\/imagen\/servicios\/museo\/miniatura\/museo_miniatura.jpg\" alt=\"Carromato de Mijas(Museo de Miniaturas)\" width=\"468\" height=\"306\"\/><figcaption> Carromato de Mijas(Museo de Miniaturas)      <\/figcaption><\/figure><\/div>\n\n\n\n<table class=\"wp-block-table is-style-regular\"><tbody><tr><td>\n\t\t\t\t<strong>Direcci\u00f3n:<\/strong><\/td><td>  Avda. del Comp\u00e1s, s\/n. 29650 Mijas<\/td><\/tr><tr><td>\n\t\t\t\t<strong>Tel\u00e9fono:<\/strong><\/td><td>\n\t\t\t\t952 58 90 34<\/td><\/tr><tr><td>\n\t\t\t\t<strong>Email 1:<\/strong><\/td><td> <a href=\"mailto:turismo@mijas.es\">turismo@mijas.es<\/a><\/td><\/tr><tr><td>\n\t\t\t\t<strong>Email 2:<\/strong><\/td><td> <a href=\"mailto:carromatodemijas@feafes-afesol.org\">carromatodemijas@feafes-afesol.org<\/a> &nbsp;<\/td><\/tr><tr><td>\n\t\t\t\t<strong>Horario: <\/strong><\/td><td> Abierto todos los d\u00edas Desde Noviembre hasta Semana Santa: Desde las 10 hasta las 18 horas Desde Semana Santa hasta el 30 de junio Desde las 10 hasta las 20 horas y los meses de Septiembre y Octubre: Julio y Agosto: Desde las 10 hasta las 22 horas <br><br><\/td><\/tr><tr><td>\n\t\t\t\t<strong>Entradas:<\/strong><\/td><td>\n\t\t\t\t\n\t\t\t\t\t\n\t\t\t\t\t\tAdultos: 3 \u20ac &nbsp;\n\t\t\t\t\t\n\t\t\t\t\t\tJubilados: 2 \u20ac\n\t\t\t\t\t\n\t\t\t\t\t\tNi\u00f1os de 6 a 14: 1.50 \u20ac\n\t\t\t\t\t\n\t\t\t\t\t\tGrupos: 1.50 \u20ac (consultar condiciones)\n\t\t\t\t\n\t\t\t<\/td><\/tr><\/tbody><\/table>\n\n\n\n<p>\n\tEl Carromato de Mijas, inaugurado en\n Mayo 1972, es uno de los atractivos de Mijas, lugar de visita obligada,\n no hay turista que se resista a entrar despu\u00e9s de leer los carteles que\n a la entrada del museo explican lo que se puede ver en su interior:<\/p>\n\n\n\n<ul><li>\n\t\tPulgas disecadas vestidas<\/li><li>\n\t\tUna bailarina de ballet tallada en un palillo de dientes<\/li><li>\n\t\tUna batalla naval en la cabeza de un alfiler<\/li><li>\n\t\tLa \u00faltima Cena de Leonardo da Vinci sobre un grano de arroz<\/li><li>\n\t\tEtc.<\/li><\/ul>\n\n\n\n<p>\n\t(La colecci\u00f3n del museo consta de 360 piezas en total)<br>\n\t<br>\n\tEl Carromato de Mijas es una original colecci\u00f3n de miniaturas cuya \nmayor virtud es la curiosidad que despiertan por lo ins\u00f3lito de sus \ntemas. Su origen se encuentra en la colecci\u00f3n formada en sus viajes \nprofesionales por D. Juan Elegido Mill\u00e1n, hipnotizador de profesi\u00f3n con \nel nombre art\u00edstico de Profesor Max.<br>\n\t<br>\n\tLa colecci\u00f3n se forma con vistas a la apertura de un negocio expositivo\n que se abre en 1972, con la presentaci\u00f3n de unas 360 piezas. Tras el \nfallecimiento del Profesor Max en 1975, el Carromato de Mijas pasa a sus\n herederos, quienes suscriben un convenio con el Ayuntamiento de mijas \npor el que \u00e9ste se ocupa de la gesti\u00f3n del mismo.<br>\n\t<br>\n\tEn 1992 se hace una remodelaci\u00f3n general sustituyendo el antiguo \ncarromato de c\u00f3micos de madera y chapa, que albergaba la colecci\u00f3n, por \nuna construcci\u00f3n de obra realizado a imagen del original. Con la \nrenovaci\u00f3n del continente se moderniza la instalaci\u00f3n que pierde el aire\n rom\u00e1ntico que ten\u00eda pero que gana en funcionalidad y seguridad al \nexponerse las piezas ordenadas, individualizadas, hasta donde es \nposible, y dotadas de medidas de seguridad suficientes. Sin embargo, no \nse consigue integrar unos aseos, que eviten el paseo a los bares \npr\u00f3ximos.<br>\n\t<br>\n\tLa colecci\u00f3n se presenta en una sucesi\u00f3n de esferas de metacrilato \nsobre una encimera continua en la \u00fanica sala que compone el Carromato de\n Mijas. Para facilitar la visualizaci\u00f3n, muchas piezas se acompa\u00f1an de \nlupas y sistemas \u00f3pticos de aumento, imprescindibles en muchos de los \ncasos.<br>\n\t<br>\n\tEn la elaboraci\u00f3n de las miniaturas se han utilizado materiales muy \ndiversos pero muy corrientes: tizas de escuela, jab\u00f3n, un alfiler, una \ncerilla, un palillo de dientes, migas de pan, una chincheta; materiales \ntodos muy a la mano.<br>\n\t<br>\n\tEntre las m\u00faltiples curiosidades en miniatura el visitante puede \ncontemplar las siguientes: \u00abCabeza de hombre blanco reducida por los \nj\u00edbaros\u00bb, sin lugar a dudas, la pieza con m\u00e1s predicamento entre las \nexpuestas; retrato de \u00abAbraham Lincol\u00bb realizado en pintura sobre una \ncabeza de alfiler por el pintor ecuatoriano Mu\u00f1oz Willy; \u00abPadrenuestro\u00bb \nescrito en el canto de una tarjeta de visita realizado por Andrade \nGuerra de Quito; una representaci\u00f3n de \u00abLas Siete Maravillas del Mundo\u00bb \npintadas sobre un palillo de dientes; grupo de \u00abpulgas disecadas y \nvestidas\u00bb, obra de un artesano mejicano; grupo de \u00abchinitos\u00bb realizados \nen porcelana y terracota hechos a mano; copia de \u00abLa \u00daltima Cena de \nLeonardo da Vinci\u00bb en un grano de arroz, realizada por Andrade Guerra.<br>\n\t<br>\n\t<strong>\u00bfQui\u00e9n fu\u00e9 el profesor Max?<\/strong><\/p>\n\n\n\n<div class=\"wp-block-image\"><figure class=\"alignleft is-resized\"><img decoding=\"async\" src=\"https:\/\/www.mijas.es\/files\/imagen\/servicios\/museo\/miniatura\/a4_4_2_5_a.jpg\" alt=\"Max Fumando\" width=\"151\" height=\"200\"\/><\/figure><\/div>\n\n\n\n<p>\n\tD. Juan Elegido Mill\u00e1n, m\u00e1s conocido por su sobrenombre art\u00edstico de \nProfesor Max, naci\u00f3 en Brihuega (Guadalajara) Estudi\u00f3 medicina, fue \nmaestro nacional, practicante , ingres\u00f3 en la antigua escuela de \nperiodismo de \u00abEl Debate\u00bb y tambi\u00e9n fue un hipnotizador y mago \nautodidacta muy reconocido en todo el mundo. Fue un hombre bohemio, \nviajero y aventurero y su gusto por las antig\u00fcedades le llev\u00f3 a \ncoleccionar objetos peque\u00f1os, seg\u00fan \u00e9l por no disponer ni de dinero ni \nde casa lo suficientemente grande para albergar objetos mayores.<br>\n\t<br>\n\tViaj\u00f3 por todo Europa y Africa con el espect\u00e1culo \u00abUn hombre y una maleta forman el espect\u00e1culo m\u00e1s grande del mundo\u00bb.<br>\n\t<br>\n\t<strong>Max y su Maleta<\/strong><\/p>\n\n\n\n<div class=\"wp-block-image\"><figure class=\"alignright is-resized\"><img decoding=\"async\" src=\"https:\/\/www.mijas.es\/files\/imagen\/servicios\/museo\/miniatura\/a4_4_2_4_a.jpg\" alt=\"Max y su Maleta\" width=\"166\" height=\"221\"\/><\/figure><\/div>\n\n\n\n<p>\n\tFue\n en \u00c1frica donde m\u00e1s tiempo estuvo, quiz\u00e1s, casi seguro, empujado por su\n esp\u00edritu aventurero y contaba un sin fin de an\u00e9cdotas entre las que \ndestacaba siempre las estratagemas a las que tenia que recurrir para \nconseguir miniaturas.<\/p>\n\n\n\n<p>\n\tUna vez no le fue posible el acceso a una tribu bauluba y tuvo que \nmontar una sesi\u00f3n de hipnotismo en el camino por el que tenia que pasar \nel jefe de la tribu, este que era hechicero cuando lo vio desarrollar \nsus facultades de hipnotizar y unos a la tribu, ofreci\u00e9ndole lo que \nquisiera a cambio de revelarle sus secretos. De este encuentro consegui\u00f3\n el profesor Max la cabeza del hombre blanco reducida, la pieza de m\u00e1s \nvalor del museo.<\/p>\n\n\n\n<p>\n\tEl profesor Max contaba que el cabello fue analizado por el F.B.I., que\n certific\u00f3 que efectivamente esta cabeza era de hombre blanco, al \nparecer de un misionero caucasiano que anduvo por esas tierras hacia \ncien a\u00f1os; hay autores que opinan que por tratarse de una cabeza de \nhombre blanco reducida es \u00fanica en el mundo.<\/p>\n\n\n\n<p>\n\tEn sus viajes acumul\u00f3 miniaturas de todo el mundo pensando en su vejez,\n en montar un museo que le permitiera vivir y lleg\u00f3 a tener 30.000 \nminiaturas, valorado en 600,000\u20ac.<\/p>\n","protected":false},"excerpt":{"rendered":"<p>Direcci\u00f3n: Avda. del Comp\u00e1s, s\/n. 29650 Mijas Tel\u00e9fono: 952 58 90 34 Email 1: turismo@mijas.es Email 2: carromatodemijas@feafes-afesol.org &nbsp; Horario: Abierto todos los d\u00edas Desde Noviembre hasta Semana Santa: Desde las 10 hasta las 18 horas Desde Semana Santa hasta el 30 de junio Desde las 10 hasta las 20 horas y los meses de [&hellip;]<\/p>\n","protected":false},"author":4,"featured_media":13353,"parent":13352,"menu_order":0,"comment_status":"closed","ping_status":"closed","template":"page-departamental.php","meta":[],"_links":{"self":[{"href":"https:\/\/www.mijas.es\/portal\/wp-json\/wp\/v2\/pages\/13586"}],"collection":[{"href":"https:\/\/www.mijas.es\/portal\/wp-json\/wp\/v2\/pages"}],"about":[{"href":"https:\/\/www.mijas.es\/portal\/wp-json\/wp\/v2\/types\/page"}],"author":[{"embeddable":true,"href":"https:\/\/www.mijas.es\/portal\/wp-json\/wp\/v2\/users\/4"}],"replies":[{"embeddable":true,"href":"https:\/\/www.mijas.es\/portal\/wp-json\/wp\/v2\/comments?post=13586"}],"version-history":[{"count":17,"href":"https:\/\/www.mijas.es\/portal\/wp-json\/wp\/v2\/pages\/13586\/revisions"}],"predecessor-version":[{"id":31154,"href":"https:\/\/www.mijas.es\/portal\/wp-json\/wp\/v2\/pages\/13586\/revisions\/31154"}],"up":[{"embeddable":true,"href":"https:\/\/www.mijas.es\/portal\/wp-json\/wp\/v2\/pages\/13352"}],"wp:featuredmedia":[{"embeddable":true,"href":"https:\/\/www.mijas.es\/portal\/wp-json\/wp\/v2\/media\/13353"}],"wp:attachment":[{"href":"https:\/\/www.mijas.es\/portal\/wp-json\/wp\/v2\/media?parent=13586"}],"curies":[{"name":"wp","href":"https:\/\/api.w.org\/{rel}","templated":true}]}}