{"id":13530,"date":"2019-03-26T09:32:17","date_gmt":"2019-03-26T09:32:17","guid":{"rendered":"http:\/\/192.168.0.42\/?page_id=13530"},"modified":"2025-03-28T13:01:08","modified_gmt":"2025-03-28T12:01:08","slug":"programacion","status":"publish","type":"page","link":"https:\/\/www.mijas.es\/portal\/cultura\/programacion\/","title":{"rendered":"Programaci\u00f3n"},"content":{"rendered":"\n<p> <strong>GU\u00cdA DE PROGRAMACI\u00d3N<\/strong><\/p>\n\n\n\n<p>Programaci\u00f3n Abril a Junio 2024. <a rel=\"noreferrer noopener\" href=\"https:\/\/www.mijas.es\/wp-content\/uploads\/2024\/03\/PROGRAMACIoN-TEATRO-LAS-LAGUNAS-ABR-JUN-2024-red.pdf\" data-type=\"URL\" data-id=\"https:\/\/www.mijas.es\/wp-content\/uploads\/2024\/03\/PROGRAMACIoN-TEATRO-LAS-LAGUNAS-ABR-JUN-2024-red.pdf\" target=\"_blank\">Descargar<\/a> (PDF)<\/p>\n\n\n\n<hr class=\"wp-block-separator has-css-opacity\"\/>\n\n\n\n<p> <strong>INFORMACI\u00d3N DE ESPECT\u00c1CULOS<\/strong><\/p>\n\n\n\n<p>Bienvenidos al departamento\nde cultura, desde esta pagina podr\u00e1s acceder a todos los eventos culturales que\nse celebren en nuestras instalaciones municipales.<\/p>\n\n\n\n<p><strong>PROGRAMACI\u00d3N TRIMESTRAL TEATRO LAS LAGUNAS <\/strong><\/p>\n\n\n\n<p>Pues vamos acerc\u00e1ndonos a los carnavales y os adelantamos algunos eventos que tendremos en las pr\u00f3ximas semanas.<\/p>\n\n\n\n<p>El mi\u00e9rcoles 19 de marzo, a las 20:00 h, tendremos al Ukrainian Ballet Theater con una incre\u00edble versi\u00f3n de \u00abRomeo y Julieta\u00bb. La danza y la literatura en un espect\u00e1culo fascinante. El precio, 24,90 \u20ac. Las entradas pueden adquirirse en <a rel=\"noreferrer noopener\" href=\"https:\/\/ballet.sendpulse.website\" target=\"_blank\">https:\/\/ballet.sendpulse.website<\/a>. &#8211; <a href=\"http:\/\/www.mijas.es\/wp-content\/uploads\/2025\/02\/Romeo%20Julieta%20anverso%20mar%202025.pdf\" target=\"_blank\" rel=\"noreferrer noopener\">Ver<\/a><\/p>\n\n\n\n<p>El viernes 21 de marzo, a las 21:00 h, tendremos la divertida comedia \u00abUna Hermana para Tres Hermanos\u00bb, con Virginia Mu\u00f1oz, Pablo Puyol, Noem\u00ed Ruiz y Miguel \u00c1ngel Mart\u00edn. Enredos y risas en una obra descacharrante. El precio, 18 \u20ac. Las entradas pueden adquirirse en www.lacocheraentradas.com y, desde una hora antes, en el teatro. &#8211; <a href=\"http:\/\/www.mijas.es\/wp-content\/uploads\/2025\/02\/Hermana%20Hermanos%20anverso%20mar%202025.pdf\" target=\"_blank\" rel=\"noreferrer noopener\">Ver<\/a><\/p>\n\n\n\n<p>El s\u00e1bado 22 de marzo, a las 20:00 h, es el turno para la m\u00fasica de la mano de Bern\u00e1ldez Latin Jazz Orchestra con su espect\u00e1culo \u00abUna Noche en La Habana\u00bb. Grandes canciones para no dejar los pies quietos. El precio, 15 \u20ac. Las entradas pueden adquirirse en www.lacocheraentradas.com y, desde una hora antes, en el teatro. &#8211; <a rel=\"noreferrer noopener\" href=\"http:\/\/www.mijas.es\/wp-content\/uploads\/2025\/02\/Bernaldez%20Habana%20anverso%20mar%202025.pdf\" target=\"_blank\">Ver<\/a><\/p>\n\n\n\n<p>El domingo 23 de marzo, a las 12:00 h, tendremos teatro para toda la familia de la mano de Jabet\u00edn Teatro y su divertida versi\u00f3n de \u00abEl Gato con Botas\u00bb. El precio, 10 \u20ac. Las entradas pueden adquirirse en www.lacocheraentradas.com y, desde UNA hora antes, en el teatro. &#8211; <a href=\"http:\/\/www.mijas.es\/wp-content\/uploads\/2025\/03\/Gato%20Botas%20anverso%20mar%202025.pdf\" target=\"_blank\" rel=\"noreferrer noopener\">Ver<\/a><br><br>El s\u00e1bado 29 de marzo, a las 20:00 h, tendremos a la Asociaci\u00f3n Cultural Teatro Mijas y su representaci\u00f3n de \u00abLa Libra de Carne\u00bb de Agust\u00edn Cuzanni. El precio, 10 \u20ac. Las entradas pueden adquirirse en la asociaci\u00f3n y, desde dos horas antes, en el teatro. &#8211; <a href=\"http:\/\/www.mijas.es\/wp-content\/uploads\/2025\/03\/Libra%20Carne%20anverso%20mar%202025.pdf\" target=\"_blank\" rel=\"noreferrer noopener\">Ver<\/a><br><br>El jueves 3 de abril, a las 19:00 h, tendremos un concierto ben\u00e9fico \u00abTodo por Antonio\u00bb, con la participaci\u00f3n de Khiara, Ariel de Cuba, Mario Mendes y Miguel S\u00e1ez. El precio, 10 \u20ac anticipada y 12 \u20ac el mismo d\u00eda. Las entradas pueden adquirirse en los canales que aparecen en el cartel y, desde dos horas antes, en el teatro. &#8211; <a href=\"http:\/\/www.mijas.es\/wp-content\/uploads\/2025\/03\/Sembrando%20Sonrisas%20anverso%20abr%202025.pdf\" target=\"_blank\" rel=\"noreferrer noopener\">Ver<\/a><br><br>El viernes 4 de abril, a las 20:30 h, La Alegr\u00eda Producciones nos trae \u00abQuerida Agatha Christie\u00bb de la mano de dos grandes int\u00e9rpretes, Carmen Morales y Juan Meseguer y dirigida por Juan Carlos Rubio. La entrada es libre hasta completar aforo. &#8211; <a href=\"http:\/\/www.mijas.es\/wp-content\/uploads\/2025\/03\/Agatha%20Christie%20anverso%20abr%202025.pdf\" target=\"_blank\" rel=\"noreferrer noopener\">Ver<\/a><\/p>\n\n\n\n<p>El s\u00e1bado 5 de abril, a las 20:00 h, la Asociaci\u00f3n Cultural C.R. de Marbella pondr\u00e1n en escena \u00abLa Zapatera Prodigiosa\u00bb de Federico Garc\u00eda Lorca. La recaudaci\u00f3n \u00edntegra ir\u00e1 destinada a AFESOL. El donativo es de 5 \u20ac. Las entradas pueden adquirirse dos horas antes en el teatro. &#8211; <a rel=\"noreferrer noopener\" href=\"http:\/\/www.mijas.es\/wp-content\/uploads\/2025\/03\/Zapatera%20Prodigiosa%20anverso%20abr%202025.pdf\" target=\"_blank\">Ver<\/a><\/p>\n\n\n\n<p>El domingo 6 de abril, a las 19:00 h, tendremos a la Asociaci\u00f3n Teatro Mijas representando la obra \u00ab12 sin Piedad\u00bb en una representaci\u00f3n ben\u00e9fica a favor de Cruz Roja. El donativo es de 8 \u20ac y se pueden adquirir anticipadas en la Asamblea de Cruz Roja y, desde una hora y media antes, en el teatro. &#8211; <a href=\"http:\/\/www.mijas.es\/wp-content\/uploads\/2025\/03\/Cruz%20Roja%20anverso%20abr%202025.pdf\" target=\"_blank\" rel=\"noreferrer noopener\">Ver<\/a><\/p>\n\n\n\n<p>El lunes 7 de abril, a las 17:30 h, seguimos con los eventos ben\u00e9ficos, esta vez de la mano de la Academia Dance With Freedom y su espect\u00e1culo \u00abResilencia\u00bb, a beneficio de ADIMI. El donativo es de 7 \u20ac y se pueden adquirir en la academia y, desde dos horas antes, en el teatro. &#8211; <a href=\"http:\/\/www.mijas.es\/wp-content\/uploads\/2025\/03\/Dance%20With%20Resilencia%20anverso%20abr%202025.pdf\" target=\"_blank\" rel=\"noreferrer noopener\">Ver<\/a><\/p>\n\n\n\n<p>El jueves 10 de abril, a las 20:30 h, bajo la direcci\u00f3n de la core\u00f3grafa y bailaora Lourdes Nieto, tendremos en nuestro escenario \u00abEl Sagrado Camino, la Pasi\u00f3n hecha Flamenco\u00bb. El donativo, 8 \u20ac. Las reservas pueden hacerse en el n\u00famero que aparece en el cartel y, desde dos horas antes, en el teatro. &#8211; <a href=\"http:\/\/www.mijas.es\/wp-content\/uploads\/2025\/03\/El%20Sagrado%20Camino%20anverso%20abr%202025.pdf\" target=\"_blank\" rel=\"noreferrer noopener\">Ver<\/a><\/p>\n\n\n\n<p>El viernes 11 de abril, a las 21:30 h, tenemos un cambio de planes. Debido a un accidente de tr\u00e1fico, el tributo a Mecano y La Oreja de Van Gogh no podr\u00e1 llevarse a cabo. En su lugar tendremos un Tributo a ABBA y un Tributo a los 80\u00b4s. El precio y los puntos de venta, aparecen en el cartel. &#8211; <a href=\"http:\/\/www.mijas.es\/wp-content\/uploads\/2025\/03\/ABBA%20Ocio%20anverso%20abr%202025.pdf\" target=\"_blank\" rel=\"noreferrer noopener\">Ver<\/a><\/p>\n\n\n\n<p>El s\u00e1bado 12 de abril, a las 20:00 h, tendremos el \u00faltimo espect\u00e1culo del mago y mentalista Jos\u00e9 Tejada con \u00abEntelequia\u00bb. Como siempre, nos ense\u00f1ar\u00e1 que todo est\u00e1 en tu mente. El precio, 16 \u20ac anticipada y 18 \u20ac el mismo d\u00eda. Las entradas anticipadas pueden adquirirse el Estanco Alonso y, desde dos horas antes, en el teatro. &#8211; <a href=\"http:\/\/www.mijas.es\/wp-content\/uploads\/2025\/03\/Entelequia%20Tejada%20anverso%20abr%202025.pdf\" target=\"_blank\" rel=\"noreferrer noopener\">Ver<\/a><br><\/p>\n\n\n\n<p>En adjuntos ten\u00e9is toda la informaci\u00f3n detallada. Esperamos que sea de vuestro agrado.<br><br>Un saludo. <br><\/p>\n\n\n\n<p><em>(Si desea recibir informaci\u00f3n de la programaci\u00f3n de este teatro, env\u00ede un correo electr\u00f3nico a: <strong>teatrolaslagunas@gmail.com&nbsp; <\/strong>con el siguiente texto:<strong> S\u00ed quiero.)<\/strong><\/em><\/p>\n\n\n\n<p><strong>_____________________<\/strong><\/p>\n\n\n\n<p><strong>Direcci\u00f3n: <\/strong><\/p>\n\n\n\n<p><strong>Camino del Albero 16, Mijas Costa (junto a la Ciudad Deportiva de Las Lagunas)<\/strong><\/p>\n\n\n\n<p><strong>Informaci\u00f3n:<\/strong><strong> <\/strong><strong><em>teatrolaslagunas@gmail.com<\/em><\/strong><\/p>\n\n\n\n<p><strong>Horario de taquilla: <\/strong><strong>2 horas antes el d\u00eda del espect\u00e1culo<\/strong><\/p>\n\n\n\n<p><strong>SE RUEGA PUNTUALIDAD. UNA VEZ COMENZADO EL ESPECT\u00c1CULO, NO SE PERMITIR\u00c1 LA ENTRADA AL TEATRO.<\/strong><\/p>\n","protected":false},"excerpt":{"rendered":"<p>GU\u00cdA DE PROGRAMACI\u00d3N Programaci\u00f3n Abril a Junio 2024. Descargar (PDF) INFORMACI\u00d3N DE ESPECT\u00c1CULOS Bienvenidos al departamento de cultura, desde esta pagina podr\u00e1s acceder a todos los eventos culturales que se celebren en nuestras instalaciones municipales. PROGRAMACI\u00d3N TRIMESTRAL TEATRO LAS LAGUNAS Pues vamos acerc\u00e1ndonos a los carnavales y os adelantamos algunos eventos que tendremos en las [&hellip;]<\/p>\n","protected":false},"author":4,"featured_media":13353,"parent":13352,"menu_order":0,"comment_status":"closed","ping_status":"closed","template":"page-departamental.php","meta":[],"_links":{"self":[{"href":"https:\/\/www.mijas.es\/portal\/wp-json\/wp\/v2\/pages\/13530"}],"collection":[{"href":"https:\/\/www.mijas.es\/portal\/wp-json\/wp\/v2\/pages"}],"about":[{"href":"https:\/\/www.mijas.es\/portal\/wp-json\/wp\/v2\/types\/page"}],"author":[{"embeddable":true,"href":"https:\/\/www.mijas.es\/portal\/wp-json\/wp\/v2\/users\/4"}],"replies":[{"embeddable":true,"href":"https:\/\/www.mijas.es\/portal\/wp-json\/wp\/v2\/comments?post=13530"}],"version-history":[{"count":90,"href":"https:\/\/www.mijas.es\/portal\/wp-json\/wp\/v2\/pages\/13530\/revisions"}],"predecessor-version":[{"id":60803,"href":"https:\/\/www.mijas.es\/portal\/wp-json\/wp\/v2\/pages\/13530\/revisions\/60803"}],"up":[{"embeddable":true,"href":"https:\/\/www.mijas.es\/portal\/wp-json\/wp\/v2\/pages\/13352"}],"wp:featuredmedia":[{"embeddable":true,"href":"https:\/\/www.mijas.es\/portal\/wp-json\/wp\/v2\/media\/13353"}],"wp:attachment":[{"href":"https:\/\/www.mijas.es\/portal\/wp-json\/wp\/v2\/media?parent=13530"}],"curies":[{"name":"wp","href":"https:\/\/api.w.org\/{rel}","templated":true}]}}