{"id":13446,"date":"2019-03-26T08:40:36","date_gmt":"2019-03-26T08:40:36","guid":{"rendered":"http:\/\/192.168.0.42\/?page_id=13446"},"modified":"2021-04-16T14:13:51","modified_gmt":"2021-04-16T13:13:51","slug":"certamen-de-cartas-de-amor","status":"publish","type":"page","link":"https:\/\/www.mijas.es\/portal\/cultura\/certamen-de-cartas-de-amor\/","title":{"rendered":"Certamen de Cartas de Amor"},"content":{"rendered":"\n<p> <strong>XXV CERTAMEN LITERARIO DECARTAS DE AMOR VILLA DE MIJAS<\/strong><\/p>\n\n\n\n<figure class=\"wp-block-image size-large\"><img decoding=\"async\" width=\"724\" height=\"1024\" src=\"https:\/\/www.mijas.es\/wp-content\/uploads\/2021\/04\/WEB-CARTEL-CARTAS-DE-AMOR-724x1024.jpg\" alt=\"\" class=\"wp-image-36572\" srcset=\"https:\/\/www.mijas.es\/wp-content\/uploads\/2021\/04\/WEB-CARTEL-CARTAS-DE-AMOR-724x1024.jpg 724w, https:\/\/www.mijas.es\/wp-content\/uploads\/2021\/04\/WEB-CARTEL-CARTAS-DE-AMOR-212x300.jpg 212w, https:\/\/www.mijas.es\/wp-content\/uploads\/2021\/04\/WEB-CARTEL-CARTAS-DE-AMOR-768x1086.jpg 768w, https:\/\/www.mijas.es\/wp-content\/uploads\/2021\/04\/WEB-CARTEL-CARTAS-DE-AMOR.jpg 842w\" sizes=\"(max-width: 724px) 100vw, 724px\" \/><\/figure>\n\n\n\n<p>Bases &#8211; <a rel=\"noreferrer noopener\" href=\"https:\/\/www.mijas.es\/wp-content\/uploads\/2021\/04\/BASES-DIPTICO-CARTAS-DE-AMOR-INTERNAS-scaled.jpg\" target=\"_blank\">Descargar<\/a> (PDF)<\/p>\n\n\n\n<p>1. Con el fin de\n          fomentar la creaci\u00f3n y difusi\u00f3n literaria,&nbsp;\n          alentar\n          la creatividad escrita de nuestra poblaci\u00f3n, el fomento de la\n          lectura y la\n          iniciativa en la b\u00fasqueda de crear nuevos espacios para la\n          cultura en el \u00e1mbito\n          de las letras, la Delegaci\u00f3n de Cultura&nbsp;\n          del Ayuntamiento de Mijas convoca el XXIV Certamen\n          Literario de Cartas\n          de Amor Villa de Mijas.<\/p>\n\n\n\n<p>&nbsp;2. Podr\u00e1n\n          participar, sin l\u00edmite de edad, todas aquellas personas\n          mayores de 16 a\u00f1os\n          y&nbsp; residentes en\n            Espa\u00f1a&nbsp; que lo\n          deseen, enamorados, desamorados,\n          ilusionados, desenga\u00f1ados, fieles, infieles, amantes, novios,\n          casados,&#8230;<\/p>\n\n\n\n<p>&nbsp;3. Los temas de\n          las cartas ser\u00e1n el AMOR o el DESAMOR. Las cartas de amor o\n          desamor podr\u00e1n ser\n          dirigidas a personas u objetos personificados, sin distinci\u00f3n\n          de sexo, edad,\n          color o rango.<\/p>\n\n\n\n<p>&nbsp;4. Las cartas\n          deber\u00e1n estar escritas en espa\u00f1ol.<\/p>\n\n\n\n<p>&nbsp;5. Los trabajos\n          deber\u00e1n tener una extensi\u00f3n\n          m\u00e1xima de un folio (A4) por una sola cara. Se presentar\u00e1n en\n          formato Word, con letra Arial\n          n\u00famero 12, interlineado 1.5 y m\u00e1rgenes superior, inferior,\n          derecho e izquierdo\n          de 2.5 cm.<\/p>\n\n\n\n<p>&nbsp;6. Los trabajos\n          deber\u00e1n estar escritos en g\u00e9nero epistolar, respetando la\n          forma de una carta. <\/p>\n\n\n\n<p>&nbsp;7. Como m\u00e1ximo se\n          presentar\u00e1 una carta por participante. <\/p>\n\n\n\n<p>&nbsp;&nbsp; Las\n          cartas se podr\u00e1n presentar de\n          dos maneras:<\/p>\n\n\n\n<p>&nbsp;&nbsp;&nbsp;&nbsp;&nbsp;&nbsp;&nbsp;&nbsp; &#8211;\n          Por correo postal a:&nbsp;&nbsp; XXIV\n          Concurso Cartas de Amor. <\/p>\n\n\n\n<p>&nbsp;&nbsp;&nbsp;&nbsp;&nbsp;&nbsp;&nbsp;&nbsp; Casa\n          Museo de la Villa.&nbsp; Plaza\n          de la Libertad, 2.&nbsp; 29650\n          Mijas (M\u00e1laga)<\/p>\n\n\n\n<p>&nbsp;&nbsp;&nbsp;&nbsp;&nbsp;&nbsp;&nbsp;&nbsp; O\n          bien, entregadas en alguna de las\n          tres Bibliotecas Municipales de Mijas<\/p>\n\n\n\n<p>Cada carta\n          se presentar\u00e1 firmada con un pseud\u00f3nimo y junto a ella un\n          sobre cerrado en cuyo\n          exterior se repetir\u00e1 el pseud\u00f3nimo y en el interior los datos\n          personales del\n          autor\/a (Nombre y apellidos, direcci\u00f3n, tel\u00e9fono). Importante\n          que env\u00ede la\n          carta participante y tres copias de \u00e9sta.<\/p>\n\n\n\n<p>&nbsp;&nbsp;&nbsp;&nbsp;&nbsp;&nbsp;&nbsp;&nbsp;&nbsp; <a>&#8211; Por correo electr\u00f3nico\n              a <\/a><a href=\"mailto:cartasdeamor@mijas.es\">cartasdeamor@mijas.es<\/a> <\/p>\n\n\n\n<p>En el email se\n              adjuntar\u00e1 la carta participante en\n              formato PDF firmada por un pseud\u00f3nimo y en otro documento\n              adjunto tambi\u00e9n en\n              PDF los datos personales del autor\/a.&nbsp; <\/p>\n\n\n\n<p>8. El plazo de admisi\u00f3n\n          quedar\u00e1 cerrado el&nbsp; 30\n          de junio de 2020. <\/p>\n\n\n\n<p>&nbsp;&nbsp; Los\n          trabajos no premiados ser\u00e1n destruidos\n          al finalizar el concurso. <\/p>\n\n\n\n<p>&nbsp;&nbsp; (Las\n          cartas no podr\u00e1n ser retiradas).<\/p>\n\n\n\n<p>9. Se establecen tres\n          primeros premios de 100 \u20ac cada uno. A cada uno de los\n          premios en met\u00e1lico (100 \u20ac), se le aplicar\u00e1n\n          las retenciones previstas en la vigente legislaci\u00f3n\n          tributaria. Las\n          obras ganadoras pasar\u00e1n a ser propiedad del Ayuntamiento de\n          Mijas el cual se\n          reserva los derechos sobre las mismas.<\/p>\n\n\n\n<p>10. El jurado ser\u00e1\n          designado por la Concejala de Cultura y estar\u00e1 formado por:<\/p>\n\n\n\n<p>Presidente: Concejala\n          Delegada de Cultura o en quien delegue.<\/p>\n\n\n\n<p>Vocales: personas\n          designadas por la Concejala de Cultura que tengan relaci\u00f3n con\n          el mundo de las\n          letras.<\/p>\n\n\n\n<p>Secretario: El Jefe del\n          Dpto. de Cultura o persona adscrita a dicho departamento.<\/p>\n\n\n\n<p>11. Los criterios de\n          valoraci\u00f3n de los trabajos ser\u00e1n su originalidad, calidad\n          literaria, est\u00e9tica\n          en la composici\u00f3n y en la expresi\u00f3n, variedad l\u00e9xica y\n          expresiva as\u00ed como su\n          coherencia con el tema propuesto.<\/p>\n\n\n\n<p>10. Una vez aprobados los presupuestos municipales del\n          ejercicio 2020, la\n          convocatoria se publicar\u00e1 en los tablones de anuncio del\n          Ayuntamiento de Mijas,\n          en la Web Corporativa, as\u00ed como se dar\u00e1 difusi\u00f3n a trav\u00e9s de\n          los medios\n          locales. Las cuant\u00edas econ\u00f3micas\n          con las que est\u00e1n dotados\n          los premios de este certamen estar\u00e1n condicionadas a la\n          existencia de cr\u00e9dito\n          presupuestario.<\/p>\n\n\n\n<p>11. Todas las\n          cuestiones e incidencias no\n          previstas ser\u00e1n resueltas por el Jurado.<\/p>\n\n\n\n<p>Contacto e informaci\u00f3n: 952 59 03 80 \u2013 <a href=\"mailto:cultura@mijas.es\">cultura@mijas.es<\/a><\/p>\n","protected":false},"excerpt":{"rendered":"<p>XXV CERTAMEN LITERARIO DECARTAS DE AMOR VILLA DE MIJAS Bases &#8211; Descargar (PDF) 1. Con el fin de fomentar la creaci\u00f3n y difusi\u00f3n literaria,&nbsp; alentar la creatividad escrita de nuestra poblaci\u00f3n, el fomento de la lectura y la iniciativa en la b\u00fasqueda de crear nuevos espacios para la cultura en el \u00e1mbito de las letras, [&hellip;]<\/p>\n","protected":false},"author":4,"featured_media":13353,"parent":13352,"menu_order":0,"comment_status":"closed","ping_status":"closed","template":"page-departamental.php","meta":[],"_links":{"self":[{"href":"https:\/\/www.mijas.es\/portal\/wp-json\/wp\/v2\/pages\/13446"}],"collection":[{"href":"https:\/\/www.mijas.es\/portal\/wp-json\/wp\/v2\/pages"}],"about":[{"href":"https:\/\/www.mijas.es\/portal\/wp-json\/wp\/v2\/types\/page"}],"author":[{"embeddable":true,"href":"https:\/\/www.mijas.es\/portal\/wp-json\/wp\/v2\/users\/4"}],"replies":[{"embeddable":true,"href":"https:\/\/www.mijas.es\/portal\/wp-json\/wp\/v2\/comments?post=13446"}],"version-history":[{"count":9,"href":"https:\/\/www.mijas.es\/portal\/wp-json\/wp\/v2\/pages\/13446\/revisions"}],"predecessor-version":[{"id":49902,"href":"https:\/\/www.mijas.es\/portal\/wp-json\/wp\/v2\/pages\/13446\/revisions\/49902"}],"up":[{"embeddable":true,"href":"https:\/\/www.mijas.es\/portal\/wp-json\/wp\/v2\/pages\/13352"}],"wp:featuredmedia":[{"embeddable":true,"href":"https:\/\/www.mijas.es\/portal\/wp-json\/wp\/v2\/media\/13353"}],"wp:attachment":[{"href":"https:\/\/www.mijas.es\/portal\/wp-json\/wp\/v2\/media?parent=13446"}],"curies":[{"name":"wp","href":"https:\/\/api.w.org\/{rel}","templated":true}]}}