{"id":13393,"date":"2019-03-25T13:48:42","date_gmt":"2019-03-25T13:48:42","guid":{"rendered":"http:\/\/192.168.0.42\/?page_id=13393"},"modified":"2019-05-15T11:42:04","modified_gmt":"2019-05-15T11:42:04","slug":"damos-el-cante","status":"publish","type":"page","link":"https:\/\/www.mijas.es\/portal\/cultura\/damos-el-cante\/","title":{"rendered":"Damos el cante"},"content":{"rendered":"\n<p><strong>Flamenco en el Patio del Museo<\/strong><br><\/p>\n\n\n\n<p> En las noches de los viernes de Julio y Agosto, a la \u00abfresquita\u00bb,  cuando va anocheciendo, en el patio del Museo se organizan recitales  flamencos a la antigua usanza: una reuni\u00f3n en un patio a la sombra y al  caer la tarde, despu\u00e9s de la faena del d\u00eda, y donde todo el que llega  con buena voluntad es bien recibido y mejor tratado, como nos ense\u00f1aron  los pueblos que hace siglos poblaron esta tierra.<\/p>\n\n\n\n<h2 class=\"wp-block-heading\"><\/h2>\n\n\n\n<div class=\"wp-block-image\"><figure class=\"alignleft\"><img decoding=\"async\" width=\"200\" height=\"150\" src=\"https:\/\/www.mijas.es\/wp-content\/uploads\/2019\/05\/amijas87_a.jpg\" alt=\"\" class=\"wp-image-22237\"\/><\/figure><\/div>\n\n\n\n<figure class=\"wp-block-image\"><img decoding=\"async\" width=\"160\" height=\"231\" src=\"https:\/\/www.mijas.es\/wp-content\/uploads\/2019\/05\/a4_2_6_a.jpg\" alt=\"\" class=\"wp-image-22238\"\/><\/figure>\n\n\n\n<p><\/p>\n","protected":false},"excerpt":{"rendered":"<p>Flamenco en el Patio del Museo En las noches de los viernes de Julio y Agosto, a la \u00abfresquita\u00bb, cuando va anocheciendo, en el patio del Museo se organizan recitales flamencos a la antigua usanza: una reuni\u00f3n en un patio a la sombra y al caer la tarde, despu\u00e9s de la faena del d\u00eda, y [&hellip;]<\/p>\n","protected":false},"author":4,"featured_media":13353,"parent":13352,"menu_order":0,"comment_status":"closed","ping_status":"closed","template":"page-departamental.php","meta":[],"_links":{"self":[{"href":"https:\/\/www.mijas.es\/portal\/wp-json\/wp\/v2\/pages\/13393"}],"collection":[{"href":"https:\/\/www.mijas.es\/portal\/wp-json\/wp\/v2\/pages"}],"about":[{"href":"https:\/\/www.mijas.es\/portal\/wp-json\/wp\/v2\/types\/page"}],"author":[{"embeddable":true,"href":"https:\/\/www.mijas.es\/portal\/wp-json\/wp\/v2\/users\/4"}],"replies":[{"embeddable":true,"href":"https:\/\/www.mijas.es\/portal\/wp-json\/wp\/v2\/comments?post=13393"}],"version-history":[{"count":2,"href":"https:\/\/www.mijas.es\/portal\/wp-json\/wp\/v2\/pages\/13393\/revisions"}],"predecessor-version":[{"id":22239,"href":"https:\/\/www.mijas.es\/portal\/wp-json\/wp\/v2\/pages\/13393\/revisions\/22239"}],"up":[{"embeddable":true,"href":"https:\/\/www.mijas.es\/portal\/wp-json\/wp\/v2\/pages\/13352"}],"wp:featuredmedia":[{"embeddable":true,"href":"https:\/\/www.mijas.es\/portal\/wp-json\/wp\/v2\/media\/13353"}],"wp:attachment":[{"href":"https:\/\/www.mijas.es\/portal\/wp-json\/wp\/v2\/media?parent=13393"}],"curies":[{"name":"wp","href":"https:\/\/api.w.org\/{rel}","templated":true}]}}