{"id":13323,"date":"2019-03-25T09:26:52","date_gmt":"2019-03-25T09:26:52","guid":{"rendered":"http:\/\/192.168.0.42\/?page_id=13323"},"modified":"2019-05-24T12:21:27","modified_gmt":"2019-05-24T12:21:27","slug":"ediciones-anteriores","status":"publish","type":"page","link":"https:\/\/www.mijas.es\/portal\/extranjeros\/ediciones-anteriores\/","title":{"rendered":"Ediciones anteriores &#8211; Extranjeros"},"content":{"rendered":"\n<p>\n\t&#8211;&nbsp;<a href=\"https:\/\/www.mijas.es\/files\/adjuntos\/FestivalInternacional\/a2457_Da_Informativo_Aleman_2013_CARTEL.jpg\" target=\"_blank\" rel=\"noreferrer noopener\">Cartel Jornada Informativa para Alemanes 2013 en alem\u00e1n<\/a><\/p>\n\n\n\n<p>\n\t&#8211; Info D\u00eda Informativo en ingl\u00e9s Abril 2010<\/p>\n\n\n\n<p>\n\t&#8211; D\u00eda Informativo para Daneses en la Costa del Sol 2010<br>\n\t<br>\n\t&#8211; <a href=\"https:\/\/www.mijas.es\/files\/adjuntos\/FestivalInternacional\/aCartel_Dia_Informativo_en_Ingles_2009.jpg\" target=\"_blank\" rel=\"noreferrer noopener\">Cartel d\u00eda Informativo en ingl\u00e9s 2009<\/a><br>\n\t<br>\n\t&#8211; <a href=\"https:\/\/www.mijas.es\/files\/adjuntos\/FestivalInternacional\/aPrograma_Jornada_Ingles_2009.pdf\" target=\"_blank\" rel=\"noreferrer noopener\">Programa Jornada Ingl\u00e9s 2009<\/a><br>\n\t<br>\n\t&#8211; <a href=\"https:\/\/www.mijas.es\/files\/adjuntos\/FestivalInternacional\/aCartel_Jornada_Informativa_para_Alemanes_2009_en_aleman.jpg\" target=\"_blank\" rel=\"noreferrer noopener\">Cartel Jornada Informativa para Alemanes 2009 en alem\u00e1n<\/a><br>\n\t<br>\n\t&#8211; <a href=\"https:\/\/www.mijas.es\/files\/adjuntos\/FestivalInternacional\/aPrograma_Jornada_Informativa_para_Alemanes_Octubre_2009.pdf\" target=\"_blank\" rel=\"noreferrer noopener\">Programa Jornada Informativa para Alemanes Octubre 2009 en alem\u00e1n<\/a><br>\n\t<br>\n\t&#8211; <a href=\"https:\/\/www.mijas.es\/files\/adjuntos\/FestivalInternacional\/aCartel_Conferencia_British_Int_Pension_Services_2008.pdf\" target=\"_blank\" rel=\"noreferrer noopener\">Cartel Conferencia British International Pension Services 2008<\/a><br>\n\t<br>\n\t&#8211; <a href=\"https:\/\/www.mijas.es\/files\/adjuntos\/FestivalInternacional\/aInfo_Conferencia_British_Int._Pension_Services_2008_en_ingles.pdf\" target=\"_blank\" rel=\"noreferrer noopener\">Info Conferencia British International Pension Services 2008 en ingl\u00e9s<\/a><\/p>\n","protected":false},"excerpt":{"rendered":"<p>&#8211;&nbsp;Cartel Jornada Informativa para Alemanes 2013 en alem\u00e1n &#8211; Info D\u00eda Informativo en ingl\u00e9s Abril 2010 &#8211; D\u00eda Informativo para Daneses en la Costa del Sol 2010 &#8211; Cartel d\u00eda Informativo en ingl\u00e9s 2009 &#8211; Programa Jornada Ingl\u00e9s 2009 &#8211; Cartel Jornada Informativa para Alemanes 2009 en alem\u00e1n &#8211; Programa Jornada Informativa para Alemanes Octubre [&hellip;]<\/p>\n","protected":false},"author":4,"featured_media":13282,"parent":13273,"menu_order":0,"comment_status":"closed","ping_status":"closed","template":"page-departamental.php","meta":[],"_links":{"self":[{"href":"https:\/\/www.mijas.es\/portal\/wp-json\/wp\/v2\/pages\/13323"}],"collection":[{"href":"https:\/\/www.mijas.es\/portal\/wp-json\/wp\/v2\/pages"}],"about":[{"href":"https:\/\/www.mijas.es\/portal\/wp-json\/wp\/v2\/types\/page"}],"author":[{"embeddable":true,"href":"https:\/\/www.mijas.es\/portal\/wp-json\/wp\/v2\/users\/4"}],"replies":[{"embeddable":true,"href":"https:\/\/www.mijas.es\/portal\/wp-json\/wp\/v2\/comments?post=13323"}],"version-history":[{"count":3,"href":"https:\/\/www.mijas.es\/portal\/wp-json\/wp\/v2\/pages\/13323\/revisions"}],"predecessor-version":[{"id":24007,"href":"https:\/\/www.mijas.es\/portal\/wp-json\/wp\/v2\/pages\/13323\/revisions\/24007"}],"up":[{"embeddable":true,"href":"https:\/\/www.mijas.es\/portal\/wp-json\/wp\/v2\/pages\/13273"}],"wp:featuredmedia":[{"embeddable":true,"href":"https:\/\/www.mijas.es\/portal\/wp-json\/wp\/v2\/media\/13282"}],"wp:attachment":[{"href":"https:\/\/www.mijas.es\/portal\/wp-json\/wp\/v2\/media?parent=13323"}],"curies":[{"name":"wp","href":"https:\/\/api.w.org\/{rel}","templated":true}]}}