{"id":13319,"date":"2019-03-25T09:23:40","date_gmt":"2019-03-25T09:23:40","guid":{"rendered":"http:\/\/192.168.0.42\/?page_id=13319"},"modified":"2021-09-30T15:58:17","modified_gmt":"2021-09-30T14:58:17","slug":"jornadas-informativas-para-ciudadanos-extranjeros","status":"publish","type":"page","link":"https:\/\/www.mijas.es\/portal\/extranjeros\/jornadas-informativas-para-ciudadanos-extranjeros\/","title":{"rendered":"Jornadas informativas"},"content":{"rendered":"<div class=\"wp-block-image\"><figure class=\"aligncenter size-large\"><img decoding=\"async\" width=\"567\" height=\"188\" src=\"https:\/\/www.mijas.es\/wp-content\/uploads\/2021\/04\/Dept-Extranjeros.jpg\" alt=\"\" class=\"wp-image-37482\" srcset=\"https:\/\/www.mijas.es\/wp-content\/uploads\/2021\/04\/Dept-Extranjeros.jpg 567w, https:\/\/www.mijas.es\/wp-content\/uploads\/2021\/04\/Dept-Extranjeros-300x99.jpg 300w\" sizes=\"(max-width: 567px) 100vw, 567px\" \/><\/figure><\/div>\n\n\n\n<p class=\"has-text-align-center\"><strong>JORNADAS INFORMATIVAS<\/strong><\/p>\n\n\n\n<p><strong>Desde que el Departamento de Extranjeros abri\u00f3 sus puertas en 1985, se vio la gran necesidad de informar a su poblaci\u00f3n extranjera sobre los tr\u00e1mites&nbsp; y el funcionamiento del sistema Espa\u00f1ol. Desde entonces varias veces al a\u00f1o, el Departamento organiza charlas y conferencias informativas en varios idiomas.<\/strong><\/p>\n\n\n\n<p>Los temas se eligen seg\u00fan un estudio realizado por el Departamento de Residente Extranjeros a trav\u00e9s de las visitas diarias de los extranjeros a su oficina. Este estudio refleja las inquietudes y petici\u00f3n de informaci\u00f3n que&nbsp; precisa el extranjero que vive o visita Mijas.&nbsp; Cuando hay cambios importantes&nbsp;en &nbsp;las leyes o tr\u00e1mites que afectan a los extranjeros se busca a expertos que puedan informar sobre estos temas en diferentes idiomas.<\/p>\n\n\n\n<p>En ocasiones tambi\u00e9n se han organizado conferencias sobre temas culturales, tradiciones e historia de Mijas y Espa\u00f1a. Para ello se ha invitado al municipio a historiadores de renombre como Ian Gibson.<\/p>\n\n\n\n<p>Dado a la gran cantidad de extranjeros, las charlas habitualmente se dan en ingl\u00e9s c\u00f3mo idioma com\u00fan para las distintas nacionalidades que asisten.<\/p>\n\n\n\n<p>A lo largo de estos m\u00e1s de 35 a\u00f1os, se&nbsp;han&nbsp;organizado charlas&nbsp;sobre temas importantes como:<\/p>\n\n\n\n<ul><li>TRAMITES MUNICIPALES<\/li><li>TRAMITES DE TR\u00c1FICO.<\/li><li>TRAMITES DE RESIDENCIA Y NIE.<\/li><li>EL FUNCIONAMIENTO DEL SISTEMA ESPA\u00d1OL DE SANIDAD.<\/li><li>\u00bbBREXIT\u00bb &#8211; CONSECUENCIAS PARA CIUDADANOS BRITANICOS<\/li><li>FALLECIMIENTOS, ENTIERROS E IMPUESTOS DE HERENCIA.<\/li><li>TEMAS MEDIOAMBIENTALES.<\/li><li>LEY DE DEPENDENCIA.<\/li><li>FUNCIONAMIENTO DE SERVICIOS SOCIALES.<\/li><li>IMPUESTOS EN ESPA\u00d1A.<\/li><li>CULTURA, TRADICIONES E HISTORIA DE MIJAS Y ESPA\u00d1A.<\/li><li>Y TEMAS PUNTUALES SEG\u00daN CAMBIOS EN LA NORMATIVA.<\/li><\/ul>\n\n\n\n<p>Estas jornadas son muy populares y se realizan durante el a\u00f1o en el sal\u00f3n de actos de la Tenencia de La Cala.<\/p>\n\n\n\n<div class=\"wp-block-image\"><figure class=\"aligncenter size-large\"><img decoding=\"async\" width=\"200\" height=\"185\" src=\"https:\/\/www.mijas.es\/wp-content\/uploads\/2021\/04\/logo.jpg\" alt=\"\" class=\"wp-image-37525\"\/><\/figure><\/div>","protected":false},"excerpt":{"rendered":"<p>JORNADAS INFORMATIVAS Desde que el Departamento de Extranjeros abri\u00f3 sus puertas en 1985, se vio la gran necesidad de informar a su poblaci\u00f3n extranjera sobre los tr\u00e1mites&nbsp; y el funcionamiento del sistema Espa\u00f1ol. Desde entonces varias veces al a\u00f1o, el Departamento organiza charlas y conferencias informativas en varios idiomas. Los temas se eligen seg\u00fan un [&hellip;]<\/p>\n","protected":false},"author":4,"featured_media":13282,"parent":13273,"menu_order":0,"comment_status":"closed","ping_status":"closed","template":"page-departamental.php","meta":[],"_links":{"self":[{"href":"https:\/\/www.mijas.es\/portal\/wp-json\/wp\/v2\/pages\/13319"}],"collection":[{"href":"https:\/\/www.mijas.es\/portal\/wp-json\/wp\/v2\/pages"}],"about":[{"href":"https:\/\/www.mijas.es\/portal\/wp-json\/wp\/v2\/types\/page"}],"author":[{"embeddable":true,"href":"https:\/\/www.mijas.es\/portal\/wp-json\/wp\/v2\/users\/4"}],"replies":[{"embeddable":true,"href":"https:\/\/www.mijas.es\/portal\/wp-json\/wp\/v2\/comments?post=13319"}],"version-history":[{"count":10,"href":"https:\/\/www.mijas.es\/portal\/wp-json\/wp\/v2\/pages\/13319\/revisions"}],"predecessor-version":[{"id":54359,"href":"https:\/\/www.mijas.es\/portal\/wp-json\/wp\/v2\/pages\/13319\/revisions\/54359"}],"up":[{"embeddable":true,"href":"https:\/\/www.mijas.es\/portal\/wp-json\/wp\/v2\/pages\/13273"}],"wp:featuredmedia":[{"embeddable":true,"href":"https:\/\/www.mijas.es\/portal\/wp-json\/wp\/v2\/media\/13282"}],"wp:attachment":[{"href":"https:\/\/www.mijas.es\/portal\/wp-json\/wp\/v2\/media?parent=13319"}],"curies":[{"name":"wp","href":"https:\/\/api.w.org\/{rel}","templated":true}]}}