{"id":13313,"date":"2019-03-25T08:52:30","date_gmt":"2019-03-25T08:52:30","guid":{"rendered":"http:\/\/192.168.0.42\/?page_id=13313"},"modified":"2019-06-14T16:03:36","modified_gmt":"2019-06-14T16:03:36","slug":"festival-de-blues","status":"publish","type":"page","link":"https:\/\/www.mijas.es\/portal\/extranjeros\/festival-de-blues\/","title":{"rendered":"Festival de Blues"},"content":{"rendered":"\n<p>Festival de Blues 2014<\/p>\n\n\n\n<figure class=\"wp-block-image\"><img decoding=\"async\" src=\"https:\/\/www.mijas.es\/files\/imagen\/extranjeros\/BANNER-FESTIVAL-BLUES-JULIO-2014.gif\" alt=\"\"\/><\/figure>\n\n\n\n<p>\n\tM\u00e1s informaci\u00f3n:<\/p>\n\n\n\n<p> <a href=\"https:\/\/www.mijas.es\/files\/adjuntos\/extranjeros\/FESTIVALBLUES2014.jpg\" target=\"_blank\" rel=\"noreferrer noopener\" aria-label=\" (abre en una nueva pesta\u00f1a)\">Cartel<\/a>&nbsp;(Imagen JPG)<\/p>\n\n\n\n<p>\n\t<a href=\"https:\/\/www.mijas.es\/files\/adjuntos\/extranjeros\/PRESENTACION_DE_LA_OCTAVA_EDICION_blues-1.pdf\" target=\"_blank\" rel=\"noreferrer noopener\">Presentaci\u00f3n <\/a>(Archivo PDF)<\/p>\n\n\n\n<p> <a href=\"https:\/\/www.mijas.es\/files\/adjuntos\/extranjeros\/DOSIER_DE_BANDAS_EN_INGLES_Y_ESPAOL_2014.pdf\" target=\"_blank\" rel=\"noreferrer noopener\" aria-label=\" (abre en una nueva pesta\u00f1a)\">Dossier<\/a>&nbsp;(Archivo PDF)<\/p>\n","protected":false},"excerpt":{"rendered":"<p>Festival de Blues 2014 M\u00e1s informaci\u00f3n: Cartel&nbsp;(Imagen JPG) Presentaci\u00f3n (Archivo PDF) Dossier&nbsp;(Archivo PDF)<\/p>\n","protected":false},"author":4,"featured_media":13282,"parent":13273,"menu_order":0,"comment_status":"closed","ping_status":"closed","template":"page-departamental.php","meta":[],"_links":{"self":[{"href":"https:\/\/www.mijas.es\/portal\/wp-json\/wp\/v2\/pages\/13313"}],"collection":[{"href":"https:\/\/www.mijas.es\/portal\/wp-json\/wp\/v2\/pages"}],"about":[{"href":"https:\/\/www.mijas.es\/portal\/wp-json\/wp\/v2\/types\/page"}],"author":[{"embeddable":true,"href":"https:\/\/www.mijas.es\/portal\/wp-json\/wp\/v2\/users\/4"}],"replies":[{"embeddable":true,"href":"https:\/\/www.mijas.es\/portal\/wp-json\/wp\/v2\/comments?post=13313"}],"version-history":[{"count":5,"href":"https:\/\/www.mijas.es\/portal\/wp-json\/wp\/v2\/pages\/13313\/revisions"}],"predecessor-version":[{"id":25588,"href":"https:\/\/www.mijas.es\/portal\/wp-json\/wp\/v2\/pages\/13313\/revisions\/25588"}],"up":[{"embeddable":true,"href":"https:\/\/www.mijas.es\/portal\/wp-json\/wp\/v2\/pages\/13273"}],"wp:featuredmedia":[{"embeddable":true,"href":"https:\/\/www.mijas.es\/portal\/wp-json\/wp\/v2\/media\/13282"}],"wp:attachment":[{"href":"https:\/\/www.mijas.es\/portal\/wp-json\/wp\/v2\/media?parent=13313"}],"curies":[{"name":"wp","href":"https:\/\/api.w.org\/{rel}","templated":true}]}}