{"id":13306,"date":"2019-03-22T12:01:30","date_gmt":"2019-03-22T12:01:30","guid":{"rendered":"http:\/\/192.168.0.42\/?page_id=13306"},"modified":"2024-04-05T13:09:02","modified_gmt":"2024-04-05T12:09:02","slug":"taller-intercambio-idiomas","status":"publish","type":"page","link":"https:\/\/www.mijas.es\/portal\/extranjeros\/taller-intercambio-idiomas\/","title":{"rendered":"Taller Intercambio Idiomas"},"content":{"rendered":"<div class=\"div_qtranslate_flags\" style=\"float: left;\"><a href=\"?lang=es\"><img decoding=\"async\" class=\"wp-image-37482\" src=\"https:\/\/www.mijas.es\/wp-content\/uploads\/2021\/04\/es.png\" alt=\"\"><\/a><a href=\"?lang=en\"><img decoding=\"async\" class=\"wp-image-37482\" src=\"https:\/\/www.mijas.es\/wp-content\/uploads\/2021\/04\/gb.png\" alt=\"\"><\/a><a href=\"?lang=de\"><img decoding=\"async\" class=\"wp-image-37482\" src=\"https:\/\/www.mijas.es\/wp-content\/uploads\/2021\/04\/de.png\" alt=\"\"><\/a><a href=\"?lang=fr\"><img decoding=\"async\" class=\"wp-image-37482\" src=\"https:\/\/www.mijas.es\/wp-content\/plugins\/qtranslate-x\/flags\/fr.png\" alt=\"\"><\/a><\/div>\n\n<div class=\"wp-block-image\">\n<figure class=\"aligncenter size-large\"><img decoding=\"async\" width=\"567\" height=\"188\" src=\"https:\/\/www.mijas.es\/wp-content\/uploads\/2021\/04\/Dept-Extranjeros.jpg\" alt=\"\" class=\"wp-image-37482\" srcset=\"https:\/\/www.mijas.es\/wp-content\/uploads\/2021\/04\/Dept-Extranjeros.jpg 567w, https:\/\/www.mijas.es\/wp-content\/uploads\/2021\/04\/Dept-Extranjeros-300x99.jpg 300w\" sizes=\"(max-width: 567px) 100vw, 567px\" \/><\/figure><\/div>\n\n\n<p class=\"has-text-align-center\"><strong>TALLER DE INTERCAMBIO DE IDIOMAS GRATUITO<\/strong><\/p>\n\n\n\n<p>El Departamento de Extranjeros del Ayuntamiento de Mijas organiza Talleres de Intercambio de Idiomas en los tres Hogares de Jubilados de Mijas y Mijas Costa. Si est\u00e1 aprendiendo ingl\u00e9s o simplemente quiere practicar, puede sentarse con nativos brit\u00e1nicos y conversar. Los talleres se llevan a cabo en los Hogares del Jubilado del municipio, por las ma\u00f1anas, de 10:00hrs. a 11:30 hrs.<\/p>\n\n\n\n<p>Mijas Pueblo &#8211; Martes<\/p>\n\n\n\n<p>La Cala &#8211; Mi\u00e9rcoles<\/p>\n\n\n\n<p>Las Lagunas &#8211; Jueves<\/p>\n\n\n\n<p>Los talleres consisten en sentar a extranjeros con espa\u00f1oles para conversar 40 minutos en espa\u00f1ol y 40 minutos en ingl\u00e9s, en un ambiente agradable. En cada taller hay un coordinador biling\u00fce&nbsp; que responde cualquier consulta sobre los idiomas. Los talleres son gratuitos. Se puede registrar con la coordinadora en cada taller.<\/p>\n\n\n\n<figure class=\"wp-block-image size-large\"><img decoding=\"async\" width=\"724\" height=\"1024\" src=\"https:\/\/www.mijas.es\/wp-content\/uploads\/2023\/02\/2022-final-cartel-intercambio-idiomas-724x1024.jpg\" alt=\"\" class=\"wp-image-49425\" srcset=\"https:\/\/www.mijas.es\/wp-content\/uploads\/2023\/02\/2022-final-cartel-intercambio-idiomas-724x1024.jpg 724w, https:\/\/www.mijas.es\/wp-content\/uploads\/2023\/02\/2022-final-cartel-intercambio-idiomas-212x300.jpg 212w, https:\/\/www.mijas.es\/wp-content\/uploads\/2023\/02\/2022-final-cartel-intercambio-idiomas-768x1086.jpg 768w, https:\/\/www.mijas.es\/wp-content\/uploads\/2023\/02\/2022-final-cartel-intercambio-idiomas-1086x1536.jpg 1086w, https:\/\/www.mijas.es\/wp-content\/uploads\/2023\/02\/2022-final-cartel-intercambio-idiomas-1448x2048.jpg 1448w, https:\/\/www.mijas.es\/wp-content\/uploads\/2023\/02\/2022-final-cartel-intercambio-idiomas-scaled.jpg 1810w\" sizes=\"(max-width: 724px) 100vw, 724px\" \/><\/figure>\n\n\n<div class=\"wp-block-image\">\n<figure class=\"aligncenter size-large\"><img decoding=\"async\" width=\"542\" height=\"182\" src=\"https:\/\/www.mijas.es\/wp-content\/uploads\/2021\/04\/Olas-1.jpg\" alt=\"\" class=\"wp-image-37487\" srcset=\"https:\/\/www.mijas.es\/wp-content\/uploads\/2021\/04\/Olas-1.jpg 542w, https:\/\/www.mijas.es\/wp-content\/uploads\/2021\/04\/Olas-1-300x101.jpg 300w\" sizes=\"(max-width: 542px) 100vw, 542px\" \/><\/figure><\/div>\n\n<div class=\"wp-block-image\">\n<figure class=\"aligncenter size-large\"><img decoding=\"async\" width=\"200\" height=\"185\" src=\"https:\/\/www.mijas.es\/wp-content\/uploads\/2021\/04\/logo.jpg\" alt=\"\" class=\"wp-image-37525\"\/><\/figure><\/div>\n\n\n<p><\/p>","protected":false},"excerpt":{"rendered":"<p>TALLER DE INTERCAMBIO DE IDIOMAS GRATUITO El Departamento de Extranjeros del Ayuntamiento de Mijas organiza Talleres de Intercambio de Idiomas en los tres Hogares de Jubilados de Mijas y Mijas Costa. Si est\u00e1 aprendiendo ingl\u00e9s o simplemente quiere practicar, puede sentarse con nativos brit\u00e1nicos y conversar. Los talleres se llevan a cabo en los Hogares [&hellip;]<\/p>\n","protected":false},"author":4,"featured_media":13282,"parent":13273,"menu_order":0,"comment_status":"closed","ping_status":"closed","template":"page-departamental.php","meta":[],"_links":{"self":[{"href":"https:\/\/www.mijas.es\/portal\/wp-json\/wp\/v2\/pages\/13306"}],"collection":[{"href":"https:\/\/www.mijas.es\/portal\/wp-json\/wp\/v2\/pages"}],"about":[{"href":"https:\/\/www.mijas.es\/portal\/wp-json\/wp\/v2\/types\/page"}],"author":[{"embeddable":true,"href":"https:\/\/www.mijas.es\/portal\/wp-json\/wp\/v2\/users\/4"}],"replies":[{"embeddable":true,"href":"https:\/\/www.mijas.es\/portal\/wp-json\/wp\/v2\/comments?post=13306"}],"version-history":[{"count":9,"href":"https:\/\/www.mijas.es\/portal\/wp-json\/wp\/v2\/pages\/13306\/revisions"}],"predecessor-version":[{"id":55574,"href":"https:\/\/www.mijas.es\/portal\/wp-json\/wp\/v2\/pages\/13306\/revisions\/55574"}],"up":[{"embeddable":true,"href":"https:\/\/www.mijas.es\/portal\/wp-json\/wp\/v2\/pages\/13273"}],"wp:featuredmedia":[{"embeddable":true,"href":"https:\/\/www.mijas.es\/portal\/wp-json\/wp\/v2\/media\/13282"}],"wp:attachment":[{"href":"https:\/\/www.mijas.es\/portal\/wp-json\/wp\/v2\/media?parent=13306"}],"curies":[{"name":"wp","href":"https:\/\/api.w.org\/{rel}","templated":true}]}}