{"id":13297,"date":"2019-03-22T11:31:28","date_gmt":"2019-03-22T11:31:28","guid":{"rendered":"http:\/\/192.168.0.42\/?page_id=13297"},"modified":"2024-02-21T11:18:49","modified_gmt":"2024-02-21T10:18:49","slug":"otras-actividades","status":"publish","type":"page","link":"https:\/\/www.mijas.es\/portal\/extranjeros\/otras-actividades\/","title":{"rendered":"Otras actividades &#8211; Extranjeros"},"content":{"rendered":"<div class=\"div_qtranslate_flags\" style=\"float: left;\"><a href=\"?lang=es\"><img decoding=\"async\" class=\"wp-image-37482\" src=\"https:\/\/www.mijas.es\/wp-content\/uploads\/2021\/04\/es.png\" alt=\"\"><\/a><a href=\"?lang=en\"><img decoding=\"async\" class=\"wp-image-37482\" src=\"https:\/\/www.mijas.es\/wp-content\/uploads\/2021\/04\/gb.png\" alt=\"\"><\/a><a href=\"?lang=de\"><img decoding=\"async\" class=\"wp-image-37482\" src=\"https:\/\/www.mijas.es\/wp-content\/uploads\/2021\/04\/de.png\" alt=\"\"><\/a><a href=\"?lang=fr\"><img decoding=\"async\" class=\"wp-image-37482\" src=\"https:\/\/www.mijas.es\/wp-content\/plugins\/qtranslate-x\/flags\/fr.png\" alt=\"\"><\/a><\/div>\n\n<div class=\"wp-block-image\">\n<figure class=\"aligncenter size-large is-resized\"><img decoding=\"async\" src=\"https:\/\/www.mijas.es\/wp-content\/uploads\/2021\/04\/Dept-Extranjeros.jpg\" alt=\"\" class=\"wp-image-37482\" width=\"615\" height=\"204\" srcset=\"https:\/\/www.mijas.es\/wp-content\/uploads\/2021\/04\/Dept-Extranjeros.jpg 567w, https:\/\/www.mijas.es\/wp-content\/uploads\/2021\/04\/Dept-Extranjeros-300x99.jpg 300w\" sizes=\"(max-width: 615px) 100vw, 615px\" \/><\/figure><\/div>\n\n\n<h3 class=\"wp-block-heading has-text-align-center\"><strong><u>OTRAS ACTIVIDADES<\/u><\/strong><\/h3>\n\n\n\n<p class=\"has-text-align-center\"><strong>REUNIONES Y CHARLAS CON LOS CLUBES<\/strong><\/p>\n\n\n\n<p>El Departamento de Extranjeros de Mijas est\u00e1 en contacto de forma regular con los diferentes clubes extranjeros y asociaciones establecidas en la costa. El Departamento colabora con ellos en diferentes actividades, programas y tambi\u00e9n organiza charlas sobre c\u00f3mo funciona el sistema espa\u00f1ol y los servicios que ofrece el Ayuntamiento de Mijas.<\/p>\n\n\n\n<p class=\"has-text-align-center\"><strong>EXPOSICIONES<\/strong><\/p>\n\n\n\n<p>Mijas es un pueblo de artistas, de los cuales muchos son extranjeros. El Departamento en colaboraci\u00f3n con el Departamento de Cultura organiza exposiciones de arte, no solo para artistas del pueblo, sino tambi\u00e9n para artistas internacionales que desean exponer en nuestro municipio. El Departamento organiz\u00f3 una exposici\u00f3n de pinturas pintadas por la entonces Princesa de Dinamarca, Su Alteza Margarita II. Hace unos a\u00f1os que los departamentos de extranjeros y de cultura est\u00e1n apoyando y colaborando con A.I.R. (\u00abArtists in Residence\u00bb), un proyecto art\u00edstico con el fundador D. Ulrich H\u00e4usler en colaboraci\u00f3n con el Consulado Alem\u00e1n en M\u00e1laga.<\/p>\n\n\n\n<p class=\"has-text-align-center\"><strong>EVENTOS DE CARIDAD<\/strong><\/p>\n\n\n\n<p>Hay muchas organizaciones ben\u00e9ficas en Mijas: los Clubes de Leones, la Legi\u00f3n Brit\u00e1nica, Soroptomist International, Age Care, Age Concern, Cruz Roja, AECC, Cudeca, PADS, ACE Espa\u00f1a, FELINA, FAMA, etc. El departamento colabora con estas organizaciones ben\u00e9ficas en diferentes eventos sociales y programas de bienestar animal.<\/p>\n\n\n\n<p class=\"has-text-align-center\"><strong>EVENTOS CONSULARES Y COLABORACIONES<\/strong><\/p>\n\n\n\n<p>El Departamento de Extranjeros de Mijas colabora estrechamente con el Cuerpo Consular de M\u00e1laga, especialmente con los Consulados del Reino Unido, Dinamarca, Alemania y la Agencia Consular de los Estados Unidos de Am\u00e9rica. A lo largo del a\u00f1o, el Departamento colabora con los diferentes consulados y agencias consulares en diferentes eventos y programas sociales y de bienestar social.<\/p>\n\n\n\n<p class=\"has-text-align-center\"><strong>CAMPA\u00d1AS<\/strong><\/p>\n\n\n\n<p>Adem\u00e1s el departamento est\u00e1 colaborando con varias campa\u00f1as relacionadas con temas municipales (empadronamiento) o campa\u00f1as iniciadas por otras administraciones c\u00f3mo la campa\u00f1a anual para la concienciaci\u00f3n y prevenci\u00f3n del c\u00e1ncer de piel en colaboraci\u00f3n con la Agencia Sanitaria Costa del Sol (\u00abSoludable\u00bb).<\/p>\n\n\n\n<p class=\"has-text-align-center\"><strong>EVENTOS DEPORTIVOS<\/strong><\/p>\n\n\n\n<p>El departamento tambi\u00e9n es contactado por importantes clubes de f\u00fatbol europeos, que desean llevar a cabo un intercambio de f\u00fatbol, entrenar o jugar un partido solidario en uno de los campos de f\u00fatbol del municipio. El Departamento, en colaboraci\u00f3n con el Departamento de Deportes, organiza todos los detalles para que estos clubes puedan disfrutar su estad\u00eda en Mijas y contribuir a los clubes de f\u00fatbol locales y organizaciones ben\u00e9ficas.<\/p>\n\n\n<div class=\"wp-block-image\">\n<figure class=\"aligncenter size-large\"><img decoding=\"async\" width=\"771\" height=\"1024\" src=\"https:\/\/www.mijas.es\/wp-content\/uploads\/2024\/02\/Cartel-mesa-solidaria-eneroamayo-2024_redes-771x1024.jpg\" alt=\"\" class=\"wp-image-54679\" srcset=\"https:\/\/www.mijas.es\/wp-content\/uploads\/2024\/02\/Cartel-mesa-solidaria-eneroamayo-2024_redes-771x1024.jpg 771w, https:\/\/www.mijas.es\/wp-content\/uploads\/2024\/02\/Cartel-mesa-solidaria-eneroamayo-2024_redes-226x300.jpg 226w, https:\/\/www.mijas.es\/wp-content\/uploads\/2024\/02\/Cartel-mesa-solidaria-eneroamayo-2024_redes-768x1020.jpg 768w, https:\/\/www.mijas.es\/wp-content\/uploads\/2024\/02\/Cartel-mesa-solidaria-eneroamayo-2024_redes-1157x1536.jpg 1157w, https:\/\/www.mijas.es\/wp-content\/uploads\/2024\/02\/Cartel-mesa-solidaria-eneroamayo-2024_redes-1542x2048.jpg 1542w, https:\/\/www.mijas.es\/wp-content\/uploads\/2024\/02\/Cartel-mesa-solidaria-eneroamayo-2024_redes-scaled.jpg 1928w\" sizes=\"(max-width: 771px) 100vw, 771px\" \/><\/figure><\/div>\n\n<div class=\"wp-block-image\">\n<figure class=\"aligncenter size-large\"><img decoding=\"async\" width=\"542\" height=\"182\" src=\"https:\/\/www.mijas.es\/wp-content\/uploads\/2021\/04\/Olas-1.jpg\" alt=\"\" class=\"wp-image-37487\" srcset=\"https:\/\/www.mijas.es\/wp-content\/uploads\/2021\/04\/Olas-1.jpg 542w, https:\/\/www.mijas.es\/wp-content\/uploads\/2021\/04\/Olas-1-300x101.jpg 300w\" sizes=\"(max-width: 542px) 100vw, 542px\" \/><\/figure><\/div>\n\n<div class=\"wp-block-image\">\n<figure class=\"aligncenter size-large\"><img decoding=\"async\" width=\"200\" height=\"185\" src=\"https:\/\/www.mijas.es\/wp-content\/uploads\/2021\/04\/logo.jpg\" alt=\"\" class=\"wp-image-37525\"\/><\/figure><\/div>\n\n\n<p><\/p>","protected":false},"excerpt":{"rendered":"<p>OTRAS ACTIVIDADES REUNIONES Y CHARLAS CON LOS CLUBES El Departamento de Extranjeros de Mijas est\u00e1 en contacto de forma regular con los diferentes clubes extranjeros y asociaciones establecidas en la costa. El Departamento colabora con ellos en diferentes actividades, programas y tambi\u00e9n organiza charlas sobre c\u00f3mo funciona el sistema espa\u00f1ol y los servicios que ofrece [&hellip;]<\/p>\n","protected":false},"author":4,"featured_media":13282,"parent":13273,"menu_order":0,"comment_status":"closed","ping_status":"closed","template":"page-departamental.php","meta":[],"_links":{"self":[{"href":"https:\/\/www.mijas.es\/portal\/wp-json\/wp\/v2\/pages\/13297"}],"collection":[{"href":"https:\/\/www.mijas.es\/portal\/wp-json\/wp\/v2\/pages"}],"about":[{"href":"https:\/\/www.mijas.es\/portal\/wp-json\/wp\/v2\/types\/page"}],"author":[{"embeddable":true,"href":"https:\/\/www.mijas.es\/portal\/wp-json\/wp\/v2\/users\/4"}],"replies":[{"embeddable":true,"href":"https:\/\/www.mijas.es\/portal\/wp-json\/wp\/v2\/comments?post=13297"}],"version-history":[{"count":14,"href":"https:\/\/www.mijas.es\/portal\/wp-json\/wp\/v2\/pages\/13297\/revisions"}],"predecessor-version":[{"id":54684,"href":"https:\/\/www.mijas.es\/portal\/wp-json\/wp\/v2\/pages\/13297\/revisions\/54684"}],"up":[{"embeddable":true,"href":"https:\/\/www.mijas.es\/portal\/wp-json\/wp\/v2\/pages\/13273"}],"wp:featuredmedia":[{"embeddable":true,"href":"https:\/\/www.mijas.es\/portal\/wp-json\/wp\/v2\/media\/13282"}],"wp:attachment":[{"href":"https:\/\/www.mijas.es\/portal\/wp-json\/wp\/v2\/media?parent=13297"}],"curies":[{"name":"wp","href":"https:\/\/api.w.org\/{rel}","templated":true}]}}