{"id":13292,"date":"2019-03-22T11:16:04","date_gmt":"2019-03-22T11:16:04","guid":{"rendered":"http:\/\/192.168.0.42\/?page_id=13292"},"modified":"2019-05-24T12:16:25","modified_gmt":"2019-05-24T12:16:25","slug":"actividades","status":"publish","type":"page","link":"https:\/\/www.mijas.es\/portal\/extranjeros\/actividades\/","title":{"rendered":"Actividades &#8211; Extranjeros"},"content":{"rendered":"\n<p>\n\t<strong>EL DEPARTAMENTO DE EXTRANJEROS DE MIJAS PRESENTA&nbsp;<\/strong><strong>SUS ACTIVIDADES PARA EL PRIMER SEMESTRE DEL A\u00d1O 2015<\/strong><\/p>\n\n\n\n<p>\n\t<strong>El departamento de Extranjeros del Ayuntamiento de Mijas ha \npresentado su programa de actividades para el primer semestre del a\u00f1o \n2015. Un programa repleto de actividades culturales, de integraci\u00f3n y \nsolidarias.<\/strong><\/p>\n\n\n\n<p>\n\tEl a\u00f1o comienza con varias charlas informativas, una de temas legales \nsobre herencias en Alem\u00e1n el d\u00eda&nbsp; 26 de marzo a las 11:30hrs. y otra \ncultural, en Ingl\u00e9s, sobre Al Andalus, que tendr\u00e1 lugar el 8 de Abril a \nlas 11:00hrs, en la que el residente extranjero podr\u00e1 informarse y \ntambi\u00e9n comentar con los expertos, ya que en todas las charlas \norganizadas por el Departamento de Extranjeros se abre un espacio de \nruegos y preguntas. Estas charlas se realizar\u00e1n en el sal\u00f3n de actos de \nla Tenencia de Alcald\u00eda de la Cala.<\/p>\n\n\n\n<p>\n\tEl Departamento, por demanda popular, seguir\u00e1 organizando su D\u00edas de \nAmistad. Esta a\u00f1o 2015 ser\u00e1 el turno de los Pa\u00edses Bajos (Holanda). Este\n evento forma parte de una serie de mucho \u00e9xito, formado por D\u00edas de \nAmistad con diferentes pa\u00edses: Suecia, Irlanda, Reino Unido, Alemania, \nFinlandia, Dinamarca, etc. El D\u00eda de Amistad con Los Pa\u00edses Bajos tendr\u00e1\n lugar en Mijas Pueblo el 25 de abril, desde las 12 hasta las 18 horas.<\/p>\n\n\n\n<p>\n\tAquellas personas que quieran colaborar en un evento solidario podr\u00e1n \nacudir a la Feria Ben\u00e9fica de Primavera de PAD (la protectora de \nAnimales) que tendr\u00e1 lugar en la Cala la ma\u00f1ana del 26 de Abril. Habr\u00e1 \nstands y actuaciones. \u00a1No se pierdan las tartas caseras que venden ese \nd\u00eda para recaudar fondos para la protectora!<\/p>\n\n\n\n<p>\n\tYa es una tradici\u00f3n acudir a La Alhambra para ver el Festival \nInternacional de La M\u00fasica y Danza con el Departamento de Extranjeros a \ntrav\u00e9s de la agencia <em>VIA Reisen<\/em>. Este a\u00f1o volver\u00e1n a disfrutar de este festival \u00fanico por la calidad de actuaciones y el sitio donde se celebra.<\/p>\n\n\n\n<p>\n\tEn 2015 el Departamento de Extranjeros cumple 30 a\u00f1os de actividad, y \npor esta raz\u00f3n quiere celebrarlo con un acto especial que tendr\u00e1 lugar \nen el Sal\u00f3n de Actos de la Tenencia de Alcald\u00eda de La Cala el d\u00eda 28 de \nAbril a las 18hrs.<\/p>\n\n\n\n<p>\n\tAparte de las actividades que se oferta a trav\u00e9s de este programa, el \ndepartamento realiza much\u00edsimas actividades relacionados con la \nintegraci\u00f3n: Encuentros realizados por los Consulados, Asistencia y \nrealizaci\u00f3n de charlas para colectivos extranjeros, Visita de grupos y \npersonalidades extranjeras a nuestro municipio, apoyo a actividades de \nONGs, programas de integraci\u00f3n y coordinaci\u00f3n de grupos de interpretes \nvoluntarios, etc.<\/p>\n\n\n\n<p>\n\tEl Departamento de Extranjeros tambi\u00e9n atiende diariamente desde su \noficina en la Tenencia de Alcald\u00eda de La Cala a extranjeros en siete \nidiomas, inform\u00e1ndoles y ayud\u00e1ndoles, siendo el nexo de uni\u00f3n con el \nresto de los servicios municipales y la administraci\u00f3n publica en \ngeneral, adem\u00e1s de las instituciones y colectivos. <strong>Cuidando diariamente nuestro turismo residencial, tan importante para nuestro municipio.<\/strong><\/p>\n\n\n\n<p>\n\t<strong>Para mas informaci\u00f3n detallada sobre los eventos y reservas de \nplazas contacte con el Departamento de Extranjeros del Ayuntamiento de \nMijas:&nbsp;<\/strong><strong><a href=\"mailto:frd@mijas.es\">frd@mijas.es<\/a>&nbsp; 952 58 90 10.<\/strong><\/p>\n\n\n\n<p> <strong><a href=\"https:\/\/www.mijas.es\/files\/adjuntos\/extranjeros\/Actividades_1er_semestre_en_2015_en_espaol_e_ingles.pdf\" target=\"_blank\" rel=\"noreferrer noopener\" aria-label=\" (abre en una nueva pesta\u00f1a)\">Descargar Programa de Actividades en Espa\u00f1ol e Ingl\u00e9s<\/a><\/strong><\/p>\n","protected":false},"excerpt":{"rendered":"<p>EL DEPARTAMENTO DE EXTRANJEROS DE MIJAS PRESENTA&nbsp;SUS ACTIVIDADES PARA EL PRIMER SEMESTRE DEL A\u00d1O 2015 El departamento de Extranjeros del Ayuntamiento de Mijas ha presentado su programa de actividades para el primer semestre del a\u00f1o 2015. Un programa repleto de actividades culturales, de integraci\u00f3n y solidarias. El a\u00f1o comienza con varias charlas informativas, una de [&hellip;]<\/p>\n","protected":false},"author":4,"featured_media":13282,"parent":13273,"menu_order":0,"comment_status":"closed","ping_status":"closed","template":"page-departamental.php","meta":[],"_links":{"self":[{"href":"https:\/\/www.mijas.es\/portal\/wp-json\/wp\/v2\/pages\/13292"}],"collection":[{"href":"https:\/\/www.mijas.es\/portal\/wp-json\/wp\/v2\/pages"}],"about":[{"href":"https:\/\/www.mijas.es\/portal\/wp-json\/wp\/v2\/types\/page"}],"author":[{"embeddable":true,"href":"https:\/\/www.mijas.es\/portal\/wp-json\/wp\/v2\/users\/4"}],"replies":[{"embeddable":true,"href":"https:\/\/www.mijas.es\/portal\/wp-json\/wp\/v2\/comments?post=13292"}],"version-history":[{"count":3,"href":"https:\/\/www.mijas.es\/portal\/wp-json\/wp\/v2\/pages\/13292\/revisions"}],"predecessor-version":[{"id":24002,"href":"https:\/\/www.mijas.es\/portal\/wp-json\/wp\/v2\/pages\/13292\/revisions\/24002"}],"up":[{"embeddable":true,"href":"https:\/\/www.mijas.es\/portal\/wp-json\/wp\/v2\/pages\/13273"}],"wp:featuredmedia":[{"embeddable":true,"href":"https:\/\/www.mijas.es\/portal\/wp-json\/wp\/v2\/media\/13282"}],"wp:attachment":[{"href":"https:\/\/www.mijas.es\/portal\/wp-json\/wp\/v2\/media?parent=13292"}],"curies":[{"name":"wp","href":"https:\/\/api.w.org\/{rel}","templated":true}]}}