{"id":13273,"date":"2019-03-22T09:55:48","date_gmt":"2019-03-22T09:55:48","guid":{"rendered":"http:\/\/192.168.0.42\/?page_id=13273"},"modified":"2024-04-05T13:57:29","modified_gmt":"2024-04-05T12:57:29","slug":"extranjeros","status":"publish","type":"page","link":"https:\/\/www.mijas.es\/portal\/extranjeros\/","title":{"rendered":"Extranjeros"},"content":{"rendered":"<div class=\"div_qtranslate_flags\" style=\"float: left;\"><a href=\"?lang=es\"><img decoding=\"async\" alt=\"\" data-src=\"https:\/\/www.mijas.es\/wp-content\/uploads\/2021\/04\/es.png\" class=\"wp-image-37482 ls-is-cached lazyloaded\" src=\"https:\/\/www.mijas.es\/wp-content\/uploads\/2021\/04\/es.png\"><noscript><img decoding=\"async\" class=\"wp-image-37482 lazy\" src=\"data:image\/svg+xml,%3Csvg%20xmlns='http:\/\/www.w3.org\/2000\/svg'%20viewBox='0%200%201%201'%3E%3C\/svg%3E\" data-src=\"https:\/\/www.mijas.es\/wp-content\/uploads\/2021\/04\/es.png\" alt=\"\"><\/noscript><\/a><a href=\"?lang=en\"><img decoding=\"async\" alt=\"\" data-src=\"https:\/\/www.mijas.es\/wp-content\/uploads\/2021\/04\/gb.png\" class=\"wp-image-37482 lazyloaded\" src=\"https:\/\/www.mijas.es\/wp-content\/uploads\/2021\/04\/gb.png\"><noscript><img decoding=\"async\" class=\"wp-image-37482 lazy\" src=\"data:image\/svg+xml,%3Csvg%20xmlns='http:\/\/www.w3.org\/2000\/svg'%20viewBox='0%200%201%201'%3E%3C\/svg%3E\" data-src=\"https:\/\/www.mijas.es\/wp-content\/uploads\/2021\/04\/gb.png\" alt=\"\"><\/noscript><\/a><a href=\"?lang=de\"><img decoding=\"async\" alt=\"\" data-src=\"https:\/\/www.mijas.es\/wp-content\/uploads\/2021\/04\/de.png\" class=\"wp-image-37482 lazyloaded\" src=\"https:\/\/www.mijas.es\/wp-content\/uploads\/2021\/04\/de.png\"><noscript><img decoding=\"async\" class=\"wp-image-37482 lazy\" src=\"data:image\/svg+xml,%3Csvg%20xmlns='http:\/\/www.w3.org\/2000\/svg'%20viewBox='0%200%201%201'%3E%3C\/svg%3E\" data-src=\"https:\/\/www.mijas.es\/wp-content\/uploads\/2021\/04\/de.png\" alt=\"\"><\/noscript><\/a><a href=\"?lang=fr\"><img decoding=\"async\" alt=\"\" data-src=\"https:\/\/www.mijas.es\/wp-content\/plugins\/qtranslate-x\/flags\/fr.png\" class=\"wp-image-37482 lazyloaded\" src=\"https:\/\/www.mijas.es\/wp-content\/plugins\/qtranslate-x\/flags\/fr.png\"><noscript><img decoding=\"async\" class=\"wp-image-37482 lazy\" src=\"data:image\/svg+xml,%3Csvg%20xmlns='http:\/\/www.w3.org\/2000\/svg'%20viewBox='0%200%201%201'%3E%3C\/svg%3E\" data-src=\"https:\/\/www.mijas.es\/wp-content\/plugins\/qtranslate-x\/flags\/fr.png\" alt=\"\"><\/noscript><\/a><\/div>\n\n\n<div class=\"wp-block-image\">\n<figure class=\"aligncenter size-large\"><img decoding=\"async\" width=\"567\" height=\"188\" src=\"https:\/\/www.mijas.es\/wp-content\/uploads\/2021\/04\/Dept-Extranjeros.jpg\" alt=\"\" class=\"wp-image-37482\" srcset=\"https:\/\/www.mijas.es\/wp-content\/uploads\/2021\/04\/Dept-Extranjeros.jpg 567w, https:\/\/www.mijas.es\/wp-content\/uploads\/2021\/04\/Dept-Extranjeros-300x99.jpg 300w\" sizes=\"(max-width: 567px) 100vw, 567px\" \/><\/figure><\/div>\n\n\n<p class=\"has-text-align-center\"><strong>TENENCIA DE ALCALDIA, BULEVAR DE LA CALA N\u00ba45, 29649 MIJAS COSTA<\/strong> <\/p>\n\n\n\n<p class=\"has-text-align-center\"><strong>TEL.952 58 90 10 \u00b7 FAX 952 59 90 11 &#8211; EMAIL : frd@mijas.es<\/strong><\/p>\n\n\n\n<p><\/p>\n\n\n\n<h3 class=\"wp-block-heading has-text-align-center\"><strong>EL DEPARTAMENTO DE EXTRANJEROS<\/strong><\/h3>\n\n\n\n<div class=\"wp-block-image\"><figure class=\"alignleft size-large is-resized\"><img decoding=\"async\" src=\"https:\/\/www.mijas.es\/wp-content\/uploads\/2024\/01\/Integrantes-Departamento.jpg\" alt=\"\" class=\"wp-image-38280\" width=\"331\" height=\"232\"><\/figure><\/div>\n\n\n\n<p><\/p>\n\n\n\n<p>El Departamento de Extranjeros del Ayuntamiento de Mijas inici\u00f3 su andadura en el a\u00f1o 1985, siendo pionero en Espa\u00f1a, dado su servicio espec\u00edfico. Durante su larga trayectoria ha evolucionado y cada a\u00f1o ha aumentado el servicio de informaci\u00f3n, adapt\u00e1ndose a las necesidades de los extranjeros residentes y turistas residenciales del municipio.<\/p>\n\n\n\n<p><\/p>\n\n\n\n<p><\/p>\n\n\n\n<p><strong>LA POBLACI\u00d3N EXTRANJERA EN MIJAS<\/strong><\/p>\n\n\n\n<p>El municipio de Mijas cuenta hoy con aproximadamente 90.000 personas empadronadas, siendo casi un 40% extranjeros de 125 nacionalidades diferentes, la gran mayor\u00eda brit\u00e1nicos, escandinavos y alemanes. El departamento ayuda y asesora a los extranjeros, facilit\u00e1ndoles la adaptaci\u00f3n a su nuevo entorno y acerc\u00e1ndoles a nuestra cultura. Funciona como nexo con el resto de los servicios municipales, as\u00ed como con la Administraci\u00f3n p\u00fablica en general y otras instituciones y colectivos. El resultado es que m\u00e1s de 22.000 personas utilizan anualmente este servicio, muy apreciado por los extranjeros al ser gratuito, confidencial y totalmente altruista.<\/p>\n\n\n\n<p>A parte de las consultas, el departamento organiza conferencias informativas en ingl\u00e9s, eventos internacionales, proyectos de integraci\u00f3n y violencia de g\u00e9nero. Colaboran con el Cuerpo Consular en M\u00e1laga, los colectivos sociales y medios de comunicaci\u00f3n extranjera, realiza estudios para universidades nacionales e internacionales y mucho m\u00e1s.<\/p>\n\n\n\n<p><\/p>\n\n\n\n<p><\/p>\n\n\n\n<p><strong>LA OFICINA<\/strong><\/p>\n\n\n\n<p>El departamento est\u00e1 situado en la Tenencia de Alcald\u00eda de la Cala y cuenta con dos trabajadoras que dominan cuatro idiomas: espa\u00f1ol, ingl\u00e9s, franc\u00e9s y alem\u00e1n, ofreciendo su servicio de lunes a viernes de 9:00 a 14:00 hrs a trav\u00e9s de cita previa.<\/p>\n\n\n\n<p>El personal adem\u00e1s entiende la mentalidad espa\u00f1ola y la de los extranjeros y generalmente conoce c\u00f3mo funcionan los procedimientos burocr\u00e1ticos en otros pa\u00edses, cosa que es fundamental para resolver sus problemas.<\/p>\n\n\n\n<figure class=\"wp-block-image\"><img decoding=\"async\" class=\"aligncenter is-resized\" src=\"https:\/\/www.mijas.es\/wp-content\/uploads\/2024\/02\/Ubicacion-en-espanol.jpg\" alt=\"Aqui\"><\/figure>\n\n\n<div class=\"wp-block-image\">\n<figure class=\"aligncenter size-large\"><img decoding=\"async\" width=\"200\" height=\"185\" src=\"https:\/\/www.mijas.es\/wp-content\/uploads\/2021\/04\/logo.jpg\" alt=\"\" class=\"wp-image-37525\"\/><\/figure><\/div>\n\n<div class=\"wp-block-image\">\n<figure class=\"aligncenter size-large\"><img decoding=\"async\" width=\"542\" height=\"182\" src=\"https:\/\/www.mijas.es\/wp-content\/uploads\/2021\/04\/Olas.jpg\" alt=\"\" class=\"wp-image-37484\" srcset=\"https:\/\/www.mijas.es\/wp-content\/uploads\/2021\/04\/Olas.jpg 542w, https:\/\/www.mijas.es\/wp-content\/uploads\/2021\/04\/Olas-300x101.jpg 300w\" sizes=\"(max-width: 542px) 100vw, 542px\" \/><\/figure><\/div>\n\n\n<p class=\"has-text-align-center\"><strong><strong>INFORMACI\u00d3N POR CORREO ELECTR\u00d3NICO<\/strong><\/strong><\/p>\n\n\n\n<p class=\"has-text-align-center\"><strong>DEPARTAMENTO EXTRANJEROS<\/strong><\/p>\n\n\n\n<p class=\"has-text-align-center\"><strong>&nbsp;<br>LISTADO DE MAILING<\/strong><br>El Departamento cre\u00f3 hace varios a\u00f1os <strong>un listado de \u201cmailing<\/strong>\u201d al cual los ciudadanos extranjeros pueden apuntarse para recibir informaci\u00f3n en ingl\u00e9s y espa\u00f1ol. Hoy tenemos&nbsp; m\u00e1s de 5000 direcciones en nuestro listado.<br>Enviamos constantemente informaci\u00f3n de las actividades, informaci\u00f3n de inter\u00e9s relevante y cada viernes enviamos el peri\u00f3dico local \u201cMIJAS SEMANAL\u201d con secciones en espa\u00f1ol e ingl\u00e9s. Es&nbsp; una manera f\u00e1cil, r\u00e1pida y econ\u00f3mica de mantenerles informados y si desea ser&nbsp; incluido env\u00edanos un email a:<\/p>\n\n\n\n<h1 class=\"wp-block-heading has-text-align-center\"><a rel=\"noreferrer noopener\" href=\"mailto:frd@mijas.es\" target=\"_blank\"><strong>frd@mijas.es<\/strong><\/a><\/h1>\n\n\n<div class=\"wp-block-image\">\n<figure class=\"aligncenter size-large\"><img decoding=\"async\" width=\"724\" height=\"1024\" src=\"https:\/\/www.mijas.es\/wp-content\/uploads\/2022\/03\/LISTA-DIFUSION-MOVIL-IMPRESION-724x1024.jpg\" alt=\"\" class=\"wp-image-45503\" srcset=\"https:\/\/www.mijas.es\/wp-content\/uploads\/2022\/03\/LISTA-DIFUSION-MOVIL-IMPRESION-724x1024.jpg 724w, https:\/\/www.mijas.es\/wp-content\/uploads\/2022\/03\/LISTA-DIFUSION-MOVIL-IMPRESION-212x300.jpg 212w, https:\/\/www.mijas.es\/wp-content\/uploads\/2022\/03\/LISTA-DIFUSION-MOVIL-IMPRESION-768x1086.jpg 768w, https:\/\/www.mijas.es\/wp-content\/uploads\/2022\/03\/LISTA-DIFUSION-MOVIL-IMPRESION-1086x1536.jpg 1086w, https:\/\/www.mijas.es\/wp-content\/uploads\/2022\/03\/LISTA-DIFUSION-MOVIL-IMPRESION-1448x2048.jpg 1448w, https:\/\/www.mijas.es\/wp-content\/uploads\/2022\/03\/LISTA-DIFUSION-MOVIL-IMPRESION-scaled.jpg 1810w\" sizes=\"(max-width: 724px) 100vw, 724px\" \/><\/figure><\/div>\n\n\n<p class=\"has-small-font-size\">Protecci\u00f3n de datos<\/p>\n\n\n\n<p class=\"has-small-font-size\"> Cuando active el servicio de alerta informativa para recibir las comunicaciones municipales en su m\u00f3vil por medio de la aplicaci\u00f3n de WhatsApp, su n\u00famero de tel\u00e9fono ser\u00e1 incorporado a un fichero responsabilidad del Ayuntamiento de Mijas, al que pertenece el departamento de extranjeros, con domicilio en Bulevar de La Cala n\u00ba 45, 29649 Mijas Costa (M\u00e1laga), con la finalidad de remitirle dicha informaci\u00f3n.  <\/p>\n\n\n\n<p class=\"has-small-font-size\"> La base jur\u00eddica que legitima el tratamiento es su consentimiento prestado mediante el mecanismo de ALTA en el servicio de alertas por WhatsApp.  <\/p>\n\n\n\n<p class=\"has-small-font-size\"> Los datos ser\u00e1n tratados de forma indefinida hasta que usted decida darse de baja en el servicio mediante el env\u00edo de la palabra BAJA.  <\/p>\n\n\n\n<p class=\"has-small-font-size\"> En todo momento podr\u00e1 ejercer sus derechos de acceso, rectificaci\u00f3n, supresi\u00f3n, oposici\u00f3n, limitaci\u00f3n y portabilidad a trav\u00e9s de correo postal al domicilio indicado, aportando copia de su DNI o documento equivalente, su n\u00famero de tel\u00e9fono y su condici\u00f3n de usuario del servicio de alerta informativa del departamento de extranjeros por WhatsApp.  <\/p>\n\n\n\n<p class=\"has-small-font-size\"> En caso de considerar vulnerado su derecho a la protecci\u00f3n de datos, podr\u00e1 interponer una reclamaci\u00f3n ante la Agencia Espa\u00f1ola de Protecci\u00f3n de Datos (www.aepd.es) o ante el Delegado de Protecci\u00f3n de Datos del Ayuntamiento de Mijas al que pertenece el departamento de extranjeros.  <\/p>\n\n\n\n<p class=\"has-small-font-size\"> Para poder activar el servicio, previamente debe ser usuario de WhatsApp, lo que implica que acepta las condiciones legales de dicha aplicaci\u00f3n (https:\/\/www.whatsapp.com\/legal) y los tratamientos realizados por WhatsApp, incluyendo las confirmaciones de recepci\u00f3n y lectura de los mensajes, que puede configurar en cualquier momento.  <\/p>\n\n\n\n<p class=\"has-small-font-size\"> Si tiene alguna duda al respecto, puede consultar las preguntas frecuentes de WhatsApp (https:\/\/faq.whatsapp.com\/). El departamento de extranjeros no asume la responsabilidad por los tratamientos que realice WhatsApp.  <\/p>\n\n\n<div class=\"wp-block-image\">\n<figure class=\"aligncenter size-large\"><img decoding=\"async\" width=\"542\" height=\"182\" src=\"https:\/\/www.mijas.es\/wp-content\/uploads\/2021\/04\/Olas-1.jpg\" alt=\"\" class=\"wp-image-37487\" srcset=\"https:\/\/www.mijas.es\/wp-content\/uploads\/2021\/04\/Olas-1.jpg 542w, https:\/\/www.mijas.es\/wp-content\/uploads\/2021\/04\/Olas-1-300x101.jpg 300w\" sizes=\"(max-width: 542px) 100vw, 542px\" \/><\/figure><\/div>\n\n\n<h2 class=\"wp-block-heading has-text-align-center has-vivid-cyan-blue-color has-text-color\">ESTAMOS EN FACEBOOK<\/h2>\n\n\n<div class=\"wp-block-image\">\n<figure class=\"aligncenter size-large\"><a href=\"https:\/\/es-es.facebook.com\/frd.ayuntamientodemijas\" target=\"_blank\" rel=\"noopener\"><img decoding=\"async\" width=\"144\" height=\"137\" src=\"https:\/\/www.mijas.es\/wp-content\/uploads\/2021\/04\/facebook.jpg\" alt=\"\" class=\"wp-image-37491\"\/><\/a><\/figure><\/div>","protected":false},"excerpt":{"rendered":"<p>TENENCIA DE ALCALDIA, BULEVAR DE LA CALA N\u00ba45, 29649 MIJAS COSTA TEL.952 58 90 10 \u00b7 FAX 952 59 90 11 &#8211; EMAIL : frd@mijas.es EL DEPARTAMENTO DE EXTRANJEROS El Departamento de Extranjeros del Ayuntamiento de Mijas inici\u00f3 su andadura en el a\u00f1o 1985, siendo pionero en Espa\u00f1a, dado su servicio espec\u00edfico. Durante su larga [&hellip;]<\/p>\n","protected":false},"author":4,"featured_media":13282,"parent":0,"menu_order":0,"comment_status":"closed","ping_status":"closed","template":"page-departamental.php","meta":[],"_links":{"self":[{"href":"https:\/\/www.mijas.es\/portal\/wp-json\/wp\/v2\/pages\/13273"}],"collection":[{"href":"https:\/\/www.mijas.es\/portal\/wp-json\/wp\/v2\/pages"}],"about":[{"href":"https:\/\/www.mijas.es\/portal\/wp-json\/wp\/v2\/types\/page"}],"author":[{"embeddable":true,"href":"https:\/\/www.mijas.es\/portal\/wp-json\/wp\/v2\/users\/4"}],"replies":[{"embeddable":true,"href":"https:\/\/www.mijas.es\/portal\/wp-json\/wp\/v2\/comments?post=13273"}],"version-history":[{"count":144,"href":"https:\/\/www.mijas.es\/portal\/wp-json\/wp\/v2\/pages\/13273\/revisions"}],"predecessor-version":[{"id":55594,"href":"https:\/\/www.mijas.es\/portal\/wp-json\/wp\/v2\/pages\/13273\/revisions\/55594"}],"wp:featuredmedia":[{"embeddable":true,"href":"https:\/\/www.mijas.es\/portal\/wp-json\/wp\/v2\/media\/13282"}],"wp:attachment":[{"href":"https:\/\/www.mijas.es\/portal\/wp-json\/wp\/v2\/media?parent=13273"}],"curies":[{"name":"wp","href":"https:\/\/api.w.org\/{rel}","templated":true}]}}