{"id":13245,"date":"2019-03-22T08:45:08","date_gmt":"2019-03-22T08:45:08","guid":{"rendered":"http:\/\/192.168.0.42\/?page_id=13245"},"modified":"2019-03-22T08:45:08","modified_gmt":"2019-03-22T08:45:08","slug":"telefonos-de-interes","status":"publish","type":"page","link":"https:\/\/www.mijas.es\/portal\/juventud\/telefonos-de-interes\/","title":{"rendered":"Tel\u00e9fonos de inter\u00e9s"},"content":{"rendered":"\n<p>\n\t<strong>Informaci\u00f3n juvenil<\/strong>.<br>\n\tDe 8 a 16 horas de lunes a jueves.<br>\n\tDe 8 a 15 horas los viernes.<br>\n\t901 400 040<\/p>\n\n\n\n<p>\n\t<br>\n\t<strong>Informaci\u00f3n sobre la vivienda para j\u00f3venes<\/strong>.<br>\n\tDe 8 a 16 horas de lunes a jueves.<br>\n\tDe 8 a 15 horas los viernes.<br>\n\t901 400 040<br>\n\t<br>\n\t<strong>Informaci\u00f3n sexual para j\u00f3venes<\/strong>.<br>\n\tDe L a J de 11 a 14 y de 17 a 20<br>\n\thoras. De V a D de 17 a 23 horas,<br>\n\tincluidos los d\u00edas festivos.<br>\n\t901 406 969 desde tlf. fijos<br>\n\t905 035 053 desde m\u00f3viles.<br>\n\t<br>\n\t<strong>Informaci\u00f3n a la mujer 24 horas<\/strong><br>\n\t900 200 999<br>\n\t<br>\n\t<strong>Informaci\u00f3n del sida<\/strong>.<br>\n\tDe 8 a 15 horas de lunes a viernes<br>\n\t900 850 100<br>\n\t<br>\n\t<strong>Informaci\u00f3n sobre drogas<\/strong>.<br>\n\tDe 8 a 15 horas de lunes a viernes<br>\n\t900 845 040<br>\n\t<br>\n\t<strong>Tel\u00e9fono \u00fanico de Emergencias 112<\/strong><br>\n\t112<br>\n\t<br>\n\t<strong>\u00danico de Urgencias<\/strong>.<br>\n\t902 505 061<br>\n\t<br>\n\t<strong>Informaci\u00f3n administrativa al ciudadano<\/strong><br>\n\t902 505 505<br>\n\t<br>\n\t<strong>Informaci\u00f3n sobre el tabaco<\/strong>.<br>\n\tDe 17 a 21 horas de lunes a viernes<br>\n\t900 850 300<br>\n\t<br>\n\t<strong>Tel\u00e9fono Del consumidor<\/strong><br>\n\t900 849 090<br>\n\t<br>\n\t<strong>Malos tratos infantiles<\/strong>.<br>\n\t900 851 818<br>\n\t<br>\n\t<strong>Denuncia de malos tratos a mayores<\/strong>.<br>\n\t900 858 381<br>\n\t<br>\n\t<strong>Instituto Andaluz de la Juventud de M\u00e1laga<\/strong><br>\n\t951 040 919<br>\n\t951 040 920 Fax<br>\n\t<br>\n\t<\/p>\n\n\n\n<p>\n\t<strong>Tesorer\u00eda General de la Seguridad Social<\/strong><br>\n        952 467 551<br>\n\t<br>\n\t<strong>Oficina SAE Fuengirola<\/strong>.<br>\n        951 269 337<br>\n\t<br>\n\t<strong>Ayuda al Alquier y Vivienda<\/strong>.<br>\n\tDe lunes a viernes de 9 a 14 horas.<br>\n        951 017 937 (solicitud de impresos)<br>\n\t951 037 708 (presentaci\u00f3n de impresos)<br>\n\t<br>\n\t<strong>Centro de empleo para j\u00f3venes<\/strong>.<br>\n        952 300 500<br>\n\t<br>\n\t<strong>Centro INJUVE de Salud Sexual<\/strong><br>\n        91 3637595<br>\n\t<a href=\"http:\/\/www.sexualidadinjuve.es\">www.sexualidadinjuve.es<\/a> <\/p>\n","protected":false},"excerpt":{"rendered":"<p>Informaci\u00f3n juvenil. De 8 a 16 horas de lunes a jueves. De 8 a 15 horas los viernes. 901 400 040 Informaci\u00f3n sobre la vivienda para j\u00f3venes. De 8 a 16 horas de lunes a jueves. De 8 a 15 horas los viernes. 901 400 040 Informaci\u00f3n sexual para j\u00f3venes. De L a J de [&hellip;]<\/p>\n","protected":false},"author":4,"featured_media":13059,"parent":13036,"menu_order":0,"comment_status":"closed","ping_status":"closed","template":"page-departamental.php","meta":[],"_links":{"self":[{"href":"https:\/\/www.mijas.es\/portal\/wp-json\/wp\/v2\/pages\/13245"}],"collection":[{"href":"https:\/\/www.mijas.es\/portal\/wp-json\/wp\/v2\/pages"}],"about":[{"href":"https:\/\/www.mijas.es\/portal\/wp-json\/wp\/v2\/types\/page"}],"author":[{"embeddable":true,"href":"https:\/\/www.mijas.es\/portal\/wp-json\/wp\/v2\/users\/4"}],"replies":[{"embeddable":true,"href":"https:\/\/www.mijas.es\/portal\/wp-json\/wp\/v2\/comments?post=13245"}],"version-history":[{"count":1,"href":"https:\/\/www.mijas.es\/portal\/wp-json\/wp\/v2\/pages\/13245\/revisions"}],"predecessor-version":[{"id":13246,"href":"https:\/\/www.mijas.es\/portal\/wp-json\/wp\/v2\/pages\/13245\/revisions\/13246"}],"up":[{"embeddable":true,"href":"https:\/\/www.mijas.es\/portal\/wp-json\/wp\/v2\/pages\/13036"}],"wp:featuredmedia":[{"embeddable":true,"href":"https:\/\/www.mijas.es\/portal\/wp-json\/wp\/v2\/media\/13059"}],"wp:attachment":[{"href":"https:\/\/www.mijas.es\/portal\/wp-json\/wp\/v2\/media?parent=13245"}],"curies":[{"name":"wp","href":"https:\/\/api.w.org\/{rel}","templated":true}]}}