{"id":13099,"date":"2019-03-21T09:36:03","date_gmt":"2019-03-21T09:36:03","guid":{"rendered":"http:\/\/192.168.0.42\/?page_id=13099"},"modified":"2019-03-21T09:36:03","modified_gmt":"2019-03-21T09:36:03","slug":"corresponsales-juveniles","status":"publish","type":"page","link":"https:\/\/www.mijas.es\/portal\/juventud\/corresponsales-juveniles\/","title":{"rendered":"Corresponsales juveniles"},"content":{"rendered":"\n<p>\n\t<strong>\u00bfQu\u00e9 es un Corresponsal Juvenil?<\/strong><\/p>\n\n\n\n<p>\n\tUn corresponsal juvenil es aquel joven que de forma voluntaria y responsable\n dedica parte de su tiempo libre a informar y orienta a otros j\u00f3venes en\n sus Centros Educativos, Asociaciones de vecinos, Asociaciones \nJuveniles, Locales de Ocio y de Recreo, etc., es decir, difunde la \ninformaci\u00f3n de joven a joven y colabora con el Centro de Informaci\u00f3n \nJuvenil de su municipio.<\/p>\n\n\n\n<p>\n\t<strong>\u00bfQuieres ser un Corresponsal Juvenil?<\/strong><\/p>\n\n\n\n<p>\n\tSi eres un \njoven comprometido con los las inquietudes y problemas que rodean a los \nj\u00f3venes y quieres formar parte de manera voluntaria para orientar e \ninformar a otros j\u00f3venes. S\u00f3lo tienes pasarte por tu centro de informaci\u00f3n juvenil y traer una fotocopia de t\u00fa DNI y una foto tama\u00f1o carnet (actual).<\/p>\n","protected":false},"excerpt":{"rendered":"<p>\u00bfQu\u00e9 es un Corresponsal Juvenil? Un corresponsal juvenil es aquel joven que de forma voluntaria y responsable dedica parte de su tiempo libre a informar y orienta a otros j\u00f3venes en sus Centros Educativos, Asociaciones de vecinos, Asociaciones Juveniles, Locales de Ocio y de Recreo, etc., es decir, difunde la informaci\u00f3n de joven a joven [&hellip;]<\/p>\n","protected":false},"author":4,"featured_media":13059,"parent":13036,"menu_order":0,"comment_status":"closed","ping_status":"closed","template":"page-departamental.php","meta":[],"_links":{"self":[{"href":"https:\/\/www.mijas.es\/portal\/wp-json\/wp\/v2\/pages\/13099"}],"collection":[{"href":"https:\/\/www.mijas.es\/portal\/wp-json\/wp\/v2\/pages"}],"about":[{"href":"https:\/\/www.mijas.es\/portal\/wp-json\/wp\/v2\/types\/page"}],"author":[{"embeddable":true,"href":"https:\/\/www.mijas.es\/portal\/wp-json\/wp\/v2\/users\/4"}],"replies":[{"embeddable":true,"href":"https:\/\/www.mijas.es\/portal\/wp-json\/wp\/v2\/comments?post=13099"}],"version-history":[{"count":1,"href":"https:\/\/www.mijas.es\/portal\/wp-json\/wp\/v2\/pages\/13099\/revisions"}],"predecessor-version":[{"id":13100,"href":"https:\/\/www.mijas.es\/portal\/wp-json\/wp\/v2\/pages\/13099\/revisions\/13100"}],"up":[{"embeddable":true,"href":"https:\/\/www.mijas.es\/portal\/wp-json\/wp\/v2\/pages\/13036"}],"wp:featuredmedia":[{"embeddable":true,"href":"https:\/\/www.mijas.es\/portal\/wp-json\/wp\/v2\/media\/13059"}],"wp:attachment":[{"href":"https:\/\/www.mijas.es\/portal\/wp-json\/wp\/v2\/media?parent=13099"}],"curies":[{"name":"wp","href":"https:\/\/api.w.org\/{rel}","templated":true}]}}