{"id":13093,"date":"2019-03-21T09:18:03","date_gmt":"2019-03-21T09:18:03","guid":{"rendered":"http:\/\/192.168.0.42\/?page_id=13093"},"modified":"2019-03-21T09:35:21","modified_gmt":"2019-03-21T09:35:21","slug":"carnet-joven","status":"publish","type":"page","link":"https:\/\/www.mijas.es\/portal\/juventud\/carnet-joven\/","title":{"rendered":"Carnet joven"},"content":{"rendered":"\n<p>Con el<strong> carnet joven<\/strong> obtendr\u00e1s multitud de descuentos  en una gran variedad de comercios y servicios. Es v\u00e1lido en m\u00e1s de 40  pa\u00edses y con \u00e9l disfrutar\u00e1s de todo lo que te interesa: viajes, ocio,  cultura, ense\u00f1anza, ventajas financieras&#8230; con las mejores condiciones.<\/p>\n\n\n\n<p>Su precio es de 6 \u20ac y podr\u00e1s disfrutar de sus ventajas de manera  ininterrumpida desde el d\u00eda de su expedici\u00f3n hasta que cumplas los 30  a\u00f1os<\/p>\n\n\n\n<p>\n\tLos requisitos para disfrutar del&nbsp;<strong>carnet joven<\/strong>&nbsp;son:<\/p>\n\n\n\n<ol><li>\n\t\tTener entre 14 y 30 a\u00f1os<\/li><li>\n\t\tSer Andaluz o residente en Andaluc\u00eda, o miembro de alguna comunidad \nandaluza asentada fuera de Andaluc\u00eda y oficialmente reconocida por el \nConsejo de Gobierno Andaluz.<\/li><\/ol>\n\n\n\n<h5 class=\"wp-block-heading\">\n\t<strong>\u00bfD\u00f3nde puedo conseguir m\u00ed Carnet Joven?<\/strong><\/h5>\n\n\n\n<ul><li>\n\t\tEn las Direcciones Provinciales del Instituto Andaluz de la Juventud.<\/li><li>\n\t\tEn los Centros de Informaci\u00f3n Juvenil de t\u00fa localidad.<\/li><li>\n\t\tEn la Red de oficinas de las Cajas de Ahorros Andaluzas (CajaSur, CajaSol, Unicaja, Caja Granada y Caja Jaen)<\/li><li>\n\t\tEn la red: \u201cCarnet Joven On-line\u201d<\/li><\/ul>\n\n\n\n<p>M\u00e1s informaci\u00f3n en la web:<br><a href=\"https:\/\/ws101.juntadeandalucia.es\/portalcj\/\">https:\/\/ws101.juntadeandalucia.es\/portalcj\/<br><\/a><\/p>\n","protected":false},"excerpt":{"rendered":"<p>Con el carnet joven obtendr\u00e1s multitud de descuentos en una gran variedad de comercios y servicios. Es v\u00e1lido en m\u00e1s de 40 pa\u00edses y con \u00e9l disfrutar\u00e1s de todo lo que te interesa: viajes, ocio, cultura, ense\u00f1anza, ventajas financieras&#8230; con las mejores condiciones. Su precio es de 6 \u20ac y podr\u00e1s disfrutar de sus ventajas [&hellip;]<\/p>\n","protected":false},"author":4,"featured_media":13059,"parent":13036,"menu_order":0,"comment_status":"closed","ping_status":"closed","template":"page-departamental.php","meta":[],"_links":{"self":[{"href":"https:\/\/www.mijas.es\/portal\/wp-json\/wp\/v2\/pages\/13093"}],"collection":[{"href":"https:\/\/www.mijas.es\/portal\/wp-json\/wp\/v2\/pages"}],"about":[{"href":"https:\/\/www.mijas.es\/portal\/wp-json\/wp\/v2\/types\/page"}],"author":[{"embeddable":true,"href":"https:\/\/www.mijas.es\/portal\/wp-json\/wp\/v2\/users\/4"}],"replies":[{"embeddable":true,"href":"https:\/\/www.mijas.es\/portal\/wp-json\/wp\/v2\/comments?post=13093"}],"version-history":[{"count":3,"href":"https:\/\/www.mijas.es\/portal\/wp-json\/wp\/v2\/pages\/13093\/revisions"}],"predecessor-version":[{"id":13098,"href":"https:\/\/www.mijas.es\/portal\/wp-json\/wp\/v2\/pages\/13093\/revisions\/13098"}],"up":[{"embeddable":true,"href":"https:\/\/www.mijas.es\/portal\/wp-json\/wp\/v2\/pages\/13036"}],"wp:featuredmedia":[{"embeddable":true,"href":"https:\/\/www.mijas.es\/portal\/wp-json\/wp\/v2\/media\/13059"}],"wp:attachment":[{"href":"https:\/\/www.mijas.es\/portal\/wp-json\/wp\/v2\/media?parent=13093"}],"curies":[{"name":"wp","href":"https:\/\/api.w.org\/{rel}","templated":true}]}}