{"id":13088,"date":"2019-03-21T09:09:35","date_gmt":"2019-03-21T09:09:35","guid":{"rendered":"http:\/\/192.168.0.42\/?page_id=13088"},"modified":"2026-02-09T12:19:13","modified_gmt":"2026-02-09T11:19:13","slug":"agenda-de-actividades","status":"publish","type":"page","link":"https:\/\/www.mijas.es\/portal\/juventud\/agenda-de-actividades\/","title":{"rendered":"Agenda de Actividades"},"content":{"rendered":"\n<figure class=\"wp-block-image size-large\"><img decoding=\"async\" width=\"724\" height=\"1024\" src=\"https:\/\/www.mijas.es\/wp-content\/uploads\/2026\/02\/CARTEL-MIJAS-JJE26-724x1024.png\" alt=\"\" class=\"wp-image-63480\" srcset=\"https:\/\/www.mijas.es\/wp-content\/uploads\/2026\/02\/CARTEL-MIJAS-JJE26-724x1024.png 724w, https:\/\/www.mijas.es\/wp-content\/uploads\/2026\/02\/CARTEL-MIJAS-JJE26-212x300.png 212w, https:\/\/www.mijas.es\/wp-content\/uploads\/2026\/02\/CARTEL-MIJAS-JJE26-768x1086.png 768w, https:\/\/www.mijas.es\/wp-content\/uploads\/2026\/02\/CARTEL-MIJAS-JJE26-1086x1536.png 1086w, https:\/\/www.mijas.es\/wp-content\/uploads\/2026\/02\/CARTEL-MIJAS-JJE26.png 1414w\" sizes=\"(max-width: 724px) 100vw, 724px\" \/><\/figure>\n\n\n\n<figure class=\"wp-block-image size-large\"><img decoding=\"async\" width=\"820\" height=\"1024\" src=\"https:\/\/www.mijas.es\/wp-content\/uploads\/2026\/02\/PROGRAMA-820x1024.jpeg\" alt=\"\" class=\"wp-image-63481\" srcset=\"https:\/\/www.mijas.es\/wp-content\/uploads\/2026\/02\/PROGRAMA-820x1024.jpeg 820w, https:\/\/www.mijas.es\/wp-content\/uploads\/2026\/02\/PROGRAMA-240x300.jpeg 240w, https:\/\/www.mijas.es\/wp-content\/uploads\/2026\/02\/PROGRAMA-768x959.jpeg 768w, https:\/\/www.mijas.es\/wp-content\/uploads\/2026\/02\/PROGRAMA.jpeg 1170w\" sizes=\"(max-width: 820px) 100vw, 820px\" \/><\/figure>\n\n\n\n<p>Inscripcion &#8211; <a href=\"https:\/\/jornadasjovenesemprendedores.com\/#asistir\" target=\"_blank\" rel=\"noreferrer noopener\">Aqu\u00ed<\/a><\/p>\n\n\n\n<hr class=\"wp-block-separator has-alpha-channel-opacity\"\/>\n\n\n\n<figure class=\"wp-block-image size-large\"><img decoding=\"async\" width=\"724\" height=\"1024\" src=\"https:\/\/www.mijas.es\/wp-content\/uploads\/2025\/09\/CARTEL--724x1024.jpeg\" alt=\"\" class=\"wp-image-62075\" srcset=\"https:\/\/www.mijas.es\/wp-content\/uploads\/2025\/09\/CARTEL--724x1024.jpeg 724w, https:\/\/www.mijas.es\/wp-content\/uploads\/2025\/09\/CARTEL--212x300.jpeg 212w, https:\/\/www.mijas.es\/wp-content\/uploads\/2025\/09\/CARTEL--768x1086.jpeg 768w, https:\/\/www.mijas.es\/wp-content\/uploads\/2025\/09\/CARTEL--1086x1536.jpeg 1086w, https:\/\/www.mijas.es\/wp-content\/uploads\/2025\/09\/CARTEL-.jpeg 1131w\" sizes=\"(max-width: 724px) 100vw, 724px\" \/><\/figure>\n\n\n\n<hr class=\"wp-block-separator has-alpha-channel-opacity\"\/>\n\n\n\n<figure class=\"wp-block-image size-large\"><img decoding=\"async\" width=\"724\" height=\"1024\" src=\"https:\/\/www.mijas.es\/wp-content\/uploads\/2025\/06\/CARTEL-DEFINITIVO1-724x1024.png\" alt=\"\" class=\"wp-image-61687\" srcset=\"https:\/\/www.mijas.es\/wp-content\/uploads\/2025\/06\/CARTEL-DEFINITIVO1-724x1024.png 724w, https:\/\/www.mijas.es\/wp-content\/uploads\/2025\/06\/CARTEL-DEFINITIVO1-212x300.png 212w, https:\/\/www.mijas.es\/wp-content\/uploads\/2025\/06\/CARTEL-DEFINITIVO1-768x1086.png 768w, https:\/\/www.mijas.es\/wp-content\/uploads\/2025\/06\/CARTEL-DEFINITIVO1-1086x1536.png 1086w, https:\/\/www.mijas.es\/wp-content\/uploads\/2025\/06\/CARTEL-DEFINITIVO1.png 1414w\" sizes=\"(max-width: 724px) 100vw, 724px\" \/><\/figure>\n\n\n\n<hr class=\"wp-block-separator has-alpha-channel-opacity\"\/>\n\n\n\n<figure class=\"wp-block-image size-large\"><img decoding=\"async\" width=\"724\" height=\"1024\" src=\"https:\/\/www.mijas.es\/wp-content\/uploads\/2025\/06\/CARTEL-DEFINITIVO-724x1024.png\" alt=\"\" class=\"wp-image-61660\" srcset=\"https:\/\/www.mijas.es\/wp-content\/uploads\/2025\/06\/CARTEL-DEFINITIVO-724x1024.png 724w, https:\/\/www.mijas.es\/wp-content\/uploads\/2025\/06\/CARTEL-DEFINITIVO-212x300.png 212w, https:\/\/www.mijas.es\/wp-content\/uploads\/2025\/06\/CARTEL-DEFINITIVO-768x1086.png 768w, https:\/\/www.mijas.es\/wp-content\/uploads\/2025\/06\/CARTEL-DEFINITIVO-1086x1536.png 1086w, https:\/\/www.mijas.es\/wp-content\/uploads\/2025\/06\/CARTEL-DEFINITIVO.png 1414w\" sizes=\"(max-width: 724px) 100vw, 724px\" \/><\/figure>\n\n\n\n<hr class=\"wp-block-separator has-alpha-channel-opacity\"\/>\n\n\n\n<figure class=\"wp-block-image size-large\"><img decoding=\"async\" width=\"724\" height=\"1024\" src=\"https:\/\/www.mijas.es\/wp-content\/uploads\/2025\/05\/CARTELBUSFREAKCON-724x1024.png\" alt=\"\" class=\"wp-image-61277\" srcset=\"https:\/\/www.mijas.es\/wp-content\/uploads\/2025\/05\/CARTELBUSFREAKCON-724x1024.png 724w, https:\/\/www.mijas.es\/wp-content\/uploads\/2025\/05\/CARTELBUSFREAKCON-212x300.png 212w, https:\/\/www.mijas.es\/wp-content\/uploads\/2025\/05\/CARTELBUSFREAKCON-768x1086.png 768w, https:\/\/www.mijas.es\/wp-content\/uploads\/2025\/05\/CARTELBUSFREAKCON-1086x1536.png 1086w, https:\/\/www.mijas.es\/wp-content\/uploads\/2025\/05\/CARTELBUSFREAKCON-1448x2048.png 1448w, https:\/\/www.mijas.es\/wp-content\/uploads\/2025\/05\/CARTELBUSFREAKCON.png 1587w\" sizes=\"(max-width: 724px) 100vw, 724px\" \/><\/figure>\n\n\n\n<hr class=\"wp-block-separator has-alpha-channel-opacity\"\/>\n\n\n\n<p>\u00bfTe gustan los juegos de rol?<br>Acomp\u00e1\u00f1anos a resolver un misterio donde nada es lo que parece.<br>* 1 DE MAYO<br>* 16:30<br>* TEATRO MANUEL ESPA\u00d1A<br>Actividad recomendada para mayores de 14 a\u00f1os.<br>Formulario de inscripci\u00f3n: <a href=\"https:\/\/forms.gle\/1o3o6rn4E6GbTFGd9\">https:\/\/forms.gle\/1o3o6rn4E6GbTFGd9<\/a><br>Plazas limitadas.<\/p>\n\n\n\n<figure class=\"wp-block-image size-large\"><img decoding=\"async\" width=\"819\" height=\"1024\" src=\"https:\/\/www.mijas.es\/wp-content\/uploads\/2025\/04\/CARTEL-819x1024.png\" alt=\"\" class=\"wp-image-61046\" srcset=\"https:\/\/www.mijas.es\/wp-content\/uploads\/2025\/04\/CARTEL-819x1024.png 819w, https:\/\/www.mijas.es\/wp-content\/uploads\/2025\/04\/CARTEL-240x300.png 240w, https:\/\/www.mijas.es\/wp-content\/uploads\/2025\/04\/CARTEL-768x960.png 768w, https:\/\/www.mijas.es\/wp-content\/uploads\/2025\/04\/CARTEL.png 1080w\" sizes=\"(max-width: 819px) 100vw, 819px\" \/><\/figure>\n\n\n\n<hr class=\"wp-block-separator has-alpha-channel-opacity\"\/>\n\n\n\n<figure class=\"wp-block-image size-large\"><img decoding=\"async\" width=\"768\" height=\"1024\" src=\"https:\/\/www.mijas.es\/wp-content\/uploads\/2025\/02\/Cartel-anuncio-QR-768x1024.png\" alt=\"\" class=\"wp-image-60219\" srcset=\"https:\/\/www.mijas.es\/wp-content\/uploads\/2025\/02\/Cartel-anuncio-QR-768x1024.png 768w, https:\/\/www.mijas.es\/wp-content\/uploads\/2025\/02\/Cartel-anuncio-QR-225x300.png 225w, https:\/\/www.mijas.es\/wp-content\/uploads\/2025\/02\/Cartel-anuncio-QR-1152x1536.png 1152w, https:\/\/www.mijas.es\/wp-content\/uploads\/2025\/02\/Cartel-anuncio-QR-1536x2048.png 1536w\" sizes=\"(max-width: 768px) 100vw, 768px\" \/><\/figure>\n\n\n\n<ul>\n<li>Solicitud &#8211; <a href=\"http:\/\/www.mijas.es\/wp-content\/uploads\/2025\/02\/SOLICITUD%20DE%20PARTICIPACI%C3%93N.pdf\" target=\"_blank\" rel=\"noreferrer noopener\">Descargar<\/a><\/li>\n<\/ul>\n\n\n\n<hr class=\"wp-block-separator has-alpha-channel-opacity\"\/>\n\n\n<div class=\"wp-block-image\">\n<figure class=\"aligncenter size-large is-resized\"><img decoding=\"async\" src=\"https:\/\/www.mijas.es\/wp-content\/uploads\/2024\/08\/MIJAS-JOVEN-724x1024.png\" alt=\"\" class=\"wp-image-57982\" width=\"786\" height=\"1112\" srcset=\"https:\/\/www.mijas.es\/wp-content\/uploads\/2024\/08\/MIJAS-JOVEN-724x1024.png 724w, https:\/\/www.mijas.es\/wp-content\/uploads\/2024\/08\/MIJAS-JOVEN-212x300.png 212w, https:\/\/www.mijas.es\/wp-content\/uploads\/2024\/08\/MIJAS-JOVEN-768x1086.png 768w, https:\/\/www.mijas.es\/wp-content\/uploads\/2024\/08\/MIJAS-JOVEN-1086x1536.png 1086w, https:\/\/www.mijas.es\/wp-content\/uploads\/2024\/08\/MIJAS-JOVEN.png 1414w\" sizes=\"(max-width: 786px) 100vw, 786px\" \/><\/figure><\/div>\n\n\n<hr class=\"wp-block-separator has-alpha-channel-opacity\"\/>\n\n\n<div class=\"wp-block-image\">\n<figure class=\"aligncenter size-large is-resized\"><img decoding=\"async\" src=\"https:\/\/www.mijas.es\/wp-content\/uploads\/2024\/07\/territorio-juventud-2024-724x1024.png\" alt=\"\" class=\"wp-image-57449\" width=\"792\" height=\"1120\" srcset=\"https:\/\/www.mijas.es\/wp-content\/uploads\/2024\/07\/territorio-juventud-2024-724x1024.png 724w, https:\/\/www.mijas.es\/wp-content\/uploads\/2024\/07\/territorio-juventud-2024-212x300.png 212w, https:\/\/www.mijas.es\/wp-content\/uploads\/2024\/07\/territorio-juventud-2024-768x1086.png 768w, https:\/\/www.mijas.es\/wp-content\/uploads\/2024\/07\/territorio-juventud-2024-1086x1536.png 1086w, https:\/\/www.mijas.es\/wp-content\/uploads\/2024\/07\/territorio-juventud-2024.png 1414w\" sizes=\"(max-width: 792px) 100vw, 792px\" \/><\/figure><\/div>\n\n\n<hr class=\"wp-block-separator has-alpha-channel-opacity\"\/>\n\n\n<div class=\"wp-block-image\">\n<figure class=\"aligncenter size-large is-resized\"><img decoding=\"async\" src=\"https:\/\/www.mijas.es\/wp-content\/uploads\/2024\/07\/CARTEL-cine-2024-724x1024.png\" alt=\"\" class=\"wp-image-57438\" width=\"788\" height=\"1115\" srcset=\"https:\/\/www.mijas.es\/wp-content\/uploads\/2024\/07\/CARTEL-cine-2024-724x1024.png 724w, https:\/\/www.mijas.es\/wp-content\/uploads\/2024\/07\/CARTEL-cine-2024-212x300.png 212w, https:\/\/www.mijas.es\/wp-content\/uploads\/2024\/07\/CARTEL-cine-2024-768x1086.png 768w, https:\/\/www.mijas.es\/wp-content\/uploads\/2024\/07\/CARTEL-cine-2024-1086x1536.png 1086w, https:\/\/www.mijas.es\/wp-content\/uploads\/2024\/07\/CARTEL-cine-2024.png 1414w\" sizes=\"(max-width: 788px) 100vw, 788px\" \/><\/figure><\/div>","protected":false},"excerpt":{"rendered":"<p>Inscripcion &#8211; Aqu\u00ed \u00bfTe gustan los juegos de rol?Acomp\u00e1\u00f1anos a resolver un misterio donde nada es lo que parece.* 1 DE MAYO* 16:30* TEATRO MANUEL ESPA\u00d1AActividad recomendada para mayores de 14 a\u00f1os.Formulario de inscripci\u00f3n: https:\/\/forms.gle\/1o3o6rn4E6GbTFGd9Plazas limitadas.<\/p>\n","protected":false},"author":4,"featured_media":13059,"parent":13036,"menu_order":0,"comment_status":"closed","ping_status":"closed","template":"page-departamental.php","meta":[],"_links":{"self":[{"href":"https:\/\/www.mijas.es\/portal\/wp-json\/wp\/v2\/pages\/13088"}],"collection":[{"href":"https:\/\/www.mijas.es\/portal\/wp-json\/wp\/v2\/pages"}],"about":[{"href":"https:\/\/www.mijas.es\/portal\/wp-json\/wp\/v2\/types\/page"}],"author":[{"embeddable":true,"href":"https:\/\/www.mijas.es\/portal\/wp-json\/wp\/v2\/users\/4"}],"replies":[{"embeddable":true,"href":"https:\/\/www.mijas.es\/portal\/wp-json\/wp\/v2\/comments?post=13088"}],"version-history":[{"count":44,"href":"https:\/\/www.mijas.es\/portal\/wp-json\/wp\/v2\/pages\/13088\/revisions"}],"predecessor-version":[{"id":63482,"href":"https:\/\/www.mijas.es\/portal\/wp-json\/wp\/v2\/pages\/13088\/revisions\/63482"}],"up":[{"embeddable":true,"href":"https:\/\/www.mijas.es\/portal\/wp-json\/wp\/v2\/pages\/13036"}],"wp:featuredmedia":[{"embeddable":true,"href":"https:\/\/www.mijas.es\/portal\/wp-json\/wp\/v2\/media\/13059"}],"wp:attachment":[{"href":"https:\/\/www.mijas.es\/portal\/wp-json\/wp\/v2\/media?parent=13088"}],"curies":[{"name":"wp","href":"https:\/\/api.w.org\/{rel}","templated":true}]}}