{"id":13036,"date":"2019-03-20T12:11:50","date_gmt":"2019-03-20T12:11:50","guid":{"rendered":"http:\/\/192.168.0.42\/?page_id=13036"},"modified":"2026-04-07T09:25:18","modified_gmt":"2026-04-07T08:25:18","slug":"juventud","status":"publish","type":"page","link":"https:\/\/www.mijas.es\/portal\/juventud\/","title":{"rendered":"Juventud"},"content":{"rendered":"\n<p>\n\tSomos tu centro de Informaci\u00f3n y Asesoramiento Juvenil. Aqu\u00ed obtendr\u00e1s respuesta a todas tus dudas y preguntas.<\/p>\n\n\n\n<p>\n\tEn el \u00c1rea de Juventud podr\u00e1s encontrar informaci\u00f3n sobre todos los \ntemas que te interesan, como por ejemplo: El Carnet joven, con el que \nobtendr\u00e1s descuentos en multitud de comercios y servicios, Actividades \nculturales, de Ocio y Tiempo Libre, Becas y Ayudas, Informaci\u00f3n Europea,\n Asociacionismo, etc\u2026<\/p>\n\n\n\n<p>\n\tAdem\u00e1s podr\u00e1s inscribirte en las diferentes actividades organizadas por\n Juventud y disfrutar de conexi\u00f3n gratuita a Internet, zona de reuni\u00f3n \nen nuestros diferentes centros.<\/p>\n\n\n\n<h2 class=\"wp-block-heading has-text-align-center\"> Oficina de Juventud: Teatro Manuel Espa\u00f1a<\/h2>\n\n\n\n<p class=\"has-text-align-center\">\n\t<strong>Horario de invierno:<\/strong><\/p>\n\n\n\n<p class=\"has-text-align-center\"> Ma\u00f1anas: Lunes a Viernes, de 9:30&nbsp;a&nbsp;13:30&nbsp;horas&nbsp;<\/p>\n\n\n\n<p class=\"has-text-align-center\">Tardes: Lunes y Mi\u00e9rcoles de 17.00 a 19.00 horas<\/p>\n\n\n\n<p class=\"has-text-align-center\"> <strong>Horario de verano:<\/strong> <p class=\"has-text-align-center\">Ma\u00f1anas: Lunes a Viernes, de 9:00\u00a0a\u00a014:00\u00a0horas\u00a0<span style=\"font-size: revert; color: initial;\">   <\/span><\/p><\/p>\n\n\n\n<p class=\"has-text-align-center\"><\/p>\n\n\n\n<p class=\"has-text-align-center\"> Si el horario no se adec\u00faa a sus necesidades, puede concertar una cita  llamando a la oficina de Juventud al tel\u00e9fono 951 06 20 12. Intentaremos  facilitar una cita programada en distinto horario.<\/p>\n\n\n\n<p class=\"has-text-align-center\"> <strong>Tel\u00e9fono de contacto:<\/strong> 951062012<\/p>\n\n\n\n<p class=\"has-text-align-center\">\n\t<strong>E-mail:<\/strong> <a href=\"mailto:juventud@mijas.es\">juventud@mijas.es<\/a><\/p>\n\n\n\n<h2 align=\"center\">Siguenos<\/h2>\n\n\n\n<p class=\"has-text-align-center\"> <strong>X:<\/strong>&nbsp;@juventudmijas<\/p>\n\n\n\n<p class=\"has-text-align-center\"> <strong>Facebook:<\/strong>&nbsp;Juventud Mijas <\/p>\n\n\n\n<p class=\"has-text-align-center\"><strong>WhatsApp:<\/strong> 606417609<\/p>\n\n\n\n<p class=\"has-text-align-center\">\n\t<strong>Instagram:<\/strong> Juventud_Mijas<\/p>\n\n\n<div class=\"wp-block-image\">\n<figure class=\"aligncenter is-resized\"><img decoding=\"async\" src=\"https:\/\/www.mijas.es\/files\/imagen\/servicios\/juventud\/a190_LOGO_JUVENTUD.jpg\" alt=\"\" width=\"125\" height=\"100\"\/><\/figure><\/div>","protected":false},"excerpt":{"rendered":"<p>Somos tu centro de Informaci\u00f3n y Asesoramiento Juvenil. Aqu\u00ed obtendr\u00e1s respuesta a todas tus dudas y preguntas. En el \u00c1rea de Juventud podr\u00e1s encontrar informaci\u00f3n sobre todos los temas que te interesan, como por ejemplo: El Carnet joven, con el que obtendr\u00e1s descuentos en multitud de comercios y servicios, Actividades culturales, de Ocio y Tiempo [&hellip;]<\/p>\n","protected":false},"author":4,"featured_media":13059,"parent":0,"menu_order":0,"comment_status":"closed","ping_status":"closed","template":"page-departamental.php","meta":[],"_links":{"self":[{"href":"https:\/\/www.mijas.es\/portal\/wp-json\/wp\/v2\/pages\/13036"}],"collection":[{"href":"https:\/\/www.mijas.es\/portal\/wp-json\/wp\/v2\/pages"}],"about":[{"href":"https:\/\/www.mijas.es\/portal\/wp-json\/wp\/v2\/types\/page"}],"author":[{"embeddable":true,"href":"https:\/\/www.mijas.es\/portal\/wp-json\/wp\/v2\/users\/4"}],"replies":[{"embeddable":true,"href":"https:\/\/www.mijas.es\/portal\/wp-json\/wp\/v2\/comments?post=13036"}],"version-history":[{"count":17,"href":"https:\/\/www.mijas.es\/portal\/wp-json\/wp\/v2\/pages\/13036\/revisions"}],"predecessor-version":[{"id":64045,"href":"https:\/\/www.mijas.es\/portal\/wp-json\/wp\/v2\/pages\/13036\/revisions\/64045"}],"wp:featuredmedia":[{"embeddable":true,"href":"https:\/\/www.mijas.es\/portal\/wp-json\/wp\/v2\/media\/13059"}],"wp:attachment":[{"href":"https:\/\/www.mijas.es\/portal\/wp-json\/wp\/v2\/media?parent=13036"}],"curies":[{"name":"wp","href":"https:\/\/api.w.org\/{rel}","templated":true}]}}