{"id":13029,"date":"2019-03-20T11:29:33","date_gmt":"2019-03-20T11:29:33","guid":{"rendered":"http:\/\/192.168.0.42\/?page_id=13029"},"modified":"2019-03-20T11:29:33","modified_gmt":"2019-03-20T11:29:33","slug":"decalogo-del-deportista","status":"publish","type":"page","link":"https:\/\/www.mijas.es\/portal\/deportes\/decalogo-del-deportista\/","title":{"rendered":"Dec\u00e1logo del Deportista"},"content":{"rendered":"\n<ol><li>\n\t\tEl deporte forja personas para la vida.<\/li><li>\n\t\tEl entrenamiento es la m\u00e1s decisiva de las pruebas.<\/li><li>\n\t\tDa siempre lo mejor de ti mismo en la competici\u00f3n, aunque sientas que se te escapa la&nbsp;victoria.<\/li><li>\n\t\tHonra al contrario. No es un enemigo, es un compa\u00f1ero de juego.<\/li><li>\n\t\tObedece el reglamento en cualquier circunstancia y vive conforme a las\n reglas de la vida&nbsp;deportiva sana. El juego limpio dignifica, el sucio \nenvilece.<\/li><li>\n\t\tQue predomine en ti el sentido de equipo, sus intereses est\u00e1n por encima del lucimiento&nbsp;personal.<\/li><li>\n\t\tQue te conozcan m\u00e1s por tu comportamiento, que por las victorias que consigas.<\/li><li>\n\t\tAl finalizar los encuentros saluda a los contrarios y a los jueces.<\/li><li>\n\t\tQue el honor y la nobleza sean tu estilo en la pr\u00e1ctica deportiva.<\/li><li>\n\t\tSe due\u00f1o de ti mismo.<\/li><\/ol>\n","protected":false},"excerpt":{"rendered":"<p>El deporte forja personas para la vida. El entrenamiento es la m\u00e1s decisiva de las pruebas. Da siempre lo mejor de ti mismo en la competici\u00f3n, aunque sientas que se te escapa la&nbsp;victoria. Honra al contrario. No es un enemigo, es un compa\u00f1ero de juego. Obedece el reglamento en cualquier circunstancia y vive conforme a [&hellip;]<\/p>\n","protected":false},"author":4,"featured_media":13003,"parent":13000,"menu_order":0,"comment_status":"closed","ping_status":"closed","template":"page-departamental.php","meta":[],"_links":{"self":[{"href":"https:\/\/www.mijas.es\/portal\/wp-json\/wp\/v2\/pages\/13029"}],"collection":[{"href":"https:\/\/www.mijas.es\/portal\/wp-json\/wp\/v2\/pages"}],"about":[{"href":"https:\/\/www.mijas.es\/portal\/wp-json\/wp\/v2\/types\/page"}],"author":[{"embeddable":true,"href":"https:\/\/www.mijas.es\/portal\/wp-json\/wp\/v2\/users\/4"}],"replies":[{"embeddable":true,"href":"https:\/\/www.mijas.es\/portal\/wp-json\/wp\/v2\/comments?post=13029"}],"version-history":[{"count":1,"href":"https:\/\/www.mijas.es\/portal\/wp-json\/wp\/v2\/pages\/13029\/revisions"}],"predecessor-version":[{"id":13030,"href":"https:\/\/www.mijas.es\/portal\/wp-json\/wp\/v2\/pages\/13029\/revisions\/13030"}],"up":[{"embeddable":true,"href":"https:\/\/www.mijas.es\/portal\/wp-json\/wp\/v2\/pages\/13000"}],"wp:featuredmedia":[{"embeddable":true,"href":"https:\/\/www.mijas.es\/portal\/wp-json\/wp\/v2\/media\/13003"}],"wp:attachment":[{"href":"https:\/\/www.mijas.es\/portal\/wp-json\/wp\/v2\/media?parent=13029"}],"curies":[{"name":"wp","href":"https:\/\/api.w.org\/{rel}","templated":true}]}}