{"id":13026,"date":"2019-03-20T11:25:12","date_gmt":"2019-03-20T11:25:12","guid":{"rendered":"http:\/\/192.168.0.42\/?page_id=13026"},"modified":"2022-02-03T15:08:25","modified_gmt":"2022-02-03T14:08:25","slug":"clubes-deportivos","status":"publish","type":"page","link":"https:\/\/www.mijas.es\/portal\/deportes\/clubes-deportivos\/","title":{"rendered":"Clubes Deportivos"},"content":{"rendered":"\n<ul><li><strong>Club Atletismo Mijas<\/strong><ul><li><a href=\"http:\/\/www.clubatletismomijas.com\/\">www.clubatletismomijas.com<\/a><\/li><li><strong>Facebook:&nbsp;<\/strong><a rel=\"noreferrer noopener\" href=\"https:\/\/www.facebook.com\/atletismo.mijas\/\" target=\"_blank\"><strong>Club Atletismo Mijas<\/strong><\/a><\/li><li><strong>Instagram:&nbsp;<\/strong><a rel=\"noreferrer noopener\" href=\"https:\/\/www.instagram.com\/atletismomijas\/\" target=\"_blank\"><strong>@atletismomijas<\/strong><\/a><\/li><li><strong>Twitter:&nbsp;<strong><a rel=\"noreferrer noopener\" href=\"https:\/\/twitter.com\/atletismomijas\" target=\"_blank\">@atletismomijas<\/a><\/strong><\/strong><\/li><\/ul><\/li><li><strong>Candor Club de F\u00fatbol<\/strong> <ul><li><a href=\"http:\/\/www.candorcf.com\/\">www.candorcf.com<\/a><\/li><\/ul><\/li><li><strong>Club Deportivo La Cala de Mijas<\/strong><ul><li>Tel\u00e9fono: 639 43 11 00<\/li><li><strong>Facebook:&nbsp;<a rel=\"noreferrer noopener\" href=\"https:\/\/www.facebook.com\/Club-Deportivo-Cala-de-Mijas-1801725860142801\/\" target=\"_blank\">Club Deportivo Cala de Mijas<\/a><\/strong><\/li><\/ul><\/li><li><strong>Club Deportivo Mijas<\/strong><ul><li><a href=\"https:\/\/www.cdmijas.es\/\">www.cdmijas.es<\/a><\/li><li>Tel\u00e9fono: 686 16 95 54<\/li><li><strong>Facebook:&nbsp;<\/strong><a rel=\"noreferrer noopener\" href=\"https:\/\/www.facebook.com\/CD-Mijas-595065797183641\/\" target=\"_blank\">C.D. Mijas<\/a><\/li><\/ul><\/li><li><strong>Club Balonmano Mijas<\/strong><ul><li>Tel\u00e9fono: 627 78 02 19<\/li><li><strong>Facebook:&nbsp;<\/strong><a rel=\"noreferrer noopener\" href=\"https:\/\/www.facebook.com\/CBMMijasCosta\/\" target=\"_blank\">Club Balonmano Mijas Costa<\/a><\/li><\/ul><\/li><li><strong>Club Nataci\u00f3n Mijas<\/strong><ul><li><a href=\"https:\/\/www.clubnatacionmijas.es\/\">www.clubnatacionmijas.es<\/a><\/li><li><a rel=\"noopener noreferrer\" href=\"mailto:fedmatta@hotmail.es\" target=\"_blank\">fedmatta@hotmail.es<\/a><\/li><\/ul><\/li><li><strong>Club de Monta\u00f1a Almorad\u00fa<\/strong><ul><li><a rel=\"noreferrer noopener\" href=\"http:\/\/www.almoradu.es\" target=\"_blank\">www.almoradu.es<\/a><\/li><\/ul><\/li><li><strong>Club Polideportivo Mijas<\/strong><ul><li><a href=\"https:\/\/www.clubpolideportivomijas.es\/\">www.clubpolideportivomijas.es<\/a><\/li><\/ul><\/li><li><strong>Club Esgrima Adalid Cala de Mijas&nbsp;<\/strong><ul><li><strong>Facebook:&nbsp;<a href=\"https:\/\/www.facebook.com\/clubesgrimacalademijas\">https:\/\/www.facebook.com\/clubesgrimacalademijas<\/a><\/strong><\/li><\/ul><\/li><li><strong>Club TKDPRO (Taekwon-Do ITF)<\/strong><ul><li><strong><a href=\"https:\/\/clubtkdpro.blogspot.com\/\">https:\/\/clubtkdpro.blogspot.com\/<\/a><\/strong><\/li><li><strong>Instagram:&nbsp;<\/strong><a href=\"https:\/\/www.instagram.com\/clubtkdpro\/\"><strong>@clubtkdpro<\/strong><\/a><\/li><li><strong>Facebook:&nbsp;<\/strong><a rel=\"noreferrer noopener\" href=\"https:\/\/www.facebook.com\/ClubTKDPRO\/\" target=\"_blank\"><strong>Club Taekwon-Do TKDPRO<\/strong><\/a><\/li><li><strong>Youtube:&nbsp;<a rel=\"noreferrer noopener\" href=\"https:\/\/www.youtube.com\/channel\/UCemWbqvuHEn0CrQg3bspbSQ\" target=\"_blank\">Club Taekwon-Do TKDPRO<\/a><\/strong><\/li><\/ul><\/li><li><strong>Club Deportivo Torre\u00f3n Cala Mijas<\/strong><ul><li><strong>Facebook:&nbsp;<\/strong><a rel=\"noreferrer noopener\" href=\"https:\/\/www.facebook.com\/Club-Deportivo-Torre%C3%B3n-Cala-Mijas-883569905164489\/\" target=\"_blank\">Club Deportivo Torre\u00f3n Cala Mijas<\/a><\/li><\/ul><\/li><li><strong>Club de triatl\u00f3n Entrenafit<\/strong><ul><li><a href=\"http:\/\/entrena.fit\/\"><strong>http:\/\/entrena.fit\/<\/strong><\/a><\/li><li><strong>Facebook:&nbsp;<a rel=\"noreferrer noopener\" href=\"https:\/\/www.facebook.com\/Club-de-Triatl%C3%B3n-Entrenafit-2101290226847706\/\" target=\"_blank\">Club de Triatl\u00f3n Entrenafit<\/a><\/strong><\/li><li><strong>Instagram:&nbsp;<a rel=\"noreferrer noopener\" href=\"https:\/\/www.instagram.com\/trientrenafit\/?hl=es\" target=\"_blank\">@trientrenafit<\/a><\/strong><\/li><\/ul><\/li><li><strong>Asociaci\u00f3n de K\u00e1rate Do IKIGAI<\/strong><ul><li><strong><a rel=\"noreferrer noopener\" href=\"http:\/\/www.karatedoikigai.com\/\" target=\"_blank\">www.karatedoikigai.com<\/a>&nbsp;<\/strong><\/li><li><strong>Facebook:&nbsp;<\/strong><a rel=\"noreferrer noopener\" href=\"https:\/\/www.facebook.com\/asociaciondekaratedoikigai\/\" target=\"_blank\">Asociaci\u00f3n de Karate Do IKIGAI<\/a><\/li><li><strong>Instagram:&nbsp;<\/strong><a rel=\"noreferrer noopener\" href=\"https:\/\/www.instagram.com\/karatedo_ikigai\/\" target=\"_blank\">@karatedo_ikigai<\/a><\/li><li><strong>Twitter:&nbsp;<\/strong><a rel=\"noreferrer noopener\" href=\"https:\/\/twitter.com\/KarateDoIKIGAI\" target=\"_blank\">@KarateDoIKIGAI&nbsp;<\/a><\/li><li><strong>ISSUU:&nbsp;<\/strong><a rel=\"noreferrer noopener\" href=\"https:\/\/issuu.com\/karatedoikigai2018\" target=\"_blank\">https:\/\/issuu.com\/karatedoikigai2018<\/a><\/li><li><a rel=\"noreferrer noopener\" href=\"https:\/\/www.youtube.com\/channel\/UCJGR52xF1oilbUkzhhXmP1A\" target=\"_blank\">YouTube<\/a><\/li><\/ul><\/li><li><a rel=\"noreferrer noopener\" href=\"https:\/\/cdbillarmijas.es\/\" target=\"_blank\"><strong>Club Deportivo de Billar Mijas<\/strong><\/a><\/li><li><strong>Club Ciclista MTB del Sur<\/strong><ul><li><strong><a href=\"http:\/\/www.mtbdelsur.com\/\">www.mtbdelsur.com<\/a><\/strong><\/li><li><strong>Facebook:&nbsp;<a rel=\"noreferrer noopener\" href=\"https:\/\/www.facebook.com\/cdmtbdelsur\/\" target=\"_blank\">cdmtbdelsur<\/a><\/strong><\/li><li><strong>Instagram:&nbsp;<a rel=\"noreferrer noopener\" href=\"https:\/\/www.instagram.com\/cdmtbdelsur\/?hl=es\" target=\"_blank\">@cdmtbdelsur&nbsp;<\/a><\/strong><\/li><\/ul><\/li><\/ul>\n\n\n\n<p><\/p>\n","protected":false},"excerpt":{"rendered":"<p>Club Atletismo Mijas www.clubatletismomijas.com Facebook:&nbsp;Club Atletismo Mijas Instagram:&nbsp;@atletismomijas Twitter:&nbsp;@atletismomijas Candor Club de F\u00fatbol www.candorcf.com Club Deportivo La Cala de Mijas Tel\u00e9fono: 639 43 11 00 Facebook:&nbsp;Club Deportivo Cala de Mijas Club Deportivo Mijas www.cdmijas.es Tel\u00e9fono: 686 16 95 54 Facebook:&nbsp;C.D. Mijas Club Balonmano Mijas Tel\u00e9fono: 627 78 02 19 Facebook:&nbsp;Club Balonmano Mijas Costa Club Nataci\u00f3n [&hellip;]<\/p>\n","protected":false},"author":4,"featured_media":13003,"parent":13000,"menu_order":0,"comment_status":"closed","ping_status":"closed","template":"page-departamental.php","meta":[],"_links":{"self":[{"href":"https:\/\/www.mijas.es\/portal\/wp-json\/wp\/v2\/pages\/13026"}],"collection":[{"href":"https:\/\/www.mijas.es\/portal\/wp-json\/wp\/v2\/pages"}],"about":[{"href":"https:\/\/www.mijas.es\/portal\/wp-json\/wp\/v2\/types\/page"}],"author":[{"embeddable":true,"href":"https:\/\/www.mijas.es\/portal\/wp-json\/wp\/v2\/users\/4"}],"replies":[{"embeddable":true,"href":"https:\/\/www.mijas.es\/portal\/wp-json\/wp\/v2\/comments?post=13026"}],"version-history":[{"count":6,"href":"https:\/\/www.mijas.es\/portal\/wp-json\/wp\/v2\/pages\/13026\/revisions"}],"predecessor-version":[{"id":45077,"href":"https:\/\/www.mijas.es\/portal\/wp-json\/wp\/v2\/pages\/13026\/revisions\/45077"}],"up":[{"embeddable":true,"href":"https:\/\/www.mijas.es\/portal\/wp-json\/wp\/v2\/pages\/13000"}],"wp:featuredmedia":[{"embeddable":true,"href":"https:\/\/www.mijas.es\/portal\/wp-json\/wp\/v2\/media\/13003"}],"wp:attachment":[{"href":"https:\/\/www.mijas.es\/portal\/wp-json\/wp\/v2\/media?parent=13026"}],"curies":[{"name":"wp","href":"https:\/\/api.w.org\/{rel}","templated":true}]}}