{"id":13023,"date":"2019-03-20T11:16:40","date_gmt":"2019-03-20T11:16:40","guid":{"rendered":"http:\/\/192.168.0.42\/?page_id=13023"},"modified":"2024-10-30T13:39:57","modified_gmt":"2024-10-30T12:39:57","slug":"ligas-locales","status":"publish","type":"page","link":"https:\/\/www.mijas.es\/portal\/deportes\/ligas-locales\/","title":{"rendered":"Ligas locales"},"content":{"rendered":"\n<p>Las ligas locales que se disputan en nuestras instalaciones deportivas son un referente a nivel provincial, tanto por la organizaci\u00f3n de las mismas, como por la antig\u00fcedad de la mayor\u00eda de ellas.<br><br>Estas ligas se ponen en marcha para cubrir la demanda de ex jugadores de los diferentes clubes de f\u00fatbol que, una vez que finalizan en la competici\u00f3n federada, buscan la posibilidad de continuar la pr\u00e1ctica de este deporte a nivel amateur.<\/p>\n\n\n\n<p>As\u00ed, dentro de las ligas locales, cabe la posibilidad de practicar las siguientes modalidades deportivas:<br><\/p>\n\n\n\n<ul>\n<li><strong>F\u00fatbol 7:<\/strong><\/li>\n<\/ul>\n\n\n\n<p>Se disputan dos ligas de f\u00fatbol 7 y un torneo de verano, tambi\u00e9n de f\u00fatbol 7. Las ligas son las siguientes:<br><br>&#8211; Inarpe: Se disputa los domingo en el Campo de F\u00fatbol Juan Gambero Culebra y Campo de F\u00fatbol Anexo, ambos de la Ciudad Deportiva Regino Hern\u00e1ndez Mart\u00edn Las Lagunas. Su horario es de 09.00 a 11.00. <a href=\"https:\/\/www.competize.com\/es\/league\/view\/27256\">https:\/\/www.competize.com\/es\/league\/view\/27256<\/a><br><br>&#8211; Adefu: Se disputa los lunes en el Campo de F\u00fatbol Antonio M\u00e1rquez Alarc\u00f3n, Mijas Pueblo. Su\u00a0 horario es de 20.00 a 23.30. Para m\u00e1s informaci\u00f3n:\u00a0<a href=\"http:\/\/www.adefu7.es.tl\/\">www.adefu7.es.tl<\/a><\/p>\n\n\n\n<ul>\n<li><strong>Baloncesto:\u00a0<\/strong><\/li>\n<\/ul>\n\n\n\n<p>Se disputa lunes, martes y mi\u00e9rcoles en el Pabell\u00f3n Juan Roa S\u00e1nchez, Mijas Pueblo.<br>Su horario es de 21.30 a 23.30. Para m\u00e1s informaci\u00f3n: <a href=\"https:\/\/www.facebook.com\/groups\/joaquindoblas\/?locale=es_ES\">https:\/\/www.facebook.com\/groups\/joaquindoblas\/?locale=es_ES<\/a><br><\/p>\n","protected":false},"excerpt":{"rendered":"<p>Las ligas locales que se disputan en nuestras instalaciones deportivas son un referente a nivel provincial, tanto por la organizaci\u00f3n de las mismas, como por la antig\u00fcedad de la mayor\u00eda de ellas. Estas ligas se ponen en marcha para cubrir la demanda de ex jugadores de los diferentes clubes de f\u00fatbol que, una vez que [&hellip;]<\/p>\n","protected":false},"author":4,"featured_media":13003,"parent":13000,"menu_order":0,"comment_status":"closed","ping_status":"closed","template":"page-departamental.php","meta":[],"_links":{"self":[{"href":"https:\/\/www.mijas.es\/portal\/wp-json\/wp\/v2\/pages\/13023"}],"collection":[{"href":"https:\/\/www.mijas.es\/portal\/wp-json\/wp\/v2\/pages"}],"about":[{"href":"https:\/\/www.mijas.es\/portal\/wp-json\/wp\/v2\/types\/page"}],"author":[{"embeddable":true,"href":"https:\/\/www.mijas.es\/portal\/wp-json\/wp\/v2\/users\/4"}],"replies":[{"embeddable":true,"href":"https:\/\/www.mijas.es\/portal\/wp-json\/wp\/v2\/comments?post=13023"}],"version-history":[{"count":3,"href":"https:\/\/www.mijas.es\/portal\/wp-json\/wp\/v2\/pages\/13023\/revisions"}],"predecessor-version":[{"id":59279,"href":"https:\/\/www.mijas.es\/portal\/wp-json\/wp\/v2\/pages\/13023\/revisions\/59279"}],"up":[{"embeddable":true,"href":"https:\/\/www.mijas.es\/portal\/wp-json\/wp\/v2\/pages\/13000"}],"wp:featuredmedia":[{"embeddable":true,"href":"https:\/\/www.mijas.es\/portal\/wp-json\/wp\/v2\/media\/13003"}],"wp:attachment":[{"href":"https:\/\/www.mijas.es\/portal\/wp-json\/wp\/v2\/media?parent=13023"}],"curies":[{"name":"wp","href":"https:\/\/api.w.org\/{rel}","templated":true}]}}