{"id":13018,"date":"2019-03-20T10:54:47","date_gmt":"2019-03-20T10:54:47","guid":{"rendered":"http:\/\/192.168.0.42\/?page_id=13018"},"modified":"2024-11-19T12:46:45","modified_gmt":"2024-11-19T11:46:45","slug":"juegos-deportivos-municipales","status":"publish","type":"page","link":"https:\/\/www.mijas.es\/portal\/deportes\/juegos-deportivos-municipales\/","title":{"rendered":"Juegos Deportivos Municipales"},"content":{"rendered":"\n<p>Los Juegos Deportivos Municipales son una serie de actividades  competitivas que sirven para que los alumnos de las diferentes escuelas  deportivas municipales vayan experimentando la competici\u00f3n. Se  desarrollan cada a\u00f1o en tres jornadas para cada uno de los deportes  integrantes de los mismos, a excepci\u00f3n de f\u00fatbol y baloncesto, que  cuentan con un calendario diferente. Actualmente forman parte de los  Juegos Deportivos Municipales las actividades de atletismo, k\u00e1rate,  nataci\u00f3n, judo, baloncesto y f\u00fatbol. <br><br>El atletismo se desarrolla en el formato de 3 millas populares,  celebr\u00e1ndose cada una de ellas en Las Lagunas, La Cala y Mijas Pueblo.  El k\u00e1rate se lleva a cabo en Las Lagunas, La Cala y Mijas Pueblo. El  judo y la nataci\u00f3n disputan sus 3 jornadas en Las Lagunas. Baloncesto y  f\u00fatbol se juegan en los campos en que hay escuelas municipales, as\u00ed como  en algunos centros educativos. <br><br>Las pr\u00f3ximas fechas confirmadas son: 1\u00aa jornada de atletismo-Milla de Las Lagunas (s\u00e1bado 23 de noviembre en Avenida Mar\u00eda Zambrano); 1\u00aa jornada de k\u00e1rate (domingo 15 de diciembre en Pabell\u00f3n Cubierto de la Ciudad Deportiva Regino Hern\u00e1ndez Mart\u00edn, Las Lagunas; 1\u00aa jornada de nataci\u00f3n (mi\u00e9rcoles 18 diciembre en Piscina Cubierta Ciudad Deportiva Regino Hern\u00e1ndez Mart\u00edn, Las Lagunas ).<br><br>Al final de todas las jornadas se obtienen unos resultados finales, premi\u00e1ndose a los mejores clasificados en la Clausura de los Juegos Deportivos Municipales-Fiesta del Deporte, que cada a\u00f1o organizamos en el Campo de F\u00fatbol Juan Gambero Culebra de la Ciudad Deportiva Regino Hern\u00e1ndez Mart\u00edn, Las Lagunas.<\/p>\n\n\n\n<figure class=\"wp-block-gallery has-nested-images columns-default is-cropped wp-block-gallery-1 is-layout-flex\">\n<figure class=\"wp-block-image size-medium\"><a href=\"https:\/\/www.mijas.es\/wp-content\/uploads\/2024\/11\/CARTEL-A2-MILLA-LAS-LAGUNAS-redes-scaled.jpg\" target=\"_blank\" rel=\"noopener\"><img decoding=\"async\" width=\"212\" height=\"300\" data-id=\"59384\"  src=\"https:\/\/www.mijas.es\/wp-content\/uploads\/2024\/11\/CARTEL-A2-MILLA-LAS-LAGUNAS-redes-212x300.jpg\" alt=\"\" class=\"wp-image-59384\" srcset=\"https:\/\/www.mijas.es\/wp-content\/uploads\/2024\/11\/CARTEL-A2-MILLA-LAS-LAGUNAS-redes-212x300.jpg 212w, https:\/\/www.mijas.es\/wp-content\/uploads\/2024\/11\/CARTEL-A2-MILLA-LAS-LAGUNAS-redes-724x1024.jpg 724w, https:\/\/www.mijas.es\/wp-content\/uploads\/2024\/11\/CARTEL-A2-MILLA-LAS-LAGUNAS-redes-768x1086.jpg 768w, https:\/\/www.mijas.es\/wp-content\/uploads\/2024\/11\/CARTEL-A2-MILLA-LAS-LAGUNAS-redes-1086x1536.jpg 1086w, https:\/\/www.mijas.es\/wp-content\/uploads\/2024\/11\/CARTEL-A2-MILLA-LAS-LAGUNAS-redes-1448x2048.jpg 1448w, https:\/\/www.mijas.es\/wp-content\/uploads\/2024\/11\/CARTEL-A2-MILLA-LAS-LAGUNAS-redes-scaled.jpg 1810w\" sizes=\"(max-width: 212px) 100vw, 212px\" \/><\/a><\/figure>\n\n\n\n<figure class=\"wp-block-image size-medium\"><a href=\"https:\/\/www.mijas.es\/wp-content\/uploads\/2024\/11\/CARTEL-I-JORNADA-NATACION-2024-2025.png\" target=\"_blank\" rel=\"noopener\"><img decoding=\"async\" width=\"212\" height=\"300\" data-id=\"59477\"  src=\"https:\/\/www.mijas.es\/wp-content\/uploads\/2024\/11\/CARTEL-I-JORNADA-NATACION-2024-2025-212x300.png\" alt=\"\" class=\"wp-image-59477\" srcset=\"https:\/\/www.mijas.es\/wp-content\/uploads\/2024\/11\/CARTEL-I-JORNADA-NATACION-2024-2025-212x300.png 212w, https:\/\/www.mijas.es\/wp-content\/uploads\/2024\/11\/CARTEL-I-JORNADA-NATACION-2024-2025-724x1024.png 724w, https:\/\/www.mijas.es\/wp-content\/uploads\/2024\/11\/CARTEL-I-JORNADA-NATACION-2024-2025-768x1086.png 768w, https:\/\/www.mijas.es\/wp-content\/uploads\/2024\/11\/CARTEL-I-JORNADA-NATACION-2024-2025-1086x1536.png 1086w, https:\/\/www.mijas.es\/wp-content\/uploads\/2024\/11\/CARTEL-I-JORNADA-NATACION-2024-2025.png 1240w\" sizes=\"(max-width: 212px) 100vw, 212px\" \/><\/a><\/figure>\n<\/figure>\n","protected":false},"excerpt":{"rendered":"<p>Los Juegos Deportivos Municipales son una serie de actividades competitivas que sirven para que los alumnos de las diferentes escuelas deportivas municipales vayan experimentando la competici\u00f3n. Se desarrollan cada a\u00f1o en tres jornadas para cada uno de los deportes integrantes de los mismos, a excepci\u00f3n de f\u00fatbol y baloncesto, que cuentan con un calendario diferente. [&hellip;]<\/p>\n","protected":false},"author":4,"featured_media":13003,"parent":13000,"menu_order":0,"comment_status":"closed","ping_status":"closed","template":"page-departamental.php","meta":[],"_links":{"self":[{"href":"https:\/\/www.mijas.es\/portal\/wp-json\/wp\/v2\/pages\/13018"}],"collection":[{"href":"https:\/\/www.mijas.es\/portal\/wp-json\/wp\/v2\/pages"}],"about":[{"href":"https:\/\/www.mijas.es\/portal\/wp-json\/wp\/v2\/types\/page"}],"author":[{"embeddable":true,"href":"https:\/\/www.mijas.es\/portal\/wp-json\/wp\/v2\/users\/4"}],"replies":[{"embeddable":true,"href":"https:\/\/www.mijas.es\/portal\/wp-json\/wp\/v2\/comments?post=13018"}],"version-history":[{"count":13,"href":"https:\/\/www.mijas.es\/portal\/wp-json\/wp\/v2\/pages\/13018\/revisions"}],"predecessor-version":[{"id":59524,"href":"https:\/\/www.mijas.es\/portal\/wp-json\/wp\/v2\/pages\/13018\/revisions\/59524"}],"up":[{"embeddable":true,"href":"https:\/\/www.mijas.es\/portal\/wp-json\/wp\/v2\/pages\/13000"}],"wp:featuredmedia":[{"embeddable":true,"href":"https:\/\/www.mijas.es\/portal\/wp-json\/wp\/v2\/media\/13003"}],"wp:attachment":[{"href":"https:\/\/www.mijas.es\/portal\/wp-json\/wp\/v2\/media?parent=13018"}],"curies":[{"name":"wp","href":"https:\/\/api.w.org\/{rel}","templated":true}]}}