{"id":13014,"date":"2019-03-20T10:43:49","date_gmt":"2019-03-20T10:43:49","guid":{"rendered":"http:\/\/192.168.0.42\/?page_id=13014"},"modified":"2025-05-16T12:17:57","modified_gmt":"2025-05-16T11:17:57","slug":"eventos-deportivos","status":"publish","type":"page","link":"https:\/\/www.mijas.es\/portal\/deportes\/eventos-deportivos\/","title":{"rendered":"Eventos Deportivos"},"content":{"rendered":"\n<p>A continuaci\u00f3n relacionamos eventos deportivos organizados por el \u00c1rea  de Deportes y eventos deportivos organizados por terceros con los que  colabora el \u00c1rea de Deportes:<\/p>\n\n\n\n<ul>\n<li><a href=\"https:\/\/www.mijas.es\/wp-content\/uploads\/2024\/11\/CARTEL-A2-MILLA-LAS-LAGUNAS-redes-724x1024.jpg\" data-type=\"URL\" data-id=\"https:\/\/www.mijas.es\/wp-content\/uploads\/2024\/11\/CARTEL-A2-MILLA-LAS-LAGUNAS-redes-724x1024.jpg\" target=\"_blank\" rel=\"noreferrer noopener\">S\u00e1bado 23 Noviembre 2024: 1\u00aa Prueba &#8211; XXIX Juegos Deportivos Municipales &#8211; Milla<\/a><\/li>\n\n\n\n<li>S\u00e1bado 23 y Domingo 24 noviembre 2024: Open F\u00fatbol Chapas<\/li>\n\n\n\n<li>Domingo 24 Noviembre 2024: 2\u00ba jornada M\u00e1ster Zonal Nataci\u00f3n<\/li>\n\n\n\n<li>S\u00e1bado 30 de Noviembre y Domingo 1 de Diciembre 2024: Copa Andaluc\u00eda Coches Radiocontrol<\/li>\n\n\n\n<li><a href=\"https:\/\/www.mijas.es\/wp-content\/uploads\/2024\/11\/CARTEL-I-JORNADA-NATACION-2024-2025-724x1024.png\" data-type=\"URL\" data-id=\"https:\/\/www.mijas.es\/wp-content\/uploads\/2024\/11\/CARTEL-I-JORNADA-NATACION-2024-2025-724x1024.png\" target=\"_blank\" rel=\"noreferrer noopener\">Mi\u00e9rcoles 18 Diciembre 2024: 1\u00aa Jornada &#8211; XXIX Juegos Deportivos Municipales &#8211; Nataci\u00f3n<\/a><\/li>\n\n\n\n<li>11 enero 2025: 3\u00aa Jornada Liga Alev\u00edn Zonal Nataci\u00f3n<\/li>\n\n\n\n<li>8 marzo 2025: 4\u00aa Jornada Liga Prebenjam\u00edn, Benjam\u00edn, Alev\u00edn Nataci\u00f3n<\/li>\n\n\n\n<li>S\u00e1bado 25 y domingo 26 abril 2025: Level Up Dance Race<\/li>\n\n\n\n<li>3 mayo 2025: 5\u00aa Jornada Alev\u00edn Zonal Nataci\u00f3n<\/li>\n\n\n\n<li><a href=\"https:\/\/www.mijas.es\/wp-content\/uploads\/2025\/05\/CARTEL-scaled.jpg\" target=\"_blank\" rel=\"noreferrer noopener\">16 Mayo 2025 &#8211; Clausura XXIX Juegos Deportivos Municipales<\/a><\/li>\n\n\n\n<li>Septiembre 2025: IV Triatl\u00f3n Villa de Mijas<\/li>\n\n\n\n<li>II Rally BTT Mijas Hip\u00f3dromo<\/li>\n\n\n\n<li>Rally BTT Villa de Mijas<\/li>\n\n\n\n<li>Viernes 27 a domingo 29 junio 2025: Torneo de F\u00fatbol Internacional ESEI CUP<\/li>\n<\/ul>\n","protected":false},"excerpt":{"rendered":"<p>A continuaci\u00f3n relacionamos eventos deportivos organizados por el \u00c1rea de Deportes y eventos deportivos organizados por terceros con los que colabora el \u00c1rea de Deportes:<\/p>\n","protected":false},"author":4,"featured_media":13003,"parent":13000,"menu_order":0,"comment_status":"closed","ping_status":"closed","template":"page-departamental.php","meta":[],"_links":{"self":[{"href":"https:\/\/www.mijas.es\/portal\/wp-json\/wp\/v2\/pages\/13014"}],"collection":[{"href":"https:\/\/www.mijas.es\/portal\/wp-json\/wp\/v2\/pages"}],"about":[{"href":"https:\/\/www.mijas.es\/portal\/wp-json\/wp\/v2\/types\/page"}],"author":[{"embeddable":true,"href":"https:\/\/www.mijas.es\/portal\/wp-json\/wp\/v2\/users\/4"}],"replies":[{"embeddable":true,"href":"https:\/\/www.mijas.es\/portal\/wp-json\/wp\/v2\/comments?post=13014"}],"version-history":[{"count":14,"href":"https:\/\/www.mijas.es\/portal\/wp-json\/wp\/v2\/pages\/13014\/revisions"}],"predecessor-version":[{"id":61306,"href":"https:\/\/www.mijas.es\/portal\/wp-json\/wp\/v2\/pages\/13014\/revisions\/61306"}],"up":[{"embeddable":true,"href":"https:\/\/www.mijas.es\/portal\/wp-json\/wp\/v2\/pages\/13000"}],"wp:featuredmedia":[{"embeddable":true,"href":"https:\/\/www.mijas.es\/portal\/wp-json\/wp\/v2\/media\/13003"}],"wp:attachment":[{"href":"https:\/\/www.mijas.es\/portal\/wp-json\/wp\/v2\/media?parent=13014"}],"curies":[{"name":"wp","href":"https:\/\/api.w.org\/{rel}","templated":true}]}}