{"id":13008,"date":"2019-03-20T10:33:37","date_gmt":"2019-03-20T10:33:37","guid":{"rendered":"http:\/\/192.168.0.42\/?page_id=13008"},"modified":"2025-11-12T09:50:57","modified_gmt":"2025-11-12T08:50:57","slug":"nuestras-instalaciones-deportivas","status":"publish","type":"page","link":"https:\/\/www.mijas.es\/portal\/deportes\/nuestras-instalaciones-deportivas\/","title":{"rendered":"Nuestras instalaciones deportivas"},"content":{"rendered":"\n<h4 class=\"wp-block-heading\">\n\tMijas Pueblo<\/h4>\n\n\n\n<ul>\n<li>Campo de F\u00fatbol Antonio M\u00e1rquez Alarc\u00f3n, Osunillas\n<ul>\n<li> <strong>Direcci\u00f3n:&nbsp;<\/strong>Calle El Carcajal. Carretera A-368, Mijas-Benalm\u00e1dena, Km 1.1  \u2013 29650- Mijas <\/li>\n\n\n\n<li> <strong>Tel\u00e9fono:&nbsp;<\/strong>952 48 55 91 <\/li>\n<\/ul>\n<\/li>\n<\/ul>\n\n\n\n<figure class=\"wp-block-image is-resized\"><img decoding=\"async\" src=\"https:\/\/www.mijas.es\/wp-content\/uploads\/2020\/01\/IMG_6402-1024x683.jpg\" alt=\"\" class=\"wp-image-29552\" width=\"792\" height=\"527\" srcset=\"https:\/\/www.mijas.es\/wp-content\/uploads\/2020\/01\/IMG_6402-1024x683.jpg 1024w, https:\/\/www.mijas.es\/wp-content\/uploads\/2020\/01\/IMG_6402-300x200.jpg 300w, https:\/\/www.mijas.es\/wp-content\/uploads\/2020\/01\/IMG_6402-768x512.jpg 768w\" sizes=\"(max-width: 792px) 100vw, 792px\" \/><\/figure>\n\n\n\n<ul>\n<li>Gimnasio de Mijas Pueblo\n<ul>\n<li>\n\t\t\t\t\n\t\t\t\t\t<strong>Direcci\u00f3n: <\/strong>Avenida de M\u00e9jico 1. 29650 Mijas\n\t\t\t<\/li>\n\n\n\n<li>\n\t\t\t\t\n\t\t\t\t\t<strong>Tel\u00e9fono:<\/strong>&nbsp;952 48 60 94\n\t\t\t<\/li>\n\n\n\n<li>\n\t\t\t\t\n\t\t\t\t\tDispone de sala de usos m\u00faltiples\n\t\t\t<\/li>\n<\/ul>\n<\/li>\n<\/ul>\n\n\n\n<ul>\n<li>Pabell\u00f3n Cubierto de Osunillas\n<ul>\n<li> <strong>Direcci\u00f3n:&nbsp;<\/strong>Calle Puerto El Pino, n\u00ba 2. Carretera A-368, de Mijas a  Benalm\u00e1dena, Km 1.1 29650 \u2013 Mijas  <\/li>\n\n\n\n<li> <strong>Tel\u00e9fono:&nbsp;<\/strong>952 59 06 74 <\/li>\n\n\n\n<li> Dispone de sala de usos m\u00faltiples  <\/li>\n<\/ul>\n<\/li>\n<\/ul>\n\n\n\n<figure class=\"wp-block-image is-resized\"><img decoding=\"async\" src=\"https:\/\/www.mijas.es\/files\/imagen\/servicios\/deportes\/aa42_IMG_6390.jpg\" alt=\"instalaciones deportivas\" width=\"259\" height=\"194\"\/><\/figure>\n\n\n\n<ul>\n<li>Pista de Tenis de Osunillas\n<ul>\n<li> <strong>Direcci\u00f3n:&nbsp;<\/strong>Calle Puerto El Pino, n\u00ba 2. Carretera A-368, de Mijas a  Benalm\u00e1dena, Km 1.1 29650 \u2013 Mijas  <\/li>\n\n\n\n<li> <strong>Tel\u00e9fono:&nbsp;<\/strong>952590674  <\/li>\n<\/ul>\n<\/li>\n<\/ul>\n\n\n\n<ul>\n<li>Piscina de Osunillas\n<ul>\n<li> <strong>Direcci\u00f3n:&nbsp;<\/strong>Calle El Carcajal.&nbsp; Carretera A-368, Mijas-Benalm\u00e1dena, Km  1.1 \u2013 29650- Mijas  <\/li>\n<\/ul>\n<\/li>\n<\/ul>\n\n\n\n<figure class=\"wp-block-image is-resized\"><img decoding=\"async\" src=\"https:\/\/www.mijas.es\/files\/imagen\/servicios\/deportes\/aa8474_IMG_6391.jpg\" alt=\"\" width=\"270\" height=\"203\"\/><\/figure>\n\n\n\n<hr class=\"wp-block-separator has-css-opacity\"\/>\n\n\n\n<h4 class=\"wp-block-heading\">\n\tLa Cala de Mijas<\/h4>\n\n\n\n<ul>\n<li> Campo de F\u00fatbol Francisco Santana \u00abPaquirri\u00bb  <\/li>\n<\/ul>\n\n\n\n<figure class=\"wp-block-image\"><img decoding=\"async\" width=\"1024\" height=\"683\" src=\"https:\/\/www.mijas.es\/wp-content\/uploads\/2020\/01\/IMG_37302-1024x683.jpg\" alt=\"\" class=\"wp-image-29553\" srcset=\"https:\/\/www.mijas.es\/wp-content\/uploads\/2020\/01\/IMG_37302-1024x683.jpg 1024w, https:\/\/www.mijas.es\/wp-content\/uploads\/2020\/01\/IMG_37302-300x200.jpg 300w, https:\/\/www.mijas.es\/wp-content\/uploads\/2020\/01\/IMG_37302-768x512.jpg 768w\" sizes=\"(max-width: 1024px) 100vw, 1024px\" \/><\/figure>\n\n\n\n<ul>\n<li>Pabell\u00f3n Cubierto de La Cala\n<ul>\n<li>\n\t\t\t\t\n\t\t\t\t\t<strong>Direcci\u00f3n:<\/strong>&nbsp;Avenida Sierra de las Nieves, s\/n. 29649 La Cala de Mijas\n\t\t\t<\/li>\n<\/ul>\n<\/li>\n<\/ul>\n\n\n\n<figure class=\"wp-block-image\"><img decoding=\"async\" width=\"1024\" height=\"768\" src=\"https:\/\/www.mijas.es\/wp-content\/uploads\/2020\/01\/3-1024x768.jpg\" alt=\"\" class=\"wp-image-29554\" srcset=\"https:\/\/www.mijas.es\/wp-content\/uploads\/2020\/01\/3-1024x768.jpg 1024w, https:\/\/www.mijas.es\/wp-content\/uploads\/2020\/01\/3-300x225.jpg 300w, https:\/\/www.mijas.es\/wp-content\/uploads\/2020\/01\/3-768x576.jpg 768w, https:\/\/www.mijas.es\/wp-content\/uploads\/2020\/01\/3.jpg 1200w\" sizes=\"(max-width: 1024px) 100vw, 1024px\" \/><\/figure>\n\n\n\n<ul>\n<li>Centro de Cultura y Deporte\n<ul>\n<li>\n\t\t\t\t\n\t\t\t\t\t<strong>Direcci\u00f3n:&nbsp;<\/strong>Bulevar de La Cala, La Cala de Mijas\n\t\t\t<\/li>\n\n\n\n<li>\n\t\t\t\t\n\t\t\t\t\t<strong>Tel\u00e9fono:&nbsp;<\/strong>952587750\n\t\t\t<\/li>\n<\/ul>\n<\/li>\n<\/ul>\n\n\n\n<ul>\n<li>Pista de Atletismo, Hip\u00f3dromo Costa del Sol\n<ul>\n<li>\n\t\t\t\t\t\n\t\t\t\t\t\t<strong>Direcci\u00f3n:&nbsp;<\/strong>Urbanizaci\u00f3n Chaparral, s\/n. 29649, Mijas\n\t\t\t\t<\/li>\n\n\n\n<li>\n\t\t\t\t\t\n\t\t\t\t\t\t<strong>Tel\u00e9fono:<\/strong>&nbsp;952592700\n\t\t\t\t<\/li>\n<\/ul>\n<\/li>\n<\/ul>\n\n\n\n<figure class=\"wp-block-image is-resized\"><img decoding=\"async\" src=\"https:\/\/www.mijas.es\/files\/imagen\/servicios\/deportes\/aa502_Pista_de_Atletismo_del_Hipodromo_2.JPG\" alt=\"\" width=\"318\" height=\"239\"\/><\/figure>\n\n\n\n<ul>\n<li>Pista de Tenis, Urbanizaci\u00f3n Mijas Playa\n<ul>\n<li> <strong>Direcci\u00f3n:\u00a0<\/strong>Calle Alameda, 29649, Mijas <\/li>\n<\/ul>\n<\/li>\n<\/ul>\n\n\n\n<ul>\n<li>Piscina Cubierta\n<ul>\n<li><strong>Direcci\u00f3n:<\/strong> Calle Sierra de Grazalema, La Cala de Mijas<\/li>\n\n\n\n<li><strong>Tel\u00e9fono Conserjer\u00eda Piscina:<\/strong> 952 589029<\/li>\n<\/ul>\n<\/li>\n<\/ul>\n\n\n\n<figure class=\"wp-block-image size-large is-resized\"><img decoding=\"async\" src=\"https:\/\/www.mijas.es\/wp-content\/uploads\/2025\/11\/Fachada-Piscina-La-Cala-1024x682.jpg\" alt=\"\" class=\"wp-image-62767\" width=\"720\" height=\"479\" srcset=\"https:\/\/www.mijas.es\/wp-content\/uploads\/2025\/11\/Fachada-Piscina-La-Cala-1024x682.jpg 1024w, https:\/\/www.mijas.es\/wp-content\/uploads\/2025\/11\/Fachada-Piscina-La-Cala-300x200.jpg 300w, https:\/\/www.mijas.es\/wp-content\/uploads\/2025\/11\/Fachada-Piscina-La-Cala-768x512.jpg 768w, https:\/\/www.mijas.es\/wp-content\/uploads\/2025\/11\/Fachada-Piscina-La-Cala.jpg 1400w\" sizes=\"(max-width: 720px) 100vw, 720px\" \/><\/figure>\n\n\n\n<figure class=\"wp-block-image size-full is-resized\"><img decoding=\"async\" src=\"https:\/\/www.mijas.es\/wp-content\/uploads\/2025\/11\/Nueva-piscina-de-La-Cala-768x576-1.jpg\" alt=\"\" class=\"wp-image-62768\" width=\"720\" height=\"540\" srcset=\"https:\/\/www.mijas.es\/wp-content\/uploads\/2025\/11\/Nueva-piscina-de-La-Cala-768x576-1.jpg 768w, https:\/\/www.mijas.es\/wp-content\/uploads\/2025\/11\/Nueva-piscina-de-La-Cala-768x576-1-300x225.jpg 300w, https:\/\/www.mijas.es\/wp-content\/uploads\/2025\/11\/Nueva-piscina-de-La-Cala-768x576-1-400x300.jpg 400w\" sizes=\"(max-width: 720px) 100vw, 720px\" \/><\/figure>\n\n\n\n<hr class=\"wp-block-separator has-css-opacity\"\/>\n\n\n\n<h4 class=\"wp-block-heading\"> Las Lagunas &#8211;&nbsp;Ciudad Deportiva Regino Hern\u00e1ndez Mart\u00edn<\/h4>\n\n\n\n<ul>\n<li>\n\t\t<strong>Direcci\u00f3n:<\/strong> Camino del Albero, 14. 29651 &#8211; Mijas<\/li>\n\n\n\n<li>\n\t\t\n\t\t\t<strong>Tel\u00e9fono:<\/strong> 952478241\n\t<\/li>\n\n\n\n<li>\n\t\t\n\t\t\t<strong>Fax:<\/strong> 952479443\n\t<\/li>\n<\/ul>\n\n\n\n<h5 class=\"wp-block-heading\">\n\tPabell\u00f3n cubierto de Las Lagunas<\/h5>\n\n\n\n<ul>\n<li>\n\t\t<strong>Tel\u00e9fono:<\/strong> 952478352<\/li>\n<\/ul>\n\n\n\n<h5 class=\"wp-block-heading\">  Campo de F\u00fatbol Principal<\/h5>\n\n\n\n<h5 class=\"wp-block-heading\">\n\tCampo de F\u00fatbol Anexo<\/h5>\n\n\n\n<h5 class=\"wp-block-heading\">\n\tPiscina cubierta de Las Lagunas<\/h5>\n\n\n\n<h5 class=\"wp-block-heading\">\n\tGimnasio de Las lagunas<\/h5>\n\n\n\n<h5 class=\"wp-block-heading\">\n\tPistas Exteriores<\/h5>\n\n\n\n<ul>\n<li>\n\t\tBaloncesto<\/li>\n\n\n\n<li>\n\t\tF\u00fatbol Sala<\/li>\n\n\n\n<li>\n\t\tTenis<\/li>\n<\/ul>\n\n\n\n<h5 class=\"wp-block-heading\">\n\tPista de Front\u00f3n<\/h5>\n\n\n\n<h5 class=\"wp-block-heading\">\n\tSala de Spinning<\/h5>\n\n\n\n<h5 class=\"wp-block-heading\">\n\tSala de usos m\u00faltiples<\/h5>\n\n\n\n<figure class=\"wp-block-image is-resized\"><img decoding=\"async\" src=\"https:\/\/www.mijas.es\/files\/imagen\/servicios\/deportes\/aa3412_Piscina_CD.jpg\" alt=\"\" width=\"189\" height=\"142\"\/><\/figure>\n\n\n\n<figure class=\"wp-block-image is-resized\"><img decoding=\"async\" src=\"https:\/\/www.mijas.es\/files\/imagen\/servicios\/deportes\/aa7866_Pabellon_Cubierto_de_Las_Lagunas_5a.JPG\" alt=\"\" width=\"189\" height=\"142\"\/><figcaption class=\"wp-element-caption\"> <br><\/figcaption><\/figure>\n\n\n\n<figure class=\"wp-block-image\"><img decoding=\"async\" src=\"https:\/\/www.mijas.es\/files\/imagen\/servicios\/deportes\/aa9238_Pista_tenis_CD.jpg\" alt=\"\"\/><\/figure>\n\n\n\n<ul>\n<li><strong>Pabell\u00f3n Cubierto de Las Ca\u00f1adas<\/strong>\n<ul>\n<li>\n\t\t\t\t\n\t\t\t\t\t<strong>Direcci\u00f3n:<\/strong> C\/ \u00c1guila, s\/n. 29651 &#8211; Las Lagunas.\n\t\t\t<\/li>\n<\/ul>\n<\/li>\n<\/ul>\n","protected":false},"excerpt":{"rendered":"<p>Mijas Pueblo La Cala de Mijas Las Lagunas &#8211;&nbsp;Ciudad Deportiva Regino Hern\u00e1ndez Mart\u00edn Pabell\u00f3n cubierto de Las Lagunas Campo de F\u00fatbol Principal Campo de F\u00fatbol Anexo Piscina cubierta de Las Lagunas Gimnasio de Las lagunas Pistas Exteriores Pista de Front\u00f3n Sala de Spinning Sala de usos m\u00faltiples<\/p>\n","protected":false},"author":4,"featured_media":13003,"parent":13000,"menu_order":0,"comment_status":"closed","ping_status":"closed","template":"page-departamental.php","meta":[],"_links":{"self":[{"href":"https:\/\/www.mijas.es\/portal\/wp-json\/wp\/v2\/pages\/13008"}],"collection":[{"href":"https:\/\/www.mijas.es\/portal\/wp-json\/wp\/v2\/pages"}],"about":[{"href":"https:\/\/www.mijas.es\/portal\/wp-json\/wp\/v2\/types\/page"}],"author":[{"embeddable":true,"href":"https:\/\/www.mijas.es\/portal\/wp-json\/wp\/v2\/users\/4"}],"replies":[{"embeddable":true,"href":"https:\/\/www.mijas.es\/portal\/wp-json\/wp\/v2\/comments?post=13008"}],"version-history":[{"count":13,"href":"https:\/\/www.mijas.es\/portal\/wp-json\/wp\/v2\/pages\/13008\/revisions"}],"predecessor-version":[{"id":62769,"href":"https:\/\/www.mijas.es\/portal\/wp-json\/wp\/v2\/pages\/13008\/revisions\/62769"}],"up":[{"embeddable":true,"href":"https:\/\/www.mijas.es\/portal\/wp-json\/wp\/v2\/pages\/13000"}],"wp:featuredmedia":[{"embeddable":true,"href":"https:\/\/www.mijas.es\/portal\/wp-json\/wp\/v2\/media\/13003"}],"wp:attachment":[{"href":"https:\/\/www.mijas.es\/portal\/wp-json\/wp\/v2\/media?parent=13008"}],"curies":[{"name":"wp","href":"https:\/\/api.w.org\/{rel}","templated":true}]}}