{"id":13000,"date":"2019-03-20T09:35:56","date_gmt":"2019-03-20T09:35:56","guid":{"rendered":"http:\/\/192.168.0.42\/?page_id=13000"},"modified":"2024-10-30T13:26:18","modified_gmt":"2024-10-30T12:26:18","slug":"deportes","status":"publish","type":"page","link":"https:\/\/www.mijas.es\/portal\/deportes\/","title":{"rendered":"Deportes"},"content":{"rendered":"\n<figure class=\"wp-block-image\"><img decoding=\"async\" src=\"https:\/\/www.mijas.es\/files\/imagen\/servicios\/deportes\/deportes.jpg\" alt=\"\"\/><\/figure>\n\n\n\n<p>\n\tEl \u00c1rea de Deportes del Ayuntamiento de Mijas tiene como objetivo \nfundamental la promoci\u00f3n deportiva entre los diferentes sectores de la \npoblaci\u00f3n, con el fin de mejorar la salud f\u00edsica de los ciudadanos y \nconseguir educar a trav\u00e9s del deporte y la actividad f\u00edsica.<\/p>\n\n\n\n<p>\n\tPara ello se pone a disposici\u00f3n de los ciudadanos un amplio programa de actividades, en los que los pilares b\u00e1sicos son:<\/p>\n\n\n\n<ul>\n<li>\n\t\t\n\t\t\tPromoci\u00f3n deportiva entre los j\u00f3venes: a trav\u00e9s de las escuelas \ndeportivas, los Juegos Deportivos Municipales, as\u00ed como la organizaci\u00f3n \nde eventos.\n\t<\/li>\n\n\n\n<li>\n\t\t\n\t\t\tActividades dirigidas a adultos. Con un amplio abanico de \nposibilidades ofertadas en los tres n\u00facleos de poblaci\u00f3n del municipio.\n\t<\/li>\n\n\n\n<li>\n\t\t\n\t\t\tProgramas espec\u00edficos para la mejora de la salud.\n\t<\/li>\n\n\n\n<li>\n\t\t\n\t\t\tProgramas dirigidos a grupos con discapacidad.\n\t<\/li>\n\n\n\n<li>\n\t\tApoyo al deporte federado.<\/li>\n\n\n\n<li>\n\t\tApoyo al deporte amateur. Ligas locales.<\/li>\n\n\n\n<li>\n\t\tOrganizaci\u00f3n de todo tipo de eventos deportivos.<\/li>\n<\/ul>\n\n\n\n<p>\n\tPara poder llevar a cabo este ambicioso programa contamos con unas \nexcelentes instalaciones deportivas, situadas en los tres n\u00facleos \nprincipales de poblaci\u00f3n y cuyo mantenimiento y gesti\u00f3n son \nfundamentales para alcanzar los objetivos antes expuestos.<\/p>\n\n\n\n<p>\n\tA trav\u00e9s de esta p\u00e1gina Web, el \u00c1rea de Deportes del Excelent\u00edsimo \nAyuntamiento de Mijas pone a vuestra disposici\u00f3n una herramienta en la \nque encontrareis toda la informaci\u00f3n sobre el servicio que ofrecemos.<\/p>\n\n\n\n<p>\n\tPara atender a los ciudadanos, aclarar todas las dudas, formalizar \ninscripciones, realizar pagos, etc., disponemos de cuatro oficinas \nabiertas al p\u00fablico, que son:<\/p>\n\n\n\n<h3 class=\"wp-block-heading has-text-align-left\">\n\t<strong>Ciudad Deportiva de Las Lagunas<\/strong><\/h3>\n\n\n\n<ul>\n<li><strong>Horario de Lunes a Viernes<\/strong>\n<ul>\n<li>De 08.00 a 14.00 H<\/li>\n\n\n\n<li>De 16:30 a 20:00 H<\/li>\n<\/ul>\n<\/li>\n\n\n\n<li><strong>Tel\u00e9fonos de contacto:<\/strong>\n<ul>\n<li>\n\t\t\t\t952 47 82 41<\/li>\n\n\n\n<li>\n\t\t\t\t952 58 45 86<\/li>\n<\/ul>\n<\/li>\n<\/ul>\n\n\n\n<h3 class=\"wp-block-heading\">\n\t<strong>Oficina de La Cala<\/strong><\/h3>\n\n\n\n<ul>\n<li><strong>Horario de Lunes a Viernes<\/strong>\n<ul>\n<li> De 8.00 H a 14.00 H<\/li>\n<\/ul>\n<\/li>\n\n\n\n<li><strong>Horario de tarde Jueves y Viernes<\/strong>\n<ul>\n<li>De 17:00 a 20:00 H<\/li>\n<\/ul>\n<\/li>\n\n\n\n<li><strong>Tel\u00e9fonos de contacto<\/strong>\n<ul>\n<li> 951 06 37 84<\/li>\n<\/ul>\n<\/li>\n<\/ul>\n\n\n\n<h3 class=\"wp-block-heading\">\n\t<strong>Gimnasio Municipal de Mijas Pueblo<\/strong><\/h3>\n\n\n\n<ul>\n<li><strong>Horario<\/strong> <strong><strong>Lunes y Mi\u00e9rcoles<\/strong><\/strong>\n<ul>\n<li> De 09:00 a 13:45 H<\/li>\n<\/ul>\n<\/li>\n\n\n\n<li><strong>Horario Martes<\/strong>\n<ul>\n<li> De 17:00 a 20:00 H<\/li>\n<\/ul>\n<\/li>\n\n\n\n<li> <strong>Tel\u00e9fono <strong>de contacto<\/strong>:<\/strong> \n<ul>\n<li>952 48 59 00 &#8211; EXT 3702<\/li>\n<\/ul>\n<\/li>\n<\/ul>\n\n\n\n<p>  Contacta con nosotros a trav\u00e9s del e-mail\u00a0<a href=\"mailto:deportes@mijas.es\">deportes@mijas.es<\/a><\/p>\n\n\n\n<p>P\u00e1gina\/Blog del Departamento:  <a href=\"http:\/\/mijasdeportes.blogspot.com\/\">http:\/\/mijasdeportes.blogspot.com\/<\/a> <\/p>\n","protected":false},"excerpt":{"rendered":"<p>El \u00c1rea de Deportes del Ayuntamiento de Mijas tiene como objetivo fundamental la promoci\u00f3n deportiva entre los diferentes sectores de la poblaci\u00f3n, con el fin de mejorar la salud f\u00edsica de los ciudadanos y conseguir educar a trav\u00e9s del deporte y la actividad f\u00edsica. Para ello se pone a disposici\u00f3n de los ciudadanos un amplio [&hellip;]<\/p>\n","protected":false},"author":4,"featured_media":13003,"parent":0,"menu_order":0,"comment_status":"closed","ping_status":"closed","template":"page-departamental.php","meta":[],"_links":{"self":[{"href":"https:\/\/www.mijas.es\/portal\/wp-json\/wp\/v2\/pages\/13000"}],"collection":[{"href":"https:\/\/www.mijas.es\/portal\/wp-json\/wp\/v2\/pages"}],"about":[{"href":"https:\/\/www.mijas.es\/portal\/wp-json\/wp\/v2\/types\/page"}],"author":[{"embeddable":true,"href":"https:\/\/www.mijas.es\/portal\/wp-json\/wp\/v2\/users\/4"}],"replies":[{"embeddable":true,"href":"https:\/\/www.mijas.es\/portal\/wp-json\/wp\/v2\/comments?post=13000"}],"version-history":[{"count":11,"href":"https:\/\/www.mijas.es\/portal\/wp-json\/wp\/v2\/pages\/13000\/revisions"}],"predecessor-version":[{"id":59270,"href":"https:\/\/www.mijas.es\/portal\/wp-json\/wp\/v2\/pages\/13000\/revisions\/59270"}],"wp:featuredmedia":[{"embeddable":true,"href":"https:\/\/www.mijas.es\/portal\/wp-json\/wp\/v2\/media\/13003"}],"wp:attachment":[{"href":"https:\/\/www.mijas.es\/portal\/wp-json\/wp\/v2\/media?parent=13000"}],"curies":[{"name":"wp","href":"https:\/\/api.w.org\/{rel}","templated":true}]}}