{"id":12981,"date":"2019-03-19T13:02:34","date_gmt":"2019-03-19T13:02:34","guid":{"rendered":"http:\/\/192.168.0.42\/?page_id=12981"},"modified":"2024-03-08T11:13:15","modified_gmt":"2024-03-08T10:13:15","slug":"autobuses","status":"publish","type":"page","link":"https:\/\/www.mijas.es\/portal\/movilidad-urbana\/autobuses\/","title":{"rendered":"Transportes en Autob\u00fas"},"content":{"rendered":"\n<h5 class=\"wp-block-heading\">\n\t<strong>Recorridos y Horarios de Autobuses en el T\u00e9rmino Municipal de Mijas<\/strong><\/h5>\n\n\n\n<hr class=\"wp-block-separator has-css-opacity\"\/>\n\n\n\n<p>Mijas dispone de un servicio de transportes interurbanos que hace que  el municipio se encuentre muy cerca de todos los n\u00facleos de poblaci\u00f3n de  la Provincia de M\u00e1laga.&nbsp;Adem\u00e1s Mijas cuenta con tres l\u00edneas de  autobuses urbanos en Las Lagunas lo que permite que haya una&nbsp; buena  comunicaci\u00f3n interna.&nbsp;Tambi\u00e9n disponemos con varias paradas de taxis  dentro de su t\u00e9rmino municipal; en Mijas Pueblo, Las Lagunas y La Cala,  Mijas Costa. La sede central se encuentra en Las Lagunas.<\/p>\n\n\n\n<h4 class=\"wp-block-heading\">\n\t<strong>Consorcio de Transporte Metropolitano<\/strong><\/h4>\n\n\n\n<p>Desde el siguiente \u00abwidget\u00bb se puede consultar todas las lineas que pasa por el Municipio de Mijas, y las ultimas noticias si hubiera alguna incidencia. Todo proporcionado por el Consorcio de Transporte Metropolitano del \u00c1rea de M\u00e1laga.<\/p>\n\n\n\n<p><strong>Informaci\u00f3n de L\u00edneas en el Municipio de Mijas<\/strong><\/p>\n\n\n\n<table class=\"wp-block-table\" border=\"1\" bordercolor=\"#C4C4C4\"><tbody><tr><td>M-112 &#8211; M\u00e1laga-Mijas <\/td><td><a href=\"http:\/\/siu.ctmam.ctan.es\/es\/horarios_lineas_tabla.php?from=1&amp;linea=3\" target=\"_blank\" rel=\"noopener\">IR<\/a><\/td><\/tr><tr><td>M-113 &#8211; M\u00e1laga-Las Lagunas-Fuengirola (Directo) <\/td><td><a href=\"http:\/\/siu.ctmam.ctan.es\/es\/horarios_lineas_tabla.php?from=1&amp;linea=4\" target=\"_blank\" rel=\"noopener\">IR<\/a><\/td><\/tr><tr><td>M-114 &#8211; Mijas-Teatinos <\/td><td><a href=\"http:\/\/siu.ctmam.ctan.es\/es\/horarios_lineas_tabla.php?from=1&amp;linea=5\" target=\"_blank\" rel=\"noopener\">IR<\/a><\/td><\/tr><tr><td>M-119 &#8211; Calahonda-La Cala de Mijas-Fuengirola <\/td><td><a href=\"http:\/\/siu.ctmam.ctan.es\/es\/horarios_lineas_tabla.php?from=1&amp;linea=201\" target=\"_blank\" rel=\"noopener\">IR<\/a><\/td><\/tr><tr><td>M-121 &#8211; Mijas-Benalm\u00e1dena-Torremolinos <\/td><td><a href=\"http:\/\/siu.ctmam.ctan.es\/es\/horarios_lineas_tabla.php?from=1&amp;linea=9\" target=\"_blank\" rel=\"noopener\">IR<\/a><\/td><\/tr><tr><td>M-122 &#8211; Fuengirola-Mijas <\/td><td><a href=\"http:\/\/siu.ctmam.ctan.es\/es\/horarios_lineas_tabla.php?from=1&amp;linea=10\" target=\"_blank\" rel=\"noopener\">IR<\/a><\/td><\/tr><tr><td>M-127  &#8211; Las Lagunas-Estaci\u00f3n de Autobuses <\/td><td><a href=\"http:\/\/siu.ctmam.ctan.es\/es\/horarios_lineas_tabla.php?from=1&amp;linea=15\" target=\"_blank\" rel=\"noopener\">IR<\/a><\/td><\/tr><tr><td>M-129  &#8211; Estaci\u00f3n de Autobuses-Las Lagunas-Cementerio Hip\u00f3dromo <\/td><td><a href=\"http:\/\/siu.ctmam.ctan.es\/es\/horarios_lineas_tabla.php?from=1&amp;linea=171\" target=\"_blank\" rel=\"noopener\">IR<\/a><\/td><\/tr><tr><td>M-156  &#8211; Las Lagunas-Centro Comercial-Cerros del \u00c1guila. <\/td><td><a href=\"http:\/\/siu.ctmam.ctan.es\/es\/horarios_lineas_tabla.php?from=1&amp;linea=208\" target=\"_blank\" rel=\"noopener\">IR<\/a><\/td><\/tr><tr><td>M-220  &#8211; Fuengirola-Marbella <\/td><td><a href=\"http:\/\/siu.ctmam.ctan.es\/es\/horarios_lineas_tabla.php?from=1&amp;linea=21\" target=\"_blank\" rel=\"noopener\">IR<\/a><\/td><\/tr><tr><td>M-221  &#8211; Fuengirola-Co\u00edn <\/td><td><a href=\"http:\/\/siu.ctmam.ctan.es\/es\/horarios_lineas_tabla.php?from=1&amp;linea=22\" target=\"_blank\" rel=\"noopener\">IR<\/a><\/td><\/tr><tr><td>M-222  &#8211; El Barrio-Mijas-La Alquer\u00eda-Fuengirola. <\/td><td><a href=\"http:\/\/siu.ctmam.ctan.es\/es\/horarios_lineas_tabla.php?from=1&amp;linea=226\" target=\"_blank\" rel=\"noopener\">IR<\/a><\/td><\/tr><tr><td>M-223 &#8211; Entrerr\u00edos-Las Lagunas-Fuengirola <\/td><td><a href=\"http:\/\/siu.ctmam.ctan.es\/es\/horarios_lineas_tabla.php?from=1&amp;linea=227\" target=\"_blank\" rel=\"noopener\">IR<\/a><\/td><\/tr><\/tbody><\/table>\n\n\n\n<p><strong>Convenios con el Consorcio de Transporte<\/strong><\/p>\n\n\n\n<table class=\"wp-block-table\" border=\"1\" bordercolor=\"#C4C4C4\"><tbody><tr><td>Convenio M-119 2024 <\/td><td><a href=\"https:\/\/www.mijas.es\/wp-content\/uploads\/2024\/01\/CONVENIO%20M-119%2C%20M-156%2C%20M-222%20Y%20M-223%20A%C3%91O%202023.pdf\" target=\"_blank\" rel=\"noopener\">IR<\/a><\/td><\/tr><tr><td>Convenio M-156 2024 <\/td><td><a href=\"https:\/\/www.mijas.es\/wp-content\/uploads\/2024\/01\/CONVENIO%20M-119%2C%20M-156%2C%20M-222%20Y%20M-223%20A%C3%91O%202023.pdf\" target=\"_blank\" rel=\"noopener\">IR<\/a><\/td><\/tr><tr><td>Convenio M-222 2024 <\/td><td><a href=\"https:\/\/www.mijas.es\/wp-content\/uploads\/2024\/01\/CONVENIO%20M-119%2C%20M-156%2C%20M-222%20Y%20M-223%20A%C3%91O%202023.pdf\" target=\"_blank\" rel=\"noopener\">IR<\/a><\/td><\/tr><tr><td>Convenio M-223 2024<\/td><td><a href=\"https:\/\/www.mijas.es\/wp-content\/uploads\/2024\/01\/CONVENIO%20M-119%2C%20M-156%2C%20M-222%20Y%20M-223%20A%C3%91O%202023.pdf\" target=\"_blank\" rel=\"noopener\">IR<\/a><\/td><\/tr><tr><td>Convenio Refuerzo M-114 2024<\/td><td><a href=\"https:\/\/www.mijas.es\/wp-content\/uploads\/2024\/01\/CONVENIO%20REFUERZO%20M-114%20A%C3%91O%202023.PDF\" target=\"_blank\" rel=\"noopener\">IR<\/a><\/td><\/tr><\/tbody><\/table>\n","protected":false},"excerpt":{"rendered":"<p>Recorridos y Horarios de Autobuses en el T\u00e9rmino Municipal de Mijas Mijas dispone de un servicio de transportes interurbanos que hace que el municipio se encuentre muy cerca de todos los n\u00facleos de poblaci\u00f3n de la Provincia de M\u00e1laga.&nbsp;Adem\u00e1s Mijas cuenta con tres l\u00edneas de autobuses urbanos en Las Lagunas lo que permite que haya [&hellip;]<\/p>\n","protected":false},"author":4,"featured_media":13852,"parent":24524,"menu_order":0,"comment_status":"closed","ping_status":"closed","template":"page-departamental.php","meta":[],"_links":{"self":[{"href":"https:\/\/www.mijas.es\/portal\/wp-json\/wp\/v2\/pages\/12981"}],"collection":[{"href":"https:\/\/www.mijas.es\/portal\/wp-json\/wp\/v2\/pages"}],"about":[{"href":"https:\/\/www.mijas.es\/portal\/wp-json\/wp\/v2\/types\/page"}],"author":[{"embeddable":true,"href":"https:\/\/www.mijas.es\/portal\/wp-json\/wp\/v2\/users\/4"}],"replies":[{"embeddable":true,"href":"https:\/\/www.mijas.es\/portal\/wp-json\/wp\/v2\/comments?post=12981"}],"version-history":[{"count":23,"href":"https:\/\/www.mijas.es\/portal\/wp-json\/wp\/v2\/pages\/12981\/revisions"}],"predecessor-version":[{"id":55031,"href":"https:\/\/www.mijas.es\/portal\/wp-json\/wp\/v2\/pages\/12981\/revisions\/55031"}],"up":[{"embeddable":true,"href":"https:\/\/www.mijas.es\/portal\/wp-json\/wp\/v2\/pages\/24524"}],"wp:featuredmedia":[{"embeddable":true,"href":"https:\/\/www.mijas.es\/portal\/wp-json\/wp\/v2\/media\/13852"}],"wp:attachment":[{"href":"https:\/\/www.mijas.es\/portal\/wp-json\/wp\/v2\/media?parent=12981"}],"curies":[{"name":"wp","href":"https:\/\/api.w.org\/{rel}","templated":true}]}}