{"id":12961,"date":"2019-03-19T12:06:40","date_gmt":"2019-03-19T12:06:40","guid":{"rendered":"http:\/\/192.168.0.42\/?page_id=12961"},"modified":"2019-03-20T09:16:46","modified_gmt":"2019-03-20T09:16:46","slug":"enlaces-de-interes","status":"publish","type":"page","link":"https:\/\/www.mijas.es\/portal\/atencion-ciudadana\/enlaces-de-interes\/","title":{"rendered":"Enlaces de inter\u00e9s &#8211; At.Ciudadana"},"content":{"rendered":"\n<p>\n\t<strong>Organismos e Instituciones Oficiales<\/strong><\/p>\n\n\n\n<ul><li>\n\t\t<a href=\"http:\/\/www.europa.eu\/index_es.htm\" rel=\"noreferrer noopener\" target=\"_blank\">Parlamento Europeo<\/a><\/li><li>\n\t\t<a href=\"http:\/\/www.casareal.es\" rel=\"noreferrer noopener\" target=\"_blank\">Casa Real<\/a><\/li><li>\n\t\t<a href=\"http:\/\/www.la-moncloa.es\/\" rel=\"noreferrer noopener\" target=\"_blank\">Palacio de la Moncloa<\/a><\/li><li>\n\t\t<a href=\"http:\/\/www.map.es\/\" rel=\"noreferrer noopener\" target=\"_blank\">Ministerio de Administraciones P\u00fablicas<\/a><\/li><li>\n\t\t<a href=\"http:\/\/www.administracion.es\/\" rel=\"noreferrer noopener\" target=\"_blank\">Portal del Ciudadano<\/a><\/li><li>\n\t\t<a href=\"http:\/\/www.congreso.es\/\" rel=\"noreferrer noopener\" target=\"_blank\">Congreso de los Diputados<\/a><\/li><li>\n\t\t<a href=\"http:\/\/www.ine.es\/\" rel=\"noreferrer noopener\" target=\"_blank\">Instituto Nacional de Estad\u00edstica (INE)<\/a><\/li><li>\n\t\t<a href=\"http:\/\/www.juntadeandalucia.es\/\" rel=\"noreferrer noopener\" target=\"_blank\">Junta de Andaluc\u00eda<\/a><\/li><li>\n\t\t<a href=\"http:\/\/www.parlamentodeandalucia.es\/\" rel=\"noreferrer noopener\" target=\"_blank\">Parlamento de Andaluc\u00eda<\/a><\/li><li>\n\t\t<a href=\"http:\/\/www.juntadeandalucia.es\/institutodeestadistica\/\" rel=\"noreferrer noopener\" target=\"_blank\">Instituto de Estad\u00edstica de Andaluc\u00eda (IEA)<\/a><\/li><li>\n\t\t<a href=\"http:\/\/www.malaga.es\/\" rel=\"noreferrer noopener\" target=\"_blank\">Diputaci\u00f3n Provincial de M\u00e1laga<\/a><\/li><li>\n\t\t<a href=\"http:\/\/www.mancomunidad.org\/\" rel=\"noreferrer noopener\" target=\"_blank\">Mancomunidad de Municipios de la Costa del Sol<\/a><\/li><\/ul>\n\n\n\n<p>\n\t<strong>Boletines Oficiales<\/strong><\/p>\n\n\n\n<ul><li>\n\t\t<a href=\"http:\/\/europa.eu\/archives\/bulletin\/es\/welcome.htm\" rel=\"noreferrer noopener\" target=\"_blank\">Bolet\u00edn Oficial de la Uni\u00f3n Europea<\/a><\/li><li>\n\t\t<a href=\"http:\/\/www.boe.es\/\" rel=\"noreferrer noopener\" target=\"_blank\">Bolet\u00edn Oficial del Estado<\/a> (BOE).<\/li><li>\n\t\t<a href=\"http:\/\/www.andaluciajunta.es\/BOJA\" rel=\"noreferrer noopener\" target=\"_blank\">Bolet\u00edn Oficial de la Junta de Andaluc\u00eda<\/a> (BOJA).<\/li><li>\n\t\t<a href=\"http:\/\/www.andaluciajunta.es\/BOJA\" rel=\"noreferrer noopener\" target=\"_blank\">Bolet\u00edn Oficial del Parlamento de Andaluc\u00eda<\/a> (BOPA).<\/li><li>\n\t\t<a href=\"http:\/\/www.bopmalaga.es\/\" rel=\"noreferrer noopener\" target=\"_blank\">Bolet\u00edn Oficial de la Provincia de M\u00e1laga<\/a> (BOP).<\/li><\/ul>\n\n\n\n<p>\n\t<strong>Otras Webs con informaci\u00f3n de Mijas<\/strong><\/p>\n\n\n\n<ul><li>\n\t\t<a href=\"http:\/\/www.mijascomunicacion.org\/\" rel=\"noreferrer noopener\" target=\"_blank\">M<\/a><a href=\"http:\/\/www.mijascomunicacion.org\/\" target=\"_blank\" rel=\"noreferrer noopener\">ijas Comunicaci\u00f3n<\/a><\/li><li>\n\t\t<a href=\"http:\/\/www.calademijas.com\/\" rel=\"noreferrer noopener\" target=\"_blank\">La Cala de Mijas<\/a> (Solo ingl\u00e9s)<\/li><li>\n\t\t<a href=\"http:\/\/www.calademijas.com\" target=\"_blank\" rel=\"noreferrer noopener\">CaladeMijas.com<\/a><\/li><li>\n\t\t<a href=\"http:\/\/www.rivieradelsol.co.uk\/\" rel=\"noreferrer noopener\" target=\"_blank\">Riviera del Sol<\/a> (Solo ingl\u00e9s)<\/li><li>\n\t\t<a href=\"http:\/\/www.juntadeandalucia.es\/institutodeestadistica\/sima\/htm\/sm29070.htm\" rel=\"noreferrer noopener\" target=\"_blank\">Informaci\u00f3n estad\u00edstica sobre Mijas<\/a> (SIMA)<\/li><li>\n\t\t<a href=\"http:\/\/www.webmalaga.com\/home.asp?mun=29070\" rel=\"noreferrer noopener\" target=\"_blank\">Mijas en Webmalaga.com<\/a><\/li><li>\n\t\t<a href=\"http:\/\/www.costadelsol.net\/web\/mijas\/\" rel=\"noreferrer noopener\" target=\"_blank\">Mijas en costadelsol.net<\/a><\/li><li>\n\t\t<a href=\"http:\/\/canales.diariosur.es\/pueblos\/mijas\/mijas.htm\" rel=\"noreferrer noopener\" target=\"_blank\">Mijas en Diario Sur<\/a><\/li><\/ul>\n\n\n\n<p>\n\t<strong>Municipios cercanos<\/strong><\/p>\n\n\n\n<ul><li>\n\t\t<a href=\"http:\/\/www.webmalaga.com\/\" rel=\"noreferrer noopener\" target=\"_blank\">M\u00e1laga en la Red<\/a><\/li><li>\n\t\t<a href=\"http:\/\/www.alhaurinelgrande.net\/\" rel=\"noreferrer noopener\" target=\"_blank\">Alhaur\u00edn el Grande<\/a><\/li><li>\n\t\t<a href=\"http:\/\/www.aytoalhaurindelatorre.es\/\" rel=\"noreferrer noopener\" target=\"_blank\">Alhaur\u00edn de la Torre<\/a><\/li><li>\n\t\t<a href=\"http:\/\/www.benalmadena.com\/\" rel=\"noreferrer noopener\" target=\"_blank\">Benalm\u00e1dena<\/a><\/li><li>\n\t\t<a href=\"http:\/\/www.fuengirola.org\/\" rel=\"noreferrer noopener\" target=\"_blank\">Fuengirola<\/a><\/li><li>\n\t\t<a href=\"http:\/\/www.ayto-malaga.es\" rel=\"noreferrer noopener\" target=\"_blank\">M\u00e1laga<\/a><\/li><li>\n\t\t<a href=\"http:\/\/www.marbella.es\/\" rel=\"noreferrer noopener\" target=\"_blank\">Marbella<\/a><\/li><li>\n\t\t<a href=\"http:\/\/www.ayto-torremolinos.org\/\" rel=\"noreferrer noopener\" target=\"_blank\">Torremolinos<\/a><\/li><\/ul>\n\n\n\n<p>\n\t<strong>Gu\u00edas e Informaci\u00f3n Tur\u00edstica<\/strong><\/p>\n\n\n\n<ul><li>\n\t\t<a href=\"http:\/\/www.tourspain.es\/Portal\/ES\/Default.htm\" rel=\"noreferrer noopener\" target=\"_blank\">Turespa\u00f1a<\/a><\/li><li>\n\t\t<a href=\"http:\/\/www.andalucia.org\/modulos.php?nuevoidioma=spa&amp;modulo=Index\" rel=\"noreferrer noopener\" target=\"_blank\">Turismo Andaluz<\/a><\/li><li>\n\t\t<a href=\"http:\/\/www.visitacostadelsol.com\/\" rel=\"noreferrer noopener\" target=\"_blank\">Patronato de Turismo de la Costa del Sol<\/a><\/li><li>\n\t\t<a href=\"http:\/\/costa-del-sol.net\" rel=\"noreferrer noopener\" target=\"_blank\">Costa-del-sol.net<\/a><\/li><li>\n\t\t<a href=\"http:\/\/www.mipueblo.es\/\" rel=\"noreferrer noopener\" target=\"_blank\">Gu\u00eda de pueblos: Mi pueblo es&#8230;<\/a><\/li><li>\n\t\t<a href=\"http:\/\/www.mipueblo.es\/\" rel=\"noreferrer noopener\" target=\"_blank\">Mipueblo.es<\/a><\/li><li>\n\t\t<a href=\"http:\/\/www.pueblecitos.com\/\" rel=\"noreferrer noopener\" target=\"_blank\">Gu\u00eda de pueblos peque\u00f1os de Espa\u00f1a<\/a><\/li><li>\n\t\t<a href=\"http:\/\/www.puebloapueblo.com\/\" rel=\"noreferrer noopener\" target=\"_blank\">Gu\u00eda de pueblos: Pueblo a pueblo de Espa\u00f1a<\/a><\/li><\/ul>\n\n\n\n<p>\n\t&nbsp;<strong>Otros enlaces de inter\u00e9s<\/strong><\/p>\n\n\n\n<ul><li>\n\t\t<a href=\"http:\/\/www.cervantes.es\" rel=\"noreferrer noopener\" target=\"_blank\">Instituto Cervantes<\/a><\/li><li>\n\t\t<a href=\"http:\/\/www.correos.es\">C\u00f3digos postales de Espa\u00f1a<\/a> (Portal de Correos)<\/li><\/ul>\n\n\n\n<p>\n\t<br>\n\t<strong><a href=\"http:\/\/www.spainselecta.com\" target=\"_blank\" rel=\"noreferrer noopener\">Espa\u00f1a Selecta<\/a><\/strong> &#8211; Selecto directorio tur\u00edstico espa\u00f1ol<\/p>\n","protected":false},"excerpt":{"rendered":"<p>Organismos e Instituciones Oficiales Parlamento Europeo Casa Real Palacio de la Moncloa Ministerio de Administraciones P\u00fablicas Portal del Ciudadano Congreso de los Diputados Instituto Nacional de Estad\u00edstica (INE) Junta de Andaluc\u00eda Parlamento de Andaluc\u00eda Instituto de Estad\u00edstica de Andaluc\u00eda (IEA) Diputaci\u00f3n Provincial de M\u00e1laga Mancomunidad de Municipios de la Costa del Sol Boletines Oficiales Bolet\u00edn [&hellip;]<\/p>\n","protected":false},"author":4,"featured_media":12996,"parent":12907,"menu_order":0,"comment_status":"closed","ping_status":"closed","template":"page-departamental.php","meta":[],"_links":{"self":[{"href":"https:\/\/www.mijas.es\/portal\/wp-json\/wp\/v2\/pages\/12961"}],"collection":[{"href":"https:\/\/www.mijas.es\/portal\/wp-json\/wp\/v2\/pages"}],"about":[{"href":"https:\/\/www.mijas.es\/portal\/wp-json\/wp\/v2\/types\/page"}],"author":[{"embeddable":true,"href":"https:\/\/www.mijas.es\/portal\/wp-json\/wp\/v2\/users\/4"}],"replies":[{"embeddable":true,"href":"https:\/\/www.mijas.es\/portal\/wp-json\/wp\/v2\/comments?post=12961"}],"version-history":[{"count":2,"href":"https:\/\/www.mijas.es\/portal\/wp-json\/wp\/v2\/pages\/12961\/revisions"}],"predecessor-version":[{"id":12964,"href":"https:\/\/www.mijas.es\/portal\/wp-json\/wp\/v2\/pages\/12961\/revisions\/12964"}],"up":[{"embeddable":true,"href":"https:\/\/www.mijas.es\/portal\/wp-json\/wp\/v2\/pages\/12907"}],"wp:featuredmedia":[{"embeddable":true,"href":"https:\/\/www.mijas.es\/portal\/wp-json\/wp\/v2\/media\/12996"}],"wp:attachment":[{"href":"https:\/\/www.mijas.es\/portal\/wp-json\/wp\/v2\/media?parent=12961"}],"curies":[{"name":"wp","href":"https:\/\/api.w.org\/{rel}","templated":true}]}}