{"id":12958,"date":"2019-03-19T12:05:01","date_gmt":"2019-03-19T12:05:01","guid":{"rendered":"http:\/\/192.168.0.42\/?page_id=12958"},"modified":"2022-07-14T10:13:56","modified_gmt":"2022-07-14T09:13:56","slug":"dias-festivos","status":"publish","type":"page","link":"https:\/\/www.mijas.es\/portal\/atencion-ciudadana\/dias-festivos\/","title":{"rendered":"D\u00edas Festivos"},"content":{"rendered":"\n<p>\n\t<strong>Fiestas Locales (Mijas)<\/strong><\/p>\n\n\n\n<ul><li> 8 de septiembre (Virgen de la Pe\u00f1a)<\/li><li>15 de Octubre<\/li><\/ul>\n\n\n\n<p>\n\t<strong>Fiestas Auton\u00f3micas (Andaluc\u00eda)<\/strong><\/p>\n\n\n\n<ul><li>\n\t\t28 de febrero (D\u00eda de Andaluc\u00eda)<\/li><li>\n\t\tEn marzo o abril Jueves Santo (variable)<\/li><\/ul>\n\n\n\n<p>\n\t<strong>Fiestas Nacionales (Espa\u00f1a)<\/strong><\/p>\n\n\n\n<ul><li>\n\t\t1 de enero (A\u00f1o nuevo)<\/li><li>\n\t\t6 de enero (Epifan\u00eda)<\/li><li>\n\t\tEn marzo o abril Viernes Santo (variable)<\/li><li>\n\t\t1 de mayo (Fiesta del Trabajo)<\/li><li>\n\t\t15 de agosto (Asunci\u00f3n de la Virgen)<\/li><li>\n\t\t12 de octubre (D\u00eda del Pilar)<\/li><li>\n\t\t1 de noviembre (Todos los Santos)<\/li><li>\n\t\t6 de diciembre (D\u00eda de la Constituci\u00f3n)<\/li><li>\n\t\t8 de diciembre (Inmaculada Concepci\u00f3n)<\/li><li>\n\t\t25 de diciembre (Navidad)<\/li><\/ul>\n","protected":false},"excerpt":{"rendered":"<p>Fiestas Locales (Mijas) 8 de septiembre (Virgen de la Pe\u00f1a) 15 de Octubre Fiestas Auton\u00f3micas (Andaluc\u00eda) 28 de febrero (D\u00eda de Andaluc\u00eda) En marzo o abril Jueves Santo (variable) Fiestas Nacionales (Espa\u00f1a) 1 de enero (A\u00f1o nuevo) 6 de enero (Epifan\u00eda) En marzo o abril Viernes Santo (variable) 1 de mayo (Fiesta del Trabajo) 15 [&hellip;]<\/p>\n","protected":false},"author":4,"featured_media":12996,"parent":12907,"menu_order":0,"comment_status":"closed","ping_status":"closed","template":"page-departamental.php","meta":[],"_links":{"self":[{"href":"https:\/\/www.mijas.es\/portal\/wp-json\/wp\/v2\/pages\/12958"}],"collection":[{"href":"https:\/\/www.mijas.es\/portal\/wp-json\/wp\/v2\/pages"}],"about":[{"href":"https:\/\/www.mijas.es\/portal\/wp-json\/wp\/v2\/types\/page"}],"author":[{"embeddable":true,"href":"https:\/\/www.mijas.es\/portal\/wp-json\/wp\/v2\/users\/4"}],"replies":[{"embeddable":true,"href":"https:\/\/www.mijas.es\/portal\/wp-json\/wp\/v2\/comments?post=12958"}],"version-history":[{"count":2,"href":"https:\/\/www.mijas.es\/portal\/wp-json\/wp\/v2\/pages\/12958\/revisions"}],"predecessor-version":[{"id":46944,"href":"https:\/\/www.mijas.es\/portal\/wp-json\/wp\/v2\/pages\/12958\/revisions\/46944"}],"up":[{"embeddable":true,"href":"https:\/\/www.mijas.es\/portal\/wp-json\/wp\/v2\/pages\/12907"}],"wp:featuredmedia":[{"embeddable":true,"href":"https:\/\/www.mijas.es\/portal\/wp-json\/wp\/v2\/media\/12996"}],"wp:attachment":[{"href":"https:\/\/www.mijas.es\/portal\/wp-json\/wp\/v2\/media?parent=12958"}],"curies":[{"name":"wp","href":"https:\/\/api.w.org\/{rel}","templated":true}]}}