{"id":12949,"date":"2019-03-19T11:30:09","date_gmt":"2019-03-19T11:30:09","guid":{"rendered":"http:\/\/192.168.0.42\/?page_id=12949"},"modified":"2025-04-04T16:00:49","modified_gmt":"2025-04-04T15:00:49","slug":"como-empadronarse","status":"publish","type":"page","link":"https:\/\/www.mijas.es\/portal\/atencion-ciudadana\/como-empadronarse\/","title":{"rendered":"\u00bfC\u00f3mo empadronarse?"},"content":{"rendered":"\n<h5 class=\"wp-block-heading\">\n\t<strong>Requisitos para empadronarse individualmente<\/strong><\/h5>\n\n\n\n<ul>\n<li>\n\t\tOrigina y copial del DNI, NIE o PASAPORTE.<\/li>\n\n\n\n<li>\n\t\tOriginal y copia de la Escritura de la VIVIENDA, o recibo del IBI \n(contribuci\u00f3n) o Contrato de alquiler (uno solo de estos documentos).<\/li>\n\n\n\n<li>\n\t\tSer mayor de edad<\/li>\n<\/ul>\n\n\n\n<h5 class=\"wp-block-heading\">\n\t<strong>Requisitos para empadronar una Unidad Familiar<\/strong><\/h5>\n\n\n\n<ul>\n<li>\n\t\tLos mismos requisitos anteriores.<\/li>\n\n\n\n<li> Original del Libro de Familia, para menores de edad.<\/li>\n\n\n\n<li>Autorizaci\u00f3n Colectiva por la Ley de Protecci\u00f3n de Datos tanto de las personas que ya est\u00e1n inscritas como las que se van a inscribir.<\/li>\n<\/ul>\n\n\n\n<h5 class=\"wp-block-heading\">\n\t<br>\n\t<strong>CONSIDERACIONES sobre la VIVIENDA<\/strong><\/h5>\n\n\n\n<p>\n\tCuando una persona desea empadronarse en una vivienda que no es de su \npropiedad, deber\u00e1 acudir acompa\u00f1ado del propietario o titular del \narrendamiento, para que \u00e9ste autorice bajo su responsabilidad el \nempadronamiento en su domicilio. O una autozaci\u00f3n expresa del \npropietario firmada.<\/p>\n\n\n\n<h5 class=\"wp-block-heading\">\n\t<strong>CONSIDERACIONES sobre las PERSONAS<\/strong><\/h5>\n\n\n\n<p>\n\tEmpadronarse es un derecho y una obligaci\u00f3n individualizada. Por este \nmotivo las personas tienen que venir personalmente tanto para darse de \nAlta como para cualquier variaci\u00f3n de datos y refrendarlos con su firma.<\/p>\n\n\n\n<h5 class=\"wp-block-heading\">\n\t<strong>VARIACIONES<\/strong><\/h5>\n\n\n\n<ul>\n<li><strong>Cambio de domicilio dentro del mismo municipio<\/strong> (de Mijas a Mijas)\n<ul>\n<li>\n\t\t\t\tAportar Escritura, Recibo del IBI (Contribuci\u00f3n), Contrato de \ncompraventa o contrato de alquiler de la nueva vivienda (uno solo de \nestos documentos).<\/li>\n<\/ul>\n<\/li>\n\n\n\n<li><strong>Cambio de domicilio a otro municipio<\/strong> (de Mijas a otro)\n<ul>\n<li>\n\t\t\t\tSI tiene que darse de Alta en el nuevo municipio de residencia.<\/li>\n<\/ul>\n<\/li>\n\n\n\n<li><strong>Para EXTRANJEROS<\/strong>. (de Mijas a Extranjero)\n<ul>\n<li>\n\t\t\t\tSi regresan a su pa\u00eds de origen y tienen dudas de si van a regresar a\n Espa\u00f1a, deben notificarlo para proceder a la Baja Temporal.<\/li>\n<\/ul>\n<\/li>\n<\/ul>\n\n\n\n<p>\n\t<strong>DOCUMENTOS<\/strong><\/p>\n\n\n\n<ul>\n<li> Hoja padronal &#8211; <a href=\"https:\/\/www.mijas.es\/files\/adjuntos\/servicios_municipales\/a1780_HojaEmpadronamientoMijasInternet.pdf\">Descargar<\/a> (PDF)<\/li>\n\n\n\n<li>Autorizaci\u00f3n Colectiva &#8211; <a rel=\"noreferrer noopener\" href=\"https:\/\/www.mijas.es\/wp-content\/uploads\/2025\/04\/AUTORIZACION-COLECTIVO.pdf\" target=\"_blank\">Descargar<\/a> (PDF)<\/li>\n<\/ul>\n\n\n\n<p>\n\tM\u00e1s informaci\u00f3n, pinchar <a href=\"http:\/\/www.mijas.es\/portal\/es\/estadistica\">aqu\u00ed<\/a><\/p>\n","protected":false},"excerpt":{"rendered":"<p>Requisitos para empadronarse individualmente Requisitos para empadronar una Unidad Familiar CONSIDERACIONES sobre la VIVIENDA Cuando una persona desea empadronarse en una vivienda que no es de su propiedad, deber\u00e1 acudir acompa\u00f1ado del propietario o titular del arrendamiento, para que \u00e9ste autorice bajo su responsabilidad el empadronamiento en su domicilio. O una autozaci\u00f3n expresa del propietario [&hellip;]<\/p>\n","protected":false},"author":4,"featured_media":12996,"parent":12907,"menu_order":0,"comment_status":"closed","ping_status":"closed","template":"page-departamental.php","meta":[],"_links":{"self":[{"href":"https:\/\/www.mijas.es\/portal\/wp-json\/wp\/v2\/pages\/12949"}],"collection":[{"href":"https:\/\/www.mijas.es\/portal\/wp-json\/wp\/v2\/pages"}],"about":[{"href":"https:\/\/www.mijas.es\/portal\/wp-json\/wp\/v2\/types\/page"}],"author":[{"embeddable":true,"href":"https:\/\/www.mijas.es\/portal\/wp-json\/wp\/v2\/users\/4"}],"replies":[{"embeddable":true,"href":"https:\/\/www.mijas.es\/portal\/wp-json\/wp\/v2\/comments?post=12949"}],"version-history":[{"count":4,"href":"https:\/\/www.mijas.es\/portal\/wp-json\/wp\/v2\/pages\/12949\/revisions"}],"predecessor-version":[{"id":60921,"href":"https:\/\/www.mijas.es\/portal\/wp-json\/wp\/v2\/pages\/12949\/revisions\/60921"}],"up":[{"embeddable":true,"href":"https:\/\/www.mijas.es\/portal\/wp-json\/wp\/v2\/pages\/12907"}],"wp:featuredmedia":[{"embeddable":true,"href":"https:\/\/www.mijas.es\/portal\/wp-json\/wp\/v2\/media\/12996"}],"wp:attachment":[{"href":"https:\/\/www.mijas.es\/portal\/wp-json\/wp\/v2\/media?parent=12949"}],"curies":[{"name":"wp","href":"https:\/\/api.w.org\/{rel}","templated":true}]}}