{"id":12943,"date":"2019-03-19T11:18:04","date_gmt":"2019-03-19T11:18:04","guid":{"rendered":"http:\/\/192.168.0.42\/?page_id=12943"},"modified":"2019-03-21T07:46:57","modified_gmt":"2019-03-21T07:46:57","slug":"como-darse-de-alta-en-el-ibi","status":"publish","type":"page","link":"https:\/\/www.mijas.es\/portal\/atencion-ciudadana\/como-darse-de-alta-en-el-ibi\/","title":{"rendered":"Darse de alta en el IBI"},"content":{"rendered":"\n<h4 class=\"wp-block-heading\">\n\tPresentaci\u00f3n de alteraciones catastrales con efectos en el IBI:<\/h4>\n\n\n\n<p>\n\t<a href=\"https:\/\/www.mijas.es\/portal\/es\/guia-tramites\/alta-en-el-ibi#cambio titular\">1- Declaraci\u00f3n Catastral por cambio de titular.<\/a><br>\n\t<a href=\"https:\/\/www.mijas.es\/portal\/es\/guia-tramites\/alta-en-el-ibi#nueva construccion\">2- Declaraci\u00f3n Catastral por nueva construcci\u00f3n, ampliaci\u00f3n, reforma o rehabilitaci\u00f3n de bienes inmuebles.<\/a><br>\n\t<a href=\"https:\/\/www.mijas.es\/portal\/es\/guia-tramites\/alta-en-el-ibi#agregacion\">3- Declaraci\u00f3n Catastral por agregaci\u00f3n, agrupaci\u00f3n, segregaci\u00f3n o divisi\u00f3n de bienes inmuebles.<\/a><br>\n\t<a href=\"https:\/\/www.mijas.es\/portal\/es\/guia-tramites\/alta-en-el-ibi#cultivo\">4- Declaraci\u00f3n Catastral por cambio de cultivo o aprovechamiento, cambio de uso o demolici\u00f3n o derribo de bienes inmuebles.<\/a><\/p>\n\n\n\n<h5 class=\"wp-block-heading\">\n\t1- Declaraci\u00f3n catastral por cambio de titular:<\/h5>\n\n\n\n<p>\n\tCuando se realiza alteraci\u00f3n de la titularidad en bienes inmuebles por cualquiera de los siguientes motivos:<\/p>\n\n\n\n<ul><li>\n\t\tAdquisici\u00f3n o consolidaci\u00f3n de la propiedad de un bien inmueble.<\/li><li>\n\t\tConstituci\u00f3n, modificaci\u00f3n o adquisici\u00f3n de un derecho real de \nsuperficie o usufructo u otro derecho real de disfrute, o de una \nconcesi\u00f3n administrativa.<\/li><li>\n\t\tVariaci\u00f3n en la composici\u00f3n interna o en la cuota de participaci\u00f3n de comunidades o entidades sin personalidad jur\u00eddica.<\/li><li>\n\t\tVariaci\u00f3n en la cuota de participaci\u00f3n de los c\u00f3nyuges en bienes o derechos comunes.<\/li><\/ul>\n\n\n\n<p>\n\tDeber\u00e1 presentarse el Modelo 900D en cualquiera de las oficinas del \n\u00c1rea de Gesti\u00f3n Tributaria del Ayuntamiento de Mijas, adjuntando la \nsiguiente documentaci\u00f3n:<\/p>\n\n\n\n<ul><li>\n\t\tFotocopia del documento acreditativo de la representaci\u00f3n (documento \nnormalizado de representaci\u00f3n, aprobado mediante Resoluci\u00f3n de la DGC de\n 26 de enero de 2018 o cualquier otro medio v\u00e1lido en derecho).<\/li><li>\n\t\tFotocopia del documento p\u00fablico que origina la transmisi\u00f3n de la finca.<\/li><li>\n\t\tFotocopia del DNI, CIF o NIE del adquiriente.<\/li><li>\n\t\t<a href=\"http:\/\/www.catastro.minhafp.es\/documentos\/900D.pdf\">Descarga modelo 900D <\/a>&nbsp;(Formulario en formato pdf para rellenar e imprimir).<\/li><li>\n\t\tAnexo de relaci\u00f3n de bienes. <a href=\"http:\/\/www.catastro.meh.es\/documentos\/anexo.pdf\" target=\"_blank\" rel=\"noreferrer noopener\">Descargar anexo<\/a>&nbsp;(Formulario en formato pdf para rellenar e imprimir).<\/li><\/ul>\n\n\n\n<h5 class=\"wp-block-heading\">\n\t<strong>2- Declaraci\u00f3n Catastral por nueva construcci\u00f3n, ampliaci\u00f3n, reforma o rehabilitaci\u00f3n de bienes Inmuebles:<\/strong><\/h5>\n\n\n\n<p>\n\tPara darse de alta en el Impuesto de Bienes Inmuebles (IBI), o bien \nrealizar modificaciones catastrales por nueva construcci\u00f3n, ampliaci\u00f3n, \nrehabilitaci\u00f3n, reforma o divisi\u00f3n horizontal deber\u00e1 presentarse Modelo \n900D ante el Departamento del Catastro-IBI del Ayuntamiento de Mijas, \nsituado en la planta &#8211; 4 de la Casa Consistorial en Mijas Pueblo; \nadjuntando la documentaci\u00f3n indicada en el propio modelo (hoja 2), para \ncada caso.<\/p>\n\n\n\n<ul><li>\n\t\t<a href=\"http:\/\/www.catastro.minhafp.es\/documentos\/900D.pdf\">Descarga modelo 900D <\/a>&nbsp;(Formulario en formato pdf para rellenar e imprimir)<\/li><li>\n\t\tAnexo de relaci\u00f3n de bienes. <a href=\"http:\/\/www.catastro.meh.es\/documentos\/anexo.pdf\" target=\"_blank\" rel=\"noreferrer noopener\">Descargar anexo<\/a> (Formulario en formato pdf para rellenar e imprimir)<\/li><\/ul>\n\n\n\n<h5 class=\"wp-block-heading\">\n\t3- Declaraci\u00f3n Catastral por agregaci\u00f3n, agrupaci\u00f3n, segregaci\u00f3n o divisi\u00f3n de bienes Inmuebles:<\/h5>\n\n\n\n<p>\n\tPara realizar modificaciones catastrales por agregaci\u00f3n, agrupaci\u00f3n, \nsegregaci\u00f3n o divisi\u00f3n de bienes Inmuebles, con repercusi\u00f3n en el \nImpuesto de Bienes Inmuebles (IBI), deber\u00e1 presentarse Modelo 900D ante \nel Departamento del Catastro-IBI del Ayuntamiento de Mijas, situado en \nla planta -4 de la Casa Consistorial en Mijas-Pueblo; adjuntando la \ndocumentaci\u00f3n indicada en el propio modelo (hoja 2), para cada caso.<\/p>\n\n\n\n<ul><li>\n\t\t<a href=\"http:\/\/www.catastro.minhafp.es\/documentos\/900D.pdf\">Descarga modelo 900D <\/a>&nbsp;(Formulario en formato pdf para rellenar e imprimir)<\/li><li>\n\t\tAnexo de relaci\u00f3n de bienes.&nbsp;<a href=\"http:\/\/www.catastro.meh.es\/documentos\/anexo.pdf\" target=\"_blank\" rel=\"noreferrer noopener\">Descargar anexo<\/a>&nbsp;(Formulario en formato pdf para rellenar e imprimir)<\/li><\/ul>\n\n\n\n<h5 class=\"wp-block-heading\">\n\t4- Declaraci\u00f3n Catastral por cambio de cultivo o aprovechamiento, cambio de uso o demolici\u00f3n o derribo de bienes Inmuebles:<\/h5>\n\n\n\n<p>\n\tPara realizar modificaciones catastrales por cambio de cultivo o \naprovechamiento, cambio de uso o demolici\u00f3n o derribo de bienes \ninmuebles, con repercusi\u00f3n en el Impuesto de Bienes Inmuebles (IBI), \ndeber\u00e1 presentarse Modelo 900D ante el Departamento del Catastro-IBI del\n Ayuntamiento de Mijas, situado en la planta -4 de la Casa Consistorial \nen Mijas-Pueblo; adjuntando la documentaci\u00f3n indicada en el propio \nmodelo (hoja 2), para cada caso.<\/p>\n\n\n\n<ul><li>\n\t\t<a href=\"http:\/\/www.catastro.minhafp.es\/documentos\/900D.pdf\">Descarga modelo 900D <\/a>&nbsp;(Formulario en formato pdf para rellenar e imprimir)<\/li><li>\n\t\tAnexo de relaci\u00f3n de bienes.&nbsp;<a href=\"http:\/\/www.catastro.meh.es\/documentos\/anexo.pdf\" target=\"_blank\" rel=\"noreferrer noopener\">Descargar anexo<\/a>&nbsp;(Formulario en formato pdf para rellenar e imprimir)<\/li><\/ul>\n","protected":false},"excerpt":{"rendered":"<p>Presentaci\u00f3n de alteraciones catastrales con efectos en el IBI: 1- Declaraci\u00f3n Catastral por cambio de titular. 2- Declaraci\u00f3n Catastral por nueva construcci\u00f3n, ampliaci\u00f3n, reforma o rehabilitaci\u00f3n de bienes inmuebles. 3- Declaraci\u00f3n Catastral por agregaci\u00f3n, agrupaci\u00f3n, segregaci\u00f3n o divisi\u00f3n de bienes inmuebles. 4- Declaraci\u00f3n Catastral por cambio de cultivo o aprovechamiento, cambio de uso o demolici\u00f3n [&hellip;]<\/p>\n","protected":false},"author":4,"featured_media":12996,"parent":12907,"menu_order":0,"comment_status":"closed","ping_status":"closed","template":"page-departamental.php","meta":[],"_links":{"self":[{"href":"https:\/\/www.mijas.es\/portal\/wp-json\/wp\/v2\/pages\/12943"}],"collection":[{"href":"https:\/\/www.mijas.es\/portal\/wp-json\/wp\/v2\/pages"}],"about":[{"href":"https:\/\/www.mijas.es\/portal\/wp-json\/wp\/v2\/types\/page"}],"author":[{"embeddable":true,"href":"https:\/\/www.mijas.es\/portal\/wp-json\/wp\/v2\/users\/4"}],"replies":[{"embeddable":true,"href":"https:\/\/www.mijas.es\/portal\/wp-json\/wp\/v2\/comments?post=12943"}],"version-history":[{"count":2,"href":"https:\/\/www.mijas.es\/portal\/wp-json\/wp\/v2\/pages\/12943\/revisions"}],"predecessor-version":[{"id":13065,"href":"https:\/\/www.mijas.es\/portal\/wp-json\/wp\/v2\/pages\/12943\/revisions\/13065"}],"up":[{"embeddable":true,"href":"https:\/\/www.mijas.es\/portal\/wp-json\/wp\/v2\/pages\/12907"}],"wp:featuredmedia":[{"embeddable":true,"href":"https:\/\/www.mijas.es\/portal\/wp-json\/wp\/v2\/media\/12996"}],"wp:attachment":[{"href":"https:\/\/www.mijas.es\/portal\/wp-json\/wp\/v2\/media?parent=12943"}],"curies":[{"name":"wp","href":"https:\/\/api.w.org\/{rel}","templated":true}]}}