{"id":12935,"date":"2019-03-19T11:09:20","date_gmt":"2019-03-19T11:09:20","guid":{"rendered":"http:\/\/192.168.0.42\/?page_id=12935"},"modified":"2019-05-28T12:29:04","modified_gmt":"2019-05-28T12:29:04","slug":"matrimonio-civil","status":"publish","type":"page","link":"https:\/\/www.mijas.es\/portal\/atencion-ciudadana\/matrimonio-civil\/","title":{"rendered":"Matrimonio Civil"},"content":{"rendered":"\n<p>\n\tLos pasos a seguir para celebrar un matrimonio civil en el Ayuntamiento de Mijas son los siguientes:<\/p>\n\n\n\n<ul><li> Expediente de matrimonio a realizar en el Juzgado de la ciudad en  donde residan los contrayentes, en el que se tendr\u00e1 que especificar que  le den traslado al Ayuntamiento de Mijas.<\/li><li> En el caso de que alguno de los contrayentes sea extranjero, consultar la siguiente p\u00e1gina: <strong><a href=\"https:\/\/www.mijas.es\/portal\/atencion-ciudadana\/matrimonio-civil-extranjeros\/\">Matrimonio civil de extranjeros<\/a><\/strong><\/li><li> Cuando est\u00e9 finalizado el expediente, o bien en tr\u00e1mite, puede reservarse fecha personalmente en el Ayuntamiento de Mijas.<\/li><\/ul>\n\n\n\n<p>\n\tLos d\u00edas destinados a bodas civiles son \u00fanicamente los viernes, de 12:00 a 13:30 horas.<br>\n\t<br>\n\tPara m\u00e1s informaci\u00f3n contacte con el departamento de Atenci\u00f3n Ciudadana.<\/p>\n","protected":false},"excerpt":{"rendered":"<p>Los pasos a seguir para celebrar un matrimonio civil en el Ayuntamiento de Mijas son los siguientes: Expediente de matrimonio a realizar en el Juzgado de la ciudad en donde residan los contrayentes, en el que se tendr\u00e1 que especificar que le den traslado al Ayuntamiento de Mijas. En el caso de que alguno de [&hellip;]<\/p>\n","protected":false},"author":4,"featured_media":12996,"parent":12907,"menu_order":0,"comment_status":"closed","ping_status":"closed","template":"page-departamental.php","meta":[],"_links":{"self":[{"href":"https:\/\/www.mijas.es\/portal\/wp-json\/wp\/v2\/pages\/12935"}],"collection":[{"href":"https:\/\/www.mijas.es\/portal\/wp-json\/wp\/v2\/pages"}],"about":[{"href":"https:\/\/www.mijas.es\/portal\/wp-json\/wp\/v2\/types\/page"}],"author":[{"embeddable":true,"href":"https:\/\/www.mijas.es\/portal\/wp-json\/wp\/v2\/users\/4"}],"replies":[{"embeddable":true,"href":"https:\/\/www.mijas.es\/portal\/wp-json\/wp\/v2\/comments?post=12935"}],"version-history":[{"count":2,"href":"https:\/\/www.mijas.es\/portal\/wp-json\/wp\/v2\/pages\/12935\/revisions"}],"predecessor-version":[{"id":24087,"href":"https:\/\/www.mijas.es\/portal\/wp-json\/wp\/v2\/pages\/12935\/revisions\/24087"}],"up":[{"embeddable":true,"href":"https:\/\/www.mijas.es\/portal\/wp-json\/wp\/v2\/pages\/12907"}],"wp:featuredmedia":[{"embeddable":true,"href":"https:\/\/www.mijas.es\/portal\/wp-json\/wp\/v2\/media\/12996"}],"wp:attachment":[{"href":"https:\/\/www.mijas.es\/portal\/wp-json\/wp\/v2\/media?parent=12935"}],"curies":[{"name":"wp","href":"https:\/\/api.w.org\/{rel}","templated":true}]}}