{"id":12931,"date":"2019-03-19T11:02:12","date_gmt":"2019-03-19T11:02:12","guid":{"rendered":"http:\/\/192.168.0.42\/?page_id=12931"},"modified":"2024-06-07T12:32:47","modified_gmt":"2024-06-07T11:32:47","slug":"donde-estamos-2","status":"publish","type":"page","link":"https:\/\/www.mijas.es\/portal\/atencion-ciudadana\/donde-estamos-2\/","title":{"rendered":"\u00bfD\u00f3nde estamos?"},"content":{"rendered":"\n<p>\n\tExisten tres oficinas de Atenci\u00f3n al Ciudadano:<\/p>\n\n\n\n<h2 class=\"wp-block-heading\">\n\tCasa Consistorial Mijas Pueblo<\/h2>\n\n\n\n<ul>\n<li> <strong>Direcci\u00f3n:<\/strong>&nbsp; Avenida Virgen de la Pe\u00f1a, n\u00ba 2 29650 Mijas (M\u00e1laga)<\/li>\n\n\n\n<li> <strong>Tel\u00e9fono de contacto:<\/strong> 952 48 59 00<\/li>\n\n\n\n<li> <strong>Fax: <\/strong>951 062 489<\/li>\n\n\n\n<li> <strong>Correo electr\u00f3nico:<\/strong> <a href=\"mailto:atencionciudadana@mijas.es\">info@mijas.es<\/a><\/li>\n\n\n\n<li> <strong>Horario:<\/strong> Lunes a Viernes de 9:00h a 14:00 h<\/li>\n<\/ul>\n\n\n\n<h2 class=\"wp-block-heading\">\n\tTenencia Alcald\u00eda de Las Lagunas<\/h2>\n\n\n\n<ul>\n<li><strong>Direcci\u00f3n:<\/strong> C\/ R\u00edo Adra n\u00ba 25\u00a0 29651\u00a0 Las Lagunas &#8211; Mijas (M\u00e1laga)<\/li>\n\n\n\n<li><strong>Tel\u00e9fonos de contacto: <\/strong>952 46 32 53 &#8211; 952 59 36 44<\/li>\n\n\n\n<li><strong>Correo electr\u00f3nico:<\/strong> <a href=\"mailto:atencionciudadana@mijas.es\">info@mijas.es<\/a><\/li>\n\n\n\n<li><strong>Horario: <\/strong>\n<ul>\n<li>Lunes a Viernes de 9:00h a 14:00 h<\/li>\n\n\n\n<li>Martes y Jueves de 16:00h a 19:00h<\/li>\n<\/ul>\n<\/li>\n\n\n\n<li><strong>Horario<\/strong> <strong>Verano (Julio y Agosto)<\/strong>:\n<ul>\n<li>Lunes a Viernes de 9:00h a 14:00 h<\/li>\n\n\n\n<li>Martes de 16:00h a 19:00h<\/li>\n<\/ul>\n<\/li>\n<\/ul>\n\n\n\n<h2 class=\"wp-block-heading\">\n\tTenencia Alcald\u00eda de La Cala<\/h2>\n\n\n\n<ul>\n<li><strong>Direcci\u00f3n:<\/strong> Bulevar de La Cala s\/n\u00a0 29649 La Cala de Mijas (M\u00e1laga)<\/li>\n\n\n\n<li><strong>Tel\u00e9fono de contacto: <\/strong>952 49 32 08<\/li>\n\n\n\n<li><strong>Correo electr\u00f3nico:<\/strong> <a href=\"mailto:atencionciudadana@mijas.es\">info@mijas.es<\/a><\/li>\n\n\n\n<li><strong>Horario:<\/strong> Lunes a Viernes de 9:00h a 14:00 h<\/li>\n<\/ul>\n","protected":false},"excerpt":{"rendered":"<p>Existen tres oficinas de Atenci\u00f3n al Ciudadano: Casa Consistorial Mijas Pueblo Tenencia Alcald\u00eda de Las Lagunas Tenencia Alcald\u00eda de La Cala<\/p>\n","protected":false},"author":4,"featured_media":0,"parent":12907,"menu_order":0,"comment_status":"closed","ping_status":"closed","template":"page-departamental.php","meta":[],"_links":{"self":[{"href":"https:\/\/www.mijas.es\/portal\/wp-json\/wp\/v2\/pages\/12931"}],"collection":[{"href":"https:\/\/www.mijas.es\/portal\/wp-json\/wp\/v2\/pages"}],"about":[{"href":"https:\/\/www.mijas.es\/portal\/wp-json\/wp\/v2\/types\/page"}],"author":[{"embeddable":true,"href":"https:\/\/www.mijas.es\/portal\/wp-json\/wp\/v2\/users\/4"}],"replies":[{"embeddable":true,"href":"https:\/\/www.mijas.es\/portal\/wp-json\/wp\/v2\/comments?post=12931"}],"version-history":[{"count":13,"href":"https:\/\/www.mijas.es\/portal\/wp-json\/wp\/v2\/pages\/12931\/revisions"}],"predecessor-version":[{"id":56931,"href":"https:\/\/www.mijas.es\/portal\/wp-json\/wp\/v2\/pages\/12931\/revisions\/56931"}],"up":[{"embeddable":true,"href":"https:\/\/www.mijas.es\/portal\/wp-json\/wp\/v2\/pages\/12907"}],"wp:attachment":[{"href":"https:\/\/www.mijas.es\/portal\/wp-json\/wp\/v2\/media?parent=12931"}],"curies":[{"name":"wp","href":"https:\/\/api.w.org\/{rel}","templated":true}]}}