{"id":12928,"date":"2019-03-19T10:59:56","date_gmt":"2019-03-19T10:59:56","guid":{"rendered":"http:\/\/192.168.0.42\/?page_id=12928"},"modified":"2019-03-20T09:14:37","modified_gmt":"2019-03-20T09:14:37","slug":"aviso-ine","status":"publish","type":"page","link":"https:\/\/www.mijas.es\/portal\/atencion-ciudadana\/aviso-ine\/","title":{"rendered":"Aviso INE"},"content":{"rendered":"\n<p>\n\tEstimado vecino,<\/p>\n\n\n\n<p>El Instituto Nacional de Estad\u00edstica (INE) ha avisado al Ayuntamiento  de Mijas de la posible eliminaci\u00f3n del listado de empadronados de 14.000  personas, casi todos ellos extranjeros, porque no consta ning\u00fan  movimiento de ellos en los \u00faltimos 5 a\u00f1os. Las personas que no est\u00e1n en  el Padr\u00f3n no se consideran habitantes de Mijas, y por tanto no tienen  derechos a las subvenciones del IBI o beneficios sociales, por poner dos  ejemplos. Pero tambi\u00e9n perjudican al Ayuntamiento, porque el gobierno  env\u00eda menos dinero a Mijas, y menos polic\u00eda, menos transporte p\u00fablico,  menos m\u00e9dicos, etc.<\/p>\n\n\n\n<p>Si su nombre est\u00e1 en ese listado, por favor acuda al Ayuntamiento  (Mijas Pueblo) o a la Tenencia de Las Lagunas o La Cala de Mijas para  renovar el padr\u00f3n. S\u00f3lo tienen que llevar el original del pasaporte y  del NIE. El tr\u00e1mite es gratuito y dura pocos minutos. Si tiene alguna  duda puede llamar al Departamento de Extranjeros al tel\u00e9fono 952 58 90  10 o mandar un correo electr\u00f3nico al <a href=\"mailto:frd@mijas.es\">frd@mijas.es<\/a> Tambi\u00e9n pueden aprovechar para comprobar su direcci\u00f3n y facilitar su tel\u00e9fono y su correo electr\u00f3nico.<\/p>\n\n\n\n<p>El empadronamiento NO TIENE NADA QUE VER con la residencia fiscal, de  forma que un ciudadano puede estar empadronado en Mijas y seguir siendo  residente fiscal en un pa\u00eds extranjero. Instamos a toda persona que viva  en el municipio que se empadrone.<\/p>\n","protected":false},"excerpt":{"rendered":"<p>Estimado vecino, El Instituto Nacional de Estad\u00edstica (INE) ha avisado al Ayuntamiento de Mijas de la posible eliminaci\u00f3n del listado de empadronados de 14.000 personas, casi todos ellos extranjeros, porque no consta ning\u00fan movimiento de ellos en los \u00faltimos 5 a\u00f1os. Las personas que no est\u00e1n en el Padr\u00f3n no se consideran habitantes de Mijas, [&hellip;]<\/p>\n","protected":false},"author":4,"featured_media":12996,"parent":12907,"menu_order":0,"comment_status":"closed","ping_status":"closed","template":"page-departamental.php","meta":[],"_links":{"self":[{"href":"https:\/\/www.mijas.es\/portal\/wp-json\/wp\/v2\/pages\/12928"}],"collection":[{"href":"https:\/\/www.mijas.es\/portal\/wp-json\/wp\/v2\/pages"}],"about":[{"href":"https:\/\/www.mijas.es\/portal\/wp-json\/wp\/v2\/types\/page"}],"author":[{"embeddable":true,"href":"https:\/\/www.mijas.es\/portal\/wp-json\/wp\/v2\/users\/4"}],"replies":[{"embeddable":true,"href":"https:\/\/www.mijas.es\/portal\/wp-json\/wp\/v2\/comments?post=12928"}],"version-history":[{"count":1,"href":"https:\/\/www.mijas.es\/portal\/wp-json\/wp\/v2\/pages\/12928\/revisions"}],"predecessor-version":[{"id":12929,"href":"https:\/\/www.mijas.es\/portal\/wp-json\/wp\/v2\/pages\/12928\/revisions\/12929"}],"up":[{"embeddable":true,"href":"https:\/\/www.mijas.es\/portal\/wp-json\/wp\/v2\/pages\/12907"}],"wp:featuredmedia":[{"embeddable":true,"href":"https:\/\/www.mijas.es\/portal\/wp-json\/wp\/v2\/media\/12996"}],"wp:attachment":[{"href":"https:\/\/www.mijas.es\/portal\/wp-json\/wp\/v2\/media?parent=12928"}],"curies":[{"name":"wp","href":"https:\/\/api.w.org\/{rel}","templated":true}]}}