{"id":12916,"date":"2019-03-19T09:00:07","date_gmt":"2019-03-19T09:00:07","guid":{"rendered":"http:\/\/192.168.0.42\/?page_id=12916"},"modified":"2019-05-13T16:32:02","modified_gmt":"2019-05-13T16:32:02","slug":"que-hacemos","status":"publish","type":"page","link":"https:\/\/www.mijas.es\/portal\/atencion-ciudadana\/que-hacemos\/","title":{"rendered":"\u00bfQu\u00e9 hacemos?"},"content":{"rendered":"\n<h4 class=\"wp-block-heading\">\n\tInformaci\u00f3n municipal<\/h4>\n\n\n\n<ul><li>\n\t\tAgenda de eventos<\/li><li>\n\t\tInformaci\u00f3n sobre la web municipal<\/li><li>\n\t\tTel\u00e9fonos de inter\u00e9s<\/li><\/ul>\n\n\n\n<h4 class=\"wp-block-heading\">\n\tConvenios de Gesti\u00f3n<\/h4>\n\n\n\n<p>\n\t<a href=\"http:\/\/www.060.es\/\" target=\"_blank\" rel=\"noreferrer noopener\">Oficina 060<\/a> &#8211; <a href=\"http:\/\/www.aeat.es\/\" target=\"_blank\" rel=\"noreferrer noopener\">Agencia Tributaria<\/a> &#8211; <a href=\"http:\/\/www.juntadeandalucia.es\/\" target=\"_blank\" rel=\"noreferrer noopener\">Junta de Andaluc\u00eda<\/a><\/p>\n\n\n\n<p>\n\t<a href=\"http:\/\/www.catastro.meh.es\/\" target=\"_blank\" rel=\"noreferrer noopener\">Direcci\u00f3n General del Catastro<\/a> &#8211; <a href=\"http:\/\/www.cert.fnmt.es\/\" target=\"_blank\" rel=\"noreferrer noopener\">Certificado Digital<\/a><\/p>\n\n\n\n<h4 class=\"wp-block-heading\">\n\t\u00bfC\u00f3mo presentar documentaci\u00f3n?<\/h4>\n\n\n\n<p>Las solicitudes de car\u00e1cter general que deseen presentar en el  Ayuntamiento, deber\u00e1n realizarlas en el Registro General del  Ayuntamiento (Area de Atenci\u00f3n Ciudadana) o en las diferentes Tenencias  de Alcald\u00eda, el horario de atenci\u00f3n el p\u00fablico es de 9:00 a 14:00 horas  de Lunes a Viernes y el s\u00e1bado de 9:00 a 14:00 horas (en este \u00faltimo  caso en la Oficina de Turismo en Mijas-Pueblo)<\/p>\n\n\n\n<p>Al mismo tiempo, este Ayuntamiento ha puesto a su disposici\u00f3n un nuevo  canal de presentaci\u00f3n de solicitudes v\u00eda telem\u00e1tica en nuestra oficina  virtural abierta durantes las 24 horas y los 7 d\u00edas de la semana,  garantiz\u00e1ndose su presentaci\u00f3n con la emisi\u00f3n de un justificante donde  aparece el n\u00famero y la hora de presentaci\u00f3n del documento a trav\u00e9s de la  Sede Electr\u00f3nica.<\/p>\n\n\n\n<h4 class=\"wp-block-heading\">\n\t<strong>Estad\u00edsticas de Atenci\u00f3n Ciudadana<\/strong><\/h4>\n\n\n\n<ul><li> <a rel=\"noreferrer noopener\" aria-label=\" (abre en una nueva pesta\u00f1a)\" href=\"https:\/\/www.mijas.es\/files\/RESUMEN_ESTADISTICA_2__SEMANA_DE_FEBRERO.pdf\" target=\"_blank\">Resumen segunda semana febrero 2017<\/a><\/li><li> <a rel=\"noreferrer noopener\" aria-label=\" (abre en una nueva pesta\u00f1a)\" href=\"https:\/\/www.mijas.es\/files\/RESUMEN_ESTADISTICA_1__SEMANA_DE_FEBRERO.pdf\" target=\"_blank\">Resumen primera semana febrero 2017<\/a><\/li><li> <a rel=\"noreferrer noopener\" aria-label=\" (abre en una nueva pesta\u00f1a)\" href=\"https:\/\/www.mijas.es\/files\/RESUMEN_ESTADISTICA_TOTAL_MES_DE_ENERO_2017.pdf\" target=\"_blank\">Resumen total del mes de enero 2017<\/a><\/li><li> <a rel=\"noreferrer noopener\" aria-label=\" (abre en una nueva pesta\u00f1a)\" href=\"https:\/\/www.mijas.es\/files\/RESUMEN_ESTADISTICA_4__SEMANA_DE_ENERO_2017.pdf\" target=\"_blank\">Resumen cuarta semana enero 2017<\/a><\/li><li> <a rel=\"noreferrer noopener\" aria-label=\" (abre en una nueva pesta\u00f1a)\" href=\"https:\/\/www.mijas.es\/files\/RESUMEN_ESTADISTICA_3__SEMANA_DE_ENERO_2017.pdf\" target=\"_blank\">Resumen tercera semana enero 2017<\/a><\/li><li> <a rel=\"noreferrer noopener\" href=\"https:\/\/www.mijas.es\/files\/RESUMEN_ESTADISTICA_2__SEMANA_DE_ENERO_2017.pdf\" target=\"_blank\">Resumen segunda semana enero 2017<\/a><\/li><li> <a rel=\"noreferrer noopener\" aria-label=\" (abre en una nueva pesta\u00f1a)\" href=\"https:\/\/www.mijas.es\/files\/RESUMEN_ESTADISTICA_1__SEMANA_DE_ENERO_2017.pdf\" target=\"_blank\">Resumen primera semana enero 2017<\/a><\/li><li> <a rel=\"noreferrer noopener\" href=\"https:\/\/www.mijas.es\/files\/adjuntos\/AtencionCiudadana\/RESUMEN_ESTADISTICA_TOTAL_MES_DE_DICIEMBRE.pdf\" target=\"_blank\">Resumen total del mes de diciembre 2016<\/a><\/li><li> <a rel=\"noreferrer noopener\" aria-label=\" (abre en una nueva pesta\u00f1a)\" href=\"https:\/\/www.mijas.es\/files\/adjuntos\/AtencionCiudadana\/RESUMEN_ESTADISTICA_4_SEMANA_DE_DICIEMBRE.pdf\" target=\"_blank\">Resumen cuarta semana diciembre 2016<\/a><\/li><li> <a rel=\"noreferrer noopener\" aria-label=\" (abre en una nueva pesta\u00f1a)\" href=\"https:\/\/www.mijas.es\/files\/adjuntos\/AtencionCiudadana\/RESUMEN_ESTADISTICA_3_SEMANA_DE_DICIEMBRE.pdf\" target=\"_blank\">Resumen tercera semana diciembre 2016<\/a><\/li><li> <a rel=\"noreferrer noopener\" aria-label=\" (abre en una nueva pesta\u00f1a)\" href=\"https:\/\/www.mijas.es\/files\/adjuntos\/AtencionCiudadana\/RESUMEN_ESTADISTICA_2__SEMANA_DE_DICIEMBRE.pdf\" target=\"_blank\">Resumen segunda semana diciembre 2016<\/a><\/li><li> <a rel=\"noreferrer noopener\" aria-label=\" (abre en una nueva pesta\u00f1a)\" href=\"https:\/\/www.mijas.es\/files\/adjuntos\/AtencionCiudadana\/RESUMEN_ESTADISTICA_1__SEMANA_DE_DICIEMBRE.pdf\" target=\"_blank\">Resumen primera semana diciembre 2016<\/a><\/li><li> <a href=\"https:\/\/www.mijas.es\/files\/RESUMEN_ESTADISTICA_TOTAL_MES_NOVIEMBRE.pdf\" target=\"_blank\" rel=\"noreferrer noopener\" aria-label=\" (abre en una nueva pesta\u00f1a)\">Resumen total del mes de Noviembre 2016<\/a><\/li><li> <a rel=\"noreferrer noopener\" href=\"https:\/\/www.mijas.es\/files\/RESUMEN_ESTADISTICA_4__SEMANA_DE_NOVIEMBRE.pdf\" target=\"_blank\">Resumen cuarta semana de Noviembre 2016<\/a><\/li><li> <a rel=\"noreferrer noopener\" href=\"https:\/\/www.mijas.es\/files\/RESUMEN_ESTADISTICA_3__SEMANA_DE_NOVIEMBRE.pdf\" target=\"_blank\">Resumen tercera semana de Noviembre 2016<\/a><\/li><li> <a rel=\"noreferrer noopener\" href=\"https:\/\/www.mijas.es\/files\/RESUMEN_ESTADISTICA_2__SEMANA_DE_NOVIEMBRE.pdf\" target=\"_blank\">Resumen segunda semana de Noviembre 2016<\/a><\/li><li> <a rel=\"noreferrer noopener\" href=\"https:\/\/www.mijas.es\/files\/RESUMEN_ESTADISTICA_1__SEMANA_DE_NOVIEMBRE.pdf\" target=\"_blank\">Resumen primera semana de Noviembre 2016<\/a><\/li><li> <a rel=\"noreferrer noopener\" href=\"https:\/\/www.mijas.es\/files\/RESUMEN_ESTADISTICA_TOTAL_MES_OCTUBRE.pdf\" target=\"_blank\">Resumen total mes de Octubre 2016<\/a><\/li><li> <a rel=\"noreferrer noopener\" href=\"https:\/\/www.mijas.es\/files\/RESUMEN_ESTADISTICA_4__SEMANA_DE_OCTUBRE.pdf\" target=\"_blank\">Resumen cuarta semana de Octubre 2016<\/a><\/li><li> <a rel=\"noreferrer noopener\" href=\"https:\/\/www.mijas.es\/files\/adjuntos\/AtencionCiudadana\/2015\/TOTAL MES DE FEBRERO 2015.pdf\" target=\"_blank\">Resumen total del mes de Febrero 2015<\/a><\/li><li> <a rel=\"noreferrer noopener\" href=\"https:\/\/www.mijas.es\/files\/adjuntos\/AtencionCiudadana\/2015\/4_SEMANA_DE_FEBRERO_2015.pdf\" target=\"_blank\">Cuarta semana de Febrero 2015<\/a><\/li><li> <a rel=\"noreferrer noopener\" href=\"https:\/\/www.mijas.es\/files\/adjuntos\/AtencionCiudadana\/ESTADISTICA_TOTAL_ENERO_2015.pdf\" target=\"_blank\">Resumen total de Enero 2015<\/a><\/li><li> <a rel=\"noreferrer noopener\" href=\"https:\/\/www.mijas.es\/files\/adjuntos\/AtencionCiudadana\/ESTADISTICA_4_SEMANA_ENERO_2015.pdf\" target=\"_blank\">Cuarta semana de Enero 2015<\/a><\/li><li> <a rel=\"noreferrer noopener\" href=\"https:\/\/www.mijas.es\/files\/adjuntos\/AtencionCiudadana\/5_SEMANA_DICIEMBRE.pdf\" target=\"_blank\">Quinta semana de Diciembre 2014<\/a><\/li><li> <a rel=\"noreferrer noopener\" href=\"https:\/\/www.mijas.es\/files\/adjuntos\/AtencionCiudadana\/TOTAL_MES_NOVIEMBRE.pdf\" target=\"_blank\">Resumen total del mes de Noviembre 2014<\/a><\/li><li> <a rel=\"noreferrer noopener\" href=\"https:\/\/www.mijas.es\/files\/adjuntos\/AtencionCiudadana\/4_SEMANA_NOVIEMBRE.pdf\" target=\"_blank\">Cuarta semana de Noviembre 2014<\/a><\/li><li> <a rel=\"noreferrer noopener\" href=\"https:\/\/www.mijas.es\/files\/adjuntos\/AtencionCiudadana\/TOTAL_MES_OCTUBRE.pdf\" target=\"_blank\">Octubre 2014<\/a><\/li><li> <a rel=\"noreferrer noopener\" href=\"https:\/\/www.mijas.es\/files\/adjuntos\/AtencionCiudadana\/ESTADISTICA_2_SEMANA_DE_JUNIO_2014.pdf\" target=\"_blank\">Segunda Semana de Junio 2014<\/a><\/li><li> <a rel=\"noreferrer noopener\" href=\"https:\/\/www.mijas.es\/files\/adjuntos\/AtencionCiudadana\/ESTADISTICA_RESUMEN_TOTAL_MES_DE_MAYO_2014.pdf\" target=\"_blank\">Resumen total del mes de Mayo 2014<\/a><\/li><li> <a rel=\"noreferrer noopener\" href=\"https:\/\/www.mijas.es\/files\/adjuntos\/AtencionCiudadana\/ESTADISTICA_4_SEMANA_DE_MAYO_2014.pdf\" target=\"_blank\">Cuarta Semana de Mayo 2014<\/a><\/li><li> <a rel=\"noreferrer noopener\" href=\"https:\/\/www.mijas.es\/files\/adjuntos\/AtencionCiudadana\/ESTADISTICAS_A__CIUDADANA_1_SEMANA_MARZO.pdf\" target=\"_blank\">Primera Semana de Marzo 2014<\/a><\/li><li> <a rel=\"noreferrer noopener\" href=\"https:\/\/www.mijas.es\/files\/adjuntos\/AtencionCiudadana\/ESTADISTICAS_A__CIUDADANA_3_SEMANA_FEBRERO.pdf\" target=\"_blank\">Tercera semana de Febrero 2014<\/a><\/li><li> <a rel=\"noreferrer noopener\" href=\"https:\/\/www.mijas.es\/files\/adjuntos\/AtencionCiudadana\/ESTADISTICAS_A__CIUDADANA_2_SEMANA_FEBRERO.pdf\" target=\"_blank\">Segunda semana de Febrero 2014<\/a><\/li><li> <a href=\"https:\/\/www.mijas.es\/files\/adjuntos\/AtencionCiudadana\/ESTADISTICAS_A__CIUDADANA_1_SEMANA_FEBRERO_1.pdf\">Primera semana de Febrero 2014<\/a><\/li><li> <a rel=\"noreferrer noopener\" href=\"https:\/\/www.mijas.es\/files\/adjuntos\/AtencionCiudadana\/ESTADISTICAS_A__CIUDADANA_TOTAL_MES_ENERO.pdf\" target=\"_blank\">Resumen total del mes de Enero 2014<\/a><\/li><li> <a rel=\"noreferrer noopener\" href=\"https:\/\/www.mijas.es\/files\/adjuntos\/AtencionCiudadana\/ESTADISTICAS_A__CIUDADANA_5_SEMANA_ENERO.pdf\" target=\"_blank\">Quinta semana de Enero 2014<\/a><\/li><li> <a rel=\"noreferrer noopener\" href=\"https:\/\/www.mijas.es\/files\/adjuntos\/AtencionCiudadana\/ESTADISTICAS_A__CIUDADANA_4_SEMANA_ENERO.pdf\" target=\"_blank\">Cuarta semana de Enero 2014<\/a><\/li><li> <a rel=\"noreferrer noopener\" href=\"https:\/\/www.mijas.es\/files\/adjuntos\/AtencionCiudadana\/ESTADISTICAS_A__CIUDADANA_3_SEMANA_ENERO.pdf\" target=\"_blank\">Tercera semana de Enero 2014<\/a><\/li><li> <a rel=\"noreferrer noopener\" href=\"https:\/\/www.mijas.es\/files\/adjuntos\/AtencionCiudadana\/ESTADISTICAS_A__CIUDADANA_2_SEMANA_ENERO.pdf\" target=\"_blank\">Segunda semana de Enero 2014<\/a><\/li><li> <a rel=\"noreferrer noopener\" href=\"https:\/\/www.mijas.es\/files\/adjuntos\/AtencionCiudadana\/ESTADISTICAS_A__CIUDADANA_2_SEMANA_NOVIEMBRE.pdf\" target=\"_blank\">Segunda semana de Noviembre 2013<\/a><\/li><li> <a rel=\"noreferrer noopener\" href=\"https:\/\/www.mijas.es\/files\/adjuntos\/AtencionCiudadana\/ESTADISTICAS_A__CIUDADANA_TOTAL_MES_OCTUBRE.pdf\" target=\"_blank\">Resumen total del mes de Octubre 2013<\/a><\/li><li> <a rel=\"noreferrer noopener\" href=\"https:\/\/www.mijas.es\/files\/adjuntos\/AtencionCiudadana\/ESTADISTICAS_A__CIUDADANA_5_SEMANA_OCTUBRE.pdf\" target=\"_blank\">Quinta semana de Octubre 2013<\/a><\/li><li> <a rel=\"noreferrer noopener\" href=\"https:\/\/www.mijas.es\/files\/adjuntos\/AtencionCiudadana\/ESTADISTICAS_A__CIUDADANA_4_SEMANA_OCTUBRE.pdf\" target=\"_blank\">Cuarta semana de Octubre 2013<\/a><\/li><li> <a rel=\"noreferrer noopener\" href=\"https:\/\/www.mijas.es\/files\/adjuntos\/AtencionCiudadana\/ESTADISTICAS_A__CIUDADANA_3_SEMANA_OCTUBRE-1.pdf\" target=\"_blank\">Tercera semana de Octubre 2013<\/a><\/li><li> <a rel=\"noreferrer noopener\" href=\"https:\/\/www.mijas.es\/files\/adjuntos\/AtencionCiudadana\/ESTADISTICAS_A__CIUDADANA_2_SEMANA_OCTUBRE.pdf\" target=\"_blank\">Segunda semana de Octubre 2013<\/a><\/li><li> <a rel=\"noreferrer noopener\" href=\"https:\/\/www.mijas.es\/files\/adjuntos\/AtencionCiudadana\/ESTADISTICAS_A__CIUDADANA_1_SEMANA_OCTUBRE.pdf\" target=\"_blank\">Primera semana de Octubre 2013<\/a><\/li><li> <a rel=\"noreferrer noopener\" href=\"https:\/\/www.mijas.es\/files\/adjuntos\/AtencionCiudadana\/ESTADISTICAS_A__CIUDADANA_TOTAL_MES_SEPTIEMBRE.pdf\" target=\"_blank\">Resumen total del mes de Septiembre 2013<\/a><\/li><li> <a rel=\"noreferrer noopener\" href=\"https:\/\/www.mijas.es\/files\/adjuntos\/AtencionCiudadana\/ESTADISTICAS_A__CIUDADANA_4_SEMANA_SEPTIEMBRE.pdf\" target=\"_blank\">Cuarta semana de Septiembre 2013<\/a><\/li><li> <a rel=\"noreferrer noopener\" href=\"https:\/\/www.mijas.es\/files\/adjuntos\/AtencionCiudadana\/ESTADISTICAS_A__CIUDADANA_3_SEMANA_SEPTIEMBRE.pdf\" target=\"_blank\">Tercera semana de Septiembre 2013<\/a><\/li><li> <a rel=\"noreferrer noopener\" href=\"https:\/\/www.mijas.es\/files\/adjuntos\/AtencionCiudadana\/ESTADISTICAS_A__CIUDADANA_2_SEMANA_SEPTIEMBRE-1.pdf\" target=\"_blank\">Segunda semana de Septiembre 2013<\/a><\/li><li> <a rel=\"noreferrer noopener\" href=\"https:\/\/www.mijas.es\/files\/adjuntos\/AtencionCiudadana\/ESTADISTICAS_A__CIUDADANA_1_SEMANA_SEPTIEMBRE-1.pdf\" target=\"_blank\">Primera semana de Septiembr<\/a><a rel=\"noreferrer noopener\" href=\"https:\/\/www.mijas.es\/files\/adjuntos\/AtencionCiudadana\/ESTADISTICAS_A__CIUDADANA_2_SEMANA_SEPTIEMBRE-1.pdf\" target=\"_blank\">e 2013<\/a><\/li><li> <a rel=\"noreferrer noopener\" href=\"https:\/\/www.mijas.es\/files\/adjuntos\/AtencionCiudadana\/ESTADISTICAS_A_CIUDADANA_2_3_semana_agosto.pdf\" target=\"_blank\">Tercera semana de Agosto 2013<\/a><\/li><li> <a rel=\"noreferrer noopener\" href=\"https:\/\/www.mijas.es\/files\/adjuntos\/AtencionCiudadana\/ESTADISTICAS_A_CIUDADANA_1_Semana_Agosto_2_0.pdf\" target=\"_blank\">Primera semana de Agosto 2013<\/a><\/li><li> <a rel=\"noreferrer noopener\" href=\"https:\/\/www.mijas.es\/files\/adjuntos\/AtencionCiudadana\/ESTADISTICAS_A__CIUDADANA_TOTAL_MES_JULIO.pdf\" target=\"_blank\">Resumen total del mes Julio 2013<\/a><\/li><li> <a rel=\"noreferrer noopener\" href=\"https:\/\/www.mijas.es\/files\/adjuntos\/AtencionCiudadana\/ESTADISTICAS_A__CIUDADANA_5_SEMANA_JULIO.pdf\" target=\"_blank\">Quinta semana de Juli<\/a><a rel=\"noreferrer noopener\" href=\"https:\/\/www.mijas.es\/files\/adjuntos\/AtencionCiudadana\/ESTADISTICAS_A__CIUDADANA_TOTAL_MES_JULIO.pdf\" target=\"_blank\">o 2013<\/a><\/li><li> <a rel=\"noreferrer noopener\" href=\"https:\/\/www.mijas.es\/files\/adjuntos\/AtencionCiudadana\/ESTADISTICAS_A__CIUDADANA_4_SEMANA_JULIO.pdf\" target=\"_blank\">Cuarta semana de Juli<\/a><a rel=\"noreferrer noopener\" href=\"https:\/\/www.mijas.es\/files\/adjuntos\/AtencionCiudadana\/ESTADISTICAS_A__CIUDADANA_TOTAL_MES_JULIO.pdf\" target=\"_blank\">o 2013<\/a><\/li><li> <a rel=\"noreferrer noopener\" href=\"https:\/\/www.mijas.es\/files\/adjuntos\/AtencionCiudadana\/ESTADISTICAS_A__CIUDADANA_2_SEMANA_JULIO.pdf\" target=\"_blank\">Segunda semana de Juli<\/a><a rel=\"noreferrer noopener\" href=\"https:\/\/www.mijas.es\/files\/adjuntos\/AtencionCiudadana\/ESTADISTICAS_A__CIUDADANA_TOTAL_MES_JULIO.pdf\" target=\"_blank\">o 2013<\/a><\/li><li> <a rel=\"noreferrer noopener\" href=\"https:\/\/www.mijas.es\/files\/adjuntos\/AtencionCiudadana\/ESTADISTICAS_A_CIUDADANA_1-SEMANA-JULIO.pdf\" target=\"_blank\">Primera semana de Juli<\/a><a rel=\"noreferrer noopener\" href=\"https:\/\/www.mijas.es\/files\/adjuntos\/AtencionCiudadana\/ESTADISTICAS_A__CIUDADANA_TOTAL_MES_JULIO.pdf\" target=\"_blank\">o 2013<\/a><\/li><li> <a rel=\"noreferrer noopener\" href=\"https:\/\/www.mijas.es\/files\/adjuntos\/AtencionCiudadana\/3_SEMANA_JUNIO.pdf\" target=\"_blank\">Tercera semana de Juni<\/a><a rel=\"noreferrer noopener\" href=\"https:\/\/www.mijas.es\/files\/adjuntos\/AtencionCiudadana\/ESTADISTICAS_A__CIUDADANA_TOTAL_MES_JULIO.pdf\" target=\"_blank\">o 2013<\/a><\/li><li> <a rel=\"noreferrer noopener\" href=\"https:\/\/www.mijas.es\/files\/adjuntos\/AtencionCiudadana\/2_SEMANA_JUNIO.pdf\" target=\"_blank\">Segunda semana de Juni<\/a><a rel=\"noreferrer noopener\" href=\"https:\/\/www.mijas.es\/files\/adjuntos\/AtencionCiudadana\/ESTADISTICAS_A__CIUDADANA_TOTAL_MES_JULIO.pdf\" target=\"_blank\">o 2013<\/a><\/li><\/ul>\n\n\n\n<h4 class=\"wp-block-heading\">\n\tQuejas y Sugerencias<\/h4>\n\n\n\n<p> Podr\u00e1 contactar con nosotros a trav\u00e9s del buz\u00f3n de quejas y sugerencias con la finalidad de mejorar los servicios municipales.<br> <br> Para acceder al buz\u00f3n de sugerencias, <a href=\"https:\/\/www.mijas.es\/portal\/contacto\/\">pinchar aqu\u00ed<\/a><\/p>\n","protected":false},"excerpt":{"rendered":"<p>Informaci\u00f3n municipal Agenda de eventos Informaci\u00f3n sobre la web municipal Tel\u00e9fonos de inter\u00e9s Convenios de Gesti\u00f3n Oficina 060 &#8211; Agencia Tributaria &#8211; Junta de Andaluc\u00eda Direcci\u00f3n General del Catastro &#8211; Certificado Digital \u00bfC\u00f3mo presentar documentaci\u00f3n? Las solicitudes de car\u00e1cter general que deseen presentar en el Ayuntamiento, deber\u00e1n realizarlas en el Registro General del Ayuntamiento (Area [&hellip;]<\/p>\n","protected":false},"author":4,"featured_media":12996,"parent":12907,"menu_order":0,"comment_status":"closed","ping_status":"closed","template":"page-departamental.php","meta":[],"_links":{"self":[{"href":"https:\/\/www.mijas.es\/portal\/wp-json\/wp\/v2\/pages\/12916"}],"collection":[{"href":"https:\/\/www.mijas.es\/portal\/wp-json\/wp\/v2\/pages"}],"about":[{"href":"https:\/\/www.mijas.es\/portal\/wp-json\/wp\/v2\/types\/page"}],"author":[{"embeddable":true,"href":"https:\/\/www.mijas.es\/portal\/wp-json\/wp\/v2\/users\/4"}],"replies":[{"embeddable":true,"href":"https:\/\/www.mijas.es\/portal\/wp-json\/wp\/v2\/comments?post=12916"}],"version-history":[{"count":6,"href":"https:\/\/www.mijas.es\/portal\/wp-json\/wp\/v2\/pages\/12916\/revisions"}],"predecessor-version":[{"id":22028,"href":"https:\/\/www.mijas.es\/portal\/wp-json\/wp\/v2\/pages\/12916\/revisions\/22028"}],"up":[{"embeddable":true,"href":"https:\/\/www.mijas.es\/portal\/wp-json\/wp\/v2\/pages\/12907"}],"wp:featuredmedia":[{"embeddable":true,"href":"https:\/\/www.mijas.es\/portal\/wp-json\/wp\/v2\/media\/12996"}],"wp:attachment":[{"href":"https:\/\/www.mijas.es\/portal\/wp-json\/wp\/v2\/media?parent=12916"}],"curies":[{"name":"wp","href":"https:\/\/api.w.org\/{rel}","templated":true}]}}