{"id":12907,"date":"2019-03-18T13:49:25","date_gmt":"2019-03-18T13:49:25","guid":{"rendered":"http:\/\/192.168.0.42\/?page_id=12907"},"modified":"2025-07-02T09:38:21","modified_gmt":"2025-07-02T08:38:21","slug":"atencion-ciudadana","status":"publish","type":"page","link":"https:\/\/www.mijas.es\/portal\/atencion-ciudadana\/","title":{"rendered":"Atenci\u00f3n Ciudadana"},"content":{"rendered":"\n<p>El Departamento de Atenci\u00f3n al Ciudadano se crea con el objetivo de  mejorar los servicios municipales, ofrecemos una atenci\u00f3n personalizada,  directa y de calidad, estamos para ayudarle en cualquier tr\u00e1mite que  desee realizar con el ayuntamiento o con cualquier otro organismo  oficial, ya que estamos adheridos al convenio de \u201cVentanilla \u00danica\u00bb  entre Administraciones P\u00fablicas.<br><br>Si se encuentra en nuestras dependencias y no sabe con exactitud d\u00f3nde  tiene que dirigirse para encontrar lo que desea gestionar, lo primero  que debe hacer es dirigirse a nuestra oficina y desde aqu\u00ed le  asesoraremos en los pasos que debe seguir para conseguir su objetivo.<br><br>Hemos hecho un esfuerzo en ampliar los canales de comunicaci\u00f3n con el  ciudadano con la posibilidad de presentar sus solicitudes, adem\u00e1s de  presencialmente en nuestras oficinas, lo podr\u00e1 realizar a trav\u00e9s de la  web municipal, en la Carpeta del Contribuyente, identific\u00e1ndose con su  Certificado Digital. <\/p>\n\n\n\n<div style=\" border-bottom:1px solid #fd8e2f; text-align:left\">\n\t                \tTR\u00c1MITES <span style=\"color:#fd8e2f\">DISPONIBLES<\/span>\n                    <\/div><br>\n\n\n\n<div class=\"wp-block-file\">\n<a target=\"_blank\" href=\"https:\/\/mijas.sedelectronica.es\/citaprevia.3\" rel=\"noopener noreferrer\">Solicitar Cita Previa<\/a> &#8211; <a target=\"_blank\" href=\"https:\/\/mijas.sedelectronica.es\/citaprevia.3\" class=\"badge badge-light\" rel=\"noopener noreferrer\">Acceder<\/a> &#8211; <a class=\"badge badge-light\" target=\"_blank\" href=\"https:\/\/www.mijas.es\/portal\/atencion-ciudadana\/cita-previa-atencion-ciudadana\/\" rel=\"noopener noreferrer\">Consultar Videogu\u00eda<\/a>\n<\/div>\n<div class=\"wp-block-file\">\n<a href=\"https:\/\/www.mijas.es\/wp-content\/uploads\/2019\/04\/FORMULARIO-BODAS.pdf\">Formulario Solicitud de Bodas<\/a> &#8211; <a href=\"https:\/\/www.mijas.es\/wp-content\/uploads\/2019\/04\/FORMULARIO-BODAS.pdf\" class=\"badge badge-light\">Descargar<\/a>\n<\/div>\n\n\n\n<div class=\"wp-block-file\"><a target=\"_blank\" href=\"http:\/\/www.mijas.es\/wp-content\/uploads\/2020\/10\/FORMULARIO%20GENE%CC%81RICO%20EDITABLE.pdf\" rel=\"noopener noreferrer\">Formulario Generico<\/a><a target=\"_blank\" href=\"http:\/\/www.mijas.es\/wp-content\/uploads\/2020\/10\/FORMULARIO%20GENE%CC%81RICO%20EDITABLE.pdf\" class=\"badge badge-light\" rel=\"noopener noreferrer\">Descargar<\/a><\/div>\n\n\n\n<div class=\"wp-block-file\"><a target=\"_blank\" href=\"https:\/\/www.mijas.es\/portal\/atencion-ciudadana\/servicio-de-certificacion-digital\/\" rel=\"noopener noreferrer\">Solicitud Certificado Electr\u00f3nico<\/a> &#8211; <a target=\"_blank\" href=\"https:\/\/www.mijas.es\/portal\/atencion-ciudadana\/servicio-de-certificacion-digital\/\" class=\"badge badge-light\" rel=\"noopener noreferrer\">Acceder<\/a><\/div>\n\n\n\n<div class=\"wp-block-file\"><a target=\"_blank\" href=\"https:\/\/www.mijas.es\/wp-content\/uploads\/2024\/05\/FORMULARIO-CNI-PDF-NUEVO-rellenable.pdf\" rel=\"noopener noreferrer\">Certificado de no existencia de Expte Urban\u00edstico (CNI)<\/a><a target=\"_blank\" href=\"https:\/\/www.mijas.es\/wp-content\/uploads\/2024\/05\/FORMULARIO-CNI-PDF-NUEVO-rellenable.pdf\" class=\"badge badge-light\" rel=\"noopener noreferrer\">Descargar<\/a><\/div>\n\n\n\n<div class=\"wp-block-file\"><a target=\"_blank\" href=\"https:\/\/www.mijas.es\/\/wp-content\/uploads\/2019\/04\/ACTUALIZACION-DATOS-FISCALES.pdf\" rel=\"noopener noreferrer\">Solicitud de Actualizaci\u00f3n de Datos Fiscales<\/a> &#8211; <a target=\"_blank\" href=\"https:\/\/www.mijas.es\/\/wp-content\/uploads\/2019\/04\/ACTUALIZACION-DATOS-FISCALES.pdf\" class=\"badge badge-light\" rel=\"noopener noreferrer\">Descargar<\/a><\/div>\n\n\n\n<div class=\"wp-block-file\"><a target=\"_blank\" href=\"https:\/\/www.mijas.es\/\/wp-content\/uploads\/2019\/04\/SOLICITUD-BONIFICACION-IIVT.pdf\" rel=\"noopener noreferrer\">Solicitud de Bonificaci\u00f3n IIVT<\/a> &#8211; <a target=\"_blank\" href=\"https:\/\/www.mijas.es\/\/wp-content\/uploads\/2019\/04\/SOLICITUD-BONIFICACION-IIVT.pdf\" class=\"badge badge-light\" rel=\"noopener noreferrer\">Descargar<\/a><\/div>\n\n\n\n<div class=\"wp-block-file\"><a target=\"_blank\" href=\"http:\/\/www.mijas.es\/wp-content\/uploads\/2021\/02\/SOLICITUD%20DE%20BONIFICACION%20DE%20IBIU%20POR%20FAMILIA%20NUMEROSA.pdf\" rel=\"noopener noreferrer\">Solicitud bonificaci\u00f3n IBI Familia numerosa<\/a> &#8211; <a target=\"_blank\" href=\"http:\/\/www.mijas.es\/wp-content\/uploads\/2021\/02\/SOLICITUD%20DE%20BONIFICACION%20DE%20IBIU%20POR%20FAMILIA%20NUMEROSA.pdf\" class=\"badge badge-light\" rel=\"noopener noreferrer\">Descargar<\/a><\/div>\n\n\n\n<div class=\"wp-block-file\"><a target=\"_blank\" href=\"https:\/\/www.mijas.es\/portal\/urbanismo\/expediente-de-alineaciones\/\" rel=\"noopener noreferrer\">Solicitud Comprobaci\u00f3n de Alineaci\u00f3n<\/a> &#8211; <a target=\"_blank\" href=\"https:\/\/www.mijas.es\/portal\/urbanismo\/expediente-de-alineaciones\/\" class=\"badge badge-light\" rel=\"noopener noreferrer\">Acceder<\/a><\/div>\n\n\n\n<div class=\"wp-block-file\"><a target=\"_blank\" href=\"https:\/\/www.mijas.es\/portal\/urbanismo\/consultas-urbanisticas\/\" rel=\"noopener noreferrer\">Solicitud de Consulta Urban\u00edstica<\/a> &#8211; <a target=\"_blank\" href=\"https:\/\/www.mijas.es\/portal\/urbanismo\/consultas-urbanisticas\/\" class=\"badge badge-light\" rel=\"noopener noreferrer\">Acceder<\/a><\/div>\n\n\n\n<div class=\"wp-block-file\"><a target=\"_blank\" href=\"https:\/\/www.mijas.es\/portal\/urbanismo\/licencias-de-obras-mayores\/\" rel=\"noopener noreferrer\">Formulario de  Licencia Obra<\/a> &#8211; <a target=\"_blank\" href=\"https:\/\/www.mijas.es\/portal\/urbanismo\/licencias-de-obras-mayores\/\" class=\"badge badge-light\" rel=\"noopener noreferrer\">Acceder<\/a><\/div>\n\n\n\n<div class=\"wp-block-file\"><a target=\"_blank\" href=\"https:\/\/www.mijas.es\/portal\/urbanismo\/declaracion-responsable-obras\/\" rel=\"noopener noreferrer\">Declaraci\u00f3n Responsable Obras de Escasa Entidad<\/a> &#8211; <a target=\"_blank\" href=\"https:\/\/www.mijas.es\/portal\/urbanismo\/declaracion-responsable-obras\/\" class=\"badge badge-light\" rel=\"noopener noreferrer\">Acceder<\/a><\/div>\n\n\n","protected":false},"excerpt":{"rendered":"<p>El Departamento de Atenci\u00f3n al Ciudadano se crea con el objetivo de mejorar los servicios municipales, ofrecemos una atenci\u00f3n personalizada, directa y de calidad, estamos para ayudarle en cualquier tr\u00e1mite que desee realizar con el ayuntamiento o con cualquier otro organismo oficial, ya que estamos adheridos al convenio de \u201cVentanilla \u00danica\u00bb entre Administraciones P\u00fablicas. Si [&hellip;]<\/p>\n","protected":false},"author":4,"featured_media":54696,"parent":0,"menu_order":0,"comment_status":"closed","ping_status":"closed","template":"page-departamental.php","meta":[],"_links":{"self":[{"href":"https:\/\/www.mijas.es\/portal\/wp-json\/wp\/v2\/pages\/12907"}],"collection":[{"href":"https:\/\/www.mijas.es\/portal\/wp-json\/wp\/v2\/pages"}],"about":[{"href":"https:\/\/www.mijas.es\/portal\/wp-json\/wp\/v2\/types\/page"}],"author":[{"embeddable":true,"href":"https:\/\/www.mijas.es\/portal\/wp-json\/wp\/v2\/users\/4"}],"replies":[{"embeddable":true,"href":"https:\/\/www.mijas.es\/portal\/wp-json\/wp\/v2\/comments?post=12907"}],"version-history":[{"count":61,"href":"https:\/\/www.mijas.es\/portal\/wp-json\/wp\/v2\/pages\/12907\/revisions"}],"predecessor-version":[{"id":61768,"href":"https:\/\/www.mijas.es\/portal\/wp-json\/wp\/v2\/pages\/12907\/revisions\/61768"}],"wp:featuredmedia":[{"embeddable":true,"href":"https:\/\/www.mijas.es\/portal\/wp-json\/wp\/v2\/media\/54696"}],"wp:attachment":[{"href":"https:\/\/www.mijas.es\/portal\/wp-json\/wp\/v2\/media?parent=12907"}],"curies":[{"name":"wp","href":"https:\/\/api.w.org\/{rel}","templated":true}]}}