{"id":12870,"date":"2019-03-18T09:52:32","date_gmt":"2019-03-18T09:52:32","guid":{"rendered":"http:\/\/192.168.0.42\/?page_id=12870"},"modified":"2020-08-07T10:40:12","modified_gmt":"2020-08-07T10:40:12","slug":"historia","status":"publish","type":"page","link":"https:\/\/www.mijas.es\/portal\/universidad-popular\/historia\/","title":{"rendered":"Historia"},"content":{"rendered":"\n<p>Desde su creaci\u00f3n, en 1983, la Universidad Popular de Mijas juega un  papel muy importante como servicio municipal para el desarrollo cultural  del mismo y para promover la participaci\u00f3n y la educaci\u00f3n mejorando la  calidad de vida de todos sus habitantes. Con el inicio del cada nuevo  curso se quiere poner al servicio de los ciudadanos la capacidad de  crear ilusi\u00f3n con este proyecto cultural, que sigue estando en plena  vigencia y al que cada a\u00f1o sumamos m\u00e1s participantes y  actividades.Tenemos que aprender a valorar la cultura no como algo  a\u00f1adido y complementario, sino como el n\u00facleo del que parten el resto de  las manifestaciones del ser humano para poder incidir en la mejora de  nuestra calidad de vida. En los \u00faltimos a\u00f1os, la Universidad Popular ha  avanzado de tal forma que cada nuevo curso representa un verdadero reto  dif\u00edcil de superar en calidad y participaci\u00f3n; sin embargo siempre se  siguen introduciendo nuevos talleres, que bien son demandados por los  propios alumnos u ofrecidos desde nuestra Concejal\u00eda de Universidad  Popular.<\/p>\n\n\n\n<figure class=\"wp-block-image\"><img decoding=\"async\" src=\"https:\/\/www.mijas.es\/files\/imagen\/servicios\/educacion\/aimagenpueblo.jpg\" alt=\"\"\/><\/figure>\n\n\n\n<figure class=\"wp-block-image\"><img decoding=\"async\" src=\"https:\/\/www.mijas.es\/files\/imagen\/servicios\/educacion\/amuro.jpg\" alt=\"\"\/><\/figure>\n\n\n\n<p>\n\t<strong>Desarrollo hist\u00f3rico<br>\n\t<\/strong><br>\n\tLa Universidad Popular de Mijas naci\u00f3 en 1983, hace 22 a\u00f1os, por \niniciativa del Ayuntamiento de Mijas, es una de las universidades \npopulares pioneras de Espa\u00f1a. En nuestra localidad, la Universidad \nPopular comenz\u00f3 en los n\u00facleos de Mijas, Las Lagunas y La Cala y, \nposteriormente, al siguiente curso se comenz\u00f3 a impartir en los n\u00facleos \nrurales de Entrerr\u00edos, Valtocado, Osunillas y La Alquer\u00eda. En la \nactualidad la Universidad Popular ha dejado de ser s\u00f3lo un proyecto, se \nha convertido en un servicio municipal a disposici\u00f3n de todos los \nciudadanos que, a medida que el tiempo avanza, sufre los cambios \nnecesarios y se adapta a las necesidades de los mismos, modificando \ndesde sus ofertas hasta su forma de actuar, en definitiva, es un medio \nque se actualiza a los tiempos en que vivimos.<\/p>\n","protected":false},"excerpt":{"rendered":"<p>Desde su creaci\u00f3n, en 1983, la Universidad Popular de Mijas juega un papel muy importante como servicio municipal para el desarrollo cultural del mismo y para promover la participaci\u00f3n y la educaci\u00f3n mejorando la calidad de vida de todos sus habitantes. Con el inicio del cada nuevo curso se quiere poner al servicio de los [&hellip;]<\/p>\n","protected":false},"author":4,"featured_media":12890,"parent":12854,"menu_order":0,"comment_status":"closed","ping_status":"closed","template":"page-departamental.php","meta":[],"_links":{"self":[{"href":"https:\/\/www.mijas.es\/portal\/wp-json\/wp\/v2\/pages\/12870"}],"collection":[{"href":"https:\/\/www.mijas.es\/portal\/wp-json\/wp\/v2\/pages"}],"about":[{"href":"https:\/\/www.mijas.es\/portal\/wp-json\/wp\/v2\/types\/page"}],"author":[{"embeddable":true,"href":"https:\/\/www.mijas.es\/portal\/wp-json\/wp\/v2\/users\/4"}],"replies":[{"embeddable":true,"href":"https:\/\/www.mijas.es\/portal\/wp-json\/wp\/v2\/comments?post=12870"}],"version-history":[{"count":3,"href":"https:\/\/www.mijas.es\/portal\/wp-json\/wp\/v2\/pages\/12870\/revisions"}],"predecessor-version":[{"id":24971,"href":"https:\/\/www.mijas.es\/portal\/wp-json\/wp\/v2\/pages\/12870\/revisions\/24971"}],"up":[{"embeddable":true,"href":"https:\/\/www.mijas.es\/portal\/wp-json\/wp\/v2\/pages\/12854"}],"wp:featuredmedia":[{"embeddable":true,"href":"https:\/\/www.mijas.es\/portal\/wp-json\/wp\/v2\/media\/12890"}],"wp:attachment":[{"href":"https:\/\/www.mijas.es\/portal\/wp-json\/wp\/v2\/media?parent=12870"}],"curies":[{"name":"wp","href":"https:\/\/api.w.org\/{rel}","templated":true}]}}