{"id":12868,"date":"2019-03-18T09:51:42","date_gmt":"2019-03-18T09:51:42","guid":{"rendered":"http:\/\/192.168.0.42\/?page_id=12868"},"modified":"2019-03-18T12:30:09","modified_gmt":"2019-03-18T12:30:09","slug":"actos-y-exposiciones","status":"publish","type":"page","link":"https:\/\/www.mijas.es\/portal\/educacion\/actos-y-exposiciones\/","title":{"rendered":"Actos y Exposiciones"},"content":{"rendered":"\n<p>\n\t<strong>CURSO 2017\/18<\/strong><\/p>\n\n\n\n<p>\n\t<strong>EXPOSICIONES<\/strong><\/p>\n\n\n\n<p>\n\t<strong>LAS LAGUNAS<\/strong><\/p>\n\n\n\n<p>\n\t<br>\n\t&nbsp; &nbsp; \u2022 Exposici\u00f3n de cer\u00e1mica<br>\n\tDel 3 al 15 de Abril<br>\n\tInauguraci\u00f3n jueves 5 de Abril a las 19 h.<\/p>\n\n\n\n<p>\n\t&nbsp; &nbsp; \u2022 Exposici\u00f3n de Manualidades<br>\n\tDel 16 al 27 de Abril<br>\n\tInauguraci\u00f3n mi\u00e9rcoles 18 de Abril a las 19 h.<\/p>\n\n\n\n<p>\n\t&nbsp; &nbsp; \u2022 Exposici\u00f3n de Pintura(Salvador o Cristina)<br>\n\tDel 30 de Abril al 10 de Mayo<br>\n\tInauguraci\u00f3n mi\u00e9rcoles 3 de Mayo a las 19 h.<\/p>\n\n\n\n<p>\n\t&nbsp; &nbsp; \u2022 Exposici\u00f3n de Pintura (Paloma)<br>\n\tDel 11 al 22 de Mayo<br>\n\tInauguraci\u00f3n martes 15 de Mayo a las 19 h.<\/p>\n\n\n\n<p>\n\t&nbsp; &nbsp; \u2022 Exposici\u00f3n de Tapices<br>\n\tDel 23 de Mayo al 3 de Junio<br>\n\tInauguraci\u00f3n jueves 24 de Mayo a las 19 h.<\/p>\n\n\n\n<p>\n\t&nbsp; &nbsp; \u2022 Muestra de Rob\u00f3tica<br>\n\tDel 4 al 8 de Junio<br>\n\tInauguraci\u00f3n mi\u00e9rcoles 6 de Junio a las 19 h.<\/p>\n\n\n\n<p>\n\t&nbsp; &nbsp; \u2022 Exposici\u00f3n de Fotograf\u00eda<br>\n\tDel 11 de Junio al 10 de Septiembre<br>\n\tInauguraci\u00f3n viernes de Junio a las 20 h.<\/p>\n\n\n\n<p>\n\t<br>\n\t<strong>LA CALA<\/strong><\/p>\n\n\n\n<p>\n\t&nbsp; &nbsp; \u2022 Exposici\u00f3n de Pintura (Salvador)<br>\n\tDel 9 al 18 de Mayo<br>\n\tInauguraci\u00f3n mi\u00e9rcoles 9 de Mayo a las 19 h.<\/p>\n\n\n\n<p>\n\t&nbsp; &nbsp; \u2022 Exposici\u00f3n de Manualidades<br>\n\tDel 21 al 30 de Mayo<br>\n\tInauguraci\u00f3n martes 22 a las 19 h.<\/p>\n\n\n\n<p>\n\t&nbsp; &nbsp; \u2022 Exposici\u00f3n de Pintura (Mira)<br>\n\tDel 31 de Mayo al 15 de Junio<br>\n\tInauguraci\u00f3n viernes 1 de Junio a las 19 h.<\/p>\n\n\n\n<p>\n\t<br>\n\t<strong>MIJAS<\/strong><\/p>\n\n\n\n<p>\n\t&nbsp; &nbsp; \u2022 Exposici\u00f3n de Manualidades<br>\n\tDel 2 al 18 de Mayo<br>\n\tInauguraci\u00f3n viernes 5 de Mayo a las 19 h.<\/p>\n\n\n\n<p>\n\t<strong>ACTIVIDADES<\/strong><\/p>\n\n\n\n<p>\n\t<strong>LAS LAGUNAS<\/strong><\/p>\n\n\n\n<p>\n\t&nbsp; &nbsp; \u2022 Representaci\u00f3n Teatral<br>\n\tTeatro Las lagunas<br>\n\tJueves 17 de Mayo 19 h.<\/p>\n\n\n\n<p>\n\t&nbsp; &nbsp; \u2022 Representaci\u00f3n Teatral<br>\n\tTeatro Las lagunas<br>\n\tJueves 12 de Abril 19 h.<\/p>\n\n\n\n<p>\n\t&nbsp; &nbsp; \u2022 Concierto de Guitarra Cl\u00e1sica y El\u00e9ctrica<br>\n\tTeatro Las lagunas<br>\n\tJueves 31 de Mayo 19 h.<\/p>\n\n\n\n<p>\n\t&nbsp; &nbsp; \u2022 Concierto de Guitarra Flamenca<br>\n\tTeatro Las Lagunas<br>\n\tMi\u00e9rcoles 30 de mayo 19 h<\/p>\n\n\n\n<p>\n\t&nbsp; &nbsp; \u2022 Concierto de Piano Y viol\u00edn<br>\n\tCasa Cultura de las Lagunas<br>\n\tMi\u00e9rcoles 13 de Junio 19 h.<\/p>\n\n\n\n<p>\n\t\u2022 Muestra de Escritura Creativa<br>\n\tCasa Cultura Las Lagunas<br>\n\tMartes 12 de Junio 19 h<\/p>\n\n\n\n<p>\n\t\u2022 Fin de curso de Tercera Edad<br>\n\tTeatro de Las Lagunas<br>\n\tJueves 7 de Junio a las 19 h.<\/p>\n\n\n\n<p>\n\t\u2022 Festival de Baile<br>\n\tTeatro de Las Lagunas<br>\n\tS\u00e1bado 9 de Junio 1 9 h.<\/p>\n\n\n\n<p>\n\t<strong>MIJAS<\/strong><\/p>\n\n\n\n<p>\n\t\u2022 Festival de Baile (V\u00edctor Rojas)<br>\n\tS\u00e1bado 16 de Junio a las 20:30 h. Auditorio Miguel Gonz\u00e1lez Berral<br>\n\t\u2022 Festival de Baile (Remedios Fern\u00e1ndez)<br>\n\tViernes 22 de Junio a las 20:30 h. Auditorio Miguel Gonz\u00e1lez Berral<br>\n\t\u2022 Festival Baile de Sal\u00f3n<br>\n\tDomingo 17 de Junio a las 20:30 h. Auditorio Miguel Gonz\u00e1lez Berral<\/p>\n\n\n\n<p>\n\t<br>\n\t<strong>LA CALA<\/strong><\/p>\n\n\n\n<p>\n\t\u2022 Concierto de Guitarra Flamenca<br>\n\tSal\u00f3n de Actos de la Tenencia de La Cala<br>\n\tJueves 14 de Junio a las 19 h.<br>\n\t\u2022 Concierto Coral<br>\n\tSal\u00f3n de Actos de la Tenencia de La Cala<br>\n\tViernes 8 de Junio a las 20 h.<br>\n\t\u2022 Festival de Baile<br>\n\tSal\u00f3n de Actos de la Tenencia de La Cala<br>\n\tS\u00e1bado 16 de Junio a 20:30&nbsp;<\/p>\n","protected":false},"excerpt":{"rendered":"<p>CURSO 2017\/18 EXPOSICIONES LAS LAGUNAS &nbsp; &nbsp; \u2022 Exposici\u00f3n de cer\u00e1mica Del 3 al 15 de Abril Inauguraci\u00f3n jueves 5 de Abril a las 19 h. &nbsp; &nbsp; \u2022 Exposici\u00f3n de Manualidades Del 16 al 27 de Abril Inauguraci\u00f3n mi\u00e9rcoles 18 de Abril a las 19 h. &nbsp; &nbsp; \u2022 Exposici\u00f3n de Pintura(Salvador o Cristina) [&hellip;]<\/p>\n","protected":false},"author":4,"featured_media":12890,"parent":266,"menu_order":0,"comment_status":"closed","ping_status":"closed","template":"page-departamental.php","meta":[],"_links":{"self":[{"href":"https:\/\/www.mijas.es\/portal\/wp-json\/wp\/v2\/pages\/12868"}],"collection":[{"href":"https:\/\/www.mijas.es\/portal\/wp-json\/wp\/v2\/pages"}],"about":[{"href":"https:\/\/www.mijas.es\/portal\/wp-json\/wp\/v2\/types\/page"}],"author":[{"embeddable":true,"href":"https:\/\/www.mijas.es\/portal\/wp-json\/wp\/v2\/users\/4"}],"replies":[{"embeddable":true,"href":"https:\/\/www.mijas.es\/portal\/wp-json\/wp\/v2\/comments?post=12868"}],"version-history":[{"count":1,"href":"https:\/\/www.mijas.es\/portal\/wp-json\/wp\/v2\/pages\/12868\/revisions"}],"predecessor-version":[{"id":12869,"href":"https:\/\/www.mijas.es\/portal\/wp-json\/wp\/v2\/pages\/12868\/revisions\/12869"}],"up":[{"embeddable":true,"href":"https:\/\/www.mijas.es\/portal\/wp-json\/wp\/v2\/pages\/266"}],"wp:featuredmedia":[{"embeddable":true,"href":"https:\/\/www.mijas.es\/portal\/wp-json\/wp\/v2\/media\/12890"}],"wp:attachment":[{"href":"https:\/\/www.mijas.es\/portal\/wp-json\/wp\/v2\/media?parent=12868"}],"curies":[{"name":"wp","href":"https:\/\/api.w.org\/{rel}","templated":true}]}}