{"id":12860,"date":"2019-03-18T09:37:37","date_gmt":"2019-03-18T09:37:37","guid":{"rendered":"http:\/\/192.168.0.42\/?page_id=12860"},"modified":"2020-08-31T14:57:05","modified_gmt":"2020-08-31T14:57:05","slug":"actividades","status":"publish","type":"page","link":"https:\/\/www.mijas.es\/portal\/universidad-popular\/actividades\/","title":{"rendered":"Actividades Universidad Popular"},"content":{"rendered":"\n<p>\n\t&#8211;<strong>Baile<\/strong>, est\u00e1 integrado por un numeroso grupo de \nparticipantes, desde las edades de 4 a\u00f1os hasta adultos. Este taller se \nimparte en Mijas Pueblo, Las Lagunas, La Cala y Entrerr\u00edos. Se \ncaracteriza por las numerosas actuaciones que se llevan a cabo durante \ntodas las fiestas y verbenas que se celebran en la localidad, a parte de\n los festivales anuales donde se presenta el trabajo desarrollado \ndurante todo el curso, se convierte as\u00ed \u00e9sta en una actividad muy \nconcurrida a la que asiste una gran variedad de p\u00fablico. Adem\u00e1s se han \nllevado a cabo intercambios y viajes tanto dentro del \u00e1mbito nacional, \ncomo a M\u00e9rida, Toledo etc. y al extranjero, como a Jap\u00f3n.<\/p>\n\n\n\n<figure class=\"wp-block-image\"><img decoding=\"async\" src=\"https:\/\/www.mijas.es\/files\/imagen\/servicios\/educacion\/aDibujo.jpg\" alt=\"\"\/><\/figure>\n\n\n\n<p>\n\t&#8211;<strong>Baile de sal\u00f3n<\/strong>, es una actividad con una gran \ndemanda, participan de forma asidua un gran n\u00famero de adultos, que \nadem\u00e1s de aprender una serie de danzas y bailes, lo practican como \nejercicio. Tambi\u00e9n ha tenido una gran aceptaci\u00f3n este taller al \nimpartirse en el Hogar del Jubilado de Las Lagunas, siendo as\u00ed una \nexperiencia conjunta y piloto entre la delegaci\u00f3n de Tercera Edad y \nUniversidad Popular.<br>\n\t<br>\n\t&#8211;<strong>Cer\u00e1mica<\/strong>, es una actividad que ha tenido un amplio \ndesarrollo en estos \u00faltimos a\u00f1os, se ha incorporado esta actividad tanto\n para ni\u00f1os como para adultos, teniendo un amplio respaldo y \norient\u00e1ndose con la finalidad de desarrollar la creatividad, el arte y \nun disfrute de la jornada para todos. Esta actividad se comenz\u00f3 en Las \nLagunas, y el pasado curso se implant\u00f3 en Mijas Pueblo ante la demanda \nexistente.<br>\n\t<br>\n\t&#8211;<strong>Corte y confecci\u00f3n<\/strong>, es un taller que se viene \ndesarrollando desde los inicios de la Universidad Popular all\u00e1 por el \na\u00f1o 1983, se imparte en todos los n\u00facleos con un alto \u00edndice de \nparticipaci\u00f3n, siendo predominantemente mujeres las que aprenden y \nconfeccionan esta tradicional labor.<br>\n\t<br>\n\t&#8211;<strong>Espa\u00f1ol para extranjeros<\/strong>, debido a las \ncaracter\u00edsticas espec\u00edficas de nuestro municipio, y al numeroso \ncolectivo de residentes de diferentes nacionalidades, este taller ha ido\n en progresivo aumento a lo largo de todo este periodo, increment\u00e1ndose \ncada vez m\u00e1s el n\u00famero de alumnos, gracias a la afluencia de personas \nextranjeras, as\u00ed como a un gran porcentaje de turistas que asiduamente \nvisitan nuestro municipio y que pasan largas temporadas en \u00e9l.<br>\n\t<br>\n\t&#8211;<strong>Fotograf\u00eda<\/strong>, ante la demanda de alumnos de este taller\n se retom\u00f3 de nuevo esta actividad, comenz\u00f3 con unos medios un poco \nescasos, pero a lo largo de estos a\u00f1os, se han ido adquiriendo los \nmateriales necesarios y se han ido incrementando los niveles as\u00ed como el\n n\u00famero de plazas por grupo.<br>\n\t&#8211;<strong>Guitarra flamenca<\/strong>, existe un amplio n\u00famero de \npersonas interesadas en este arte que es tan nuestro, por lo que las \nclases, son muy especiales e individualizadas; cuenta con un gran n\u00famero\n de alumnado y una gran afici\u00f3n por el Flamenco.<br>\n\t<br>\n\t&#8211;<strong>Inform\u00e1tica<\/strong>, es uno de los talleres pioneros y con \nmayor aceptaci\u00f3n de nuestro amplio abanico de talleres, debido a la \nense\u00f1anza de diferentes programas, as\u00ed como a la gran difusi\u00f3n que \ntienen hoy en d\u00eda los m\u00e9todos inform\u00e1ticos. Es uno de los talleres en el\n que se realiza mayor inversi\u00f3n pues peri\u00f3dicamente se tienen que \nrenovar los diferentes equipos inform\u00e1ticos para que no se queden \nobsoletos. Una novedad durante estos \u00faltimos a\u00f1os fue introducir las \nnuevas tecnolog\u00edas, como Internet, en los diferentes n\u00facleos ya que \n\u00e9stos se est\u00e1n introduciendo d\u00eda a d\u00eda en nuestra vida.<\/p>\n\n\n\n<figure class=\"wp-block-image\"><img decoding=\"async\" src=\"https:\/\/www.mijas.es\/files\/imagen\/servicios\/educacion\/ainformatica.jpg\" alt=\"\"\/><\/figure>\n\n\n\n<p>\n\t&#8211;<strong>Ingl\u00e9s<\/strong>, esta actividad es una de las primeras que se \nimpartieron en la Universidad Popular, cuenta con una gran aceptaci\u00f3n \ndebido al entorno tur\u00edstico en el que vivimos. Se imparte en Las \nLagunas, La Cala y Mijas Pueblo.<br>\n\t<br>\n\t&#8211;<strong>Manualidades<\/strong>, es uno de los talleres en los que \nexiste una gran demanda, mayoritariamente de mujeres, en \u00e9l, se realizan\n una serie de trabajos muy bonitos y llamativos, adem\u00e1s de servir como \nocupaci\u00f3n del tiempo libre e incluso como terapia.<\/p>\n\n\n\n<figure class=\"wp-block-image\"><img decoding=\"async\" src=\"https:\/\/www.mijas.es\/files\/imagen\/servicios\/educacion\/amanualidades.jpg\" alt=\"\"\/><\/figure>\n\n\n\n<p>\n\t&#8211;<strong>M\u00fasica<\/strong>, es un taller con gran aceptaci\u00f3n a causa de \nla forma en que se imparten las clases, son clases individualizadas en \nlas que el alumno aprovecha de forma plena todo el tiempo que permanece \nen el aula. Se imparten clases de iniciaci\u00f3n musical, flauta, guitarra, y\n piano, en el que a\u00f1o tras a\u00f1o el nivel es m\u00e1s alto, quedando demostrado\n en los diferentes conciertos que se celebran tanto en Navidad como al \nfinal de curso. Este taller son tres talleres en uno Guitarra cl\u00e1sica, \nCanto y Piano, imparti\u00e9ndose cada uno por diferentes profesores seg\u00fan la\n especialidad.<br>\n\t<br>\n\t&#8211;<strong>Pintura<\/strong>, es uno de los cursos que m\u00e1s alta demanda \ntiene en la Universidad Popular pues a lo largo de estos a\u00f1os adem\u00e1s de \nen Las Lagunas se ha ido implantando en Mijas Pueblo y La Cala, donde se\n ampli\u00f3 el n\u00famero de personas adultas debido a la alta participaci\u00f3n y \ndemanda.<br>\n\t<br>\n\t&#8211;<strong>Tapices<\/strong>, con este taller se pretende la recuperaci\u00f3n \nde una artesan\u00eda que se encuentra perdida, al mismo tiempo que se \nrealizan bonitos tapices, alfombras, kilims, etc. Este taller es un \nmedio para relacionarse, fomentar la convivencia y ocupar el tiempo \nlibre.<\/p>\n\n\n\n<figure class=\"wp-block-image\"><img decoding=\"async\" src=\"https:\/\/www.mijas.es\/files\/imagen\/servicios\/educacion\/atapices.jpg\" alt=\"\"\/><\/figure>\n\n\n\n<p>\n\t&#8211;<strong>Teatro<\/strong>, este taller de creaci\u00f3n art\u00edstica es una \ndisciplina importante dentro de nuestra programaci\u00f3n donde se han \nimpartido conceptos te\u00f3ricos sobre la historia del teatro, la \narticulaci\u00f3n y la direcci\u00f3n de la voz con entonaci\u00f3n, respiraci\u00f3n, etc. \nadem\u00e1s de expresi\u00f3n corporal, movimiento y espacio. Representa diversas \nobras en diferentes espacios esc\u00e9nicos a parte de participar anualmente \nen el Certamen de Teatro Villa de Mijas.<br>\n\t<br>\n\t&#8211;<strong>Tiffany,<\/strong> esta forma de trabajar el cristal ha tenido \nuna gran aceptaci\u00f3n dentro de los diferentes talleres que se imparten en\n la Universidad Popular, donde se han realizado grandes trabajos como \nl\u00e1mparas y puertas. En este taller se desarrolla y enfoca tanto en el \nplano l\u00fadico como orientado para salida laboral.<br>\n\t<br>\n\t&#8211;<strong>Yoga<\/strong>, esta t\u00e9cnica de relajaci\u00f3n que se inici\u00f3 en la \nUniversidad Popular, ha tenido un gran \u00e9xito, pues comenz\u00f3 con un solo \ngrupo y progresivamente se han ido incrementando m\u00e1s ante la gran \ndemanda existente por parte del alumnado, viniendo recomendados de otros\n lugares e incluso desde los Centros de Salud como terapia.<\/p>\n","protected":false},"excerpt":{"rendered":"<p>&#8211;Baile, est\u00e1 integrado por un numeroso grupo de participantes, desde las edades de 4 a\u00f1os hasta adultos. Este taller se imparte en Mijas Pueblo, Las Lagunas, La Cala y Entrerr\u00edos. Se caracteriza por las numerosas actuaciones que se llevan a cabo durante todas las fiestas y verbenas que se celebran en la localidad, a parte [&hellip;]<\/p>\n","protected":false},"author":4,"featured_media":12890,"parent":12854,"menu_order":0,"comment_status":"closed","ping_status":"closed","template":"page-departamental.php","meta":[],"_links":{"self":[{"href":"https:\/\/www.mijas.es\/portal\/wp-json\/wp\/v2\/pages\/12860"}],"collection":[{"href":"https:\/\/www.mijas.es\/portal\/wp-json\/wp\/v2\/pages"}],"about":[{"href":"https:\/\/www.mijas.es\/portal\/wp-json\/wp\/v2\/types\/page"}],"author":[{"embeddable":true,"href":"https:\/\/www.mijas.es\/portal\/wp-json\/wp\/v2\/users\/4"}],"replies":[{"embeddable":true,"href":"https:\/\/www.mijas.es\/portal\/wp-json\/wp\/v2\/comments?post=12860"}],"version-history":[{"count":6,"href":"https:\/\/www.mijas.es\/portal\/wp-json\/wp\/v2\/pages\/12860\/revisions"}],"predecessor-version":[{"id":32535,"href":"https:\/\/www.mijas.es\/portal\/wp-json\/wp\/v2\/pages\/12860\/revisions\/32535"}],"up":[{"embeddable":true,"href":"https:\/\/www.mijas.es\/portal\/wp-json\/wp\/v2\/pages\/12854"}],"wp:featuredmedia":[{"embeddable":true,"href":"https:\/\/www.mijas.es\/portal\/wp-json\/wp\/v2\/media\/12890"}],"wp:attachment":[{"href":"https:\/\/www.mijas.es\/portal\/wp-json\/wp\/v2\/media?parent=12860"}],"curies":[{"name":"wp","href":"https:\/\/api.w.org\/{rel}","templated":true}]}}