{"id":12854,"date":"2019-03-18T09:26:46","date_gmt":"2019-03-18T09:26:46","guid":{"rendered":"http:\/\/192.168.0.42\/?page_id=12854"},"modified":"2020-08-11T14:41:32","modified_gmt":"2020-08-11T14:41:32","slug":"universidad-popular","status":"publish","type":"page","link":"https:\/\/www.mijas.es\/portal\/universidad-popular\/","title":{"rendered":"Universidad Popular"},"content":{"rendered":"\n<p><strong>AVISO\nIMPORTANTE<\/strong><\/p>\n\n\n\n<p>El objeto de las presentes normas es conciliar el uso de las\ninstalaciones de la Universidad Popular con el derecho a la\nprotecci\u00f3n de la salud en el contexto de la pandemia causada por el\nCovid-19 y la normativa de aplicaci\u00f3n en cada momento. Por tanto,\nson susceptibles de modificaci\u00f3n y actualizaci\u00f3n conforme a la\nevoluci\u00f3n normativa, la de la propia pandemia y circunstancias\norganizativas propias.<\/p>\n\n\n\n<p>Solicitamos la colaboraci\u00f3n y comportamiento responsable de los\nusuarios\/as a fin de que podamos seguir adapt\u00e1ndonos a la nueva\nnormalidad<\/p>\n\n\n\n<p>Los turnos y periodos de apertura podr\u00e1n verse modificados por\ncausas t\u00e9cnicas, organizativas, sanitarias o normativas,\ninform\u00e1ndose en tal caso convenientemente a los usuarios\/as.\nIgualmente, en funci\u00f3n de la demanda, necesidades o caracter\u00edsticas\nconcurrentes la Delegaci\u00f3n de Universidad Popular podr\u00e1 reorganizar\nlos usos de los &nbsp;talleres durante el tiempo que dure este nuevo\nperiodo.<\/p>\n\n\n\n<p>Evita acudir a las instalaciones culturales si presentas fiebre,\ntos, dificultad para respirar u otros s\u00edntomas COVID-19 o has estado\nen contacto estrecho con alguien con dichos s\u00edntomas. Ponte en\ncontacto con la administraci\u00f3n sanitaria. S\u00e9 responsable.<\/p>\n\n\n\n<p>Se recomienda la no asistir a la instalaci\u00f3n a personas\npertenecientes a los colectivos de riegos, bien por edad o\npatolog\u00edas.<\/p>\n\n\n\n<p>Se evitar\u00e1 el contacto f\u00edsico.<\/p>\n\n\n\n<p>Se recomienda el lavado y desinfecci\u00f3n frecuente de manos y el\nuso de pa\u00f1uelos desechables en caso de necesidad.<\/p>\n\n\n\n<p>Ser\u00e1 obligatorio el uso de la mascarillas, hasta nueva orden.<\/p>\n\n\n\n<p>La Delegaci\u00f3n de Universidad Popular solicita a los usuarios\/as\nuna especial colaboraci\u00f3n y observancia de las normas y protocolos\nvigentes por parte de los usuarios, as\u00ed como un comportamiento\nresponsable en aras a garantizar el derecho a la salud de nuestra\nciudadan\u00eda<\/p>\n\n\n\n<p>\n\tLa Universidad Popular como ente difusor de un \nproyecto de animaci\u00f3n socio-cultural que est\u00e1 latente dentro de un marco\n determinado con sus caracter\u00edsticas aut\u00f3ctonas se sostiene en los \nsiguientes pilares:<\/p>\n\n\n\n<ul><li>\n\t\tRescatar y potenciar los oficios artesanales de nuestro pueblo.<\/li><li>\n\t\tPosibilitar la entrada de nuestros alumnos en el mundo laboral.<\/li><li>\n\t\tElevar el nivel cutural.<\/li><li>\n\t\tOcupaci\u00f3n del tiempo de ocio.<\/li><li>\n\t\tMotivar y facilitar el acceso de todos los \nciudadanos que lo deseen a los bienes y servicios educativos, formativos\n y culturales.<\/li><li>\n\t\tPotenciar la evoluci\u00f3n personal y colectiva de \nlas personas participantes favoreciendo el desarrollo de las capacidades\n b\u00e1sicas, la adquisici\u00f3n y actualizaci\u00f3n de conocimientos, la expresi\u00f3n \ncreativa, la convivencia y la tolerancia.<\/li><li>\n\t\tFavorecer el desarrollo integral de las personas.<\/li><li>\n\t\tFomentar el crecimiento cultural para la vertebraci\u00f3n social.<\/li><li>\n\t\tFacilitar la utilizaci\u00f3n de las nuevas tecnolog\u00edas para un mejor desenvolvimiento de las personas en el entorno.<\/li><li>\n\t\tConservaci\u00f3n y enriquecimiento de la herencia cultural.<\/li><\/ul>\n\n\n\n<p>\n\tLa Universidad popular de Mijas es un proyecto \nen desarrollo que act\u00faa en el municipio mije\u00f1o abarcando sus n\u00facleos \nprincipales, Mijas pueblo, La cala, Las Lagunas, as\u00ed como las zonas \nrurales, se encuentra en todas estas zonas donde se imparten distintos \ntalleres atendiendo a un gran n\u00famero de personas.<\/p>\n\n\n\n<p>\n\tTenemos como objetivo fomentar e incentivar la \nparticipaci\u00f3n social, educar a trav\u00e9s de la cultura y la formaci\u00f3n, \nobteniendo una mejora de calidad de vida y un servicio a todos nuestros \nciudadanos.<\/p>\n\n\n\n<p> Desde la puesta en marcha de este proyecto en  abril del a\u00f1o 1983, que fue una iniciativa del Ayuntamiento de Mijas, la  evoluci\u00f3n ha sido espectacular desde todos los puntos de vista tanto de  participaci\u00f3n como de aumento de los talleres en que participan un  amplio espectro de la poblaci\u00f3n desde ni\u00f1os hasta personas jubiladas.<br> <br> La Universidad Popular desde aqu\u00ed ofrece la posibilidad a todos los ciudadanos de <strong>DISFRUTAR APRENDIENDO<\/strong>.<\/p>\n\n\n\n<p>Reglamento Universidad Popular 2020 &#8211; <a href=\"http:\/\/www.mijas.es\/wp-content\/uploads\/2020\/03\/REGLAMENTO%20UP%202020.pdf\">Descargar<\/a><\/p>\n\n\n\n<p>\n\t<strong>Ubicaci\u00f3n Universidad Popular en Mijas Pueblo<\/strong><\/p>\n\n\n\n<figure class=\"wp-block-image is-resized\"><img decoding=\"async\" src=\"https:\/\/www.mijas.es\/files\/imagen\/servicios\/educacion\/amapamijas.jpg\" alt=\"\" width=\"289\" height=\"206\"\/><\/figure>\n\n\n\n<p>\n\t<strong>Ubicaci\u00f3n Universidad Popular en Las Lagunas<\/strong><\/p>\n\n\n\n<figure class=\"wp-block-image is-resized\"><img decoding=\"async\" src=\"https:\/\/www.mijas.es\/files\/imagen\/servicios\/educacion\/amapalaslagunas.jpg\" alt=\"\" width=\"282\" height=\"241\"\/><\/figure>\n\n\n\n<p>\n\t<strong>Plano Centro Cultural y Deportivo de La Cala<\/strong><\/p>\n\n\n\n<figure class=\"wp-block-image is-resized\"><img decoding=\"async\" src=\"https:\/\/www.mijas.es\/files\/imagen\/servicios\/educacion\/amapalacala.jpg\" alt=\"\" width=\"282\" height=\"213\"\/><\/figure>\n","protected":false},"excerpt":{"rendered":"<p>AVISO IMPORTANTE El objeto de las presentes normas es conciliar el uso de las instalaciones de la Universidad Popular con el derecho a la protecci\u00f3n de la salud en el contexto de la pandemia causada por el Covid-19 y la normativa de aplicaci\u00f3n en cada momento. Por tanto, son susceptibles de modificaci\u00f3n y actualizaci\u00f3n conforme [&hellip;]<\/p>\n","protected":false},"author":4,"featured_media":12890,"parent":0,"menu_order":0,"comment_status":"closed","ping_status":"closed","template":"page-departamental.php","meta":[],"_links":{"self":[{"href":"https:\/\/www.mijas.es\/portal\/wp-json\/wp\/v2\/pages\/12854"}],"collection":[{"href":"https:\/\/www.mijas.es\/portal\/wp-json\/wp\/v2\/pages"}],"about":[{"href":"https:\/\/www.mijas.es\/portal\/wp-json\/wp\/v2\/types\/page"}],"author":[{"embeddable":true,"href":"https:\/\/www.mijas.es\/portal\/wp-json\/wp\/v2\/users\/4"}],"replies":[{"embeddable":true,"href":"https:\/\/www.mijas.es\/portal\/wp-json\/wp\/v2\/comments?post=12854"}],"version-history":[{"count":8,"href":"https:\/\/www.mijas.es\/portal\/wp-json\/wp\/v2\/pages\/12854\/revisions"}],"predecessor-version":[{"id":32313,"href":"https:\/\/www.mijas.es\/portal\/wp-json\/wp\/v2\/pages\/12854\/revisions\/32313"}],"wp:featuredmedia":[{"embeddable":true,"href":"https:\/\/www.mijas.es\/portal\/wp-json\/wp\/v2\/media\/12890"}],"wp:attachment":[{"href":"https:\/\/www.mijas.es\/portal\/wp-json\/wp\/v2\/media?parent=12854"}],"curies":[{"name":"wp","href":"https:\/\/api.w.org\/{rel}","templated":true}]}}