{"id":12840,"date":"2019-03-18T09:00:41","date_gmt":"2019-03-18T09:00:41","guid":{"rendered":"http:\/\/192.168.0.42\/?page_id=12840"},"modified":"2019-06-12T11:43:24","modified_gmt":"2019-06-12T11:43:24","slug":"educacion-vial","status":"publish","type":"page","link":"https:\/\/www.mijas.es\/portal\/educacion\/educacion-vial\/","title":{"rendered":"Educaci\u00f3n vial"},"content":{"rendered":"\n<p style=\"text-align:center\"><strong>Educaci\u00f3n Vial en Mijas<\/strong><\/p>\n\n\n\n<p> <strong><a href=\"https:\/\/www.mijas.es\/files\/adjuntos\/educacion\/2014\/TEORICA_2014_2015.pdf\" target=\"_blank\" rel=\"noreferrer noopener\" aria-label=\" (abre en una nueva pesta\u00f1a)\">CUADRANTE PROGRAMACI\u00d3N EDUCACI\u00d3N VIAL 2014\/2015 EN PDF<\/a><\/strong><\/p>\n\n\n\n<div class=\"wp-block-image\"><figure class=\"alignleft\"><img decoding=\"async\" src=\"https:\/\/www.mijas.es\/files\/imagen\/servicios\/educacion\/aeducacionVial.jpg\" alt=\"\"\/><\/figure><\/div>\n\n\n\n<p style=\"text-align:left\"> Por parte de la Concejal\u00eda de Educaci\u00f3n  del Ayuntamiento de Mijas se est\u00e1n impartiendo clases de educaci\u00f3n vial  para los ni\u00f1os y ni\u00f1as de nuestro municipio.<\/p>\n\n\n\n<p>\n\tEste a\u00f1o seguimos con los <strong>alumnos de 6 de primaria<\/strong> (infantil, en los centros que se carece de este nivel).<\/p>\n\n\n\n<p>\n\tEn \nlos cursos anteriores: 2005\/2006, fueron los alumnos de infantil y de 5\u00ba\n de primaria los que participaron en estas actividad; 2006\/2007 los \nalumnos de 2\u00ba y 3\u00ba de primaria y en 2007\/2008 y 2008\/2009 se impartieron\n las clases con los de 6\u00ba de primaria.<br>\n\t<br>\n\tLa jornada, consta de: 5 horas de te\u00f3rica (impartidas 1 por d\u00eda) y 1 de pr\u00e1ctica.<\/p>\n\n\n\n<div class=\"wp-block-image\"><figure class=\"aligncenter is-resized\"><img decoding=\"async\" src=\"https:\/\/www.mijas.es\/files\/imagen\/servicios\/educacion\/aeducacionVial2.jpg\" alt=\"\" width=\"100%\"><\/figure><\/div>\n\n\n\n<p>\n\t<strong>Primera hora:<\/strong> Introducci\u00f3n y primera parte de se\u00f1alizaci\u00f3n de la v\u00eda.<br>\n\t<br>\n\t<strong>Segunda hora<\/strong>: Segunda parte de se\u00f1alizaci\u00f3n de la v\u00eda.<br>\n\t<br>\n\t<strong>Tercera hora:<\/strong> El peat\u00f3n, los medios de transporte y los elementos de seguridad.<br>\n\t<br>\n\t<strong>Cuarta hora:<\/strong> La v\u00eda, el ciclista y la bici.<br>\n\t<br>\n\t<strong>Quinta hora:<\/strong> video resumen de la DGT de los temas impartidos en clases.<br>\n\t<br>\n\tEn\n la parte dedicada a la teor\u00eda se ense\u00f1a a los alumnos a que tengan un \nconocimiento global de la se\u00f1alizaci\u00f3n, las conozcan y las respeten. Que\n aprendan a ser peatones prudentes y seguros. Que sean unos conductores \nde bicicletas responsables y conscientes del peligro que ello conlleva. \nTambi\u00e9n se les hace gran hincapi\u00e9 con los elementos de seguridad (uso \ncorrecto del cintur\u00f3n de seguridad y la utilizaci\u00f3n del casco) y el \ncorrecto comportamiento en los medios de transporte como pasajeros.<br>\n\t<br>\n\tEn la parte que se le dedica a la <strong>pr\u00e1ctica<\/strong>, se \ntrasladan todos los conocimientos adquiridos en la primera fase, para \nque de una forma m\u00e1s din\u00e1mica, se queden bien aprendidos. <\/p>\n\n\n\n<div class=\"wp-block-image\"><figure class=\"aligncenter\"><img decoding=\"async\" src=\"https:\/\/www.mijas.es\/files\/imagen\/servicios\/educacion\/aeducacionVial4.jpg\" alt=\"\" width=\"100%\"><\/figure><\/div>\n<br>\n\n\n\n<p>\n\tAdem\u00e1s,\n se han realizado durante estos cursos otras actuaciones: charlas con \nlos padres y madres en nuestros centros escolares, charlas en la escuela\n taller del municipio\u2026<br>\n\t<br>\n\tParticipamos del 1er. <strong>Concurso de Educaci\u00f3n Vial <\/strong>que\n organiz\u00f3 Diputaci\u00f3n de M\u00e1laga. Result\u00f3 ser una experiencia muy \ndid\u00e1ctica para los alumnos que fueron seleccionados por medio de una \nprueba de conocimientos m\u00ednimos.<\/p>\n\n\n\n<br>\n<div class=\"wp-block-image\"><figure class=\"aligncenter\"><img decoding=\"async\" src=\"https:\/\/www.mijas.es\/files\/imagen\/servicios\/educacion\/aeducacionVial5.jpg\" alt=\"\" width=\"100%\"><\/figure><\/div>\n<br>\n\n\n\n<div class=\"wp-block-image\"><figure class=\"aligncenter is-resized\"><img decoding=\"async\" src=\"https:\/\/www.mijas.es\/files\/imagen\/servicios\/educacion\/aeducacionVial6.jpg\" alt=\"\" width=\"100%\"><\/figure><\/div>\n<br>\n\n\n\n<p>\n\tLa\n D.G.T., colabora con nuestro proyecto. En el pasado curso nos dieron la\n oportunidad de disfrutar de una campa\u00f1a que llevaron a cabo en los \ncentros escolares. Pudimos disfrutar de un <strong>teatro de t\u00edteres<\/strong>, nos representaban \u00abEl Cuento que no se cont\u00f3\u00bb. <strong><em>Fue muy interesante.<\/em><\/strong><br>\n\t <\/p>\n\n\n\n<p>\n\t<strong><em>Nos dieron la oportunidad de colaborar Con ellos. \u00a1Que divertido!<\/em><\/strong><\/p>\n\n\n\n<div class=\"wp-block-image\"><figure class=\"aligncenter is-resized\"><img decoding=\"async\" src=\"https:\/\/www.mijas.es\/files\/imagen\/servicios\/educacion\/aeducacionVial7.jpg\" alt=\"\" width=\"100%\"><\/figure><\/div>\n\n\n\n<p>\n\tCon\n los m\u00e1s chiquitines tambi\u00e9n hemos trabajado. Las Escuelas Infantiles \nson participe de nuestras jornadas. Trabajamos con ellos con dos \nsesiones por clase. Es muy interesante empezar desde tan peque\u00f1itos.<\/p>\n\n\n\n<div class=\"wp-block-image\"><figure class=\"aligncenter is-resized\"><img decoding=\"async\" src=\"https:\/\/www.mijas.es\/files\/imagen\/servicios\/educacion\/aeducacionVial8.jpg\" alt=\"\" width=\"100%\"><\/figure><\/div>\n\n\n\n<p>\n\tEsperamos\n que en este tema colaboremos todos, ya que se trata de un asunto que a \ntodos nos incumbe y sobre todo porque se trata de la seguridad de \nnuestros hijos.<\/p>\n","protected":false},"excerpt":{"rendered":"<p>Educaci\u00f3n Vial en Mijas CUADRANTE PROGRAMACI\u00d3N EDUCACI\u00d3N VIAL 2014\/2015 EN PDF Por parte de la Concejal\u00eda de Educaci\u00f3n del Ayuntamiento de Mijas se est\u00e1n impartiendo clases de educaci\u00f3n vial para los ni\u00f1os y ni\u00f1as de nuestro municipio. Este a\u00f1o seguimos con los alumnos de 6 de primaria (infantil, en los centros que se carece de [&hellip;]<\/p>\n","protected":false},"author":4,"featured_media":12890,"parent":266,"menu_order":0,"comment_status":"closed","ping_status":"closed","template":"page-departamental.php","meta":[],"_links":{"self":[{"href":"https:\/\/www.mijas.es\/portal\/wp-json\/wp\/v2\/pages\/12840"}],"collection":[{"href":"https:\/\/www.mijas.es\/portal\/wp-json\/wp\/v2\/pages"}],"about":[{"href":"https:\/\/www.mijas.es\/portal\/wp-json\/wp\/v2\/types\/page"}],"author":[{"embeddable":true,"href":"https:\/\/www.mijas.es\/portal\/wp-json\/wp\/v2\/users\/4"}],"replies":[{"embeddable":true,"href":"https:\/\/www.mijas.es\/portal\/wp-json\/wp\/v2\/comments?post=12840"}],"version-history":[{"count":32,"href":"https:\/\/www.mijas.es\/portal\/wp-json\/wp\/v2\/pages\/12840\/revisions"}],"predecessor-version":[{"id":24960,"href":"https:\/\/www.mijas.es\/portal\/wp-json\/wp\/v2\/pages\/12840\/revisions\/24960"}],"up":[{"embeddable":true,"href":"https:\/\/www.mijas.es\/portal\/wp-json\/wp\/v2\/pages\/266"}],"wp:featuredmedia":[{"embeddable":true,"href":"https:\/\/www.mijas.es\/portal\/wp-json\/wp\/v2\/media\/12890"}],"wp:attachment":[{"href":"https:\/\/www.mijas.es\/portal\/wp-json\/wp\/v2\/media?parent=12840"}],"curies":[{"name":"wp","href":"https:\/\/api.w.org\/{rel}","templated":true}]}}