{"id":12770,"date":"2019-03-14T14:53:10","date_gmt":"2019-03-14T14:53:10","guid":{"rendered":"http:\/\/192.168.0.42\/?page_id=12770"},"modified":"2019-10-28T09:48:40","modified_gmt":"2019-10-28T09:48:40","slug":"open-data","status":"publish","type":"page","link":"https:\/\/www.mijas.es\/portal\/open-data\/","title":{"rendered":"Open Data &#8211; Acceso a la Informaci\u00f3n"},"content":{"rendered":"\n<ul class=\"nav nav-tabs\" id=\"myTab\" role=\"tablist\">\n  <li class=\"nav-item\">\n    <a class=\"nav-link active\" id=\"transporte-tab\" data-toggle=\"tab\" href=\"#transporte\" role=\"tab\" aria-controls=\"transporte\" aria-selected=\"true\"><i class=\"fas fa-bus\"><\/i> Transporte<\/a>\n  <\/li>\n  <li class=\"nav-item\">\n    <a class=\"nav-link\" id=\"medioambiente-tab\" data-toggle=\"tab\" href=\"#medioambiente\" role=\"tab\" aria-controls=\"medioambiente\" aria-selected=\"false\"><i class=\"fas fa-tree\"><\/i> Medio Ambiente<\/a>\n  <\/li>\n  <li class=\"nav-item\">\n    <a class=\"nav-link\" id=\"contact-tab\" data-toggle=\"tab\" href=\"#contact\" role=\"tab\" aria-controls=\"contact\" aria-selected=\"false\"><i class=\"fas fa-book-open\"><\/i> Memoria Municipal<\/a>\n  <\/li>\n<\/ul>\n<div class=\"tab-content\" id=\"myTabContent\">\n  <div class=\"tab-pane fade show active\" id=\"transporte\" role=\"tabpanel\" aria-labelledby=\"home-tab\">\n\n\n<div class=\"row opendata\">\n<div class=\"col-lg-4 col-md-4 col-sm-4 col-xs-12\">\n    <div class=\"box-part text-center\">\n      <i class=\"fas fa-car fa-3x\" aria-hidden=\"true\"><\/i>\n      <div class=\"title\">\n\t<h4>Veh\u00edculos Oficiales<\/h4>\n      <\/div>\n      <div class=\"text\">\n         <span>Fichero con los datos de los veh\u00edculos Oficiales del parque m\u00f3vil<\/span>\n        <div style=\"border-top:1px solid #CCC;\">\n\n        Descargas<br>\n        <a class=\"badge badge-primary\" target=\"_blank\" href=\"https:\/\/www.mijas.es\/wp-content\/uploads\/2019\/03\/VPropios.xml\" rel=\"noopener noreferrer\">XML<\/a>\n<a class=\"badge badge-success\" href=\"https:\/\/www.mijas.es\/wp-content\/uploads\/2019\/03\/cons_Vpropios.csv\">CSV<\/a>\n        <\/div>\n      <\/div>\n    <\/div>\n<\/div>\t\n\n<div class=\"col-lg-4 col-md-4 col-sm-4 col-xs-12\">\n    <div class=\"box-part text-center\">\n      <i class=\"fas fa-car fa-3x\" aria-hidden=\"true\"><\/i>\n      <div class=\"title\">\n\t<h4>Veh\u00edculos de Renting<\/h4>\n      <\/div>\n      <div class=\"text\">\n         <span>Fichero con los datos de los veh\u00edculos de Renting del parque m\u00f3vil<\/span>\n        <div>\n<div style=\"border-top:1px solid #CCC;\">\n\n        Descargas<br>\n        <a class=\"badge badge-primary\" target=\"_blank\"  href=\"https:\/\/www.mijas.es\/wp-content\/uploads\/2019\/03\/VRenting.xml\" rel=\"noopener noreferrer\">XML<\/a>\n<a class=\"badge badge-success\" href=\"https:\/\/www.mijas.es\/wp-content\/uploads\/2019\/03\/cons_VRenting.csv\">CSV<\/a>\n        <\/div>\n        <\/div>\n      <\/div>\n    <\/div>\n<\/div>\n<\/div>\n\n<\/div>\n  <div class=\"tab-pane fade\" id=\"medioambiente\" role=\"tabpanel\" aria-labelledby=\"medioambiente-tab\">\n<div class=\"row opendata\">\n<div class=\"col-lg-4 col-md-4 col-sm-4 col-xs-12\">\n    <div class=\"box-part text-center\">\n      <i class=\"fas fa-oil-can fa-3x\"><\/i>\n      <div class=\"title\">\n\t<h4>Contenedores de Aceite Usado<\/h4>\n      <\/div>\n      <div class=\"text\">\n         <span>Fichero con los datos de los contenedores de aceite usado<\/span>\n        <div>\n<div style=\"border-top:1px solid #CCC;\">\n\n        Descargas<br>\n        <a class=\"badge badge-primary\" href=\"https:\/\/www.mijas.es\/wp-content\/uploads\/2019\/04\/ContAceiteUsado.xml\">XML<\/a>\n<a class=\"badge badge-success\" href=\"https:\/\/www.mijas.es\/wp-content\/uploads\/2019\/04\/ContAceiteUsado.csv\">CSV<\/a>\n        <\/div>\n        <\/div>\n      <\/div>\n    <\/div>\n\n<\/div>\n\n<\/div>\n\n<\/div>\n  <div class=\"tab-pane fade\" id=\"contact\" role=\"tabpanel\" aria-labelledby=\"contact-tab\">\n<div class=\"row opendata\">\n<div class=\"col-lg-4 col-md-4 col-sm-4 col-xs-12\">\n    <div class=\"box-part text-center\">\n      <i class=\"fas fa-book fa-3x\"><\/i>\n      <div class=\"title\">\n\t<h4>Memoria Municipal<\/h4>\n      <\/div>\n      <div class=\"text\">\n         <span>Enlace a los archivos de la memoria municipal<\/span>\n\n        <div>\n<div style=\"border-top:1px solid #CCC;\">\nDescargas<br>\n<a class=\"badge badge-success\" href=\"https:\/\/www.mijas.es\/memoria-municipal\/\">URL<\/a>\n<\/div>\n<\/div>\n\n\n\n<p><\/p>\n","protected":false},"excerpt":{"rendered":"<p>Transporte Medio Ambiente Memoria Municipal Veh\u00edculos Oficiales Fichero con los datos de los veh\u00edculos Oficiales del parque m\u00f3vil Descargas XML CSV Veh\u00edculos de Renting Fichero con los datos de los veh\u00edculos de Renting del parque m\u00f3vil Descargas XML CSV Contenedores de Aceite Usado Fichero con los datos de los contenedores de aceite usado Descargas XML [&hellip;]<\/p>\n","protected":false},"author":1,"featured_media":0,"parent":0,"menu_order":0,"comment_status":"closed","ping_status":"closed","template":"","meta":[],"_links":{"self":[{"href":"https:\/\/www.mijas.es\/portal\/wp-json\/wp\/v2\/pages\/12770"}],"collection":[{"href":"https:\/\/www.mijas.es\/portal\/wp-json\/wp\/v2\/pages"}],"about":[{"href":"https:\/\/www.mijas.es\/portal\/wp-json\/wp\/v2\/types\/page"}],"author":[{"embeddable":true,"href":"https:\/\/www.mijas.es\/portal\/wp-json\/wp\/v2\/users\/1"}],"replies":[{"embeddable":true,"href":"https:\/\/www.mijas.es\/portal\/wp-json\/wp\/v2\/comments?post=12770"}],"version-history":[{"count":72,"href":"https:\/\/www.mijas.es\/portal\/wp-json\/wp\/v2\/pages\/12770\/revisions"}],"predecessor-version":[{"id":28719,"href":"https:\/\/www.mijas.es\/portal\/wp-json\/wp\/v2\/pages\/12770\/revisions\/28719"}],"wp:attachment":[{"href":"https:\/\/www.mijas.es\/portal\/wp-json\/wp\/v2\/media?parent=12770"}],"curies":[{"name":"wp","href":"https:\/\/api.w.org\/{rel}","templated":true}]}}