{"id":12717,"date":"2019-03-14T12:46:12","date_gmt":"2019-03-14T12:46:12","guid":{"rendered":"http:\/\/192.168.0.42\/?page_id=12717"},"modified":"2024-12-19T08:04:08","modified_gmt":"2024-12-19T07:04:08","slug":"escuelas-infantiles","status":"publish","type":"page","link":"https:\/\/www.mijas.es\/portal\/educacion\/escuelas-infantiles\/","title":{"rendered":"Escuelas Infantiles"},"content":{"rendered":"\n<figure class=\"wp-block-image is-resized\"><img decoding=\"async\" src=\"https:\/\/www.mijas.es\/files\/imagen\/servicios\/educacion\/a9647_IMGP4567.jpg\" alt=\"\" width=\"288\" height=\"216\"\/><\/figure>\n\n\n\n<figure class=\"wp-block-table\"><table><tbody><tr><td><strong>Escuela Infantil Gloria Fuertes<\/strong><\/td><\/tr><tr><td><strong>Zona:<\/strong>&nbsp;Las Lagunas<br><strong>Direcci\u00f3n:<\/strong>&nbsp;Calle Cipr\u00e9s 1, Las Lagunas, Mijas<br><strong>Horario:&nbsp;<\/strong>De 7:30 h. a 20:00 h.<br><strong>Tel\u00e9fonos:<\/strong>&nbsp;952 58 21 05 &#8211;&nbsp; 608 677 504<br><strong>E-Mail:<\/strong>&nbsp;<a href=\"mailto:eigloriafuertesmijas@clece.es\">eigloriafuertesmijas@clece.es<\/a><br><strong>N\u00ba de Unidades:<\/strong> 18<br><strong>N\u00ba de Alumnos:<\/strong> 301<br><strong>C\u00f3digo:<\/strong>&nbsp;29016471<\/td><td><\/td><\/tr><tr><td><\/td><\/tr><\/tbody><\/table><\/figure>\n\n\n\n<p><strong>Servicios:<\/strong><\/p>\n\n\n\n<ul>\n<li>Aula de acogida<\/li>\n\n\n\n<li>Servicio de atenci\u00f3n Socio Educativa<\/li>\n\n\n\n<li>Comedor<\/li>\n\n\n\n<li>Taller de juegos<\/li>\n\n\n\n<li>Servicio de Ludoteca en horario de tardes de lunes a viernes<\/li>\n<\/ul>\n\n\n\n<p><\/p>\n\n\n<div class=\"wp-block-image\">\n<figure class=\"alignleft\"><img decoding=\"async\" src=\"https:\/\/www.mijas.es\/files\/imagen\/servicios\/educacion\/aguarde_mijasP.jpg\" alt=\"\"\/><\/figure><\/div>\n\n\n<figure class=\"wp-block-table\"><table><tbody><tr><td><strong>Escuela Infantil Mijas &#8211; Pueblo<\/strong><\/td><\/tr><tr><td><strong>Zona:<\/strong>&nbsp;Mijas Pueblo<br><strong>Direcci\u00f3n:<\/strong>&nbsp;Plaza Virgen de la Pe\u00f1a&nbsp;17<br><strong>Horario:<\/strong>&nbsp;De 7:30 a 17:00 h.<br><strong>Tel\u00e9fonos:<\/strong>&nbsp; 613 15 60 38 <br><strong>E-Mail:<\/strong>&nbsp; <a href=\"mailto:lacalalimonar@hotmail.com\"><br><\/a><strong><a href=\"mailto:guardemijas@gmail.com\">guardemijas@gmail.com<\/a><\/strong><br><strong>N\u00ba de Unidades:<\/strong> 2<br><strong>N\u00ba de Alumnos:<\/strong> 35<\/td><td><\/td><\/tr><\/tbody><\/table><\/figure>\n\n\n\n<p><strong>Servicios:<\/strong><\/p>\n\n\n\n<ul>\n<li>Aula Matinal<\/li>\n\n\n\n<li>Comedor<\/li>\n\n\n\n<li>Biblioteca<\/li>\n\n\n\n<li>Psicomotridad<\/li>\n\n\n\n<li>Estimulaci\u00f3n sensorial<\/li>\n\n\n\n<li>Ingl\u00e9s<\/li>\n\n\n\n<li>Actividades extraescolares<\/li>\n<\/ul>\n\n\n\n<figure class=\"wp-block-image is-resized\"><img decoding=\"async\" src=\"https:\/\/www.mijas.es\/files\/imagen\/servicios\/educacion\/06D13853B2EB.jpg\" alt=\"\" width=\"162\" height=\"179\"\/><\/figure>\n\n\n\n<figure class=\"wp-block-table\"><table><tbody><tr><td><strong>Escuela Infantil Europa<\/strong><\/td><\/tr><tr><td><strong>Zona:<\/strong>&nbsp;La Cala<br><strong>Direcci\u00f3n:<\/strong>&nbsp;Urbanizaci\u00f3n El Limonar s\/n . La Cala<br><strong>Horario:&nbsp;<\/strong>De 7.30 h. a 20 h.<br><strong>Tel\u00e9fono:<\/strong>&nbsp;952 49 39 77 \/&nbsp;636 25 05 75<br><strong>E-Mail:<\/strong>&nbsp;<a href=\"mailto:eieuropamijas@clece.es\">eieuropamijas@clece.es<\/a><br><strong>C\u00f3digo:<\/strong>&nbsp;29018625<\/td><td><\/td><\/tr><tr><td><\/td><\/tr><\/tbody><\/table><\/figure>\n\n\n\n<p><strong>Servicios:<\/strong><\/p>\n\n\n\n<ul>\n<li>Aula de acogida<\/li>\n\n\n\n<li>Servicio de atenci\u00f3n Socio Educativa<\/li>\n\n\n\n<li>Comedor<\/li>\n\n\n\n<li>Taller de juegos<\/li>\n\n\n\n<li>Servicio de Logopeda y Psicomotricidad<\/li>\n\n\n\n<li>Servicio de Ludoteca nocturna en fines de semanas y festivos<\/li>\n\n\n\n<li>Servicio de Ludoteca en horario de tardes de lunes a viernes<\/li>\n<\/ul>\n\n\n\n<figure class=\"wp-block-image is-resized\"><img decoding=\"async\" src=\"https:\/\/www.mijas.es\/files\/imagen\/servicios\/educacion\/aguarde_limonar.jpg\" alt=\"\" width=\"195\" height=\"154\"\/><\/figure>\n\n\n\n<figure class=\"wp-block-table\"><table><tbody><tr><td><strong>Escuela Infantil La Cala &#8211; Limonar<\/strong><\/td><\/tr><tr><td><strong>Zona:<\/strong>&nbsp;La Cala<br><strong>Direcci\u00f3n:<\/strong>&nbsp;Urb. El Limonar, n\u00ba25. La Cala<br><strong>Horario:<\/strong>&nbsp;De&nbsp;7.30 h.&nbsp;a 17 h.<br><strong>Tel\u00e9fono:<\/strong>&nbsp;669158683 \/ 952494740<br><strong>E-Mail:<\/strong>&nbsp;<a href=\"mailto:lacalalimonar@hotmail.com\">lacalalimonar@hotmail.com<\/a><br><strong>C\u00f3digo:<\/strong>&nbsp;29016461<br><strong>N\u00b0 DE UNIDADES: <\/strong>5<br><strong>N\u00b0 DE ALUMNOS: <\/strong>74<\/td><td><\/td><\/tr><\/tbody><\/table><\/figure>\n\n\n\n<p><strong>Servicios:<\/strong><\/p>\n\n\n\n<ul>\n<li>Actividades extraescolares<\/li>\n\n\n\n<li>Educaci\u00f3n Biling\u00fce<\/li>\n\n\n\n<li>Comedor (cocina propia)<\/li>\n\n\n\n<li>Aula matinal<\/li>\n\n\n\n<li>Psicomotr\u00edcidad<\/li>\n<\/ul>\n\n\n\n<figure class=\"wp-block-image is-resized\"><img decoding=\"async\" src=\"https:\/\/www.mijas.es\/files\/imagen\/servicios\/educacion\/C.E.I.%20Los%20Campanales.jpg\" alt=\"\" width=\"234\" height=\"234\"\/><\/figure>\n\n\n\n<p><strong>C.E.I. CAMPANALES<\/strong><\/p>\n\n\n\n<p><strong>Zona:<\/strong>&nbsp;Las Lagunas                                                                                                                                                          <strong>Direcci\u00f3n:<\/strong>&nbsp;C\/ Almer\u00eda, 6<br><strong>Horario:<\/strong>&nbsp;De 7:30 h. a 17:00 h.                                                                                                                                                                        <strong>Tel\u00e9fono: <\/strong>952 58 01 55 \u2013 676 945 720<br><strong>C\u00f3digo:<\/strong>&nbsp;29013494<br><strong>E-Mail:&nbsp;<\/strong><a href=\"mailto:info@grupocampanales.com\">info@grupocampanales.com<\/a>                                                                                                                                                  <strong>N\u00ba de Unidades:<\/strong> 2<br><strong>N\u00ba de Alumnos:<\/strong> 35<\/p>\n\n\n\n<p><strong>Servicios:<\/strong><\/p>\n\n\n\n<ul>\n<li>Servicio de Atenci\u00f3n socioeducativa<\/li>\n\n\n\n<li>Educaci\u00f3n Biling\u00fce<\/li>\n\n\n\n<li>Comedor (cocina propia)<\/li>\n\n\n\n<li>Horarios flexibles<\/li>\n\n\n\n<li>Abierto todo el a\u00f1o<\/li>\n<\/ul>\n\n\n\n<figure class=\"wp-block-image size-large is-resized\"><img decoding=\"async\" src=\"https:\/\/www.mijas.es\/wp-content\/uploads\/2021\/05\/Guarderia-La-Tata-1024x685.jpg\" alt=\"\" class=\"wp-image-39018\" width=\"243\" height=\"162\" srcset=\"https:\/\/www.mijas.es\/wp-content\/uploads\/2021\/05\/Guarderia-La-Tata-1024x685.jpg 1024w, https:\/\/www.mijas.es\/wp-content\/uploads\/2021\/05\/Guarderia-La-Tata-300x201.jpg 300w, https:\/\/www.mijas.es\/wp-content\/uploads\/2021\/05\/Guarderia-La-Tata-768x514.jpg 768w, https:\/\/www.mijas.es\/wp-content\/uploads\/2021\/05\/Guarderia-La-Tata-1536x1028.jpg 1536w, https:\/\/www.mijas.es\/wp-content\/uploads\/2021\/05\/Guarderia-La-Tata-2048x1371.jpg 2048w\" sizes=\"(max-width: 243px) 100vw, 243px\" \/><\/figure>\n\n\n\n<p><strong>C.E.I. LA TATA<\/strong><\/p>\n\n\n\n<p class=\"has-text-align-left\"><strong>Zona:<\/strong>&nbsp;Las Lagunas<br><strong>Horario:<\/strong>&nbsp;De 7:30 h. a 17:00 h.<br><strong>C\u00f3digo:<\/strong>&nbsp;29012593<br><strong>E-Mail:<\/strong>&nbsp;<a href=\"mailto:guarderialatata@gmail.com\"><\/a><a href=\"mailto:guarderialatata@gmail.com\">guarderialatata@gmail.com<\/a><br><strong>Direcci\u00f3n:<\/strong>&nbsp;C\/ Rio las Pasadas, 71-72<br><strong>Tel\u00e9fono:<\/strong>&nbsp;952 58 13 18 &#8211; 633 19 21 31                                                                                                                                                           <strong>N\u00famero de unidades:<\/strong> 5                                                                                                                                                                               <strong>N\u00famero de alumnos:<\/strong> 81                                                                                                                                                                                    <\/p>\n\n\n\n<p><strong>Servicios:<\/strong><\/p>\n\n\n\n<ul>\n<li>Servicio de Atenci\u00f3n socioeducativa.<\/li>\n\n\n\n<li>Atenci\u00f3n Psicopedag\u00f3gica.<\/li>\n\n\n\n<li>Estimulaci\u00f3n temprana.<\/li>\n\n\n\n<li>Comedor con cocina propia (comida casera).<\/li>\n\n\n\n<li>Educaci\u00f3n biling\u00fce (Ingl\u00e9s y Franc\u00e9s).<\/li>\n\n\n\n<li>Aula de acogida.<\/li>\n<\/ul>\n\n\n\n<figure class=\"wp-block-image is-resized\"><img decoding=\"async\" src=\"https:\/\/www.mijas.es\/files\/imagen\/servicios\/educacion\/guarderia-la-casita-de-pooh.jpg\" alt=\"\" width=\"253\" height=\"189\"\/><\/figure>\n\n\n\n<p><strong>C.E.I. LA CASITA DE POOH<\/strong><\/p>\n\n\n\n<p><strong>Zona:<\/strong>&nbsp;Las Lagunas<br><strong>Horario:<\/strong>&nbsp;De 7:30 h. a 17:00 h.<br><strong>C\u00f3digo:<\/strong>&nbsp;29009442<br><strong>E-Mail:<\/strong>&nbsp;<a href=\"mailto:lacasitadepooh@gmail.com\"><\/a><a href=\"mailto:E-Mail:%20lacasitadepooh@gmail.com\">lacasitadepooh@gmail.com<\/a><br><strong>Direcci\u00f3n:<\/strong>&nbsp;C\/ Rio Ardach\u00f3n, local 1-2<br><strong>Tel\u00e9fono:<\/strong>&nbsp;952585804&nbsp;&nbsp; &#8211;&nbsp;&nbsp;&nbsp; 633192131                                                                                                                                 <strong>N\u00b0 de unidades: <\/strong>6                                                                                                                                                           <strong>     N\u00b0 de alumnos: <\/strong>85<\/p>\n\n\n\n<p><strong>Servicios:<\/strong><\/p>\n\n\n\n<ul>\n<li>Servicio de Atenci\u00f3n socioeducativa.<\/li>\n\n\n\n<li>Atenci\u00f3n Psicopedag\u00f3gica.<\/li>\n\n\n\n<li>Comedor con cocina propia (comida casera).<\/li>\n\n\n\n<li>Eduaci\u00f3n biling\u00fce (Ingl\u00e9s y Franc\u00e9s).<\/li>\n\n\n\n<li>Aula de acogida.<\/li>\n\n\n\n<li>Estimulaci\u00f3n temprana.<\/li>\n<\/ul>\n\n\n\n<figure class=\"wp-block-image\"><img decoding=\"async\" src=\"https:\/\/www.mijas.es\/files\/imagen\/servicios\/educacion\/aGuarderia_Virgen_del_Mar.jpg\" alt=\"\"\/><\/figure>\n\n\n\n<p><strong>C.E.I. VIRGEN DEL MAR<\/strong><\/p>\n\n\n\n<p><strong>Zona:<\/strong>&nbsp;Las Lagunas<br><strong>Horario:<\/strong>&nbsp;De 7:30 h. a 17:00 h.<br><strong>C\u00f3digo:<\/strong>&nbsp;29012601<br><strong>E-Mail:<\/strong>&nbsp;<a href=\"mailto:virgendelmar.ei@gmail.com\">virgendelmar.ei@gmail.com<\/a><br><strong>Direcci\u00f3n:<\/strong>&nbsp;C\/ San Valent\u00edn, 13<br><strong>Tel\u00e9fono:<\/strong>&nbsp;952581195<\/p>\n\n\n\n<p><strong>Servicios:<\/strong><\/p>\n\n\n\n<ul>\n<li>Centro de asistencia socio-educativa.<\/li>\n\n\n\n<li>Comedor.<\/li>\n<\/ul>\n\n\n\n<figure class=\"wp-block-image\"><img decoding=\"async\" src=\"https:\/\/www.mijas.es\/files\/imagen\/servicios\/educacion\/aGuarde_Educcco.jpg\" alt=\"\"\/><\/figure>\n\n\n\n<p><strong>C.E.I. EDUCCO<\/strong><\/p>\n\n\n\n<p><strong>Zona:<\/strong>&nbsp;Las Lagunas<br><strong>Horario:&nbsp;<\/strong>De 7:30 h. a 17:00 h.<br><strong>UDI:<\/strong>&nbsp;De 16:00 h. a 20.00&nbsp;h.<br><strong>C\u00f3digo:<\/strong>&nbsp;29008565<br><strong>E-Mail:<\/strong>&nbsp;<a href=\"mailto:escuelainfantileducco@gmail.com\">escuelainfantileducco@gmail.com<\/a><br><strong>Direcci\u00f3n:<\/strong>&nbsp;Antonio Machado, 22<br><strong>Tel\u00e9fono:<\/strong>&nbsp;952667371<\/p>\n\n\n\n<p><strong>Servicios:<\/strong><\/p>\n\n\n\n<ul>\n<li>Centro de asistencia socio educativa.<\/li>\n\n\n\n<li>Comedor.<\/li>\n\n\n\n<li>Gabinetes de Psicolog\u00eda, pedagog\u00eda y logapedia.<\/li>\n\n\n\n<li>Iniciaci\u00f3n a la lengua Inglesa.<\/li>\n\n\n\n<li>Psicomotricidad.<\/li>\n\n\n\n<li>Atenci\u00f3n temprana.<\/li>\n<\/ul>\n\n\n\n<figure class=\"wp-block-image is-resized\"><img decoding=\"async\" src=\"https:\/\/www.mijas.es\/files\/imagen\/servicios\/educacion\/a4958_LA_CASITA_DE_PIMIENTA.jpg\" alt=\"\" width=\"275\" height=\"207\"\/><\/figure>\n\n\n\n<p><strong>C.E.I. LA CASITA DE PIMIENTA<\/strong><\/p>\n\n\n\n<p><strong>Zona:<\/strong>&nbsp;Las Lagunas                                                                            <strong>Direcci\u00f3n:<\/strong>&nbsp;Avda. de Mijas 2, portal 1 &#8211; 1\u00aa planta<br><strong>Horario:<\/strong>&nbsp;De 7:30 h. a 17:00 h.<br><strong>C\u00f3digo:<\/strong>&nbsp;29017611<br><strong>E-Mail:<\/strong>&nbsp;<a href=\"mailto:info@lacasitadepimienta.com\">info@lacasitadepimienta.com<\/a><br><strong>Tel\u00e9fono:<\/strong>&nbsp;952 666 363 &#8211; 661 243 391                                                                      <strong>N\u00ba de Unidades:<\/strong> 6<br><strong>N\u00ba de Alumnos:<\/strong> 68<\/p>\n\n\n\n<p><strong>Servicios:<\/strong><\/p>\n\n\n\n<ul>\n<li>Aula matinal.<\/li>\n\n\n\n<li>Servicio comedor (cocina propia).<\/li>\n\n\n\n<li>Ingl\u00e9s<\/li>\n<\/ul>\n\n\n\n<p><\/p>\n\n\n\n<figure class=\"wp-block-image size-full is-resized\"><img decoding=\"async\" src=\"https:\/\/www.mijas.es\/wp-content\/uploads\/2024\/12\/tickly-toddlers.jpg\" alt=\"\" class=\"wp-image-59852\" width=\"436\" height=\"245\" srcset=\"https:\/\/www.mijas.es\/wp-content\/uploads\/2024\/12\/tickly-toddlers.jpg 680w, https:\/\/www.mijas.es\/wp-content\/uploads\/2024\/12\/tickly-toddlers-300x169.jpg 300w\" sizes=\"(max-width: 436px) 100vw, 436px\" \/><\/figure>\n\n\n\n<p>Escuela Infantil Cei Tickly Toddlers<\/p>\n\n\n\n<p>Zona: La Cala<\/p>\n\n\n\n<p>Direcci\u00f3n: Calle acuario 53, C.C. Las Terrazas de Miraflores Golf Local 22<\/p>\n\n\n\n<p>Horario: De 7:30 h. a 17:00 h.<\/p>\n\n\n\n<p>Tel\u00e9fonos: 676815326 &#8211; 687967242<\/p>\n\n\n\n<p>E-Mail:&nbsp; <a href=\"mailto:info@ticklytoddlers.com\">info@ticklytoddlers.com<\/a><\/p>\n\n\n\n<p>N\u00ba de Unidades: 2<\/p>\n\n\n\n<p>N\u00ba de Alumnos: 25<\/p>\n\n\n\n<p>Servicios:<\/p>\n\n\n\n<p>Aula matinal de 07:30 a 09:00<\/p>\n\n\n\n<p>Servicio socio educativo de 09:00 a 12:45<\/p>\n\n\n\n<p>Comedor de 12:30 a 13:30<\/p>\n\n\n\n<p>Siesta de 13:30 a 15:30<\/p>\n\n\n\n<p>Juego libre de 15:30 a 17:00<\/p>\n","protected":false},"excerpt":{"rendered":"<p>Escuela Infantil Gloria Fuertes Zona:&nbsp;Las LagunasDirecci\u00f3n:&nbsp;Calle Cipr\u00e9s 1, Las Lagunas, MijasHorario:&nbsp;De 7:30 h. a 20:00 h.Tel\u00e9fonos:&nbsp;952 58 21 05 &#8211;&nbsp; 608 677 504E-Mail:&nbsp;eigloriafuertesmijas@clece.esN\u00ba de Unidades: 18N\u00ba de Alumnos: 301C\u00f3digo:&nbsp;29016471 Servicios: Escuela Infantil Mijas &#8211; Pueblo Zona:&nbsp;Mijas PuebloDirecci\u00f3n:&nbsp;Plaza Virgen de la Pe\u00f1a&nbsp;17Horario:&nbsp;De 7:30 a 17:00 h.Tel\u00e9fonos:&nbsp; 613 15 60 38 E-Mail:&nbsp; guardemijas@gmail.comN\u00ba de Unidades: 2N\u00ba de [&hellip;]<\/p>\n","protected":false},"author":4,"featured_media":12890,"parent":266,"menu_order":0,"comment_status":"closed","ping_status":"closed","template":"page-departamental.php","meta":[],"_links":{"self":[{"href":"https:\/\/www.mijas.es\/portal\/wp-json\/wp\/v2\/pages\/12717"}],"collection":[{"href":"https:\/\/www.mijas.es\/portal\/wp-json\/wp\/v2\/pages"}],"about":[{"href":"https:\/\/www.mijas.es\/portal\/wp-json\/wp\/v2\/types\/page"}],"author":[{"embeddable":true,"href":"https:\/\/www.mijas.es\/portal\/wp-json\/wp\/v2\/users\/4"}],"replies":[{"embeddable":true,"href":"https:\/\/www.mijas.es\/portal\/wp-json\/wp\/v2\/comments?post=12717"}],"version-history":[{"count":32,"href":"https:\/\/www.mijas.es\/portal\/wp-json\/wp\/v2\/pages\/12717\/revisions"}],"predecessor-version":[{"id":59853,"href":"https:\/\/www.mijas.es\/portal\/wp-json\/wp\/v2\/pages\/12717\/revisions\/59853"}],"up":[{"embeddable":true,"href":"https:\/\/www.mijas.es\/portal\/wp-json\/wp\/v2\/pages\/266"}],"wp:featuredmedia":[{"embeddable":true,"href":"https:\/\/www.mijas.es\/portal\/wp-json\/wp\/v2\/media\/12890"}],"wp:attachment":[{"href":"https:\/\/www.mijas.es\/portal\/wp-json\/wp\/v2\/media?parent=12717"}],"curies":[{"name":"wp","href":"https:\/\/api.w.org\/{rel}","templated":true}]}}