{"id":12626,"date":"2019-03-12T09:39:13","date_gmt":"2019-03-12T09:39:13","guid":{"rendered":"http:\/\/192.168.0.42\/?page_id=12626"},"modified":"2019-05-14T15:15:13","modified_gmt":"2019-05-14T15:15:13","slug":"catalogo-de-bienes-protegidos-2","status":"publish","type":"page","link":"https:\/\/www.mijas.es\/portal\/urbanismo\/catalogo-de-bienes-protegidos-2\/","title":{"rendered":"Cat\u00e1logo de Bienes Protegidos"},"content":{"rendered":"\n<ul><li>Aprobaci\u00f3n definitiva del cat\u00e1logo urban\u00edstico del patrimonio art\u00edtico de Mijas.\u00a0<a rel=\"noreferrer noopener\" aria-label=\" (abre en una nueva pesta\u00f1a)\" href=\"https:\/\/www.mijas.es\/files\/adjuntos\/archivohistorico\/Acuerdo_Pleno_25-02-16_Aprob__Definitiva.pdf\" target=\"_blank\">Ver<\/a>\u00a0(PDF)<\/li><li>Cat\u00e1logo.\u00a0<a rel=\"noreferrer noopener\" aria-label=\" (abre en una nueva pesta\u00f1a)\" href=\"https:\/\/www.mijas.es\/files\/adjuntos\/archivohistorico\/Catlogo.pdf\" target=\"_blank\">Ver<\/a>\u00a0(PDF)<\/li><li>Resumen ejecutivo.\u00a0<a rel=\"noreferrer noopener\" aria-label=\" (abre en una nueva pesta\u00f1a)\" href=\"https:\/\/www.mijas.es\/files\/adjuntos\/archivohistorico\/Resumen_Ejecutivo.pdf\" target=\"_blank\">Ver<\/a>\u00a0(PDF)<\/li><li>Edicto sobre la aprobaci\u00f3n definitiva del Cat\u00e1logo Urban\u00edstico sobre Protecci\u00f3n del Patrimonio Hist\u00f3rico de Mijas (BOP n\u00fam. 86, de 09\/05\/2016) &#8211;\u00a0<a href=\"https:\/\/www.mijas.es\/files\/adjuntos\/Urbanismo\/edicto_Aprob_Definitiva_catalogo.pdf\" target=\"_blank\" rel=\"noreferrer noopener\" aria-label=\" (abre en una nueva pesta\u00f1a)\">Ver<\/a>\u00a0(PDF)<\/li><\/ul>\n\n\n\n<p>Relaci\u00f3n de inmuebles de propiedad municipal o considerados &#8216;V\u00eda P\u00fablica&#8217; incluidos en el Cat\u00e1logo de bienes protegodos.<\/p>\n\n\n\n<ul><li>Torre de Calaburras (B.I.C.)<\/li><li>Torre Nueva (B.I.C.)<\/li><li>Torre-Bater\u00eda de La Cala del Moral (B.I.C.)<\/li><li>Castillo de Mijas (restos) (B.I.C.)<\/li><li>Antigua Casa Consistorial (Mueso Hist\u00f3rico Etnol\u00f3gico)<\/li><li>Antigua Casa Cuartel de la Guardia Civil<\/li><li>Cementerio Municipal<\/li><li>Cantera del Barrio<\/li><li>Horno de La Cala<\/li><li>Cortijo de Los Limones<\/li><li>Era del Comp\u00e1s (1)<\/li><li>Monasterio Carmelita (ruinas) (1)<\/li><li>Pozo-Noria del Lagarejo (1)<\/li><li>Pozos del Arroyo de Mar\u00eda Barranco (1)<\/li><li>Acueducto del Trapiche (1)<\/li><li>Acueducto de La Condesa (2)<\/li><\/ul>\n\n\n\n<p><br>(1): Ubicados en terrenos considerados v\u00eda p\u00fablica, zona verde o parte de arroyos.<br>(2): Sirve de linde entre terrenos de propiedad municipal y terrenos privados.<\/p>\n","protected":false},"excerpt":{"rendered":"<p>Aprobaci\u00f3n definitiva del cat\u00e1logo urban\u00edstico del patrimonio art\u00edtico de Mijas.\u00a0Ver\u00a0(PDF) Cat\u00e1logo.\u00a0Ver\u00a0(PDF) Resumen ejecutivo.\u00a0Ver\u00a0(PDF) Edicto sobre la aprobaci\u00f3n definitiva del Cat\u00e1logo Urban\u00edstico sobre Protecci\u00f3n del Patrimonio Hist\u00f3rico de Mijas (BOP n\u00fam. 86, de 09\/05\/2016) &#8211;\u00a0Ver\u00a0(PDF) Relaci\u00f3n de inmuebles de propiedad municipal o considerados &#8216;V\u00eda P\u00fablica&#8217; incluidos en el Cat\u00e1logo de bienes protegodos. Torre de Calaburras (B.I.C.) [&hellip;]<\/p>\n","protected":false},"author":4,"featured_media":0,"parent":12090,"menu_order":0,"comment_status":"closed","ping_status":"closed","template":"page-departamental.php","meta":[],"_links":{"self":[{"href":"https:\/\/www.mijas.es\/portal\/wp-json\/wp\/v2\/pages\/12626"}],"collection":[{"href":"https:\/\/www.mijas.es\/portal\/wp-json\/wp\/v2\/pages"}],"about":[{"href":"https:\/\/www.mijas.es\/portal\/wp-json\/wp\/v2\/types\/page"}],"author":[{"embeddable":true,"href":"https:\/\/www.mijas.es\/portal\/wp-json\/wp\/v2\/users\/4"}],"replies":[{"embeddable":true,"href":"https:\/\/www.mijas.es\/portal\/wp-json\/wp\/v2\/comments?post=12626"}],"version-history":[{"count":3,"href":"https:\/\/www.mijas.es\/portal\/wp-json\/wp\/v2\/pages\/12626\/revisions"}],"predecessor-version":[{"id":22160,"href":"https:\/\/www.mijas.es\/portal\/wp-json\/wp\/v2\/pages\/12626\/revisions\/22160"}],"up":[{"embeddable":true,"href":"https:\/\/www.mijas.es\/portal\/wp-json\/wp\/v2\/pages\/12090"}],"wp:attachment":[{"href":"https:\/\/www.mijas.es\/portal\/wp-json\/wp\/v2\/media?parent=12626"}],"curies":[{"name":"wp","href":"https:\/\/api.w.org\/{rel}","templated":true}]}}