{"id":12623,"date":"2019-03-12T09:36:02","date_gmt":"2019-03-12T09:36:02","guid":{"rendered":"http:\/\/192.168.0.42\/?page_id=12623"},"modified":"2019-03-21T10:39:33","modified_gmt":"2019-03-21T10:39:33","slug":"obras-municipales","status":"publish","type":"page","link":"https:\/\/www.mijas.es\/portal\/urbanismo\/obras-municipales\/","title":{"rendered":"Grandes Obras Municipales"},"content":{"rendered":"\n<p>Denominaci\u00f3n obra:&nbsp;<strong>Remodelaci\u00f3n del enlace de la A-7 en la Avda. Mare Nostrum-La Cala de Mijas<\/strong><\/p>\n\n\n\n<p>Importe adjudicaci\u00f3n: 769.217,46 \u20ac (Iva incluido)<\/p>\n\n\n\n<p>Contratista: Guamar<\/p>\n\n\n\n<p>Plazo previsto:72 dias naturales<\/p>\n\n\n\n<p>Breve descripci\u00f3n: Las obras comprenden el desdoblamiento de la principal entrada a la Cala de Mijas desde Entrerrios y urbanizaciones anexas. Supone la dotaci\u00f3n de 4 carriles, 2 por sentido, mejorando la accesibilidad peatonal y rodada de la zona. Asimismo, la actuaci\u00f3n mejora los accesos y salidas a la A-7, evitando tiempos de espera y mejorando la seguridad viaria.<\/p>\n\n\n\n<p>Direcci\u00f3n Facultativa: Secci\u00f3n de Infraestructuras<\/p>\n\n\n\n<p>Plano:&nbsp;<a href=\"https:\/\/www.mijas.es\/portal\/files\/adjuntos\/Urbanismo\/GrandesObras\/Desdoblamiento_Mare_Nostrum.pdf\" target=\"_blank\" rel=\"noreferrer noopener\">archivo PDF<\/a><\/p>\n\n\n\n<hr class=\"wp-block-separator\"\/>\n\n\n\n<p>Denominaci\u00f3n obra:&nbsp;<strong>Adaptaci\u00f3n de viviendas existentes para Centro de D\u00eda para enfermos de Alzheimer y Remodelaci\u00f3n de su entorno en Mijas Pueblo.<\/strong><\/p>\n\n\n\n<p>Situaci\u00f3n: Casas colindantes con el antiguo Cuartel de la Guardia Civil en Mijas Pueblo<\/p>\n\n\n\n<p>Importe Adjudicaci\u00f3n:&nbsp;397.787,92 \u20ac<\/p>\n\n\n\n<p>Plazo Ejecuci\u00f3n: 6 meses y una semana<\/p>\n\n\n\n<p>Contratista: IELCO , SL.<\/p>\n\n\n\n<p>Descripci\u00f3n: Se trata de la rehabilitaci\u00f3n integral de las cuatro casas situadas junto al antiguo cuartel de la Guardia Civil en Mijas Pueblo para el uso indicado.<br>Siendo un edificio de uso p\u00fablico, se ha solucionado la accesibilidad desde la calle M\u00e1laga, a donde abren sus fachadas, mediante un ascensor adaptado y se ejecutar\u00e1 la comunicaci\u00f3n entre la calle M\u00e1laga y la zona del Colegio San Sebasti\u00e1n mediante rampas.<\/p>\n\n\n\n<p>Direcci\u00f3n Facultativa: ARQUITECTO MUNICIPAL: ANA MESA LARA<\/p>\n\n\n\n<p>Arquitecto Tec. Municipal: CARLOS PEREZ DE GUZMAN MOLINA<\/p>\n\n\n\n<p>Situaci\u00f3n Actual de la Obra: INICIO DE OBRA 15\/11\/14<\/p>\n\n\n\n<p>Plano Centro de D\u00eda:&nbsp;<a href=\"https:\/\/www.mijas.es\/portal\/files\/adjuntos\/Urbanismo\/GrandesObras\/215_PL_CENTRO_DE_DIA__ESTADO_REFORMADO_CENTRO_DE_DIA_ALZHEIMER_MIJAS_F_signed.pdf\" target=\"_blank\" rel=\"noreferrer noopener\">archivo PDF<\/a><\/p>\n\n\n\n<p>Plano Emplazamiento y conexi\u00f3n de redes:&nbsp;<a href=\"https:\/\/www.mijas.es\/portal\/files\/adjuntos\/Urbanismo\/GrandesObras\/216_PL__EMPLAZAMIENTO_Y_CONEXION_REDES_CENTRO_DE_DIA_ALZHEIMER_MIJAS_F_signed.pdf\" target=\"_blank\" rel=\"noreferrer noopener\">archivo PDF<\/a><\/p>\n\n\n\n<hr class=\"wp-block-separator\"\/>\n\n\n\n<p>Denominaci\u00f3n obra:&nbsp;<strong>Rehabilitaci\u00f3n de parte del Cortijo San El\u00edas para Pe\u00f1a Flamenca.<\/strong><\/p>\n\n\n\n<p>Situaci\u00f3n: Sector SUP L 3 , Las Lagunas, Mijas<\/p>\n\n\n\n<p>Importe Adjudicaci\u00f3n:&nbsp; 1\u00ba FASE 135.034,75 \u20ac<br>(INCLUYE IVA) &nbsp; &nbsp; &nbsp; &nbsp; &nbsp; &nbsp; &nbsp;2\u00ba FASE 80.629,98 \u20ac<\/p>\n\n\n\n<p>&nbsp; &nbsp; &nbsp; &nbsp; &nbsp; &nbsp; &nbsp; &nbsp; &nbsp; &nbsp; &nbsp; &nbsp; &nbsp; &nbsp; &nbsp; &nbsp; &nbsp; &nbsp; &nbsp; &nbsp; &nbsp; TOTAL 215.664,73 \u20ac<br>&nbsp;<\/p>\n\n\n\n<p>Ejecuci\u00f3n: 2\u00ba FASE 6 meses<\/p>\n\n\n\n<p>Contratista: 1\u00ba FASE ARYON INFRAESTRUCTURA S.L.<br>&nbsp; &nbsp; &nbsp; &nbsp; &nbsp; &nbsp; &nbsp; &nbsp; &nbsp; &nbsp; &nbsp; 2\u00ba FASE LIROLA INGENIERIA Y OBRAS S.L.<br>&nbsp;<\/p>\n\n\n\n<p>Descripci\u00f3n: Se trata de la rehabilitaci\u00f3n integral de parte del Cortijo San El\u00edas, para el uso de Pe\u00f1a Flamenca, est\u00e1 formado por un sal\u00f3n con escenario, una zona de bar con cocina y un patio como ampliaci\u00f3n del bar.<\/p>\n\n\n\n<p>Direcci\u00f3n Facultativa: ARQUITECTO MUNICIPAL: ANA MESA LARA<\/p>\n\n\n\n<p>Arquitecto Tec. Municipal: CARLOS PEREZ DE GUZMAN MOLINA<\/p>\n\n\n\n<p>Situaci\u00f3n Actual de la Obra:Se prev\u00e9 la finalizaci\u00f3n de la obra a fin del mes de noviembre<\/p>\n\n\n\n<p>Plano 05A:&nbsp;<a href=\"https:\/\/www.mijas.es\/portal\/files\/adjuntos\/Urbanismo\/GrandesObras\/PEA_FLAMENCA_05A.pdf\" target=\"_blank\" rel=\"noreferrer noopener\">archivo PDF<\/a><\/p>\n\n\n\n<p>Plano 05B:&nbsp;<a href=\"https:\/\/www.mijas.es\/portal\/files\/adjuntos\/Urbanismo\/GrandesObras\/PEA_FLAMENCA_05B.pdf\" target=\"_blank\" rel=\"noreferrer noopener\">archivo PDF<\/a><\/p>\n\n\n\n<p>Plano 07:&nbsp;<a href=\"https:\/\/www.mijas.es\/portal\/files\/adjuntos\/Urbanismo\/GrandesObras\/PEA_FLAMENCA_07.pdf\" target=\"_blank\" rel=\"noreferrer noopener\">archivo PDF<\/a><\/p>\n\n\n\n<hr class=\"wp-block-separator\"\/>\n\n\n\n<p>Denominaci\u00f3n obra:&nbsp;<strong>Obras de mejora y modernaci\u00f3n del campo de futbol de la Cala de Mijas, Mijas<\/strong><\/p>\n\n\n\n<p>Situaci\u00f3n: Sector SUP C 23 \u201cEnsanche de La Cala\u201d La Cala de Mijas, Mijas M\u00e1laga<\/p>\n\n\n\n<p>Importe Adjudicaci\u00f3n:&nbsp; 240.422,12 \u20ac<br>(INCLUYE IVA) &nbsp; &nbsp; &nbsp; &nbsp; &nbsp; &nbsp; &nbsp;<\/p>\n\n\n\n<p>Ejecuci\u00f3n: 6 semanas<\/p>\n\n\n\n<p>Contratista:&nbsp;VGC Globlal S.L.<\/p>\n\n\n\n<p>Descripci\u00f3n: Se trata de la instalaci\u00f3n de un nuevo sistema de c\u00e9sped artificial, reemplazando el existente, riego perimetral mediante ca\u00f1ones de largo alcance, grupo de presi\u00f3n y mejora de su equipamiento deportivo.<\/p>\n\n\n\n<p>Direcci\u00f3n Facultativa: ARQUITECTO MUNICIPAL: ANA MESA LARA<\/p>\n\n\n\n<p>Arquitecto Tec. Municipal: CARLOS PEREZ DE GUZMAN MOLINA<\/p>\n\n\n\n<p>Ingeniero Tec. Municipal: JUAN CARLOS ALARC\u00d3N ARAG\u00d3N<\/p>\n\n\n\n<p>Situaci\u00f3n Actual de la Obra: Se prev\u00e9 la finalizaci\u00f3n de la obra el d\u00eda 7\/11\/14<\/p>\n\n\n\n<p>Plano:&nbsp;<a href=\"https:\/\/www.mijas.es\/portal\/files\/adjuntos\/Urbanismo\/GrandesObras\/03_PLANTA_REFORMADA.pdf\" target=\"_blank\" rel=\"noreferrer noopener\">archivo PDF<\/a><\/p>\n\n\n\n<hr class=\"wp-block-separator\"\/>\n\n\n\n<p>Denominaci\u00f3n obra:&nbsp;<strong>Proyecto de mejora y modernizaci\u00f3n del campo de f\u00fatbol \u00abPrincipal\u00bb de la ciudad deportiva de las Lagunas, Mijas. M\u00e1laga<\/strong><\/p>\n\n\n\n<p>Situaci\u00f3n: Camino del Albero, n\u00ba 14, las Lagunas, Mijas, M\u00e1laga.<\/p>\n\n\n\n<p>Importe Adjudicaci\u00f3n:&nbsp; 246.950,76 \u20ac<br>(INCLUYE IVA) &nbsp; &nbsp; &nbsp; &nbsp; &nbsp; &nbsp; &nbsp;<\/p>\n\n\n\n<p>Ejecuci\u00f3n: 2 meses<\/p>\n\n\n\n<p>Contratista:&nbsp;MONDO IBERICA S.A.<\/p>\n\n\n\n<p>Descripci\u00f3n: Se trata de la instalaci\u00f3n de un nuevo sistema de c\u00e9sped artificial, reemplazando el existente, riego perimetral mediante ca\u00f1ones de largo alcance, grupo de presi\u00f3n, dep\u00f3sito de acumulaci\u00f3n y mejora de su equipamiento deportivo.<\/p>\n\n\n\n<p>Direcci\u00f3n Facultativa: ARQUITECTO MUNICIPAL: ANA MESA LARA<\/p>\n\n\n\n<p>Arquitecto Tec. Municipal: CARLOS PEREZ DE GUZMAN MOLINA<\/p>\n\n\n\n<p>Ingeniero Tec. Municipal: JUAN CARLOS ALARC\u00d3N ARAG\u00d3N<\/p>\n\n\n\n<p>Situaci\u00f3n Actual de la Obra: Se prev\u00e9 la finalizaci\u00f3n de la obra el d\u00eda 14\/11\/14<\/p>\n\n\n\n<p>Plano:&nbsp;<a href=\"https:\/\/www.mijas.es\/portal\/files\/adjuntos\/Urbanismo\/GrandesObras\/03_PLANTA_REFORMADA_LAS_LAGUNAS.pdf\" target=\"_blank\" rel=\"noreferrer noopener\">archivo PDF<\/a><\/p>\n\n\n\n<hr class=\"wp-block-separator\"\/>\n\n\n\n<p>Denominaci\u00f3n obra:&nbsp;<strong>Mejora del pavimento de la pista polideportiva al aire libre \u00abGarc\u00eda del Olmo\u00bb, La Cala de Mijas, Mijas Costa, M\u00e1laga<\/strong><\/p>\n\n\n\n<p>Situaci\u00f3n: Calle C\u00e1rtama, N\u00ba 46, La Cala de Mijas, Mijas Costa, M\u00e1laga<\/p>\n\n\n\n<p>Importe Adjudicaci\u00f3n:&nbsp;81.250,19 (INCLUYE IVA)<\/p>\n\n\n\n<p>Ejecuci\u00f3n: 1,5 meses<\/p>\n\n\n\n<p>Descripci\u00f3n: Construcci\u00f3n de un nuevo pavimento de hormig\u00f3n armado con acabado coloreado en rojo y fratasado mec\u00e1nico, sobre el actual y la renovaci\u00f3n de su equipamiento deportivo.<\/p>\n\n\n\n<p>Direcci\u00f3n Facultativa: ARQUITECTO MUNICIPAL: ANA MESA LARA<\/p>\n\n\n\n<p>Arquitecto Tec. Municipal: CARLOS PEREZ DE GUZMAN MOLINA<\/p>\n\n\n\n<p>Ingeniero Tec. Municipal: JUAN CARLOS ALARC\u00d3N ARAG\u00d3N<\/p>\n\n\n\n<p>Situaci\u00f3n Actual de la Obra: Contrataci\u00f3n de la ejecuci\u00f3n de la obra en tr\u00e1mite<\/p>\n\n\n\n<p>Plano Situaci\u00f3n:&nbsp;<a href=\"https:\/\/www.mijas.es\/portal\/files\/adjuntos\/Urbanismo\/GrandesObras\/1_SITUACION_EN_EL_PLAN_GENERAL.pdf\" target=\"_blank\" rel=\"noreferrer noopener\">archivo PDF<\/a><\/p>\n\n\n\n<p>Plano Planta:&nbsp;<a href=\"https:\/\/www.mijas.es\/portal\/files\/adjuntos\/Urbanismo\/GrandesObras\/3_PLANTA_DISTRIBUCION_REFORMADA.pdf\" target=\"_blank\" rel=\"noreferrer noopener\">archivo PDF<\/a><\/p>\n\n\n\n<hr class=\"wp-block-separator\"\/>\n\n\n\n<p>Denominaci\u00f3n obra:&nbsp;<strong>Rehabilitaci\u00f3n de parte del Cortijo San El\u00edas constituido por una nave de usos m\u00faltiples con sus servicios anexos.<\/strong><\/p>\n\n\n\n<p>Situaci\u00f3n: Sector SUP L 3 , Las Lagunas, Mijas<\/p>\n\n\n\n<p>Importe Adjudicaci\u00f3n:&nbsp;319.828,51 \u20ac (INCLUYE IVA)<\/p>\n\n\n\n<p>Ejecuci\u00f3n: 5,5 meses<\/p>\n\n\n\n<p>Descripci\u00f3n: Se trata de la rehabilitaci\u00f3n integral de parte del Cortijo San El\u00edas, para&nbsp; usos m\u00faltiples, est\u00e1 formado por un gran sal\u00f3n de 344 m2 construido, su acceso y servicios anexos.<\/p>\n\n\n\n<p>Direcci\u00f3n Facultativa: ARQUITECTO MUNICIPAL: ANA MESA LARA<\/p>\n\n\n\n<p>Arquitecto Tec. Municipal: CARLOS PEREZ DE GUZMAN MOLINA<\/p>\n\n\n\n<p>Ingeniero Tec. Municipal: JUAN CARLOS ALARC\u00d3N ARAG\u00d3N<\/p>\n\n\n\n<p>Situaci\u00f3n Actual de la Obra: Contrataci\u00f3n de la ejecuci\u00f3n de la obra en tr\u00e1mite<\/p>\n\n\n\n<p>Plano Emplazamiento:&nbsp;<a href=\"https:\/\/www.mijas.es\/portal\/files\/adjuntos\/Urbanismo\/GrandesObras\/EMPLAZAMIENTO-1.pdf\" target=\"_blank\" rel=\"noreferrer noopener\">archivo PDF<\/a><\/p>\n\n\n\n<p>Plano Planta:&nbsp;<a href=\"https:\/\/www.mijas.es\/portal\/files\/adjuntos\/Urbanismo\/GrandesObras\/PLANTA_BAJA.pdf\" target=\"_blank\" rel=\"noreferrer noopener\">archivo PDF<\/a><\/p>\n\n\n\n<hr class=\"wp-block-separator\"\/>\n\n\n\n<hr class=\"wp-block-separator\"\/>\n\n\n\n<p><strong>Plan Especial de Protecci\u00f3n del casco hist\u00f3rico de Mijas Pueblo<\/strong><\/p>\n\n\n\n<p><strong>Documentaci\u00f3n<\/strong><br><br>&#8211;&nbsp;<a href=\"https:\/\/www.mijas.es\/portal\/files\/adjuntos\/Urbanismo\/PEPRI\/PA-01-SITUACION.pdf\" target=\"_blank\" rel=\"noreferrer noopener\">PA-01- SITUACION<\/a><br>&#8211;&nbsp;<a href=\"https:\/\/www.mijas.es\/portal\/files\/adjuntos\/Urbanismo\/PEPRI\/PA-02-ESTRUCTURAPARCELARIA-LLENOS.pdf\" target=\"_blank\" rel=\"noreferrer noopener\">PA-02- ESTRUCTURA PARCELARIA (LLENOS)<\/a><br>&#8211;&nbsp;<a href=\"https:\/\/www.mijas.es\/portal\/files\/adjuntos\/Urbanismo\/PEPRI\/PA-03-ESTRUCTURAESPACIOSLIBRES-VACIOS.pdf\" target=\"_blank\" rel=\"noreferrer noopener\">PA-03- ESTRUCTURA ESPACIOS LIBRES (VACIOS)<\/a><br>&#8211;&nbsp;<a href=\"https:\/\/www.mijas.es\/portal\/files\/adjuntos\/Urbanismo\/PEPRI\/PA-04-ALTURASDELAEDIFICACION.pdf\" target=\"_blank\" rel=\"noreferrer noopener\">PA-04- ALTURAS DE LA EDIFICACION<\/a><br>&#8211;&nbsp;<a href=\"https:\/\/www.mijas.es\/portal\/files\/adjuntos\/Urbanismo\/PEPRI\/PA-06-ESTRUCTURAMORFOLOGICA.pdf\" target=\"_blank\" rel=\"noreferrer noopener\">PA-06- ESTRUCTURA MORFOLOGICA<\/a><br>&#8211;&nbsp;<a href=\"https:\/\/www.mijas.es\/portal\/files\/adjuntos\/Urbanismo\/PEPRI\/PA-07-SISTEMAVIARIO.pdf\" target=\"_blank\" rel=\"noreferrer noopener\">PA-07- SISTEMA VIARIO<\/a><br>&#8211;&nbsp;<a href=\"https:\/\/www.mijas.es\/portal\/files\/adjuntos\/Urbanismo\/PEPRI\/PA-08-TRAFICO-MOVILIDADYTRANSPORTEPUBLICO.pdf\" target=\"_blank\" rel=\"noreferrer noopener\">PA-08- TRAFICO, MOVILIDAD Y TRANSPORTE PUBLICO<\/a><br>&#8211;&nbsp;<a href=\"https:\/\/www.mijas.es\/portal\/files\/adjuntos\/Urbanismo\/PEPRI\/PA-09-LOCALIZACIONDELAVEGETACION.pdf\" target=\"_blank\" rel=\"noreferrer noopener\">PA-09- LOCALIZACION DE LA VEGETACION<\/a><br>&#8211;&nbsp;<a href=\"https:\/\/www.mijas.es\/portal\/files\/adjuntos\/Urbanismo\/PEPRI\/PA-10-CALIFICACIONSEGUNPGOUVIGENTE.pdf\" target=\"_blank\" rel=\"noreferrer noopener\">PA-10- CALIFICACION SEGUN PGOU VIGENTE<\/a><br>&#8211;&nbsp;<a href=\"https:\/\/www.mijas.es\/portal\/files\/adjuntos\/Urbanismo\/PEPRI\/PA-11-DELIMITACIONDELPLANESPECIAL.pdf\" target=\"_blank\" rel=\"noreferrer noopener\">PA-11- DELIMITACION DEL PLAN ESPECIAL<\/a><br>&#8211;&nbsp;<a href=\"https:\/\/www.mijas.es\/portal\/files\/adjuntos\/Urbanismo\/PEPRI\/PA-12-AREASYELEMENTOSAPROTEGER.pdf\" target=\"_blank\" rel=\"noreferrer noopener\">PA-12- AREAS Y ELEMENTOS A PROTEGER<\/a><br>&#8211;&nbsp;<a href=\"https:\/\/www.mijas.es\/portal\/files\/adjuntos\/Urbanismo\/PEPRI\/PA-13-ACCIONESESTRUCTURANTES.pdf\" target=\"_blank\" rel=\"noreferrer noopener\">PA-13- ACCIONES ESTRUCTURANTES<\/a><br>&#8211;&nbsp;<a href=\"https:\/\/www.mijas.es\/portal\/files\/adjuntos\/Urbanismo\/PEPRI\/PA-14-NIVELESDEPROTECCION.pdf\" target=\"_blank\" rel=\"noreferrer noopener\">PA-14- NIVELES DE PROTECCION<\/a><br>&#8211;&nbsp;<a href=\"https:\/\/www.mijas.es\/portal\/files\/adjuntos\/Urbanismo\/PEPRI\/PE-MIJAS-MEMORIAAVANCE.pdf\" target=\"_blank\" rel=\"noreferrer noopener\">PE-MIJAS-MEMORIA AVANCE<\/a><\/p>\n","protected":false},"excerpt":{"rendered":"<p>Denominaci\u00f3n obra:&nbsp;Remodelaci\u00f3n del enlace de la A-7 en la Avda. Mare Nostrum-La Cala de Mijas Importe adjudicaci\u00f3n: 769.217,46 \u20ac (Iva incluido) Contratista: Guamar Plazo previsto:72 dias naturales Breve descripci\u00f3n: Las obras comprenden el desdoblamiento de la principal entrada a la Cala de Mijas desde Entrerrios y urbanizaciones anexas. Supone la dotaci\u00f3n de 4 carriles, 2 [&hellip;]<\/p>\n","protected":false},"author":4,"featured_media":12675,"parent":12090,"menu_order":0,"comment_status":"closed","ping_status":"closed","template":"page-departamental.php","meta":[],"_links":{"self":[{"href":"https:\/\/www.mijas.es\/portal\/wp-json\/wp\/v2\/pages\/12623"}],"collection":[{"href":"https:\/\/www.mijas.es\/portal\/wp-json\/wp\/v2\/pages"}],"about":[{"href":"https:\/\/www.mijas.es\/portal\/wp-json\/wp\/v2\/types\/page"}],"author":[{"embeddable":true,"href":"https:\/\/www.mijas.es\/portal\/wp-json\/wp\/v2\/users\/4"}],"replies":[{"embeddable":true,"href":"https:\/\/www.mijas.es\/portal\/wp-json\/wp\/v2\/comments?post=12623"}],"version-history":[{"count":2,"href":"https:\/\/www.mijas.es\/portal\/wp-json\/wp\/v2\/pages\/12623\/revisions"}],"predecessor-version":[{"id":13173,"href":"https:\/\/www.mijas.es\/portal\/wp-json\/wp\/v2\/pages\/12623\/revisions\/13173"}],"up":[{"embeddable":true,"href":"https:\/\/www.mijas.es\/portal\/wp-json\/wp\/v2\/pages\/12090"}],"wp:featuredmedia":[{"embeddable":true,"href":"https:\/\/www.mijas.es\/portal\/wp-json\/wp\/v2\/media\/12675"}],"wp:attachment":[{"href":"https:\/\/www.mijas.es\/portal\/wp-json\/wp\/v2\/media?parent=12623"}],"curies":[{"name":"wp","href":"https:\/\/api.w.org\/{rel}","templated":true}]}}