{"id":12615,"date":"2019-03-12T09:16:42","date_gmt":"2019-03-12T09:16:42","guid":{"rendered":"http:\/\/192.168.0.42\/?page_id=12615"},"modified":"2023-06-14T09:39:45","modified_gmt":"2023-06-14T08:39:45","slug":"normativa-y-legislacion","status":"publish","type":"page","link":"https:\/\/www.mijas.es\/portal\/urbanismo\/normativa-y-legislacion\/","title":{"rendered":"Normativa y legislaci\u00f3n Urban\u00edstica"},"content":{"rendered":"\n<p><strong>Normativa <\/strong><\/p>\n\n\n\n<ul>\n<li><a href=\"https:\/\/www.mijas.es\/wp-content\/uploads\/2023\/01\/ORDENANZA%20URBANISTICA%20PARA%20EL%20ESTABLECIMIENTO%20DE%20LAS%20NORMAS%20M%C3%8DNIMAS%20DE%20HABITABILIDAD.pdf\" target=\"_blank\" rel=\"noreferrer noopener\">Ordenanza Urban\u00edstica para el Establecimiento de las Normas M\u00ednimas de Habitabilidad.<\/a><\/li>\n\n\n\n<li><a href=\"https:\/\/www.mijas.es\/wp-content\/uploads\/2013\/06\/a4395_ord-tasasacturb.pdf\" data-type=\"URL\" data-id=\"https:\/\/www.mijas.es\/wp-content\/uploads\/2013\/06\/a4395_ord-tasasacturb.pdf\" target=\"_blank\" rel=\"noreferrer noopener\">Ordenanza Fiscal Reguladora de las Tasas por actuaciones Urban\u00edsticas.<\/a> <\/li>\n\n\n\n<li> <a href=\"https:\/\/www.mijas.es\/wp-content\/uploads\/2013\/06\/a502_ORDENANZA_URBANISTICA_REGULADORA_DE_INSTALACIONES_PUBLICITARIAS.pdf\" data-type=\"URL\" data-id=\"https:\/\/www.mijas.es\/wp-content\/uploads\/2013\/06\/a502_ORDENANZA_URBANISTICA_REGULADORA_DE_INSTALACIONES_PUBLICITARIAS.pdf\" target=\"_blank\" rel=\"noreferrer noopener\">Ordenanza Reguladora de las Instalaciones Publicitarias.<\/a> <\/li>\n\n\n\n<li> <a href=\"https:\/\/www.mijas.es\/wp-content\/uploads\/2013\/06\/a1801_ORDENANZA_CONSERVACION_REHABILITACION_Y_ESTADO_RUINOSO_DE_LAS_EDIFICACIONES.pdf\" data-type=\"URL\" data-id=\"https:\/\/www.mijas.es\/wp-content\/uploads\/2013\/06\/a1801_ORDENANZA_CONSERVACION_REHABILITACION_Y_ESTADO_RUINOSO_DE_LAS_EDIFICACIONES.pdf\" target=\"_blank\" rel=\"noreferrer noopener\">Ordenanza Urban\u00edstica sobre conservaci\u00f3n, rehabilitaci\u00f3n y estado ruinoso de las edificaciones en el t\u00e9rmino municipal de Mijas.<\/a><\/li>\n\n\n\n<li> <a href=\"https:\/\/www.mijas.es\/wp-content\/uploads\/2013\/06\/ademandantes_viviendas_protegidas.pdf\" target=\"_blank\" rel=\"noreferrer noopener\">Ordenanza registro de demandantes de vivienda protegida<\/a> <\/li>\n\n\n\n<li> <a href=\"https:\/\/www.mijas.es\/wp-content\/uploads\/2013\/06\/a4434_Ordenanza_F_de_Tasa_de_Calificacion_VPO.pdf\" data-type=\"URL\" data-id=\"https:\/\/www.mijas.es\/wp-content\/uploads\/2013\/06\/a4434_Ordenanza_F_de_Tasa_de_Calificacion_VPO.pdf\" target=\"_blank\" rel=\"noreferrer noopener\">Ordenanza fiscal reguladora de la tasa por la prestaci\u00f3n de servicios a efectos de otorgamiento de la calificaci\u00f3n provisional y definitiva de viviendas protegidas<\/a><\/li>\n\n\n\n<li> <a href=\"https:\/\/www.mijas.es\/wp-content\/uploads\/2013\/06\/a5358_ordenanza_antenas.pdf\" data-type=\"URL\" data-id=\"https:\/\/www.mijas.es\/wp-content\/uploads\/2013\/06\/a5358_ordenanza_antenas.pdf\" target=\"_blank\" rel=\"noreferrer noopener\">Ordenanza urban\u00edstica reguladora de la instalaci\u00f3n y funcionamiento de infraestructuras radioel\u00e9ctricas<\/a> <\/li>\n\n\n\n<li>Ordenanza Municipal Reguladora del Registro de Transferencias de Aprovechamiento Urban\u00edstico\n<ul>\n<li> Acuerdo de pleno &#8211;&nbsp;<a href=\"https:\/\/www.mijas.es\/wp-content\/uploads\/2013\/06\/Acuerdo_Pleno_27-06-17_Aprob__Definitiva.pdf\" data-type=\"URL\" data-id=\"https:\/\/www.mijas.es\/wp-content\/uploads\/2013\/06\/Acuerdo_Pleno_27-06-17_Aprob__Definitiva.pdf\" target=\"_blank\" rel=\"noreferrer noopener\">Descargar<\/a>&nbsp;(PDF)<\/li>\n\n\n\n<li> Anuncio en el BOP &#8211;\u00a0<a rel=\"noreferrer noopener\" href=\"https:\/\/www.mijas.es\/wp-content\/uploads\/2013\/06\/BOP_nm__150_07-08-17_Aprob__Definitiva.pdf\" data-type=\"URL\" data-id=\"https:\/\/www.mijas.es\/wp-content\/uploads\/2013\/06\/BOP_nm__150_07-08-17_Aprob__Definitiva.pdf\" target=\"_blank\">Descargar<\/a>\u00a0(PDF)<\/li>\n\n\n\n<li> Texto de la ordenanza &#8211;&nbsp;<a href=\"https:\/\/www.mijas.es\/wp-content\/uploads\/2013\/06\/Ordenanza_registro_aprov_urb.pdf\" data-type=\"URL\" data-id=\"https:\/\/www.mijas.es\/wp-content\/uploads\/2013\/06\/Ordenanza_registro_aprov_urb.pdf\" target=\"_blank\" rel=\"noreferrer noopener\">Descargar<\/a>&nbsp;(PDF)<\/li>\n<\/ul>\n<\/li>\n<\/ul>\n\n\n\n<p><strong>Legislaci\u00f3n Estatal<\/strong><\/p>\n\n\n\n<ul>\n<li> Real Decreto Legislativo 7\/2015, de 30 de octubre &#8211;&nbsp;<a href=\"https:\/\/www.mijas.es\/wp-content\/uploads\/2013\/06\/2015_-_RDL_7-2015_de_30_de_octubre_-_TR_de_la_Ley_de_Suelo.pdf\" data-type=\"URL\" data-id=\"https:\/\/www.mijas.es\/wp-content\/uploads\/2013\/06\/2015_-_RDL_7-2015_de_30_de_octubre_-_TR_de_la_Ley_de_Suelo.pdf\" target=\"_blank\" rel=\"noreferrer noopener\">Descargar<\/a>&nbsp;(PDF) <\/li>\n\n\n\n<li> <a href=\"https:\/\/www.mijas.es\/wp-content\/uploads\/2013\/06\/adecreto_11_2008_vpo.pdf\" data-type=\"URL\" data-id=\"https:\/\/www.mijas.es\/wp-content\/uploads\/2013\/06\/adecreto_11_2008_vpo.pdf\" target=\"_blank\" rel=\"noreferrer noopener\">DECRETO 11\/2008, sobre suelo urbanizado en el mercado con destino preferente a laconstrucci\u00f3n de viviendas protegidas<\/a><\/li>\n\n\n\n<li> <a href=\"https:\/\/www.mijas.es\/wp-content\/uploads\/2013\/06\/areglamento__ley_hipotecaria_RD_1093_97.pdf\" data-type=\"URL\" data-id=\"https:\/\/www.mijas.es\/wp-content\/uploads\/2013\/06\/areglamento__ley_hipotecaria_RD_1093_97.pdf\" target=\"_blank\" rel=\"noreferrer noopener\">REAL DECRETO 1093\/1997, ejecuci\u00f3n de la Ley Hipotecaria sobre Inscripci\u00f3n en el Registro de la Propiedad de Actos de Naturaleza Urban\u00edstica<\/a><\/li>\n\n\n\n<li> <a href=\"https:\/\/www.mijas.es\/wp-content\/uploads\/2013\/06\/aDecreto_2159_1978_Ley_sobre_Regimen_del_Suelo.pdf\" data-type=\"URL\" data-id=\"https:\/\/www.mijas.es\/wp-content\/uploads\/2013\/06\/aDecreto_2159_1978_Ley_sobre_Regimen_del_Suelo.pdf\" target=\"_blank\" rel=\"noreferrer noopener\">Reglamento de Planeamiento<\/a> <\/li>\n\n\n\n<li> <a href=\"https:\/\/www.mijas.es\/wp-content\/uploads\/2013\/06\/aDECRETO_3288_1978__Gestion_Urbanistica.pdf\" data-type=\"URL\" data-id=\"https:\/\/www.mijas.es\/wp-content\/uploads\/2013\/06\/aDECRETO_3288_1978__Gestion_Urbanistica.pdf\" target=\"_blank\" rel=\"noreferrer noopener\">Reglamento de Gesti\u00f3n Urban\u00edstica<\/a><\/li>\n\n\n\n<li> <a href=\"https:\/\/www.mijas.es\/wp-content\/uploads\/2013\/06\/aLEY_38_1999_Ordenacion_de_la_edificacion.pdf\" data-type=\"URL\" data-id=\"https:\/\/www.mijas.es\/wp-content\/uploads\/2013\/06\/aLEY_38_1999_Ordenacion_de_la_edificacion.pdf\" target=\"_blank\" rel=\"noreferrer noopener\">LEY 38\/1999, de Ordenaci\u00f3n de la Edificaci\u00f3n<\/a> <\/li>\n\n\n\n<li> <a href=\"https:\/\/www.mijas.es\/wp-content\/uploads\/2013\/06\/aley_48_2002_del_catastro_inmobiliario.pdf\" data-type=\"URL\" data-id=\"https:\/\/www.mijas.es\/wp-content\/uploads\/2013\/06\/aley_48_2002_del_catastro_inmobiliario.pdf\" target=\"_blank\" rel=\"noreferrer noopener\">LEY 48\/2002, del Catastro Inmobiliario<\/a> <\/li>\n<\/ul>\n\n\n\n<p><strong>Legislaci\u00f3n Auton\u00f3mica<\/strong><\/p>\n\n\n\n<ul>\n<li> <a href=\"https:\/\/www.mijas.es\/wp-content\/uploads\/2013\/06\/aLEY_7_2007_CALIDAD_AMBIENTAL_ANDALUCIA.pdf\" data-type=\"URL\" data-id=\"https:\/\/www.mijas.es\/wp-content\/uploads\/2013\/06\/aLEY_7_2007_CALIDAD_AMBIENTAL_ANDALUCIA.pdf\" target=\"_blank\" rel=\"noreferrer noopener\">Ley 7\/2007,&nbsp;sobre Gesti\u00f3n Integrada de Calidad Ambiental.<\/a> <\/li>\n\n\n\n<li> <a rel=\"noreferrer noopener\" href=\"https:\/\/www.mijas.es\/wp-content\/uploads\/2013\/06\/adecreto_297_95_calificacion_ambiental.pdf\" data-type=\"URL\" data-id=\"https:\/\/www.mijas.es\/wp-content\/uploads\/2013\/06\/adecreto_297_95_calificacion_ambiental.pdf\" target=\"_blank\">Decreto 297\/1995, por el que se aprue<\/a><a href=\"https:\/\/www.mijas.es\/wp-content\/uploads\/2013\/06\/adecreto_297_95_calificacion_ambiental.pdf\" data-type=\"URL\" data-id=\"https:\/\/www.mijas.es\/wp-content\/uploads\/2013\/06\/adecreto_297_95_calificacion_ambiental.pdf\" target=\"_blank\" rel=\"noreferrer noopener\">ba el Reglamento de Calificaci\u00f3n Ambiental.<\/a> <\/li>\n\n\n\n<li><a rel=\"noreferrer noopener\" href=\"https:\/\/www.juntadeandalucia.es\/organismos\/fomentoarticulaciondelterritorioyvivienda\/areas\/urbanismo\/lista-urbanismo.html\" data-type=\"URL\" data-id=\"https:\/\/www.juntadeandalucia.es\/organismos\/fomentoarticulaciondelterritorioyvivienda\/areas\/urbanismo\/lista-urbanismo.html\" target=\"_blank\">Ley 7\/2021,de 1 de diciembre, de impulso para la sostenibilidad del territorio de Andaluc\u00eda (LISTA)<\/a><\/li>\n\n\n\n<li><a href=\"https:\/\/www.juntadeandalucia.es\/sites\/default\/files\/inline-files\/2022\/12\/Decreto%20550_2022_REGLAMENTO%20LISTA.pdf\" data-type=\"URL\" data-id=\"https:\/\/www.juntadeandalucia.es\/sites\/default\/files\/inline-files\/2022\/12\/Decreto%20550_2022_REGLAMENTO%20LISTA.pdf\" target=\"_blank\" rel=\"noreferrer noopener\">Decreto 550\/2022, de 29 de noviembre, por el que se aprueba el Reglamento General de la Ley 7\/2021, de 1 de diciembre, de impulso para la sostenibilidad del territorio de Andaluc\u00eda<\/a><\/li>\n<\/ul>\n","protected":false},"excerpt":{"rendered":"<p>Normativa Legislaci\u00f3n Estatal Legislaci\u00f3n Auton\u00f3mica<\/p>\n","protected":false},"author":4,"featured_media":0,"parent":12090,"menu_order":0,"comment_status":"closed","ping_status":"closed","template":"page-departamental.php","meta":[],"_links":{"self":[{"href":"https:\/\/www.mijas.es\/portal\/wp-json\/wp\/v2\/pages\/12615"}],"collection":[{"href":"https:\/\/www.mijas.es\/portal\/wp-json\/wp\/v2\/pages"}],"about":[{"href":"https:\/\/www.mijas.es\/portal\/wp-json\/wp\/v2\/types\/page"}],"author":[{"embeddable":true,"href":"https:\/\/www.mijas.es\/portal\/wp-json\/wp\/v2\/users\/4"}],"replies":[{"embeddable":true,"href":"https:\/\/www.mijas.es\/portal\/wp-json\/wp\/v2\/comments?post=12615"}],"version-history":[{"count":14,"href":"https:\/\/www.mijas.es\/portal\/wp-json\/wp\/v2\/pages\/12615\/revisions"}],"predecessor-version":[{"id":50707,"href":"https:\/\/www.mijas.es\/portal\/wp-json\/wp\/v2\/pages\/12615\/revisions\/50707"}],"up":[{"embeddable":true,"href":"https:\/\/www.mijas.es\/portal\/wp-json\/wp\/v2\/pages\/12090"}],"wp:attachment":[{"href":"https:\/\/www.mijas.es\/portal\/wp-json\/wp\/v2\/media?parent=12615"}],"curies":[{"name":"wp","href":"https:\/\/api.w.org\/{rel}","templated":true}]}}