{"id":1231,"date":"2014-01-20T17:18:54","date_gmt":"2014-01-20T17:18:54","guid":{"rendered":"http:\/\/localhost\/pruebaweb\/?p=1231"},"modified":"2023-02-21T15:00:36","modified_gmt":"2023-02-21T14:00:36","slug":"catalogo-de-arboles-singulares-en-mijas","status":"publish","type":"page","link":"https:\/\/www.mijas.es\/portal\/medio-ambiente\/catalogo-de-arboles-singulares-en-mijas\/","title":{"rendered":"Cat\u00e1logo de &aacute;rboles singulares en Mijas"},"content":{"rendered":"<p style=\"text-align: justify;\"><img decoding=\"async\" style=\"width: 160px; height: 190px; float: left; margin: 2px 20px;\" src=\"https:\/\/www.mijas.es\/files\/imagen\/medio-ambiente\/logo.jpg\" alt=\"\" \/><\/p>\n<p style=\"text-align: justify;\">El Ayuntamiento de Mijas ha realizado una catalogaci\u00f3n de \u00e1rboles singulares en el t\u00e9rmino municipal.<\/p>\n<p style=\"text-align: justify;\">Para consultar dicho cat\u00e1logo, <a href=\"http:\/\/www.google.es\/intl\/es_es\/earth\/download\/ge\/agree.html\" target=\"_blank\" rel=\"noopener noreferrer\">descargue la aplicaci\u00f3n Google Earth<\/a> y una vez instalada, abra desde ella el archivo que contiene el\u00a0<a href=\"https:\/\/www.mijas.es\/files\/adjuntos\/medioambiente\/arboles_singulares\/\u00c1RBOLES SINGULARES DE MIJAS 19-12-2014.kmz\" target=\"_blank\" rel=\"noopener noreferrer\" data-wplink-url-error=\"true\">Cat\u00e1logo de \u00c1rboles Singulares de Mijas<\/a>.<\/p>\n<p><strong><a href=\"http:\/\/www.arcgis.com\/apps\/View\/index.html?appid=ba680b867ae8466182a4770482577d40\">VISOR CARTOGR\u00c1FICO FICHAS DE \u00c1RBOLES SINGULARES<\/a><\/strong><\/p>\n<p><iframe src=\"https:\/\/www.arcgis.com\/apps\/View\/index.html?appid=ba680b867ae8466182a4770482577d40&amp;extent=-4.8251,36.4807,-4.4956,36.6144\" width=\"900\" height=\"500\" frameborder=\"0\" scrolling=\"no\"><\/iframe><\/p>\n<p style=\"text-align: justify;\"><strong>Asimismo, puede conocer y consultar las principales caracter\u00edsticas de los ejemplares que componen el Cat\u00e1logo Municipal de \u00c1rboles Singulares,\u00a0en las siguientes fichas:<\/strong><\/p>\n<ul>\n<li style=\"list-style-type: none;\">\n<ul>\n<li style=\"text-align: justify;\"><a href=\"https:\/\/www.mijas.es\/files\/adjuntos\/medioambiente\/arboles_singulares\/FICHAS \u00c1RBOLES SINGULARES  1-20.pdf\" target=\"_blank\" rel=\"noopener noreferrer\" data-wplink-url-error=\"true\">Ficha \u00e1rboles singulares 1-20 (formato PDF)<\/a><\/li>\n<\/ul>\n<ul>\n<li style=\"text-align: justify;\"><a href=\"https:\/\/www.mijas.es\/files\/adjuntos\/medioambiente\/arboles_singulares\/FICHAS \u00c1RBOLES SINGULARES 21-40.pdf\" target=\"_blank\" rel=\"noopener noreferrer\" data-wplink-url-error=\"true\">Ficha \u00e1rboles singulares 21-40 (formato PDF)<\/a><\/li>\n<li style=\"text-align: justify;\"><a href=\"https:\/\/www.mijas.es\/files\/adjuntos\/medioambiente\/arboles_singulares\/FICHAS \u00c1RBOLES SINGULARES 41-59.pdf\" target=\"_blank\" rel=\"noopener noreferrer\" data-wplink-url-error=\"true\">Ficha \u00e1rboles singulares 41-59 (formato PDF)<\/a><\/li>\n<\/ul>\n<\/li>\n<\/ul>\n<p style=\"text-align: justify;\">Si tienes dudas sobre el funcionamiento de Google Earth, acude a su <a href=\"https:\/\/support.google.com\/earth\/topic\/2364257\" target=\"_blank\" rel=\"noopener noreferrer\">pagina de ayuda<\/a> para resolverlos.<\/p>\n<p><strong>Concurso de Fotograf\u00eda de los \u00c1rboles Singulares de Mijas<\/strong><\/p>\n<p style=\"text-align: justify;\"><img decoding=\"async\" class=\"alignnone wp-image-49442 size-large\" src=\"https:\/\/www.mijas.es\/wp-content\/uploads\/2023\/02\/CARTEL-CONCURSO-ARBOLES-SINGULARES-East-West-724x1024.jpg\" alt=\"\" width=\"724\" height=\"1024\" srcset=\"https:\/\/www.mijas.es\/wp-content\/uploads\/2023\/02\/CARTEL-CONCURSO-ARBOLES-SINGULARES-East-West-724x1024.jpg 724w, https:\/\/www.mijas.es\/wp-content\/uploads\/2023\/02\/CARTEL-CONCURSO-ARBOLES-SINGULARES-East-West-212x300.jpg 212w, https:\/\/www.mijas.es\/wp-content\/uploads\/2023\/02\/CARTEL-CONCURSO-ARBOLES-SINGULARES-East-West-768x1086.jpg 768w, https:\/\/www.mijas.es\/wp-content\/uploads\/2023\/02\/CARTEL-CONCURSO-ARBOLES-SINGULARES-East-West-1086x1536.jpg 1086w, https:\/\/www.mijas.es\/wp-content\/uploads\/2023\/02\/CARTEL-CONCURSO-ARBOLES-SINGULARES-East-West-1448x2048.jpg 1448w, https:\/\/www.mijas.es\/wp-content\/uploads\/2023\/02\/CARTEL-CONCURSO-ARBOLES-SINGULARES-East-West-scaled.jpg 1810w\" sizes=\"(max-width: 724px) 100vw, 724px\" \/><\/p>\n<ul>\n<li style=\"text-align: justify;\"><a href=\"https:\/\/www.mijas.es\/wp-content\/uploads\/2023\/02\/Bases%20concurso%20fotograf%C3%ADa%20Arboles%20Singulares%20de%20Mijas.pdf\" target=\"_blank\" rel=\"noopener noreferrer\">Bases<\/a><\/li>\n<li><a href=\"http:\/\/www.mijas.es\/wp-content\/uploads\/2021\/03\/FORMULARIO%20DE%20AUTORIZACI%C3%93N.pdf\" target=\"_blank\" rel=\"noopener noreferrer\">Formulario<\/a><\/li>\n<\/ul>\n<p style=\"text-align: justify;\"><strong><a href=\"https:\/\/www.mijas.es\/files\/imagen\/medio-ambiente\/CARTEL-RUTA-ARBOLES-SINGULARES-DE-MIJAS-2018.jpg\" target=\"_blank\" rel=\"noopener noreferrer\"><img decoding=\"async\" style=\"width: 160px; height: 187px; float: left; margin: 5px 20px;\" src=\"https:\/\/www.mijas.es\/files\/imagen\/medio-ambiente\/CARTEL-RUTA-ARBOLES-SINGULARES-DE-MIJAS-2018.jpg\" alt=\"\" \/><\/a>RUTAS DE LOS \u00c1RBOLES SINGULARES DE MIJAS<\/strong><\/p>\n<p style=\"text-align: justify;\">Si deseas conocer in situ los \u00e1rboles que se incluyen en este Cat\u00e1logo, os presentamos distintas propuestas de rutas por distintas zonas del municipio.<br \/>\nEstas rutas se pueden realizar a pie, en bici, o en veh\u00edculo, seg\u00fan la distancia del recorrido.<\/p>\n<p style=\"text-align: justify;\">Importante: Algunos de estos \u00e1rboles se ubican en propiedades privadas, por lo que se ruega antes de pasar a verlos, que pidan permiso a los propietarios o encargados que se encuentren por all\u00ed y respeten en todo momento sus indicaciones.<\/p>\n<ul>\n<li style=\"text-align: justify;\">Ruta 1. Sitio de Calahonda &#8211; <a href=\"https:\/\/www.mijas.es\/files\/adjuntos\/medioambiente\/arboles_singulares\/Ruta_1__Sitio_de_Calahonda.pdf\" target=\"_blank\" rel=\"noopener noreferrer\">Descargar<\/a> (PDF) &#8211; QR a Google Maps &#8211; <a href=\"https:\/\/www.mijas.es\/files\/imagen\/medio-ambiente\/Ruta_1__Sitio_de_Calahonda.png\" target=\"_blank\" rel=\"noopener noreferrer\">Ver<\/a><\/li>\n<\/ul>\n<p style=\"text-align: center;\"><a href=\"https:\/\/www.mijas.es\/files\/imagen\/medio-ambiente\/Ruta_1__Sitio_de_Calahonda.png\" target=\"_blank\" rel=\"noopener noreferrer\"><img decoding=\"async\" style=\"width: 90px; height: 90px;\" src=\"https:\/\/www.mijas.es\/files\/imagen\/medio-ambiente\/Ruta_1__Sitio_de_Calahonda.png\" alt=\"\" \/><\/a><\/p>\n<ul>\n<li style=\"text-align: justify;\">Ruta 2. La Cala de Mijas &#8211; <a href=\"https:\/\/www.mijas.es\/files\/adjuntos\/medioambiente\/arboles_singulares\/Ruta_2__La_Cala_de_Mijas.pdf\" target=\"_blank\" rel=\"noopener noreferrer\">Descargar<\/a> (PDF)\u00a0&#8211; QR a Google Maps &#8211; <a href=\"https:\/\/www.mijas.es\/files\/imagen\/medio-ambiente\/Ruta_2__La_Cala_de_Mijas.png\" target=\"_blank\" rel=\"noopener noreferrer\">Ver<\/a><\/li>\n<\/ul>\n<p style=\"text-align: center;\"><a href=\"https:\/\/www.mijas.es\/files\/imagen\/medio-ambiente\/Ruta_2__La_Cala_de_Mijas.png\" target=\"_blank\" rel=\"noopener noreferrer\"><img decoding=\"async\" style=\"width: 90px; height: 90px;\" src=\"https:\/\/www.mijas.es\/files\/imagen\/medio-ambiente\/Ruta_2__La_Cala_de_Mijas.png\" alt=\"\" \/><\/a><\/p>\n<ul>\n<li style=\"text-align: justify;\">Ruta 3. Las Lagunas &#8211; <a href=\"https:\/\/www.mijas.es\/files\/adjuntos\/medioambiente\/arboles_singulares\/Ruta_3__Las_Lagunas.pdf\" target=\"_blank\" rel=\"noopener noreferrer\">Descargar<\/a> (PDF)\u00a0&#8211; QR a Google Maps &#8211; <a href=\"https:\/\/www.mijas.es\/files\/imagen\/medio-ambiente\/Ruta_3__Las_Lagunas.png\" target=\"_blank\" rel=\"noopener noreferrer\">Ver<\/a><\/li>\n<\/ul>\n<p style=\"text-align: center;\"><a href=\"https:\/\/www.mijas.es\/files\/imagen\/medio-ambiente\/Ruta_3__Las_Lagunas.png\" target=\"_blank\" rel=\"noopener noreferrer\"><img decoding=\"async\" style=\"width: 90px; height: 90px;\" src=\"https:\/\/www.mijas.es\/files\/imagen\/medio-ambiente\/Ruta_3__Las_Lagunas.png\" alt=\"\" \/><\/a><\/p>\n<ul>\n<li style=\"text-align: justify;\">Ruta 4. Mijas &#8211; <a href=\"https:\/\/www.mijas.es\/files\/adjuntos\/medioambiente\/arboles_singulares\/Ruta_4__Mijas.pdf\" target=\"_blank\" rel=\"noopener noreferrer\">Descargar<\/a> (PDF)\u00a0&#8211; QR a Google Maps &#8211; <a href=\"https:\/\/www.mijas.es\/files\/imagen\/medio-ambiente\/Ruta_4__Mijas.png\" target=\"_blank\" rel=\"noopener noreferrer\">Ver<\/a><\/li>\n<\/ul>\n<p style=\"text-align: center;\"><a href=\"https:\/\/www.mijas.es\/files\/imagen\/medio-ambiente\/Ruta_4__Mijas.png\" target=\"_blank\" rel=\"noopener noreferrer\"><img decoding=\"async\" style=\"width: 90px; height: 90px;\" src=\"https:\/\/www.mijas.es\/files\/imagen\/medio-ambiente\/Ruta_4__Mijas.png\" alt=\"\" \/><\/a><\/p>\n<ul>\n<li style=\"text-align: justify;\">Ruta 5. Diseminado de Las Lomas &#8211; <a href=\"https:\/\/www.mijas.es\/files\/adjuntos\/medioambiente\/arboles_singulares\/Ruta_5__Diseminado_Las_Lomas.pdf\" target=\"_blank\" rel=\"noopener noreferrer\">Descargar<\/a> (PDF)\u00a0&#8211; QR a Google Maps &#8211; <a href=\"https:\/\/www.mijas.es\/files\/imagen\/medio-ambiente\/Ruta_5__Diseminado_de_Las_Lomas.png\" target=\"_blank\" rel=\"noopener noreferrer\">Ver<\/a><\/li>\n<\/ul>\n<p style=\"text-align: center;\"><a href=\"https:\/\/www.mijas.es\/files\/imagen\/medio-ambiente\/Ruta_5__Diseminado_de_Las_Lomas.png\" target=\"_blank\" rel=\"noopener noreferrer\"><img decoding=\"async\" style=\"width: 90px; height: 90px;\" src=\"https:\/\/www.mijas.es\/files\/imagen\/medio-ambiente\/Ruta_5__Diseminado_de_Las_Lomas.png\" alt=\"\" \/><\/a><\/p>\n<ul>\n<li style=\"text-align: justify;\">Ruta 6. Osunillas &#8211; <a href=\"https:\/\/www.mijas.es\/files\/adjuntos\/medioambiente\/arboles_singulares\/Ruta_6__Osunillas.pdf\" target=\"_blank\" rel=\"noopener noreferrer\">Descargar<\/a> (PDF)\u00a0&#8211; QR a Google Maps &#8211; <a href=\"https:\/\/www.mijas.es\/files\/imagen\/medio-ambiente\/Ruta_6__Osunillas.png\" target=\"_blank\" rel=\"noopener noreferrer\">Ver<\/a><\/li>\n<\/ul>\n<p style=\"text-align: center;\"><a href=\"https:\/\/www.mijas.es\/files\/imagen\/medio-ambiente\/Ruta_6__Osunillas.png\" target=\"_blank\" rel=\"noopener noreferrer\"><img decoding=\"async\" style=\"width: 90px; height: 90px;\" src=\"https:\/\/www.mijas.es\/files\/imagen\/medio-ambiente\/Ruta_6__Osunillas.png\" alt=\"\" \/><\/a><\/p>\n<ul>\n<li style=\"text-align: justify;\">Ruta 7. Diseminado de El Hinojal\u00a0&#8211; <a href=\"https:\/\/www.mijas.es\/files\/adjuntos\/medioambiente\/arboles_singulares\/Ruta_7__Diseminado_El_Hinojal.pdf\" target=\"_blank\" rel=\"noopener noreferrer\">Descargar<\/a> (PDF)\u00a0&#8211; QR a Google Maps &#8211; <a href=\"https:\/\/www.mijas.es\/files\/imagen\/medio-ambiente\/Ruta_7__Diseminado_de_El_Hinojal.png\" target=\"_blank\" rel=\"noopener noreferrer\">Ver<\/a><\/li>\n<\/ul>\n<p style=\"text-align: center;\"><a href=\"https:\/\/www.mijas.es\/files\/imagen\/medio-ambiente\/Ruta_7__Diseminado_de_El_Hinojal.png\" target=\"_blank\" rel=\"noopener noreferrer\"><img decoding=\"async\" style=\"width: 90px; height: 90px;\" src=\"https:\/\/www.mijas.es\/files\/imagen\/medio-ambiente\/Ruta_7__Diseminado_de_El_Hinojal.png\" alt=\"\" \/><\/a><\/p>\n<ul>\n<li style=\"text-align: justify;\">Ruta 8. Diseminado de Entrerr\u00edos &#8211; <a href=\"https:\/\/www.mijas.es\/files\/adjuntos\/medioambiente\/arboles_singulares\/Ruta_8__Diseminado_Entrerros.pdf\" target=\"_blank\" rel=\"noopener noreferrer\">Descargar<\/a> (PDF) &#8211; QR a Google Maps &#8211; <a href=\"https:\/\/www.mijas.es\/files\/imagen\/medio-ambiente\/Ruta_8__Diseminado_de_Entrerrios.png\" target=\"_blank\" rel=\"noopener noreferrer\">Ver<\/a><\/li>\n<\/ul>\n<p style=\"text-align: center;\"><a href=\"https:\/\/www.mijas.es\/files\/imagen\/medio-ambiente\/Ruta_8__Diseminado_de_Entrerrios.png\" target=\"_blank\" rel=\"noopener noreferrer\"><img decoding=\"async\" style=\"width: 90px; height: 90px;\" src=\"https:\/\/www.mijas.es\/files\/imagen\/medio-ambiente\/Ruta_8__Diseminado_de_Entrerrios.png\" alt=\"\" \/><\/a><\/p>\n","protected":false},"excerpt":{"rendered":"<p>El Ayuntamiento de Mijas ha realizado una catalogaci\u00f3n de \u00e1rboles singulares en el t\u00e9rmino municipal. Para consultar dicho cat\u00e1logo, descargue la aplicaci\u00f3n Google Earth y una vez instalada, abra desde ella el archivo que contiene el\u00a0Cat\u00e1logo de \u00c1rboles Singulares de Mijas. VISOR CARTOGR\u00c1FICO FICHAS DE \u00c1RBOLES SINGULARES Asimismo, puede conocer y consultar las principales caracter\u00edsticas [&hellip;]<\/p>\n","protected":false},"author":1,"featured_media":14396,"parent":12115,"menu_order":0,"comment_status":"closed","ping_status":"open","template":"page-departamental.php","meta":[],"_links":{"self":[{"href":"https:\/\/www.mijas.es\/portal\/wp-json\/wp\/v2\/pages\/1231"}],"collection":[{"href":"https:\/\/www.mijas.es\/portal\/wp-json\/wp\/v2\/pages"}],"about":[{"href":"https:\/\/www.mijas.es\/portal\/wp-json\/wp\/v2\/types\/page"}],"author":[{"embeddable":true,"href":"https:\/\/www.mijas.es\/portal\/wp-json\/wp\/v2\/users\/1"}],"replies":[{"embeddable":true,"href":"https:\/\/www.mijas.es\/portal\/wp-json\/wp\/v2\/comments?post=1231"}],"version-history":[{"count":26,"href":"https:\/\/www.mijas.es\/portal\/wp-json\/wp\/v2\/pages\/1231\/revisions"}],"predecessor-version":[{"id":49443,"href":"https:\/\/www.mijas.es\/portal\/wp-json\/wp\/v2\/pages\/1231\/revisions\/49443"}],"up":[{"embeddable":true,"href":"https:\/\/www.mijas.es\/portal\/wp-json\/wp\/v2\/pages\/12115"}],"wp:featuredmedia":[{"embeddable":true,"href":"https:\/\/www.mijas.es\/portal\/wp-json\/wp\/v2\/media\/14396"}],"wp:attachment":[{"href":"https:\/\/www.mijas.es\/portal\/wp-json\/wp\/v2\/media?parent=1231"}],"curies":[{"name":"wp","href":"https:\/\/api.w.org\/{rel}","templated":true}]}}