{"id":12152,"date":"2019-03-04T11:06:45","date_gmt":"2019-03-04T11:06:45","guid":{"rendered":"http:\/\/192.168.0.42\/?page_id=12152"},"modified":"2019-08-07T10:43:46","modified_gmt":"2019-08-07T10:43:46","slug":"gestion-flora-y-fauna","status":"publish","type":"page","link":"https:\/\/www.mijas.es\/portal\/medio-ambiente\/gestion-flora-y-fauna\/","title":{"rendered":"Gesti\u00f3n Flora y Fauna"},"content":{"rendered":"\n<p>La Consejer\u00eda de Medio Ambiente de la Junta de Andaluc\u00eda, con objeto de reducir la tasa de mortalidad de las especies amenazadas y de aumentar las medidas de conservaci\u00f3n de la fauna, as\u00ed como recuperar los ejemplares incapacitados de especies amenazadas y de otras especies protegidas para liberarlos posteriormente en el medio natural, gestiona una red de Centros de Recuperaci\u00f3n de Especies Amenazadas (CREAs) existiendo un CREA en la localidad malague\u00f1a de Tolox.<\/p>\n\n\n\n<p>Por ello, el \u00c1rea de Medio Ambiente del Ayuntamiento de Mijas colabora con este centro coordinando la recogida de los ejemplares afectados que se localizan en el t\u00e9rmino municipal de Mijas.<\/p>\n\n\n\n<p>Del mismo modo, el \u00c1rea de Medio Ambiente tambi\u00e9n colabora con el Centro de Recuperaci\u00f3n de Especies Marinas Amenazadas (CREMA), avisando de los avistamientos y varamientos de especies de fauna marina amenazada que se dan en el litoral de Mijas, para su tratamiento y posterior recuperaci\u00f3n en dicho centro.<\/p>\n\n\n\n<p><\/p>\n\n\n\n<div class=\"wp-block-image\"><figure class=\"aligncenter is-resized\"><img decoding=\"async\" src=\"https:\/\/www.mijas.es\/files\/imagen\/medio-ambiente\/aproteccion_buho.jpg\" alt=\"\" class=\"wp-image-24232\" width=\"259\" height=\"214\"\/><\/figure><\/div>\n\n\n\n<div class=\"wp-block-image\"><figure class=\"aligncenter is-resized\"><img decoding=\"async\" src=\"https:\/\/www.mijas.es\/files\/imagen\/medio-ambiente\/aproteccion_delfin.jpg\" alt=\"\" class=\"wp-image-24232\" width=\"268\" height=\"213\"\/><\/figure><\/div>\n\n\n\n<p>SI OBSERVA ALGUNA ESPECIE DE NUESTRA FAUNA HERIDA NO DUDE EN CONTACTAR CON EL \u00c1REA DE MEDIO AMBIENTE MUNICIPAL O AVISAR AL 112.<\/p>\n\n\n\n<p>Del mismo modo, el \u00c1rea de Medio Ambiente colabora con el Programa de Conservaci\u00f3n de la Flora Amenazada en la Provincia de M\u00e1laga de la Consejer\u00eda de Medio Ambiente de la Junta de Andaluc\u00eda, colaborando en la recogida de semillas y en el seguimiento y vigilancia de sus poblaciones.<\/p>\n\n\n\n<p><\/p>\n\n\n\n<p><\/p>\n","protected":false},"excerpt":{"rendered":"<p>La Consejer\u00eda de Medio Ambiente de la Junta de Andaluc\u00eda, con objeto de reducir la tasa de mortalidad de las especies amenazadas y de aumentar las medidas de conservaci\u00f3n de la fauna, as\u00ed como recuperar los ejemplares incapacitados de especies amenazadas y de otras especies protegidas para liberarlos posteriormente en el medio natural, gestiona una [&hellip;]<\/p>\n","protected":false},"author":1,"featured_media":0,"parent":12115,"menu_order":0,"comment_status":"closed","ping_status":"closed","template":"page-departamental.php","meta":[],"_links":{"self":[{"href":"https:\/\/www.mijas.es\/portal\/wp-json\/wp\/v2\/pages\/12152"}],"collection":[{"href":"https:\/\/www.mijas.es\/portal\/wp-json\/wp\/v2\/pages"}],"about":[{"href":"https:\/\/www.mijas.es\/portal\/wp-json\/wp\/v2\/types\/page"}],"author":[{"embeddable":true,"href":"https:\/\/www.mijas.es\/portal\/wp-json\/wp\/v2\/users\/1"}],"replies":[{"embeddable":true,"href":"https:\/\/www.mijas.es\/portal\/wp-json\/wp\/v2\/comments?post=12152"}],"version-history":[{"count":12,"href":"https:\/\/www.mijas.es\/portal\/wp-json\/wp\/v2\/pages\/12152\/revisions"}],"predecessor-version":[{"id":27378,"href":"https:\/\/www.mijas.es\/portal\/wp-json\/wp\/v2\/pages\/12152\/revisions\/27378"}],"up":[{"embeddable":true,"href":"https:\/\/www.mijas.es\/portal\/wp-json\/wp\/v2\/pages\/12115"}],"wp:attachment":[{"href":"https:\/\/www.mijas.es\/portal\/wp-json\/wp\/v2\/media?parent=12152"}],"curies":[{"name":"wp","href":"https:\/\/api.w.org\/{rel}","templated":true}]}}