{"id":12126,"date":"2019-02-26T13:01:33","date_gmt":"2019-02-26T13:01:33","guid":{"rendered":"http:\/\/192.168.0.42\/?page_id=12126"},"modified":"2024-02-02T13:28:50","modified_gmt":"2024-02-02T12:28:50","slug":"aplicaciones-municipales","status":"publish","type":"page","link":"https:\/\/www.mijas.es\/portal\/aplicaciones-municipales\/","title":{"rendered":"Aplicaciones Municipales"},"content":{"rendered":"\n<h3 class=\"wp-block-heading\"><strong><u>S.O.S. Emergencias<\/u><\/strong><\/h3>\n\n\n\n<figure class=\"wp-block-image\"><img decoding=\"async\" width=\"180\" height=\"180\" src=\"https:\/\/www3.mijas.es\/wp-content\/uploads\/2019\/02\/sos.png\" alt=\"\" class=\"wp-image-12127\" srcset=\"https:\/\/www.mijas.es\/wp-content\/uploads\/2019\/02\/sos.png 180w, https:\/\/www.mijas.es\/wp-content\/uploads\/2019\/02\/sos-150x150.png 150w\" sizes=\"(max-width: 180px) 100vw, 180px\" \/><\/figure>\n\n\n\n<p>La App para uso exclusivo en Espa\u00f1a que le puede salvar la vida en situaciones de peligro. Los ciudadanos comunicados con los servicios de emergencias enviando ubicaci\u00f3n y realizando llamada telef\u00f3nica.<\/p>\n\n\n\n<p><\/p>\n\n\n\n<p><\/p>\n\n\n\n<p><\/p>\n\n\n\n<p class=\"has-text-align-left\">Android &#8211;&nbsp;<a rel=\"noreferrer noopener\" href=\"https:\/\/play.google.com\/store\/apps\/details?id=navegagps.emergenciasnavegagps\" target=\"_blank\">Descargar<\/a><\/p>\n\n\n\n<p class=\"has-text-align-left\">IOS (Apple) &#8211;&nbsp;<a rel=\"noreferrer noopener\" href=\"https:\/\/itunes.apple.com\/es\/app\/s-o-s-emergencias\/id715013970?mt=8\" target=\"_blank\">Descargar<\/a><\/p>\n\n\n\n<h3><strong><u>Gecor<\/u><\/strong><\/h3>\n\n\n<p><a href=\"https:\/\/www.mijas.es\/wp-content\/uploads\/2022\/03\/unnamed-1.webp\"><img decoding=\"async\" class=\"alignnone size-full wp-image-45299\" src=\"https:\/\/www.mijas.es\/wp-content\/uploads\/2022\/03\/unnamed-1.webp\" alt=\"\" width=\"180\" height=\"180\" srcset=\"https:\/\/www.mijas.es\/wp-content\/uploads\/2022\/03\/unnamed-1.webp 180w, https:\/\/www.mijas.es\/wp-content\/uploads\/2022\/03\/unnamed-1-150x150.webp 150w\" sizes=\"(max-width: 180px) 100vw, 180px\" \/><\/a><\/p>\n\n\n<\/p>\n<p style=\"text-align: left;\">Gecor es un canal de comunicaci\u00f3n directo con tu Ayuntamiento para notificarle de modo inmediato cualquier desperfecto, manteni\u00e9ndote informado de su gesti\u00f3n.\n\n\n<p><!--StartFragment--><\/p>\n\n\n<p class=\"has-text-align-left\">Android &#8211; <a href=\"https:\/\/play.google.com\/store\/apps\/details?id=com.gecorsystem.gecorn&amp;hl=es&amp;gl=US\" target=\"_blank\" rel=\"noreferrer noopener\">Descargar<\/a><\/p>\n\n\n\n<p class=\"has-text-align-left\">IOS (Apple) &#8211; <a href=\"https:\/\/apps.apple.com\/es\/app\/gecor\/id1127259219\" target=\"_blank\" rel=\"noreferrer noopener\">Descargar<\/a><\/p>\n","protected":false},"excerpt":{"rendered":"<p>S.O.S. Emergencias La App para uso exclusivo en Espa\u00f1a que le puede salvar la vida en situaciones de peligro. Los ciudadanos comunicados con los servicios de emergencias enviando ubicaci\u00f3n y realizando llamada telef\u00f3nica. Android &#8211;&nbsp;Descargar IOS (Apple) &#8211;&nbsp;Descargar Gecor Gecor es un canal de comunicaci\u00f3n directo con tu Ayuntamiento para notificarle de modo inmediato cualquier [&hellip;]<\/p>\n","protected":false},"author":4,"featured_media":0,"parent":0,"menu_order":0,"comment_status":"closed","ping_status":"closed","template":"page-fullwidth.php","meta":[],"_links":{"self":[{"href":"https:\/\/www.mijas.es\/portal\/wp-json\/wp\/v2\/pages\/12126"}],"collection":[{"href":"https:\/\/www.mijas.es\/portal\/wp-json\/wp\/v2\/pages"}],"about":[{"href":"https:\/\/www.mijas.es\/portal\/wp-json\/wp\/v2\/types\/page"}],"author":[{"embeddable":true,"href":"https:\/\/www.mijas.es\/portal\/wp-json\/wp\/v2\/users\/4"}],"replies":[{"embeddable":true,"href":"https:\/\/www.mijas.es\/portal\/wp-json\/wp\/v2\/comments?post=12126"}],"version-history":[{"count":17,"href":"https:\/\/www.mijas.es\/portal\/wp-json\/wp\/v2\/pages\/12126\/revisions"}],"predecessor-version":[{"id":53834,"href":"https:\/\/www.mijas.es\/portal\/wp-json\/wp\/v2\/pages\/12126\/revisions\/53834"}],"wp:attachment":[{"href":"https:\/\/www.mijas.es\/portal\/wp-json\/wp\/v2\/media?parent=12126"}],"curies":[{"name":"wp","href":"https:\/\/api.w.org\/{rel}","templated":true}]}}